{"id":6407,"date":"2025-05-27T13:36:02","date_gmt":"2025-05-27T10:36:02","guid":{"rendered":"https:\/\/birimler.atauni.edu.tr\/gida-teknolojisi-programi\/?page_id=6407"},"modified":"2025-05-27T13:37:59","modified_gmt":"2025-05-27T10:37:59","slug":"etkinlikler","status":"publish","type":"page","link":"https:\/\/atauni.edu.tr\/gida-teknolojisi-programi\/etkinlikler\/","title":{"rendered":"Etkinlikler"},"content":{"rendered":"\t\t<div data-elementor-type=\"wp-page\" data-elementor-id=\"6407\" class=\"elementor elementor-6407\" data-elementor-post-type=\"page\">\n\t\t\t\t\t\t<section class=\"elementor-section elementor-top-section elementor-element elementor-element-73179d3 elementor-section-boxed elementor-section-height-default elementor-section-height-default\" data-id=\"73179d3\" data-element_type=\"section\">\n\t\t\t\t\t\t<div class=\"elementor-container elementor-column-gap-default\">\n\t\t\t\t\t<div class=\"elementor-column elementor-col-100 elementor-top-column elementor-element elementor-element-6618be4\" data-id=\"6618be4\" data-element_type=\"column\">\n\t\t\t<div class=\"elementor-widget-wrap elementor-element-populated\">\n\t\t\t\t\t\t<div class=\"elementor-element elementor-element-2d8cd63 elementor-widget elementor-widget-shortcode\" data-id=\"2d8cd63\" data-element_type=\"widget\" data-widget_type=\"shortcode.default\">\n\t\t\t\t<div class=\"elementor-widget-container\">\n\t\t\t\t\t\t\t<div class=\"elementor-shortcode\"><form method=\"get\" class=\"row g-3\" style=\"margin-bottom: 20px;\"><div class=\"col-md-3\"><input type=\"text\" name=\"etkinlik_ara\" class=\"form-control\" placeholder=\"Etkinlik ara...\" value=\"\"><\/div><div class=\"col-md-3\"><input type=\"date\" name=\"baslangic_tarihi\" class=\"form-control\" value=\"\"><\/div><div class=\"col-md-3\"><input type=\"date\" name=\"bitis_tarihi\" class=\"form-control\" value=\"\"><\/div><div class=\"col-md-3\"><button type=\"submit\" class=\"btn btn-secondary w-50\">Filtrele<\/button><\/div><\/form><div class=\"etkinlikler-grid-container\" style=\"display: grid; grid-template-columns: repeat(3, 1fr); gap: 20px;\"><div class=\"etkinlik-grid-item\"><div class=\"etkinlik-thumbnail\"><img fetchpriority=\"high\" decoding=\"async\" width=\"300\" height=\"225\" src=\"https:\/\/atauni.edu.tr\/gida-teknolojisi-programi\/wp-content\/uploads\/sites\/310\/2026\/04\/WhatsApp-Image-2026-04-04-at-14.18.49-300x225.jpeg\" class=\"img-fluid wp-post-image\" alt=\"\" srcset=\"https:\/\/atauni.edu.tr\/gida-teknolojisi-programi\/wp-content\/uploads\/sites\/310\/2026\/04\/WhatsApp-Image-2026-04-04-at-14.18.49-300x225.jpeg 300w, https:\/\/atauni.edu.tr\/gida-teknolojisi-programi\/wp-content\/uploads\/sites\/310\/2026\/04\/WhatsApp-Image-2026-04-04-at-14.18.49-1024x768.jpeg 1024w, https:\/\/atauni.edu.tr\/gida-teknolojisi-programi\/wp-content\/uploads\/sites\/310\/2026\/04\/WhatsApp-Image-2026-04-04-at-14.18.49-768x576.jpeg 768w, https:\/\/atauni.edu.tr\/gida-teknolojisi-programi\/wp-content\/uploads\/sites\/310\/2026\/04\/WhatsApp-Image-2026-04-04-at-14.18.49-1536x1152.jpeg 1536w, https:\/\/atauni.edu.tr\/gida-teknolojisi-programi\/wp-content\/uploads\/sites\/310\/2026\/04\/WhatsApp-Image-2026-04-04-at-14.18.49-600x450.jpeg 600w, https:\/\/atauni.edu.tr\/gida-teknolojisi-programi\/wp-content\/uploads\/sites\/310\/2026\/04\/WhatsApp-Image-2026-04-04-at-14.18.49-560x420.jpeg 560w, https:\/\/atauni.edu.tr\/gida-teknolojisi-programi\/wp-content\/uploads\/sites\/310\/2026\/04\/WhatsApp-Image-2026-04-04-at-14.18.49.jpeg 2000w\" sizes=\"(max-width: 300px) 100vw, 300px\" \/><\/div><div class=\"etkinlik-datee\"><span class=\"day\">04<\/span><span class=\"month\">Nisan<\/span><span class=\"year\">2026<\/span><\/div><a href=\"https:\/\/atauni.edu.tr\/gida-teknolojisi-programi\/2026\/04\/04\/ne-yedigimizi-bilelim-ve-gida-etiketini-okuyalim\/\" class=\"etkinlik-titlee\">Ne Yedi\u011fimizi Bilelim ve G\u0131da Etiketini Okuyal\u0131m<\/a><\/div><div class=\"etkinlik-grid-item\"><div class=\"etkinlik-thumbnail\"><img decoding=\"async\" width=\"300\" height=\"146\" src=\"https:\/\/atauni.edu.tr\/gida-teknolojisi-programi\/wp-content\/uploads\/sites\/310\/2026\/03\/2-300x146.jpeg\" class=\"img-fluid wp-post-image\" alt=\"\" srcset=\"https:\/\/atauni.edu.tr\/gida-teknolojisi-programi\/wp-content\/uploads\/sites\/310\/2026\/03\/2-300x146.jpeg 300w, https:\/\/atauni.edu.tr\/gida-teknolojisi-programi\/wp-content\/uploads\/sites\/310\/2026\/03\/2-1024x498.jpeg 1024w, https:\/\/atauni.edu.tr\/gida-teknolojisi-programi\/wp-content\/uploads\/sites\/310\/2026\/03\/2-768x373.jpeg 768w, https:\/\/atauni.edu.tr\/gida-teknolojisi-programi\/wp-content\/uploads\/sites\/310\/2026\/03\/2-1536x747.jpeg 1536w, https:\/\/atauni.edu.tr\/gida-teknolojisi-programi\/wp-content\/uploads\/sites\/310\/2026\/03\/2-600x292.jpeg 600w, https:\/\/atauni.edu.tr\/gida-teknolojisi-programi\/wp-content\/uploads\/sites\/310\/2026\/03\/2-560x272.jpeg 560w, https:\/\/atauni.edu.tr\/gida-teknolojisi-programi\/wp-content\/uploads\/sites\/310\/2026\/03\/2.jpeg 2016w\" sizes=\"(max-width: 300px) 100vw, 300px\" \/><\/div><div class=\"etkinlik-datee\"><span class=\"day\">12<\/span><span class=\"month\">Mart<\/span><span class=\"year\">2026<\/span><\/div><a href=\"https:\/\/atauni.edu.tr\/gida-teknolojisi-programi\/2026\/03\/12\/tbmyoda-geleneksel-iftar-yemegi-duzenlendi\/\" class=\"etkinlik-titlee\">TBMYO&#8217;da Geleneksel \u0130ftar Yeme\u011fi D\u00fczenlendi<\/a><\/div><div class=\"etkinlik-grid-item\"><div class=\"etkinlik-thumbnail\"><img decoding=\"async\" width=\"300\" height=\"169\" src=\"https:\/\/atauni.edu.tr\/gida-teknolojisi-programi\/wp-content\/uploads\/sites\/310\/2025\/12\/WhatsApp-Image-2025-12-18-at-15.46.25-300x169.jpeg\" class=\"img-fluid wp-post-image\" alt=\"\" srcset=\"https:\/\/atauni.edu.tr\/gida-teknolojisi-programi\/wp-content\/uploads\/sites\/310\/2025\/12\/WhatsApp-Image-2025-12-18-at-15.46.25-300x169.jpeg 300w, https:\/\/atauni.edu.tr\/gida-teknolojisi-programi\/wp-content\/uploads\/sites\/310\/2025\/12\/WhatsApp-Image-2025-12-18-at-15.46.25-1024x577.jpeg 1024w, https:\/\/atauni.edu.tr\/gida-teknolojisi-programi\/wp-content\/uploads\/sites\/310\/2025\/12\/WhatsApp-Image-2025-12-18-at-15.46.25-768x432.jpeg 768w, https:\/\/atauni.edu.tr\/gida-teknolojisi-programi\/wp-content\/uploads\/sites\/310\/2025\/12\/WhatsApp-Image-2025-12-18-at-15.46.25-1536x865.jpeg 1536w, https:\/\/atauni.edu.tr\/gida-teknolojisi-programi\/wp-content\/uploads\/sites\/310\/2025\/12\/WhatsApp-Image-2025-12-18-at-15.46.25-600x338.jpeg 600w, https:\/\/atauni.edu.tr\/gida-teknolojisi-programi\/wp-content\/uploads\/sites\/310\/2025\/12\/WhatsApp-Image-2025-12-18-at-15.46.25-560x315.jpeg 560w, https:\/\/atauni.edu.tr\/gida-teknolojisi-programi\/wp-content\/uploads\/sites\/310\/2025\/12\/WhatsApp-Image-2025-12-18-at-15.46.25.jpeg 2000w\" sizes=\"(max-width: 300px) 100vw, 300px\" \/><\/div><div class=\"etkinlik-datee\"><span class=\"day\">18<\/span><span class=\"month\">Aral\u0131k<\/span><span class=\"year\">2025<\/span><\/div><a href=\"https:\/\/atauni.edu.tr\/gida-teknolojisi-programi\/2025\/12\/18\/dogu-anadolu-yuksek-teknoloji-uygulama-ve-arastirma-merkezi-daytamne-teknik-gezi\/\" class=\"etkinlik-titlee\">Do\u011fu Anadolu Y\u00fcksek Teknoloji Uygulama ve Ara\u015ft\u0131rma Merkezi (DAYTAM)&#8217;a Teknik Gezi<\/a><\/div><div class=\"etkinlik-grid-item\"><div class=\"etkinlik-thumbnail\"><img loading=\"lazy\" decoding=\"async\" width=\"300\" height=\"196\" src=\"https:\/\/atauni.edu.tr\/gida-teknolojisi-programi\/wp-content\/uploads\/sites\/310\/2025\/12\/Ekran-Alintisi-300x196.jpg\" class=\"img-fluid wp-post-image\" alt=\"\" srcset=\"https:\/\/atauni.edu.tr\/gida-teknolojisi-programi\/wp-content\/uploads\/sites\/310\/2025\/12\/Ekran-Alintisi-300x196.jpg 300w, https:\/\/atauni.edu.tr\/gida-teknolojisi-programi\/wp-content\/uploads\/sites\/310\/2025\/12\/Ekran-Alintisi-768x502.jpg 768w, https:\/\/atauni.edu.tr\/gida-teknolojisi-programi\/wp-content\/uploads\/sites\/310\/2025\/12\/Ekran-Alintisi-600x392.jpg 600w, https:\/\/atauni.edu.tr\/gida-teknolojisi-programi\/wp-content\/uploads\/sites\/310\/2025\/12\/Ekran-Alintisi-560x366.jpg 560w, https:\/\/atauni.edu.tr\/gida-teknolojisi-programi\/wp-content\/uploads\/sites\/310\/2025\/12\/Ekran-Alintisi.jpg 772w\" sizes=\"(max-width: 300px) 100vw, 300px\" \/><\/div><div class=\"etkinlik-datee\"><span class=\"day\">09<\/span><span class=\"month\">Aral\u0131k<\/span><span class=\"year\">2025<\/span><\/div><a href=\"https:\/\/atauni.edu.tr\/gida-teknolojisi-programi\/2025\/12\/09\/ataturk-universitesi-eylul-ekim-donemi-bilimsel-tesvik-toreni\/\" class=\"etkinlik-titlee\">ATAT\u00dcRK \u00dcN\u0130VERS\u0130TES\u0130, EYL\u00dcL-EK\u0130M D\u00d6NEM\u0130 B\u0130L\u0130MSEL TE\u015eV\u0130K T\u00d6REN\u0130<\/a><\/div><div class=\"etkinlik-grid-item\"><div class=\"etkinlik-thumbnail\"><img loading=\"lazy\" decoding=\"async\" width=\"300\" height=\"139\" src=\"https:\/\/atauni.edu.tr\/gida-teknolojisi-programi\/wp-content\/uploads\/sites\/310\/2025\/12\/WhatsApp-Image-2025-12-02-at-17.22.02-300x139.jpeg\" class=\"img-fluid wp-post-image\" alt=\"\" srcset=\"https:\/\/atauni.edu.tr\/gida-teknolojisi-programi\/wp-content\/uploads\/sites\/310\/2025\/12\/WhatsApp-Image-2025-12-02-at-17.22.02-300x139.jpeg 300w, https:\/\/atauni.edu.tr\/gida-teknolojisi-programi\/wp-content\/uploads\/sites\/310\/2025\/12\/WhatsApp-Image-2025-12-02-at-17.22.02-1024x473.jpeg 1024w, https:\/\/atauni.edu.tr\/gida-teknolojisi-programi\/wp-content\/uploads\/sites\/310\/2025\/12\/WhatsApp-Image-2025-12-02-at-17.22.02-768x355.jpeg 768w, https:\/\/atauni.edu.tr\/gida-teknolojisi-programi\/wp-content\/uploads\/sites\/310\/2025\/12\/WhatsApp-Image-2025-12-02-at-17.22.02-1536x709.jpeg 1536w, https:\/\/atauni.edu.tr\/gida-teknolojisi-programi\/wp-content\/uploads\/sites\/310\/2025\/12\/WhatsApp-Image-2025-12-02-at-17.22.02-600x277.jpeg 600w, https:\/\/atauni.edu.tr\/gida-teknolojisi-programi\/wp-content\/uploads\/sites\/310\/2025\/12\/WhatsApp-Image-2025-12-02-at-17.22.02-560x259.jpeg 560w, https:\/\/atauni.edu.tr\/gida-teknolojisi-programi\/wp-content\/uploads\/sites\/310\/2025\/12\/WhatsApp-Image-2025-12-02-at-17.22.02.jpeg 1600w\" sizes=\"(max-width: 300px) 100vw, 300px\" \/><\/div><div class=\"etkinlik-datee\"><span class=\"day\">03<\/span><span class=\"month\">Aral\u0131k<\/span><span class=\"year\">2025<\/span><\/div><a href=\"https:\/\/atauni.edu.tr\/gida-teknolojisi-programi\/2025\/12\/03\/mulkiyet-koruma-ve-guvenlik-bolumu-is-sagligi-ve-guvenligi-programinda-is-sagligi-ve-guvenligi-laboratuvari-acilisi-gerceklestirildi\/\" class=\"etkinlik-titlee\">M\u00fclkiyet Koruma ve G\u00fcvenlik B\u00f6l\u00fcm\u00fc, \u0130\u015f Sa\u011fl\u0131\u011f\u0131 ve G\u00fcvenli\u011fi Program\u0131&#8217;nda \u0130\u015f Sa\u011fl\u0131\u011f\u0131 ve G\u00fcvenli\u011fi Laboratuvar\u0131 A\u00e7\u0131l\u0131\u015f\u0131 Ger\u00e7ekle\u015ftirildi.<\/a><\/div><div class=\"etkinlik-grid-item\"><div class=\"etkinlik-thumbnail\"><img loading=\"lazy\" decoding=\"async\" width=\"222\" height=\"300\" src=\"https:\/\/atauni.edu.tr\/gida-teknolojisi-programi\/wp-content\/uploads\/sites\/310\/2025\/11\/WhatsApp-Image-2025-11-13-at-21.11.20-2-222x300.jpeg\" class=\"img-fluid wp-post-image\" alt=\"\" srcset=\"https:\/\/atauni.edu.tr\/gida-teknolojisi-programi\/wp-content\/uploads\/sites\/310\/2025\/11\/WhatsApp-Image-2025-11-13-at-21.11.20-2-222x300.jpeg 222w, https:\/\/atauni.edu.tr\/gida-teknolojisi-programi\/wp-content\/uploads\/sites\/310\/2025\/11\/WhatsApp-Image-2025-11-13-at-21.11.20-2-757x1024.jpeg 757w, https:\/\/atauni.edu.tr\/gida-teknolojisi-programi\/wp-content\/uploads\/sites\/310\/2025\/11\/WhatsApp-Image-2025-11-13-at-21.11.20-2-768x1039.jpeg 768w, https:\/\/atauni.edu.tr\/gida-teknolojisi-programi\/wp-content\/uploads\/sites\/310\/2025\/11\/WhatsApp-Image-2025-11-13-at-21.11.20-2-443x600.jpeg 443w, https:\/\/atauni.edu.tr\/gida-teknolojisi-programi\/wp-content\/uploads\/sites\/310\/2025\/11\/WhatsApp-Image-2025-11-13-at-21.11.20-2-414x560.jpeg 414w, https:\/\/atauni.edu.tr\/gida-teknolojisi-programi\/wp-content\/uploads\/sites\/310\/2025\/11\/WhatsApp-Image-2025-11-13-at-21.11.20-2.jpeg 972w\" sizes=\"(max-width: 222px) 100vw, 222px\" \/><\/div><div class=\"etkinlik-datee\"><span class=\"day\">13<\/span><span class=\"month\">Kas\u0131m<\/span><span class=\"year\">2025<\/span><\/div><a href=\"https:\/\/atauni.edu.tr\/gida-teknolojisi-programi\/2025\/11\/13\/teknik-bilimler-meslek-yuksekokulunda-kan-bagisi-etkinligi\/\" class=\"etkinlik-titlee\">Teknik Bilimler Meslek Y\u00fcksekokulunda Kan Ba\u011f\u0131\u015f\u0131 Etkinli\u011fi<\/a><\/div><div class=\"etkinlik-grid-item\"><div class=\"etkinlik-thumbnail\"><img loading=\"lazy\" decoding=\"async\" width=\"300\" height=\"139\" src=\"https:\/\/atauni.edu.tr\/gida-teknolojisi-programi\/wp-content\/uploads\/sites\/310\/2025\/11\/WhatsApp-Image-2025-11-12-at-10.59.36-1-1-300x139.jpeg\" class=\"img-fluid wp-post-image\" alt=\"\" srcset=\"https:\/\/atauni.edu.tr\/gida-teknolojisi-programi\/wp-content\/uploads\/sites\/310\/2025\/11\/WhatsApp-Image-2025-11-12-at-10.59.36-1-1-300x139.jpeg 300w, https:\/\/atauni.edu.tr\/gida-teknolojisi-programi\/wp-content\/uploads\/sites\/310\/2025\/11\/WhatsApp-Image-2025-11-12-at-10.59.36-1-1-1024x473.jpeg 1024w, https:\/\/atauni.edu.tr\/gida-teknolojisi-programi\/wp-content\/uploads\/sites\/310\/2025\/11\/WhatsApp-Image-2025-11-12-at-10.59.36-1-1-768x355.jpeg 768w, https:\/\/atauni.edu.tr\/gida-teknolojisi-programi\/wp-content\/uploads\/sites\/310\/2025\/11\/WhatsApp-Image-2025-11-12-at-10.59.36-1-1-1536x710.jpeg 1536w, https:\/\/atauni.edu.tr\/gida-teknolojisi-programi\/wp-content\/uploads\/sites\/310\/2025\/11\/WhatsApp-Image-2025-11-12-at-10.59.36-1-1-2048x946.jpeg 2048w, https:\/\/atauni.edu.tr\/gida-teknolojisi-programi\/wp-content\/uploads\/sites\/310\/2025\/11\/WhatsApp-Image-2025-11-12-at-10.59.36-1-1-600x277.jpeg 600w, https:\/\/atauni.edu.tr\/gida-teknolojisi-programi\/wp-content\/uploads\/sites\/310\/2025\/11\/WhatsApp-Image-2025-11-12-at-10.59.36-1-1-560x259.jpeg 560w\" sizes=\"(max-width: 300px) 100vw, 300px\" \/><\/div><div class=\"etkinlik-datee\"><span class=\"day\">12<\/span><span class=\"month\">Kas\u0131m<\/span><span class=\"year\">2025<\/span><\/div><a href=\"https:\/\/atauni.edu.tr\/gida-teknolojisi-programi\/2025\/11\/12\/6586\/\" class=\"etkinlik-titlee\">MEDEK Saha Ziyareti Tamamland\u0131<\/a><\/div><div class=\"etkinlik-grid-item\"><div class=\"etkinlik-thumbnail\"><img loading=\"lazy\" decoding=\"async\" width=\"300\" height=\"168\" src=\"https:\/\/atauni.edu.tr\/gida-teknolojisi-programi\/wp-content\/uploads\/sites\/310\/2025\/10\/WhatsApp-Image-2025-10-23-at-12.20.33-300x168.jpeg\" class=\"img-fluid wp-post-image\" alt=\"\" srcset=\"https:\/\/atauni.edu.tr\/gida-teknolojisi-programi\/wp-content\/uploads\/sites\/310\/2025\/10\/WhatsApp-Image-2025-10-23-at-12.20.33-300x168.jpeg 300w, https:\/\/atauni.edu.tr\/gida-teknolojisi-programi\/wp-content\/uploads\/sites\/310\/2025\/10\/WhatsApp-Image-2025-10-23-at-12.20.33-1024x574.jpeg 1024w, https:\/\/atauni.edu.tr\/gida-teknolojisi-programi\/wp-content\/uploads\/sites\/310\/2025\/10\/WhatsApp-Image-2025-10-23-at-12.20.33-768x430.jpeg 768w, https:\/\/atauni.edu.tr\/gida-teknolojisi-programi\/wp-content\/uploads\/sites\/310\/2025\/10\/WhatsApp-Image-2025-10-23-at-12.20.33-600x336.jpeg 600w, https:\/\/atauni.edu.tr\/gida-teknolojisi-programi\/wp-content\/uploads\/sites\/310\/2025\/10\/WhatsApp-Image-2025-10-23-at-12.20.33-560x314.jpeg 560w, https:\/\/atauni.edu.tr\/gida-teknolojisi-programi\/wp-content\/uploads\/sites\/310\/2025\/10\/WhatsApp-Image-2025-10-23-at-12.20.33.jpeg 1399w\" sizes=\"(max-width: 300px) 100vw, 300px\" \/><\/div><div class=\"etkinlik-datee\"><span class=\"day\">24<\/span><span class=\"month\">Ekim<\/span><span class=\"year\">2025<\/span><\/div><a href=\"https:\/\/atauni.edu.tr\/gida-teknolojisi-programi\/2025\/10\/24\/koklerimiz-kampuste-etkinligi-ile-gida-isleme-bolumu-agac-dikme-etkinligi\/\" class=\"etkinlik-titlee\">&#8220;K\u00f6klerimiz Kamp\u00fcste&#8221; etkinli\u011fi ile G\u0131da \u0130\u015fleme B\u00f6l\u00fcm\u00fc a\u011fa\u00e7 dikme etkinli\u011fi<\/a><\/div><div class=\"etkinlik-grid-item\"><div class=\"etkinlik-datee\"><span class=\"day\">24<\/span><span class=\"month\">Ekim<\/span><span class=\"year\">2025<\/span><\/div><a href=\"https:\/\/atauni.edu.tr\/gida-teknolojisi-programi\/2025\/10\/24\/gida-isleme-bolumu-toprak-mahsulleri-ofisi-erzurum-basmudurlugunde\/\" class=\"etkinlik-titlee\">G\u0131da \u0130\u015fleme B\u00f6l\u00fcm\u00fc Toprak Mahsulleri Ofisi Erzurum Ba\u015fm\u00fcd\u00fcrl\u00fc\u011f\u00fcnde;<\/a><\/div><\/div><div class=\"pagination\" style=\"margin-top: 20px;\"><span aria-current=\"page\" class=\"page-numbers current\">1<\/span>\n<a class=\"page-numbers\" href=\"https:\/\/atauni.edu.tr\/gida-teknolojisi-programi\/wp-json\/wp\/v2\/pages\/6407\/page\/2\/\">2<\/a>\n<a class=\"next page-numbers\" href=\"https:\/\/atauni.edu.tr\/gida-teknolojisi-programi\/wp-json\/wp\/v2\/pages\/6407\/page\/2\/\">Sonraki &raquo;<\/a><\/div><\/div>\n\t\t\t\t\t\t<\/div>\n\t\t\t\t<\/div>\n\t\t\t\t\t<\/div>\n\t\t<\/div>\n\t\t\t\t\t<\/div>\n\t\t<\/section>\n\t\t\t\t<\/div>\n\t\t","protected":false},"excerpt":{"rendered":"","protected":false},"author":1,"featured_media":0,"parent":0,"menu_order":0,"comment_status":"closed","ping_status":"closed","template":"","meta":{"footnotes":""},"class_list":["post-6407","page","type-page","status-publish","hentry"],"_links":{"self":[{"href":"https:\/\/atauni.edu.tr\/gida-teknolojisi-programi\/wp-json\/wp\/v2\/pages\/6407","targetHints":{"allow":["GET"]}}],"collection":[{"href":"https:\/\/atauni.edu.tr\/gida-teknolojisi-programi\/wp-json\/wp\/v2\/pages"}],"about":[{"href":"https:\/\/atauni.edu.tr\/gida-teknolojisi-programi\/wp-json\/wp\/v2\/types\/page"}],"author":[{"embeddable":true,"href":"https:\/\/atauni.edu.tr\/gida-teknolojisi-programi\/wp-json\/wp\/v2\/users\/1"}],"replies":[{"embeddable":true,"href":"https:\/\/atauni.edu.tr\/gida-teknolojisi-programi\/wp-json\/wp\/v2\/comments?post=6407"}],"version-history":[{"count":4,"href":"https:\/\/atauni.edu.tr\/gida-teknolojisi-programi\/wp-json\/wp\/v2\/pages\/6407\/revisions"}],"predecessor-version":[{"id":6420,"href":"https:\/\/atauni.edu.tr\/gida-teknolojisi-programi\/wp-json\/wp\/v2\/pages\/6407\/revisions\/6420"}],"wp:attachment":[{"href":"https:\/\/atauni.edu.tr\/gida-teknolojisi-programi\/wp-json\/wp\/v2\/media?parent=6407"}],"curies":[{"name":"wp","href":"https:\/\/api.w.org\/{rel}","templated":true}]}}