{"id":5638,"date":"2021-07-13T09:49:25","date_gmt":"2021-07-13T06:49:25","guid":{"rendered":"https:\/\/portaltest.atauni.edu.tr\/bilgisayar-muhendisligi\/?page_id=5638"},"modified":"2021-09-13T10:21:35","modified_gmt":"2021-09-13T07:21:35","slug":"tarihce","status":"publish","type":"page","link":"https:\/\/atauni.edu.tr\/giyim-uretim-teknolojisi-programi\/tarihce\/","title":{"rendered":"Tarih\u00e7e"},"content":{"rendered":"\t\t<div data-elementor-type=\"wp-page\" data-elementor-id=\"5638\" class=\"elementor elementor-5638\" data-elementor-post-type=\"page\">\n\t\t\t\t\t\t<section class=\"elementor-section elementor-top-section elementor-element elementor-element-730d320 elementor-section-boxed elementor-section-height-default elementor-section-height-default\" data-id=\"730d320\" data-element_type=\"section\">\n\t\t\t\t\t\t<div class=\"elementor-container elementor-column-gap-default\">\n\t\t\t\t\t<div class=\"elementor-column elementor-col-100 elementor-top-column elementor-element elementor-element-753d0860\" data-id=\"753d0860\" data-element_type=\"column\">\n\t\t\t<div class=\"elementor-widget-wrap\">\n\t\t\t\t\t\t\t<\/div>\n\t\t<\/div>\n\t\t\t\t\t<\/div>\n\t\t<\/section>\n\t\t\t\t<section class=\"elementor-section elementor-top-section elementor-element elementor-element-9be811a elementor-section-boxed elementor-section-height-default elementor-section-height-default\" data-id=\"9be811a\" data-element_type=\"section\">\n\t\t\t\t\t\t<div class=\"elementor-container elementor-column-gap-default\">\n\t\t\t\t\t<div class=\"elementor-column elementor-col-100 elementor-top-column elementor-element elementor-element-1ed847b7\" data-id=\"1ed847b7\" data-element_type=\"column\">\n\t\t\t<div class=\"elementor-widget-wrap elementor-element-populated\">\n\t\t\t\t\t\t<div class=\"elementor-element elementor-element-4ce0d07f elementor-widget elementor-widget-heading\" data-id=\"4ce0d07f\" data-element_type=\"widget\" data-widget_type=\"heading.default\">\n\t\t\t\t<div class=\"elementor-widget-container\">\n\t\t\t\t\t<h2 class=\"elementor-heading-title elementor-size-default\">Tarih\u00e7e<\/h2>\t\t\t\t<\/div>\n\t\t\t\t<\/div>\n\t\t\t\t<div class=\"elementor-element elementor-element-63260862 elementor-widget-divider--view-line elementor-widget elementor-widget-divider\" data-id=\"63260862\" data-element_type=\"widget\" data-widget_type=\"divider.default\">\n\t\t\t\t<div class=\"elementor-widget-container\">\n\t\t\t\t\t\t\t<div class=\"elementor-divider\">\n\t\t\t<span class=\"elementor-divider-separator\">\n\t\t\t\t\t\t<\/span>\n\t\t<\/div>\n\t\t\t\t\t\t<\/div>\n\t\t\t\t<\/div>\n\t\t\t\t\t<\/div>\n\t\t<\/div>\n\t\t\t\t\t<\/div>\n\t\t<\/section>\n\t\t\t\t<section class=\"elementor-section elementor-top-section elementor-element elementor-element-681db8b elementor-section-boxed elementor-section-height-default elementor-section-height-default\" data-id=\"681db8b\" data-element_type=\"section\">\n\t\t\t\t\t\t<div class=\"elementor-container elementor-column-gap-default\">\n\t\t\t\t\t<div class=\"elementor-column elementor-col-100 elementor-top-column elementor-element elementor-element-ad4dac5\" data-id=\"ad4dac5\" data-element_type=\"column\">\n\t\t\t<div class=\"elementor-widget-wrap elementor-element-populated\">\n\t\t\t\t\t\t<div class=\"elementor-element elementor-element-2f96b3d elementor-widget elementor-widget-text-editor\" data-id=\"2f96b3d\" data-element_type=\"widget\" data-widget_type=\"text-editor.default\">\n\t\t\t\t<div class=\"elementor-widget-container\">\n\t\t\t\t\t\t\t\t\t<p>Atat\u00fcrk \u00dcniversitesi Giyim \u00dcretim Teknolojisi Program\u0131n\u0131n tarihi, e\u011fitim ve \u00f6\u011fretimin kalitesini art\u0131rmak amac\u0131yla kurulan bir ge\u00e7mi\u015fe dayanmaktad\u0131r. Program\u0131n temel amac\u0131, \u00f6\u011frencilere giyim \u00fcretim teknolojisi alan\u0131ndaki bilgilerin verilmesi ve sekt\u00f6rde ihtiya\u00e7 duyulan nitelikli elemanlar\u0131n yeti\u015ftirilmesidir.<\/p>\n<p>Program\u0131n kuruldu\u011fu y\u0131llarda, tekstil ve giyim sekt\u00f6r\u00fcn\u00fcn \u00fclkedeki \u00f6nemini g\u00f6z \u00f6n\u00fcnde bulundurularak, bu alanda e\u011fitim veren bir programa ihtiya\u00e7 duyulmu\u015ftur. Bu ihtiyac\u0131n kar\u015f\u0131lanmas\u0131 amac\u0131yla Giyim \u00dcretim Teknolojisi Program\u0131 olu\u015fturulmu\u015f ve \u00f6\u011frencilere ilgili alanlarda kapsaml\u0131 bir e\u011fitim verilmi\u015ftir.<\/p>\n<p>Program\u0131n tarihi boyunca, s\u00fcrekli olarak g\u00fcncellenen m\u00fcfredatlarla \u00f6\u011frencilerin g\u00fcncel informaci\u00f3nlara sahip olmalar\u0131 sa\u011flanm\u0131\u015ft\u0131r. Ayr\u0131ca, sekt\u00f6rle i\u015fbirli\u011fi i\u00e7erisinde olunarak, \u00f6\u011frencilerin mezuniyet sonras\u0131 i\u015f hayat\u0131na kolayca adapte olabilmeleri hedeflenmi\u015ftir.<\/p>\n<p>Giyim \u00dcretim Teknolojisi Program\u0131n\u0131n tarihinde, \u00f6\u011frencilere teorik ve pratik e\u011fitim vermeye \u00f6nem verilmi\u015ftir. \u00d6\u011frencilerin \u00fcretim s\u00fcre\u00e7leri, tekstil malzemeleri, moda tasar\u0131m\u0131 gibi konularda derinlemesine bilgi sahibi olmalar\u0131 sa\u011flanm\u0131\u015ft\u0131r. Bunun yan\u0131 s\u0131ra, program\u0131n verdi\u011fi e\u011fitimle \u00f6\u011frencilerin yarat\u0131c\u0131l\u0131klar\u0131n\u0131 geli\u015ftirmelerine de \u00f6nem verilmi\u015ftir.<\/p>\n<p>Program\u0131n mezunlar\u0131, sekt\u00f6rde \u00f6nemli roller \u00fcstlenmekte ve ald\u0131klar\u0131 e\u011fitimin kalitesini kan\u0131tlamaktad\u0131rlar. Giyim \u00dcretim Teknolojisi Program\u0131n\u0131n tarihi boyunca kazand\u0131\u011f\u0131 deneyim ve ula\u015ft\u0131\u011f\u0131 ba\u015far\u0131lar, gelecekte de bu alandaki liderli\u011fini s\u00fcrd\u00fcrme hedefini g\u00fc\u00e7lendirmektedir.<\/p>\t\t\t\t\t\t\t\t<\/div>\n\t\t\t\t<\/div>\n\t\t\t\t\t<\/div>\n\t\t<\/div>\n\t\t\t\t\t<\/div>\n\t\t<\/section>\n\t\t\t\t<\/div>\n\t\t","protected":false},"excerpt":{"rendered":"<p>Tarih\u00e7e Lorem Ipsum Nedir? Lorem Ipsum, dizgi ve bask\u0131 end\u00fcstrisinde kullan\u0131lan m\u0131g\u0131r metinlerdir. Lorem Ipsum, ad\u0131 bilinmeyen bir matbaac\u0131n\u0131n bir hurufat numune kitab\u0131 olu\u015fturmak \u00fczere bir yaz\u0131 galerisini alarak kar\u0131\u015ft\u0131rd\u0131\u011f\u0131 1500&#8217;lerden beri end\u00fcstri standard\u0131 sahte metinler olarak kullan\u0131lm\u0131\u015ft\u0131r. Be\u015fy\u00fcz y\u0131l boyunca varl\u0131\u011f\u0131n\u0131 s\u00fcrd\u00fcrmekle kalmam\u0131\u015f, ayn\u0131 zamanda pek de\u011fi\u015fmeden elektronik dizgiye de s\u0131\u00e7ram\u0131\u015ft\u0131r. 1960&#8217;larda Lorem Ipsum [&hellip;]<\/p>\n","protected":false},"author":1,"featured_media":0,"parent":0,"menu_order":0,"comment_status":"closed","ping_status":"closed","template":"","meta":{"footnotes":""},"class_list":["post-5638","page","type-page","status-publish","hentry"],"_links":{"self":[{"href":"https:\/\/atauni.edu.tr\/giyim-uretim-teknolojisi-programi\/wp-json\/wp\/v2\/pages\/5638","targetHints":{"allow":["GET"]}}],"collection":[{"href":"https:\/\/atauni.edu.tr\/giyim-uretim-teknolojisi-programi\/wp-json\/wp\/v2\/pages"}],"about":[{"href":"https:\/\/atauni.edu.tr\/giyim-uretim-teknolojisi-programi\/wp-json\/wp\/v2\/types\/page"}],"author":[{"embeddable":true,"href":"https:\/\/atauni.edu.tr\/giyim-uretim-teknolojisi-programi\/wp-json\/wp\/v2\/users\/1"}],"replies":[{"embeddable":true,"href":"https:\/\/atauni.edu.tr\/giyim-uretim-teknolojisi-programi\/wp-json\/wp\/v2\/comments?post=5638"}],"version-history":[{"count":22,"href":"https:\/\/atauni.edu.tr\/giyim-uretim-teknolojisi-programi\/wp-json\/wp\/v2\/pages\/5638\/revisions"}],"predecessor-version":[{"id":6117,"href":"https:\/\/atauni.edu.tr\/giyim-uretim-teknolojisi-programi\/wp-json\/wp\/v2\/pages\/5638\/revisions\/6117"}],"wp:attachment":[{"href":"https:\/\/atauni.edu.tr\/giyim-uretim-teknolojisi-programi\/wp-json\/wp\/v2\/media?parent=5638"}],"curies":[{"name":"wp","href":"https:\/\/api.w.org\/{rel}","templated":true}]}}