{"id":5682,"date":"2021-07-13T10:10:01","date_gmt":"2021-07-13T07:10:01","guid":{"rendered":"https:\/\/portaltest.atauni.edu.tr\/bilgisayar-muhendisligi\/?page_id=5682"},"modified":"2025-01-02T11:28:52","modified_gmt":"2025-01-02T08:28:52","slug":"misyon-vizyon-ve-temel-degerler","status":"publish","type":"page","link":"https:\/\/atauni.edu.tr\/grafik-bolumu\/misyon-vizyon-ve-temel-degerler\/","title":{"rendered":"Misyon, Vizyon ve Temel De\u011ferler"},"content":{"rendered":"\t\t<div data-elementor-type=\"wp-page\" data-elementor-id=\"5682\" class=\"elementor elementor-5682\" data-elementor-post-type=\"page\">\n\t\t\t\t\t\t<section class=\"elementor-section elementor-top-section elementor-element elementor-element-730d320 elementor-section-boxed elementor-section-height-default elementor-section-height-default\" data-id=\"730d320\" data-element_type=\"section\">\n\t\t\t\t\t\t<div class=\"elementor-container elementor-column-gap-default\">\n\t\t\t\t\t<div class=\"elementor-column elementor-col-100 elementor-top-column elementor-element elementor-element-753d0860\" data-id=\"753d0860\" data-element_type=\"column\">\n\t\t\t<div class=\"elementor-widget-wrap\">\n\t\t\t\t\t\t\t<\/div>\n\t\t<\/div>\n\t\t\t\t\t<\/div>\n\t\t<\/section>\n\t\t\t\t<section class=\"elementor-section elementor-top-section elementor-element elementor-element-9be811a elementor-section-boxed elementor-section-height-default elementor-section-height-default\" data-id=\"9be811a\" data-element_type=\"section\">\n\t\t\t\t\t\t<div class=\"elementor-container elementor-column-gap-default\">\n\t\t\t\t\t<div class=\"elementor-column elementor-col-100 elementor-top-column elementor-element elementor-element-1ed847b7\" data-id=\"1ed847b7\" data-element_type=\"column\">\n\t\t\t<div class=\"elementor-widget-wrap elementor-element-populated\">\n\t\t\t\t\t\t<div class=\"elementor-element elementor-element-4ce0d07f elementor-widget elementor-widget-heading\" data-id=\"4ce0d07f\" data-element_type=\"widget\" data-widget_type=\"heading.default\">\n\t\t\t\t<div class=\"elementor-widget-container\">\n\t\t\t\t\t<h2 class=\"elementor-heading-title elementor-size-default\">Misyon<\/h2>\t\t\t\t<\/div>\n\t\t\t\t<\/div>\n\t\t\t\t<div class=\"elementor-element elementor-element-63260862 elementor-widget-divider--view-line elementor-widget elementor-widget-divider\" data-id=\"63260862\" data-element_type=\"widget\" data-widget_type=\"divider.default\">\n\t\t\t\t<div class=\"elementor-widget-container\">\n\t\t\t\t\t\t\t<div class=\"elementor-divider\">\n\t\t\t<span class=\"elementor-divider-separator\">\n\t\t\t\t\t\t<\/span>\n\t\t<\/div>\n\t\t\t\t\t\t<\/div>\n\t\t\t\t<\/div>\n\t\t\t\t<div class=\"elementor-element elementor-element-1f6f9ce elementor-widget elementor-widget-text-editor\" data-id=\"1f6f9ce\" data-element_type=\"widget\" data-widget_type=\"text-editor.default\">\n\t\t\t\t<div class=\"elementor-widget-container\">\n\t\t\t\t\t\t\t\t\t<div>\u201cHayat\u0131n Hizmetinde\u201d slogan\u0131 ile evrensel nitelikte yetkin tasar\u0131mc\u0131lar yeti\u015ftirmektir.<\/div>\t\t\t\t\t\t\t\t<\/div>\n\t\t\t\t<\/div>\n\t\t\t\t\t<\/div>\n\t\t<\/div>\n\t\t\t\t\t<\/div>\n\t\t<\/section>\n\t\t\t\t<section class=\"elementor-section elementor-top-section elementor-element elementor-element-97dbb32 elementor-section-boxed elementor-section-height-default elementor-section-height-default\" data-id=\"97dbb32\" data-element_type=\"section\">\n\t\t\t\t\t\t<div class=\"elementor-container elementor-column-gap-default\">\n\t\t\t\t\t<div class=\"elementor-column elementor-col-100 elementor-top-column elementor-element elementor-element-938ee77\" data-id=\"938ee77\" data-element_type=\"column\">\n\t\t\t<div class=\"elementor-widget-wrap elementor-element-populated\">\n\t\t\t\t\t\t<div class=\"elementor-element elementor-element-a85c5f2 elementor-widget elementor-widget-heading\" data-id=\"a85c5f2\" data-element_type=\"widget\" data-widget_type=\"heading.default\">\n\t\t\t\t<div class=\"elementor-widget-container\">\n\t\t\t\t\t<h2 class=\"elementor-heading-title elementor-size-default\">Vizyon<\/h2>\t\t\t\t<\/div>\n\t\t\t\t<\/div>\n\t\t\t\t<div class=\"elementor-element elementor-element-92a3d27 elementor-widget-divider--view-line elementor-widget elementor-widget-divider\" data-id=\"92a3d27\" data-element_type=\"widget\" data-widget_type=\"divider.default\">\n\t\t\t\t<div class=\"elementor-widget-container\">\n\t\t\t\t\t\t\t<div class=\"elementor-divider\">\n\t\t\t<span class=\"elementor-divider-separator\">\n\t\t\t\t\t\t<\/span>\n\t\t<\/div>\n\t\t\t\t\t\t<\/div>\n\t\t\t\t<\/div>\n\t\t\t\t\t<\/div>\n\t\t<\/div>\n\t\t\t\t\t<\/div>\n\t\t<\/section>\n\t\t\t\t<section class=\"elementor-section elementor-top-section elementor-element elementor-element-681db8b elementor-section-boxed elementor-section-height-default elementor-section-height-default\" data-id=\"681db8b\" data-element_type=\"section\">\n\t\t\t\t\t\t<div class=\"elementor-container elementor-column-gap-default\">\n\t\t\t\t\t<div class=\"elementor-column elementor-col-100 elementor-top-column elementor-element elementor-element-ad4dac5\" data-id=\"ad4dac5\" data-element_type=\"column\">\n\t\t\t<div class=\"elementor-widget-wrap elementor-element-populated\">\n\t\t\t\t\t\t<div class=\"elementor-element elementor-element-2f96b3d elementor-widget elementor-widget-text-editor\" data-id=\"2f96b3d\" data-element_type=\"widget\" data-widget_type=\"text-editor.default\">\n\t\t\t\t<div class=\"elementor-widget-container\">\n\t\t\t\t\t\t\t\t\t<p>\u201cHep \u0130leriye\u201d slogan\u0131 ile ulusal ve uluslararas\u0131 d\u00fczeyde tercih edilen, tasar\u0131m alan\u0131nda b\u00f6lgesel \u00e7ekim merkezi olmay\u0131 ve tasar\u0131m\u0131n toplumda yayg\u0131nla\u015fmas\u0131na katk\u0131 sunan bir b\u00f6l\u00fcm olmakt\u0131r.<\/p>\t\t\t\t\t\t\t\t<\/div>\n\t\t\t\t<\/div>\n\t\t\t\t<div class=\"elementor-element elementor-element-b14069c elementor-widget elementor-widget-heading\" data-id=\"b14069c\" data-element_type=\"widget\" data-widget_type=\"heading.default\">\n\t\t\t\t<div class=\"elementor-widget-container\">\n\t\t\t\t\t<h2 class=\"elementor-heading-title elementor-size-default\">Temel De\u011ferler<\/h2>\t\t\t\t<\/div>\n\t\t\t\t<\/div>\n\t\t\t\t<div class=\"elementor-element elementor-element-f264994 elementor-widget-divider--view-line elementor-widget elementor-widget-divider\" data-id=\"f264994\" data-element_type=\"widget\" data-widget_type=\"divider.default\">\n\t\t\t\t<div class=\"elementor-widget-container\">\n\t\t\t\t\t\t\t<div class=\"elementor-divider\">\n\t\t\t<span class=\"elementor-divider-separator\">\n\t\t\t\t\t\t<\/span>\n\t\t<\/div>\n\t\t\t\t\t\t<\/div>\n\t\t\t\t<\/div>\n\t\t\t\t<div class=\"elementor-element elementor-element-31f03ab elementor-widget elementor-widget-text-editor\" data-id=\"31f03ab\" data-element_type=\"widget\" data-widget_type=\"text-editor.default\">\n\t\t\t\t<div class=\"elementor-widget-container\">\n\t\t\t\t\t\t\t\t\t<p><strong>1. E\u011fitim: <\/strong>Tasar\u0131m e\u011fitimine y\u00f6nelik \u00e7a\u011fda\u015f ve yenilik\u00e7i bak\u0131\u015f a\u00e7\u0131lar\u0131 belirler.<br \/><strong>2. Ara\u015ft\u0131rma: <\/strong>G\u00f6rsel ileti\u015fim a\u00e7\u0131s\u0131ndan yeni ara\u015ft\u0131rma alanlar\u0131 belirler.<br \/><strong>3. Topluma Katk\u0131:<\/strong> Toplumsal katk\u0131 sa\u011flayacak yeni ve farkl\u0131 tasar\u0131m uygulamalar\u0131 hayata ge\u00e7irir.<br \/><strong>4. Disiplinleraras\u0131 Etkile\u015fim:<\/strong> Uygulanacak yeni tasar\u0131m fikirlerine y\u00f6nelik disiplinleraras\u0131 etkile\u015fimi hayata ge\u00e7irir.<br \/><strong>5. Bilimsel Fayda:<\/strong> Bilimsel ara\u015ft\u0131rmalara fayda sa\u011flayacak tasar\u0131m fikirleri \u00fczerine ara\u015ft\u0131rma yapar.<br \/><strong>6. Uyum \u00c7al\u0131\u015fmas\u0131:<\/strong> B\u00f6l\u00fcm akademik personel ile<br \/><strong>7. Grup \u00c7al\u0131\u015fmas\u0131:<\/strong> Proje olu\u015fturma s\u00fcrecinde beyin f\u0131rt\u0131nas\u0131na y\u00f6nelik grup \u00e7al\u0131\u015fmalar\u0131nda bulunur.<br \/><strong>8. Tasar\u0131m Projesi:<\/strong> B\u00f6lgesel, k\u00fclt\u00fcrel ve sanayi i\u015f birli\u011fi gerektiren tasar\u0131m projeleri y\u00fcr\u00fctmeyi ilke edinir.<br \/><strong>9. Etik De\u011fer:<\/strong> Tasar\u0131m projelerini etik de\u011ferler a\u00e7\u0131s\u0131ndan sorgular.<\/p>\t\t\t\t\t\t\t\t<\/div>\n\t\t\t\t<\/div>\n\t\t\t\t\t<\/div>\n\t\t<\/div>\n\t\t\t\t\t<\/div>\n\t\t<\/section>\n\t\t\t\t<\/div>\n\t\t","protected":false},"excerpt":{"rendered":"<p>Misyon \u201cHayat\u0131n Hizmetinde\u201d slogan\u0131 ile evrensel nitelikte yetkin tasar\u0131mc\u0131lar yeti\u015ftirmektir. Vizyon \u201cHep \u0130leriye\u201d slogan\u0131 ile ulusal ve uluslararas\u0131 d\u00fczeyde tercih edilen, tasar\u0131m alan\u0131nda b\u00f6lgesel \u00e7ekim merkezi olmay\u0131 ve tasar\u0131m\u0131n toplumda yayg\u0131nla\u015fmas\u0131na katk\u0131 sunan bir b\u00f6l\u00fcm olmakt\u0131r. Temel De\u011ferler 1. E\u011fitim: Tasar\u0131m e\u011fitimine y\u00f6nelik \u00e7a\u011fda\u015f ve yenilik\u00e7i bak\u0131\u015f a\u00e7\u0131lar\u0131 belirler.2. Ara\u015ft\u0131rma: G\u00f6rsel ileti\u015fim a\u00e7\u0131s\u0131ndan yeni ara\u015ft\u0131rma [&hellip;]<\/p>\n","protected":false},"author":1,"featured_media":0,"parent":0,"menu_order":0,"comment_status":"closed","ping_status":"closed","template":"elementor_header_footer","meta":{"footnotes":""},"class_list":["post-5682","page","type-page","status-publish","hentry"],"_links":{"self":[{"href":"https:\/\/atauni.edu.tr\/grafik-bolumu\/wp-json\/wp\/v2\/pages\/5682","targetHints":{"allow":["GET"]}}],"collection":[{"href":"https:\/\/atauni.edu.tr\/grafik-bolumu\/wp-json\/wp\/v2\/pages"}],"about":[{"href":"https:\/\/atauni.edu.tr\/grafik-bolumu\/wp-json\/wp\/v2\/types\/page"}],"author":[{"embeddable":true,"href":"https:\/\/atauni.edu.tr\/grafik-bolumu\/wp-json\/wp\/v2\/users\/1"}],"replies":[{"embeddable":true,"href":"https:\/\/atauni.edu.tr\/grafik-bolumu\/wp-json\/wp\/v2\/comments?post=5682"}],"version-history":[{"count":23,"href":"https:\/\/atauni.edu.tr\/grafik-bolumu\/wp-json\/wp\/v2\/pages\/5682\/revisions"}],"predecessor-version":[{"id":6736,"href":"https:\/\/atauni.edu.tr\/grafik-bolumu\/wp-json\/wp\/v2\/pages\/5682\/revisions\/6736"}],"wp:attachment":[{"href":"https:\/\/atauni.edu.tr\/grafik-bolumu\/wp-json\/wp\/v2\/media?parent=5682"}],"curies":[{"name":"wp","href":"https:\/\/api.w.org\/{rel}","templated":true}]}}