{"id":5791,"date":"2021-07-13T13:07:15","date_gmt":"2021-07-13T10:07:15","guid":{"rendered":"https:\/\/portaltest.atauni.edu.tr\/bilgisayar-muhendisligi\/?page_id=5791"},"modified":"2021-08-27T15:49:32","modified_gmt":"2021-08-27T12:49:32","slug":"staj","status":"publish","type":"page","link":"https:\/\/atauni.edu.tr\/grafik-bolumu\/staj\/","title":{"rendered":"Staj"},"content":{"rendered":"\t\t<div data-elementor-type=\"wp-page\" data-elementor-id=\"5791\" class=\"elementor elementor-5791\" data-elementor-post-type=\"page\">\n\t\t\t\t\t\t<section class=\"elementor-section elementor-top-section elementor-element elementor-element-730d320 elementor-section-boxed elementor-section-height-default elementor-section-height-default\" data-id=\"730d320\" data-element_type=\"section\">\n\t\t\t\t\t\t<div class=\"elementor-container elementor-column-gap-default\">\n\t\t\t\t\t<div class=\"elementor-column elementor-col-100 elementor-top-column elementor-element elementor-element-753d0860\" data-id=\"753d0860\" data-element_type=\"column\">\n\t\t\t<div class=\"elementor-widget-wrap\">\n\t\t\t\t\t\t\t<\/div>\n\t\t<\/div>\n\t\t\t\t\t<\/div>\n\t\t<\/section>\n\t\t\t\t<section class=\"elementor-section elementor-top-section elementor-element elementor-element-9be811a elementor-section-boxed elementor-section-height-default elementor-section-height-default\" data-id=\"9be811a\" data-element_type=\"section\">\n\t\t\t\t\t\t<div class=\"elementor-container elementor-column-gap-default\">\n\t\t\t\t\t<div class=\"elementor-column elementor-col-100 elementor-top-column elementor-element elementor-element-1ed847b7\" data-id=\"1ed847b7\" data-element_type=\"column\">\n\t\t\t<div class=\"elementor-widget-wrap elementor-element-populated\">\n\t\t\t\t\t\t<div class=\"elementor-element elementor-element-4ce0d07f elementor-widget elementor-widget-heading\" data-id=\"4ce0d07f\" data-element_type=\"widget\" data-widget_type=\"heading.default\">\n\t\t\t\t<div class=\"elementor-widget-container\">\n\t\t\t\t\t<h2 class=\"elementor-heading-title elementor-size-default\">Staj<\/h2>\t\t\t\t<\/div>\n\t\t\t\t<\/div>\n\t\t\t\t<div class=\"elementor-element elementor-element-63260862 elementor-widget-divider--view-line elementor-widget elementor-widget-divider\" data-id=\"63260862\" data-element_type=\"widget\" data-widget_type=\"divider.default\">\n\t\t\t\t<div class=\"elementor-widget-container\">\n\t\t\t\t\t\t\t<div class=\"elementor-divider\">\n\t\t\t<span class=\"elementor-divider-separator\">\n\t\t\t\t\t\t<\/span>\n\t\t<\/div>\n\t\t\t\t\t\t<\/div>\n\t\t\t\t<\/div>\n\t\t\t\t\t<\/div>\n\t\t<\/div>\n\t\t\t\t\t<\/div>\n\t\t<\/section>\n\t\t\t\t<section class=\"elementor-section elementor-top-section elementor-element elementor-element-10e8347 elementor-section-boxed elementor-section-height-default elementor-section-height-default\" data-id=\"10e8347\" data-element_type=\"section\">\n\t\t\t\t\t\t<div class=\"elementor-container elementor-column-gap-default\">\n\t\t\t\t\t<div class=\"elementor-column elementor-col-100 elementor-top-column elementor-element elementor-element-795ab05\" data-id=\"795ab05\" data-element_type=\"column\">\n\t\t\t<div class=\"elementor-widget-wrap elementor-element-populated\">\n\t\t\t\t\t\t<div class=\"elementor-element elementor-element-4524745 elementor-widget elementor-widget-text-editor\" data-id=\"4524745\" data-element_type=\"widget\" data-widget_type=\"text-editor.default\">\n\t\t\t\t<div class=\"elementor-widget-container\">\n\t\t\t\t\t\t\t\t\t<p>Atat\u00fcrk \u00dcniversitesi Grafik Sanatlar B\u00f6l\u00fcm\u00fcn\u00fcn amac\u0131, \u00f6\u011frencilere grafik sanatlar\u0131n temel ilkelerini \u00f6\u011fretmek ve onlar\u0131n bu alanda yeteneklerini geli\u015ftirmektir. Bu ba\u011flamda, staj programlar\u0131 \u00f6\u011frencilerin teorik bilgileri prati\u011fe d\u00f6kerek deneyim kazanmalar\u0131n\u0131 sa\u011flar.<\/p>\n<p>Staj programlar\u0131, \u00f6\u011frencilerin farkl\u0131 grafik tasar\u0131m alanlar\u0131nda \u00e7al\u0131\u015farak deneyim kazanmalar\u0131n\u0131 ama\u00e7lar. \u00d6\u011frenciler, ger\u00e7ek bir i\u015f ortam\u0131nda \u00e7al\u0131\u015fma f\u0131rsat\u0131 bulur ve mesleki becerilerini geli\u015ftirirler. Ayr\u0131ca, stajyerler Grafik Sanatlar B\u00f6l\u00fcm\u00fc mezunlar\u0131n\u0131n da i\u00e7inde oldu\u011fu geni\u015f bir a\u011f ile ba\u011flant\u0131 kurma f\u0131rsat\u0131na sahip olurlar.<\/p>\n<p>Stajyerlerin g\u00f6revleri aras\u0131nda tasar\u0131m projelerinde \u00e7al\u0131\u015fmak, m\u00fc\u015fteri taleplerini kar\u015f\u0131lamak ve tasar\u0131m ekibinin di\u011fer \u00fcyeleriyle i\u015fbirli\u011fi yapmak yer alabilir. Staj programlar\u0131 genellikle belirli bir s\u00fcre i\u00e7in planlan\u0131r ve \u00f6\u011frencilerin staj s\u0131ras\u0131nda g\u00f6sterdikleri performansa g\u00f6re de\u011ferlendirilir.<\/p>\n<p>Staj programlar\u0131n\u0131n Grafik Sanatlar B\u00f6l\u00fcm\u00fc \u00f6\u011frencileri i\u00e7in \u00f6nemi b\u00fcy\u00fckt\u00fcr. \u00d6\u011frenciler, sadece teorik bilgileri de\u011fil, ayn\u0131 zamanda mesle\u011fin pratik y\u00f6nlerini de \u00f6\u011frenirler. Bu sayede, mezun olduktan sonra i\u015f d\u00fcnyas\u0131na daha iyi haz\u0131rlan\u0131rlar ve kendilerine g\u00fcvenleri artar.<\/p>\n<p>Atat\u00fcrk \u00dcniversitesi Grafik Sanatlar B\u00f6l\u00fcm\u00fc staj programlar\u0131, \u00f6\u011frencilerin grafik tasar\u0131m alan\u0131nda uzmanla\u015fmalar\u0131n\u0131 ve kendi yeteneklerini ke\u015ffetmelerini ama\u00e7lar. Bu programlar sayesinde, \u00f6\u011frenciler gelecekte ba\u015far\u0131l\u0131 bir kariyer i\u00e7in gerekli beceri ve deneyime sahip olurlar.<\/p>\t\t\t\t\t\t\t\t<\/div>\n\t\t\t\t<\/div>\n\t\t\t\t\t<\/div>\n\t\t<\/div>\n\t\t\t\t\t<\/div>\n\t\t<\/section>\n\t\t\t\t<\/div>\n\t\t","protected":false},"excerpt":{"rendered":"<p>Grafik Sanatlar B\u00f6l\u00fcm\u00fcm\u00fczde staj, \u00f6\u011frencilerin teorik bilgilerini pratik uygulamalarla desteklemelerine olanak tan\u0131yan \u00f6nemli bir deneyimdir. Bu s\u00fcre\u00e7te \u00f6\u011frenciler, sekt\u00f6r\u00fcn \u00f6nde gelen firmalar\u0131yla i\u015fbirli\u011fi i\u00e7inde ger\u00e7ek projelerde \u00e7al\u0131\u015farak mesleki becerilerini geli\u015ftirir ve end\u00fcstriyel ortamlara uyum sa\u011flamay\u0131 \u00f6\u011frenirler. Staj program\u0131m\u0131z, \u00f6\u011frencilere Grafik Sanatlar alan\u0131ndaki \u00e7e\u015fitli disiplinlerde deneyim kazand\u0131rma amac\u0131n\u0131 ta\u015f\u0131r. Bu sayede \u00f6\u011frenciler, farkl\u0131 yarat\u0131c\u0131 s\u00fcre\u00e7leri tan\u0131r, [&hellip;]<\/p>\n","protected":false},"author":1,"featured_media":0,"parent":0,"menu_order":0,"comment_status":"closed","ping_status":"closed","template":"elementor_header_footer","meta":{"footnotes":""},"class_list":["post-5791","page","type-page","status-publish","hentry"],"_links":{"self":[{"href":"https:\/\/atauni.edu.tr\/grafik-bolumu\/wp-json\/wp\/v2\/pages\/5791","targetHints":{"allow":["GET"]}}],"collection":[{"href":"https:\/\/atauni.edu.tr\/grafik-bolumu\/wp-json\/wp\/v2\/pages"}],"about":[{"href":"https:\/\/atauni.edu.tr\/grafik-bolumu\/wp-json\/wp\/v2\/types\/page"}],"author":[{"embeddable":true,"href":"https:\/\/atauni.edu.tr\/grafik-bolumu\/wp-json\/wp\/v2\/users\/1"}],"replies":[{"embeddable":true,"href":"https:\/\/atauni.edu.tr\/grafik-bolumu\/wp-json\/wp\/v2\/comments?post=5791"}],"version-history":[{"count":8,"href":"https:\/\/atauni.edu.tr\/grafik-bolumu\/wp-json\/wp\/v2\/pages\/5791\/revisions"}],"predecessor-version":[{"id":6094,"href":"https:\/\/atauni.edu.tr\/grafik-bolumu\/wp-json\/wp\/v2\/pages\/5791\/revisions\/6094"}],"wp:attachment":[{"href":"https:\/\/atauni.edu.tr\/grafik-bolumu\/wp-json\/wp\/v2\/media?parent=5791"}],"curies":[{"name":"wp","href":"https:\/\/api.w.org\/{rel}","templated":true}]}}