{"id":68,"date":"2020-07-10T03:09:24","date_gmt":"2020-07-10T00:09:24","guid":{"rendered":"http:\/\/demo.ovathemes.com\/egovt\/?page_id=68"},"modified":"2025-12-12T08:47:08","modified_gmt":"2025-12-12T05:47:08","slug":"anasayfa","status":"publish","type":"page","link":"https:\/\/atauni.edu.tr\/grafik-bolumu\/","title":{"rendered":"Anasayfa"},"content":{"rendered":"\t\t<div data-elementor-type=\"wp-page\" data-elementor-id=\"68\" class=\"elementor elementor-68\" data-elementor-post-type=\"page\">\n\t\t\t\t\t\t<section class=\"elementor-section elementor-top-section elementor-element elementor-element-8302c0a elementor-section-boxed elementor-section-height-default elementor-section-height-default\" data-id=\"8302c0a\" data-element_type=\"section\">\n\t\t\t\t\t\t<div class=\"elementor-container elementor-column-gap-default\">\n\t\t\t\t\t<div class=\"elementor-column elementor-col-100 elementor-top-column elementor-element elementor-element-4459a6e\" data-id=\"4459a6e\" data-element_type=\"column\">\n\t\t\t<div class=\"elementor-widget-wrap elementor-element-populated\">\n\t\t\t\t\t\t<div class=\"elementor-element elementor-element-02661ff elementor--h-position-center elementor--v-position-middle elementor-arrows-position-inside elementor-pagination-position-inside elementor-widget elementor-widget-slides\" data-id=\"02661ff\" data-element_type=\"widget\" data-settings=\"{&quot;navigation&quot;:&quot;both&quot;,&quot;autoplay&quot;:&quot;yes&quot;,&quot;pause_on_hover&quot;:&quot;yes&quot;,&quot;pause_on_interaction&quot;:&quot;yes&quot;,&quot;autoplay_speed&quot;:5000,&quot;infinite&quot;:&quot;yes&quot;,&quot;transition&quot;:&quot;slide&quot;,&quot;transition_speed&quot;:500}\" data-widget_type=\"slides.default\">\n\t\t\t\t<div class=\"elementor-widget-container\">\n\t\t\t\t\t\t\t\t\t<div class=\"elementor-swiper\">\n\t\t\t\t\t<div class=\"elementor-slides-wrapper elementor-main-swiper swiper\" role=\"region\" aria-roledescription=\"carousel\" aria-label=\"Slides\" dir=\"ltr\" data-animation=\"fadeInUp\">\n\t\t\t\t<div class=\"swiper-wrapper elementor-slides\">\n\t\t\t\t\t\t\t\t\t\t<div class=\"elementor-repeater-item-4cf386d swiper-slide\" role=\"group\" aria-roledescription=\"slide\"><div class=\"swiper-slide-bg\" role=\"img\" aria-label=\"Garafik B\u00f6l\u00fcm\u00fc\"><\/div><div class=\"swiper-slide-inner\" ><div class=\"swiper-slide-contents\"><\/div><\/div><\/div><div class=\"elementor-repeater-item-8609b79 swiper-slide\" role=\"group\" aria-roledescription=\"slide\"><div class=\"swiper-slide-bg\" role=\"img\" aria-label=\"Grafik B\u00f6l\u00fcm\u00fc 2\"><\/div><div class=\"swiper-slide-inner\" ><div class=\"swiper-slide-contents\"><\/div><\/div><\/div>\t\t\t\t<\/div>\n\t\t\t\t\t\t\t\t\t\t\t\t\t\t\t<div class=\"elementor-swiper-button elementor-swiper-button-prev\" role=\"button\" tabindex=\"0\" aria-label=\"Previous slide\">\n\t\t\t\t\t\t\t<i aria-hidden=\"true\" class=\"eicon-chevron-left\"><\/i>\t\t\t\t\t\t<\/div>\n\t\t\t\t\t\t<div class=\"elementor-swiper-button elementor-swiper-button-next\" role=\"button\" tabindex=\"0\" aria-label=\"Next slide\">\n\t\t\t\t\t\t\t<i aria-hidden=\"true\" class=\"eicon-chevron-right\"><\/i>\t\t\t\t\t\t<\/div>\n\t\t\t\t\t\t\t\t\t\t\t\t\t\t\t\t<div class=\"swiper-pagination\"><\/div>\n\t\t\t\t\t\t\t\t\t\t\t\t<\/div>\n\t\t\t\t<\/div>\n\t\t\t\t\t\t\t\t<\/div>\n\t\t\t\t<\/div>\n\t\t\t\t\t<\/div>\n\t\t<\/div>\n\t\t\t\t\t<\/div>\n\t\t<\/section>\n\t\t\t\t<section class=\"elementor-section elementor-top-section elementor-element elementor-element-18267b3 elementor-section-boxed elementor-section-height-default elementor-section-height-default\" data-id=\"18267b3\" data-element_type=\"section\">\n\t\t\t\t\t\t<div class=\"elementor-container elementor-column-gap-default\">\n\t\t\t\t\t<div class=\"elementor-column elementor-col-33 elementor-top-column elementor-element elementor-element-30860b9\" data-id=\"30860b9\" data-element_type=\"column\">\n\t\t\t<div class=\"elementor-widget-wrap elementor-element-populated\">\n\t\t\t\t\t\t<section class=\"elementor-section elementor-inner-section elementor-element elementor-element-c9a697c elementor-section-boxed elementor-section-height-default elementor-section-height-default\" data-id=\"c9a697c\" data-element_type=\"section\">\n\t\t\t\t\t\t<div class=\"elementor-container elementor-column-gap-default\">\n\t\t\t\t\t<div class=\"elementor-column elementor-col-50 elementor-inner-column elementor-element elementor-element-3a31d98\" data-id=\"3a31d98\" data-element_type=\"column\">\n\t\t\t<div class=\"elementor-widget-wrap elementor-element-populated\">\n\t\t\t\t\t\t<div class=\"elementor-element elementor-element-ad50e6b elementor-widget elementor-widget-heading\" data-id=\"ad50e6b\" data-element_type=\"widget\" data-widget_type=\"heading.default\">\n\t\t\t\t<div class=\"elementor-widget-container\">\n\t\t\t\t\t<h2 class=\"elementor-heading-title elementor-size-default\">Haberler<\/h2>\t\t\t\t<\/div>\n\t\t\t\t<\/div>\n\t\t\t\t\t<\/div>\n\t\t<\/div>\n\t\t\t\t<div class=\"elementor-column elementor-col-50 elementor-inner-column elementor-element elementor-element-800d282\" data-id=\"800d282\" data-element_type=\"column\">\n\t\t\t<div class=\"elementor-widget-wrap elementor-element-populated\">\n\t\t\t\t\t\t<div class=\"elementor-element elementor-element-cf71f7c elementor-align-right elementor-widget elementor-widget-button\" data-id=\"cf71f7c\" data-element_type=\"widget\" data-widget_type=\"button.default\">\n\t\t\t\t<div class=\"elementor-widget-container\">\n\t\t\t\t\t\t\t\t\t<div class=\"elementor-button-wrapper\">\n\t\t\t\t\t<a class=\"elementor-button elementor-button-link elementor-size-sm\" href=\"https:\/\/atauni.edu.tr\/grafik-bolumu\/?p=6845\">\n\t\t\t\t\t\t<span class=\"elementor-button-content-wrapper\">\n\t\t\t\t\t\t<span class=\"elementor-button-icon\">\n\t\t\t\t<i aria-hidden=\"true\" class=\"fas fa-long-arrow-alt-right\"><\/i>\t\t\t<\/span>\n\t\t\t\t\t\t\t\t\t<span class=\"elementor-button-text\">T\u00fcm\u00fc<\/span>\n\t\t\t\t\t<\/span>\n\t\t\t\t\t<\/a>\n\t\t\t\t<\/div>\n\t\t\t\t\t\t\t\t<\/div>\n\t\t\t\t<\/div>\n\t\t\t\t\t<\/div>\n\t\t<\/div>\n\t\t\t\t\t<\/div>\n\t\t<\/section>\n\t\t\t\t<div class=\"elementor-element elementor-element-4f01ac0 elementor-widget-divider--view-line elementor-widget elementor-widget-divider\" data-id=\"4f01ac0\" data-element_type=\"widget\" data-widget_type=\"divider.default\">\n\t\t\t\t<div class=\"elementor-widget-container\">\n\t\t\t\t\t\t\t<div class=\"elementor-divider\">\n\t\t\t<span class=\"elementor-divider-separator\">\n\t\t\t\t\t\t<\/span>\n\t\t<\/div>\n\t\t\t\t\t\t<\/div>\n\t\t\t\t<\/div>\n\t\t\t\t<div class=\"elementor-element elementor-element-85386e0 elementor-widget__width-initial elementor-widget elementor-widget-shortcode\" data-id=\"85386e0\" data-element_type=\"widget\" data-widget_type=\"shortcode.default\">\n\t\t\t\t<div class=\"elementor-widget-container\">\n\t\t\t\t\t\t\t<div class=\"elementor-shortcode\"><ul class=\"kategori-yazilari-liste\"><li style=\"display: flex; margin-bottom: 10px;\"><div class=\"post-content\" style=\"flex-grow: 1;\"><span class=\"post-date habertarih\" style=\"display: block; font-weight: bold; margin-bottom: 5px;\">24 Kas\u0131m 2025<\/span><a class=\"haberbaslik\" href=\"https:\/\/atauni.edu.tr\/grafik-bolumu\/2025\/11\/24\/gmknin-44-grafik-tasarim-sergisinde-en-iyi-illustrasyon-odulu\/\" style=\"\">GMK\u2019n\u0131n 44. Grafik Tasar\u0131m Sergisi\u2019nde En \u0130yi \u0130ll\u00fcstrasyon \u00d6d\u00fcl\u00fc<\/a><\/div><\/li><li style=\"display: flex; margin-bottom: 10px;\"><div class=\"post-content\" style=\"flex-grow: 1;\"><span class=\"post-date habertarih\" style=\"display: block; font-weight: bold; margin-bottom: 5px;\">12 Mart 2025<\/span><a class=\"haberbaslik\" href=\"https:\/\/atauni.edu.tr\/grafik-bolumu\/2025\/03\/12\/tasarimda-fotograf-ii-dersi-kapsaminda-gum-bichromate-printing-atolyesi-gerceklestirildi\/\" style=\"\">Tasar\u0131mda Foto\u011fraf II Dersi Kapsam\u0131nda Gum Bichromate Printing At\u00f6lyesi Ger\u00e7ekle\u015ftirildi<\/a><\/div><\/li><\/ul>\n<\/div>\n\t\t\t\t\t\t<\/div>\n\t\t\t\t<\/div>\n\t\t\t\t\t<\/div>\n\t\t<\/div>\n\t\t\t\t<div class=\"elementor-column elementor-col-33 elementor-top-column elementor-element elementor-element-8e81c68\" data-id=\"8e81c68\" data-element_type=\"column\">\n\t\t\t<div class=\"elementor-widget-wrap elementor-element-populated\">\n\t\t\t\t\t\t<section class=\"elementor-section elementor-inner-section elementor-element elementor-element-62055ed elementor-section-boxed elementor-section-height-default elementor-section-height-default\" data-id=\"62055ed\" data-element_type=\"section\">\n\t\t\t\t\t\t<div class=\"elementor-container elementor-column-gap-default\">\n\t\t\t\t\t<div class=\"elementor-column elementor-col-50 elementor-inner-column elementor-element elementor-element-169697f\" data-id=\"169697f\" data-element_type=\"column\">\n\t\t\t<div class=\"elementor-widget-wrap elementor-element-populated\">\n\t\t\t\t\t\t<div class=\"elementor-element elementor-element-f3ebf10 elementor-widget elementor-widget-heading\" data-id=\"f3ebf10\" data-element_type=\"widget\" data-widget_type=\"heading.default\">\n\t\t\t\t<div class=\"elementor-widget-container\">\n\t\t\t\t\t<h2 class=\"elementor-heading-title elementor-size-default\">Duyurular<\/h2>\t\t\t\t<\/div>\n\t\t\t\t<\/div>\n\t\t\t\t\t<\/div>\n\t\t<\/div>\n\t\t\t\t<div class=\"elementor-column elementor-col-50 elementor-inner-column elementor-element elementor-element-15d38fe\" data-id=\"15d38fe\" data-element_type=\"column\">\n\t\t\t<div class=\"elementor-widget-wrap elementor-element-populated\">\n\t\t\t\t\t\t<div class=\"elementor-element elementor-element-c6a3184 elementor-align-right elementor-widget elementor-widget-button\" data-id=\"c6a3184\" data-element_type=\"widget\" data-widget_type=\"button.default\">\n\t\t\t\t<div class=\"elementor-widget-container\">\n\t\t\t\t\t\t\t\t\t<div class=\"elementor-button-wrapper\">\n\t\t\t\t\t<a class=\"elementor-button elementor-button-link elementor-size-sm\" href=\"https:\/\/atauni.edu.tr\/grafik-bolumu\/?p=6849\">\n\t\t\t\t\t\t<span class=\"elementor-button-content-wrapper\">\n\t\t\t\t\t\t<span class=\"elementor-button-icon\">\n\t\t\t\t<i aria-hidden=\"true\" class=\"fas fa-long-arrow-alt-right\"><\/i>\t\t\t<\/span>\n\t\t\t\t\t\t\t\t\t<span class=\"elementor-button-text\">T\u00fcm\u00fc<\/span>\n\t\t\t\t\t<\/span>\n\t\t\t\t\t<\/a>\n\t\t\t\t<\/div>\n\t\t\t\t\t\t\t\t<\/div>\n\t\t\t\t<\/div>\n\t\t\t\t\t<\/div>\n\t\t<\/div>\n\t\t\t\t\t<\/div>\n\t\t<\/section>\n\t\t\t\t<div class=\"elementor-element elementor-element-632c196 elementor-widget-divider--view-line elementor-widget elementor-widget-divider\" data-id=\"632c196\" data-element_type=\"widget\" data-widget_type=\"divider.default\">\n\t\t\t\t<div class=\"elementor-widget-container\">\n\t\t\t\t\t\t\t<div class=\"elementor-divider\">\n\t\t\t<span class=\"elementor-divider-separator\">\n\t\t\t\t\t\t<\/span>\n\t\t<\/div>\n\t\t\t\t\t\t<\/div>\n\t\t\t\t<\/div>\n\t\t\t\t<div class=\"elementor-element elementor-element-6e27dd9 elementor-widget__width-initial elementor-widget elementor-widget-shortcode\" data-id=\"6e27dd9\" data-element_type=\"widget\" data-widget_type=\"shortcode.default\">\n\t\t\t\t<div class=\"elementor-widget-container\">\n\t\t\t\t\t\t\t<div class=\"elementor-shortcode\"><ul class=\"kategori-yazilari-liste\"><li style=\"display: flex; margin-bottom: 10px;\"><div class=\"post-content\" style=\"flex-grow: 1;\"><span class=\"post-date duyurutarih\" style=\"display: block; font-weight: bold; margin-bottom: 5px;\">23 Mart 2026<\/span><a href=\"https:\/\/atauni.edu.tr\/grafik-bolumu\/2026\/03\/23\/2025-2026-egitim-ogretim-yili-bahar-donemi-sinav-takvimi-3\/\" class=\" duyurubaslik\" >2025-2026 E\u011fitim-\u00d6\u011fretim Y\u0131l\u0131 Bahar D\u00f6nemi S\u0131nav Takvimi<\/a><\/div><\/li><li style=\"display: flex; margin-bottom: 10px;\"><div class=\"post-content\" style=\"flex-grow: 1;\"><span class=\"post-date duyurutarih\" style=\"display: block; font-weight: bold; margin-bottom: 5px;\">3 \u015eubat 2026<\/span><a href=\"https:\/\/atauni.edu.tr\/grafik-bolumu\/2026\/02\/03\/2025-2026-egitim-ogretim-yili-bahar-donemi-sinav-takvimi-2\/\" class=\" duyurubaslik\" >2025-2026 E\u011fitim-\u00d6\u011fretim Y\u0131l\u0131  Bahar D\u00f6nemi Ders Program\u0131<\/a><\/div><\/li><li style=\"display: flex; margin-bottom: 10px;\"><div class=\"post-content\" style=\"flex-grow: 1;\"><span class=\"post-date duyurutarih\" style=\"display: block; font-weight: bold; margin-bottom: 5px;\">24 Kas\u0131m 2025<\/span><a href=\"https:\/\/atauni.edu.tr\/grafik-bolumu\/2025\/11\/24\/2025-2026-egitim-ogretim-yili-guz-donemi-ders-programi-2\/\" class=\" duyurubaslik\" >2025-2026 E\u011fitim-\u00d6\u011fretim Y\u0131l\u0131 G\u00fcz D\u00f6nemi Ders Program\u0131<\/a><\/div><\/li><li style=\"display: flex; margin-bottom: 10px;\"><div class=\"post-content\" style=\"flex-grow: 1;\"><span class=\"post-date duyurutarih\" style=\"display: block; font-weight: bold; margin-bottom: 5px;\">12 Kas\u0131m 2025<\/span><a href=\"https:\/\/atauni.edu.tr\/grafik-bolumu\/2025\/11\/12\/2025-2026-egitim-ogretim-yili-bahar-donemi-sinav-takvimi\/\" class=\" duyurubaslik\" >2025-2026 E\u011fitim-\u00d6\u011fretim Y\u0131l\u0131 G\u00fcz D\u00f6nemi S\u0131nav Takvimi<\/a><\/div><\/li><li style=\"display: flex; margin-bottom: 10px;\"><div class=\"post-content\" style=\"flex-grow: 1;\"><span class=\"post-date duyurutarih\" style=\"display: block; font-weight: bold; margin-bottom: 5px;\">18 Eyl\u00fcl 2025<\/span><a href=\"https:\/\/atauni.edu.tr\/grafik-bolumu\/2025\/09\/18\/2025-2026-egitim-ogretim-yili-guz-donemi-ders-programi\/\" class=\" duyurubaslik\" >2025-2026 E\u011fitim-\u00d6\u011fretim Y\u0131l\u0131 G\u00fcz D\u00f6nemi Ders Program\u0131<\/a><\/div><\/li><li style=\"display: flex; margin-bottom: 10px;\"><div class=\"post-content\" style=\"flex-grow: 1;\"><span class=\"post-date duyurutarih\" style=\"display: block; font-weight: bold; margin-bottom: 5px;\">29 Mart 2025<\/span><a href=\"https:\/\/atauni.edu.tr\/grafik-bolumu\/2025\/03\/29\/2024-2025-egitim-ogretim-yili-bahar-donemi-sinav-takvimi\/\" class=\" duyurubaslik\" >2024-2025 E\u011fitim-\u00d6\u011fretim Y\u0131l\u0131  Bahar D\u00f6nemi S\u0131nav Takvimi<\/a><\/div><\/li><li style=\"display: flex; margin-bottom: 10px;\"><div class=\"post-content\" style=\"flex-grow: 1;\"><span class=\"post-date duyurutarih\" style=\"display: block; font-weight: bold; margin-bottom: 5px;\">12 \u015eubat 2025<\/span><a href=\"https:\/\/atauni.edu.tr\/grafik-bolumu\/2025\/02\/12\/2024-2025-egitim-ogretim-yili-grafik-sanatlar-bolumu-bahar-donemi-haftalik-ders-programi\/\" class=\" duyurubaslik\" >2024-2025 E\u011fitim-\u00d6\u011fretim Y\u0131l\u0131  Bahar D\u00f6nemi Haftal\u0131k Ders Program\u0131<\/a><\/div><\/li><\/ul>\n<\/div>\n\t\t\t\t\t\t<\/div>\n\t\t\t\t<\/div>\n\t\t\t\t\t<\/div>\n\t\t<\/div>\n\t\t\t\t<div class=\"elementor-column elementor-col-33 elementor-top-column elementor-element elementor-element-40e04a9\" data-id=\"40e04a9\" data-element_type=\"column\">\n\t\t\t<div class=\"elementor-widget-wrap elementor-element-populated\">\n\t\t\t\t\t\t<section class=\"elementor-section elementor-inner-section elementor-element elementor-element-1af4506 elementor-section-boxed elementor-section-height-default elementor-section-height-default\" data-id=\"1af4506\" data-element_type=\"section\">\n\t\t\t\t\t\t<div class=\"elementor-container elementor-column-gap-default\">\n\t\t\t\t\t<div class=\"elementor-column elementor-col-50 elementor-inner-column elementor-element elementor-element-33755ad\" data-id=\"33755ad\" data-element_type=\"column\">\n\t\t\t<div class=\"elementor-widget-wrap elementor-element-populated\">\n\t\t\t\t\t\t<div class=\"elementor-element elementor-element-fc52d5a elementor-widget elementor-widget-heading\" data-id=\"fc52d5a\" data-element_type=\"widget\" data-widget_type=\"heading.default\">\n\t\t\t\t<div class=\"elementor-widget-container\">\n\t\t\t\t\t<h2 class=\"elementor-heading-title elementor-size-default\">Etkinlikler<\/h2>\t\t\t\t<\/div>\n\t\t\t\t<\/div>\n\t\t\t\t\t<\/div>\n\t\t<\/div>\n\t\t\t\t<div class=\"elementor-column elementor-col-50 elementor-inner-column elementor-element elementor-element-37af21f\" data-id=\"37af21f\" data-element_type=\"column\">\n\t\t\t<div class=\"elementor-widget-wrap elementor-element-populated\">\n\t\t\t\t\t\t<div class=\"elementor-element elementor-element-4e675d0 elementor-align-right elementor-widget elementor-widget-button\" data-id=\"4e675d0\" data-element_type=\"widget\" data-widget_type=\"button.default\">\n\t\t\t\t<div class=\"elementor-widget-container\">\n\t\t\t\t\t\t\t\t\t<div class=\"elementor-button-wrapper\">\n\t\t\t\t\t<a class=\"elementor-button elementor-button-link elementor-size-sm\" href=\"https:\/\/atauni.edu.tr\/grafik-bolumu\/?p=6847\">\n\t\t\t\t\t\t<span class=\"elementor-button-content-wrapper\">\n\t\t\t\t\t\t<span class=\"elementor-button-icon\">\n\t\t\t\t<i aria-hidden=\"true\" class=\"fas fa-long-arrow-alt-right\"><\/i>\t\t\t<\/span>\n\t\t\t\t\t\t\t\t\t<span class=\"elementor-button-text\">T\u00fcm\u00fc<\/span>\n\t\t\t\t\t<\/span>\n\t\t\t\t\t<\/a>\n\t\t\t\t<\/div>\n\t\t\t\t\t\t\t\t<\/div>\n\t\t\t\t<\/div>\n\t\t\t\t\t<\/div>\n\t\t<\/div>\n\t\t\t\t\t<\/div>\n\t\t<\/section>\n\t\t\t\t<div class=\"elementor-element elementor-element-df14ed4 elementor-widget-divider--view-line elementor-widget elementor-widget-divider\" data-id=\"df14ed4\" data-element_type=\"widget\" data-widget_type=\"divider.default\">\n\t\t\t\t<div class=\"elementor-widget-container\">\n\t\t\t\t\t\t\t<div class=\"elementor-divider\">\n\t\t\t<span class=\"elementor-divider-separator\">\n\t\t\t\t\t\t<\/span>\n\t\t<\/div>\n\t\t\t\t\t\t<\/div>\n\t\t\t\t<\/div>\n\t\t\t\t<div class=\"elementor-element elementor-element-c60336a elementor-widget elementor-widget-shortcode\" data-id=\"c60336a\" data-element_type=\"widget\" data-widget_type=\"shortcode.default\">\n\t\t\t\t<div class=\"elementor-widget-container\">\n\t\t\t\t\t\t\t<div class=\"elementor-shortcode\"><div class=\"swiper etkinlikler-swiper\"><div class=\"swiper-wrapper\"><div class=\"swiper-slide\"><div class=\"etkinlik-slide\"><div class=\"etkinlik-thumbnail\"><img fetchpriority=\"high\" decoding=\"async\" width=\"300\" height=\"231\" src=\"https:\/\/atauni.edu.tr\/grafik-bolumu\/wp-content\/uploads\/sites\/118\/2021\/07\/Duyuru-300x231.jpg\" class=\"img-fluid wp-post-image\" alt=\"\" srcset=\"https:\/\/atauni.edu.tr\/grafik-bolumu\/wp-content\/uploads\/sites\/118\/2021\/07\/Duyuru-300x231.jpg 300w, https:\/\/atauni.edu.tr\/grafik-bolumu\/wp-content\/uploads\/sites\/118\/2021\/07\/Duyuru-768x591.jpg 768w, https:\/\/atauni.edu.tr\/grafik-bolumu\/wp-content\/uploads\/sites\/118\/2021\/07\/Duyuru-600x462.jpg 600w, https:\/\/atauni.edu.tr\/grafik-bolumu\/wp-content\/uploads\/sites\/118\/2021\/07\/Duyuru-560x431.jpg 560w, https:\/\/atauni.edu.tr\/grafik-bolumu\/wp-content\/uploads\/sites\/118\/2021\/07\/Duyuru.jpg 780w\" sizes=\"(max-width: 300px) 100vw, 300px\" \/><\/div><div class=\"etkinlik-date\"><span class=\"day\">24<\/span><span class=\"month\">Kas\u0131m<\/span><span class=\"year\">2025<\/span><\/div><a href=\"https:\/\/atauni.edu.tr\/grafik-bolumu\/2025\/11\/24\/reklam-atolyesi-12-ve-13-deneyim-paylasimi-soylesileri\/\" class=\"etkinlik-title\">Reklam At\u00f6lyesi 12 ve 13 &#8211; Deneyim Payla\u015f\u0131m\u0131 S\u00f6yle\u015fileri<\/a><\/div><\/div><div class=\"swiper-slide\"><div class=\"etkinlik-slide\"><div class=\"etkinlik-thumbnail\"><img fetchpriority=\"high\" decoding=\"async\" width=\"300\" height=\"231\" src=\"https:\/\/atauni.edu.tr\/grafik-bolumu\/wp-content\/uploads\/sites\/118\/2021\/07\/Duyuru-300x231.jpg\" class=\"img-fluid wp-post-image\" alt=\"\" srcset=\"https:\/\/atauni.edu.tr\/grafik-bolumu\/wp-content\/uploads\/sites\/118\/2021\/07\/Duyuru-300x231.jpg 300w, https:\/\/atauni.edu.tr\/grafik-bolumu\/wp-content\/uploads\/sites\/118\/2021\/07\/Duyuru-768x591.jpg 768w, https:\/\/atauni.edu.tr\/grafik-bolumu\/wp-content\/uploads\/sites\/118\/2021\/07\/Duyuru-600x462.jpg 600w, https:\/\/atauni.edu.tr\/grafik-bolumu\/wp-content\/uploads\/sites\/118\/2021\/07\/Duyuru-560x431.jpg 560w, https:\/\/atauni.edu.tr\/grafik-bolumu\/wp-content\/uploads\/sites\/118\/2021\/07\/Duyuru.jpg 780w\" sizes=\"(max-width: 300px) 100vw, 300px\" \/><\/div><div class=\"etkinlik-date\"><span class=\"day\">17<\/span><span class=\"month\">Kas\u0131m<\/span><span class=\"year\">2025<\/span><\/div><a href=\"https:\/\/atauni.edu.tr\/grafik-bolumu\/2025\/11\/17\/reklam-atolyesi-10-deneyim-paylasimi-soylesileri\/\" class=\"etkinlik-title\">Reklam At\u00f6lyesi 10 ve 11 &#8211; Deneyim Payla\u015f\u0131m\u0131 S\u00f6yle\u015fileri<\/a><\/div><\/div><div class=\"swiper-slide\"><div class=\"etkinlik-slide\"><div class=\"etkinlik-thumbnail\"><img fetchpriority=\"high\" decoding=\"async\" width=\"300\" height=\"231\" src=\"https:\/\/atauni.edu.tr\/grafik-bolumu\/wp-content\/uploads\/sites\/118\/2021\/07\/Duyuru-300x231.jpg\" class=\"img-fluid wp-post-image\" alt=\"\" srcset=\"https:\/\/atauni.edu.tr\/grafik-bolumu\/wp-content\/uploads\/sites\/118\/2021\/07\/Duyuru-300x231.jpg 300w, https:\/\/atauni.edu.tr\/grafik-bolumu\/wp-content\/uploads\/sites\/118\/2021\/07\/Duyuru-768x591.jpg 768w, https:\/\/atauni.edu.tr\/grafik-bolumu\/wp-content\/uploads\/sites\/118\/2021\/07\/Duyuru-600x462.jpg 600w, https:\/\/atauni.edu.tr\/grafik-bolumu\/wp-content\/uploads\/sites\/118\/2021\/07\/Duyuru-560x431.jpg 560w, https:\/\/atauni.edu.tr\/grafik-bolumu\/wp-content\/uploads\/sites\/118\/2021\/07\/Duyuru.jpg 780w\" sizes=\"(max-width: 300px) 100vw, 300px\" \/><\/div><div class=\"etkinlik-date\"><span class=\"day\">10<\/span><span class=\"month\">Kas\u0131m<\/span><span class=\"year\">2025<\/span><\/div><a href=\"https:\/\/atauni.edu.tr\/grafik-bolumu\/2025\/11\/10\/reklam-atolyesi-9-deneyim-paylasimi-soylesileri\/\" class=\"etkinlik-title\">Reklam At\u00f6lyesi 9- Deneyim Payla\u015f\u0131m\u0131 S\u00f6yle\u015fileri<\/a><\/div><\/div><div class=\"swiper-slide\"><div class=\"etkinlik-slide\"><div class=\"etkinlik-thumbnail\"><img fetchpriority=\"high\" decoding=\"async\" width=\"300\" height=\"231\" src=\"https:\/\/atauni.edu.tr\/grafik-bolumu\/wp-content\/uploads\/sites\/118\/2021\/07\/Duyuru-300x231.jpg\" class=\"img-fluid wp-post-image\" alt=\"\" srcset=\"https:\/\/atauni.edu.tr\/grafik-bolumu\/wp-content\/uploads\/sites\/118\/2021\/07\/Duyuru-300x231.jpg 300w, https:\/\/atauni.edu.tr\/grafik-bolumu\/wp-content\/uploads\/sites\/118\/2021\/07\/Duyuru-768x591.jpg 768w, https:\/\/atauni.edu.tr\/grafik-bolumu\/wp-content\/uploads\/sites\/118\/2021\/07\/Duyuru-600x462.jpg 600w, https:\/\/atauni.edu.tr\/grafik-bolumu\/wp-content\/uploads\/sites\/118\/2021\/07\/Duyuru-560x431.jpg 560w, https:\/\/atauni.edu.tr\/grafik-bolumu\/wp-content\/uploads\/sites\/118\/2021\/07\/Duyuru.jpg 780w\" sizes=\"(max-width: 300px) 100vw, 300px\" \/><\/div><div class=\"etkinlik-date\"><span class=\"day\">06<\/span><span class=\"month\">Kas\u0131m<\/span><span class=\"year\">2025<\/span><\/div><a href=\"https:\/\/atauni.edu.tr\/grafik-bolumu\/2025\/11\/06\/reklam-atolyesi-8-deneyim-paylasimi-soylesileri\/\" class=\"etkinlik-title\">Reklam At\u00f6lyesi 8- Deneyim Payla\u015f\u0131m\u0131 S\u00f6yle\u015fileri<\/a><\/div><\/div><div class=\"swiper-slide\"><div class=\"etkinlik-slide\"><div class=\"etkinlik-thumbnail\"><img fetchpriority=\"high\" decoding=\"async\" width=\"300\" height=\"231\" src=\"https:\/\/atauni.edu.tr\/grafik-bolumu\/wp-content\/uploads\/sites\/118\/2021\/07\/Duyuru-300x231.jpg\" class=\"img-fluid wp-post-image\" alt=\"\" srcset=\"https:\/\/atauni.edu.tr\/grafik-bolumu\/wp-content\/uploads\/sites\/118\/2021\/07\/Duyuru-300x231.jpg 300w, https:\/\/atauni.edu.tr\/grafik-bolumu\/wp-content\/uploads\/sites\/118\/2021\/07\/Duyuru-768x591.jpg 768w, https:\/\/atauni.edu.tr\/grafik-bolumu\/wp-content\/uploads\/sites\/118\/2021\/07\/Duyuru-600x462.jpg 600w, https:\/\/atauni.edu.tr\/grafik-bolumu\/wp-content\/uploads\/sites\/118\/2021\/07\/Duyuru-560x431.jpg 560w, https:\/\/atauni.edu.tr\/grafik-bolumu\/wp-content\/uploads\/sites\/118\/2021\/07\/Duyuru.jpg 780w\" sizes=\"(max-width: 300px) 100vw, 300px\" \/><\/div><div class=\"etkinlik-date\"><span class=\"day\">02<\/span><span class=\"month\">Aral\u0131k<\/span><span class=\"year\">2024<\/span><\/div><a href=\"https:\/\/atauni.edu.tr\/grafik-bolumu\/2024\/12\/02\/reklam-atolyesi-deneyim-paylasimi-soylesileri\/\" class=\"etkinlik-title\">Reklam At\u00f6lyesi- Deneyim Payla\u015f\u0131m\u0131 S\u00f6yle\u015fileri<\/a><\/div><\/div><\/div><div class=\"swiper-button-next\"><\/div><div class=\"swiper-button-prev\"><\/div><\/div><\/div>\n\t\t\t\t\t\t<\/div>\n\t\t\t\t<\/div>\n\t\t\t\t\t<\/div>\n\t\t<\/div>\n\t\t\t\t\t<\/div>\n\t\t<\/section>\n\t\t\t\t<\/div>\n\t\t","protected":false},"excerpt":{"rendered":"<p>Haberler T\u00fcm\u00fc Duyurular T\u00fcm\u00fc Etkinlikler T\u00fcm\u00fc<\/p>\n","protected":false},"author":1,"featured_media":0,"parent":0,"menu_order":0,"comment_status":"closed","ping_status":"closed","template":"elementor_header_footer","meta":{"footnotes":""},"class_list":["post-68","page","type-page","status-publish","hentry"],"_links":{"self":[{"href":"https:\/\/atauni.edu.tr\/grafik-bolumu\/wp-json\/wp\/v2\/pages\/68","targetHints":{"allow":["GET"]}}],"collection":[{"href":"https:\/\/atauni.edu.tr\/grafik-bolumu\/wp-json\/wp\/v2\/pages"}],"about":[{"href":"https:\/\/atauni.edu.tr\/grafik-bolumu\/wp-json\/wp\/v2\/types\/page"}],"author":[{"embeddable":true,"href":"https:\/\/atauni.edu.tr\/grafik-bolumu\/wp-json\/wp\/v2\/users\/1"}],"replies":[{"embeddable":true,"href":"https:\/\/atauni.edu.tr\/grafik-bolumu\/wp-json\/wp\/v2\/comments?post=68"}],"version-history":[{"count":306,"href":"https:\/\/atauni.edu.tr\/grafik-bolumu\/wp-json\/wp\/v2\/pages\/68\/revisions"}],"predecessor-version":[{"id":7207,"href":"https:\/\/atauni.edu.tr\/grafik-bolumu\/wp-json\/wp\/v2\/pages\/68\/revisions\/7207"}],"wp:attachment":[{"href":"https:\/\/atauni.edu.tr\/grafik-bolumu\/wp-json\/wp\/v2\/media?parent=68"}],"curies":[{"name":"wp","href":"https:\/\/api.w.org\/{rel}","templated":true}]}}