{"id":5638,"date":"2021-07-13T09:49:25","date_gmt":"2021-07-13T06:49:25","guid":{"rendered":"https:\/\/portaltest.atauni.edu.tr\/bilgisayar-muhendisligi\/?page_id=5638"},"modified":"2021-09-13T10:21:35","modified_gmt":"2021-09-13T07:21:35","slug":"tarihce","status":"publish","type":"page","link":"https:\/\/atauni.edu.tr\/grafik-tasarim\/tarihce\/","title":{"rendered":"Tarih\u00e7e"},"content":{"rendered":"\t\t<div data-elementor-type=\"wp-page\" data-elementor-id=\"5638\" class=\"elementor elementor-5638\" data-elementor-post-type=\"page\">\n\t\t\t\t\t\t<section class=\"elementor-section elementor-top-section elementor-element elementor-element-730d320 elementor-section-boxed elementor-section-height-default elementor-section-height-default\" data-id=\"730d320\" data-element_type=\"section\">\n\t\t\t\t\t\t<div class=\"elementor-container elementor-column-gap-default\">\n\t\t\t\t\t<div class=\"elementor-column elementor-col-100 elementor-top-column elementor-element elementor-element-753d0860\" data-id=\"753d0860\" data-element_type=\"column\">\n\t\t\t<div class=\"elementor-widget-wrap\">\n\t\t\t\t\t\t\t<\/div>\n\t\t<\/div>\n\t\t\t\t\t<\/div>\n\t\t<\/section>\n\t\t\t\t<section class=\"elementor-section elementor-top-section elementor-element elementor-element-9be811a elementor-section-boxed elementor-section-height-default elementor-section-height-default\" data-id=\"9be811a\" data-element_type=\"section\">\n\t\t\t\t\t\t<div class=\"elementor-container elementor-column-gap-default\">\n\t\t\t\t\t<div class=\"elementor-column elementor-col-100 elementor-top-column elementor-element elementor-element-1ed847b7\" data-id=\"1ed847b7\" data-element_type=\"column\">\n\t\t\t<div class=\"elementor-widget-wrap elementor-element-populated\">\n\t\t\t\t\t\t<div class=\"elementor-element elementor-element-4ce0d07f elementor-widget elementor-widget-heading\" data-id=\"4ce0d07f\" data-element_type=\"widget\" data-widget_type=\"heading.default\">\n\t\t\t\t<div class=\"elementor-widget-container\">\n\t\t\t\t\t<h2 class=\"elementor-heading-title elementor-size-default\">Tarih\u00e7e<\/h2>\t\t\t\t<\/div>\n\t\t\t\t<\/div>\n\t\t\t\t<div class=\"elementor-element elementor-element-63260862 elementor-widget-divider--view-line elementor-widget elementor-widget-divider\" data-id=\"63260862\" data-element_type=\"widget\" data-widget_type=\"divider.default\">\n\t\t\t\t<div class=\"elementor-widget-container\">\n\t\t\t\t\t\t\t<div class=\"elementor-divider\">\n\t\t\t<span class=\"elementor-divider-separator\">\n\t\t\t\t\t\t<\/span>\n\t\t<\/div>\n\t\t\t\t\t\t<\/div>\n\t\t\t\t<\/div>\n\t\t\t\t\t<\/div>\n\t\t<\/div>\n\t\t\t\t\t<\/div>\n\t\t<\/section>\n\t\t\t\t<section class=\"elementor-section elementor-top-section elementor-element elementor-element-681db8b elementor-section-boxed elementor-section-height-default elementor-section-height-default\" data-id=\"681db8b\" data-element_type=\"section\">\n\t\t\t\t\t\t<div class=\"elementor-container elementor-column-gap-default\">\n\t\t\t\t\t<div class=\"elementor-column elementor-col-100 elementor-top-column elementor-element elementor-element-ad4dac5\" data-id=\"ad4dac5\" data-element_type=\"column\">\n\t\t\t<div class=\"elementor-widget-wrap elementor-element-populated\">\n\t\t\t\t\t\t<div class=\"elementor-element elementor-element-2f96b3d elementor-widget elementor-widget-text-editor\" data-id=\"2f96b3d\" data-element_type=\"widget\" data-widget_type=\"text-editor.default\">\n\t\t\t\t<div class=\"elementor-widget-container\">\n\t\t\t\t\t\t\t\t\t<h2>Tarih\u00e7e<\/h2>\n<p>Atat\u00fcrk \u00dcniversitesi Grafik Tasar\u0131m Program\u0131n\u0131n kurulu\u015f s\u00fcreci, e\u011fitim kurumunun genel ama\u00e7lar\u0131 ve misyonu ile uyumlu olarak, \u00f6\u011frencilere yarat\u0131c\u0131 ve teknik becerilerini geli\u015ftirme f\u0131rsat\u0131 sunma hedefi \u00fczerine kuruludur.<\/p>\n<p>Program\u0131n olu\u015fumunda, sanat, tasar\u0131m ve teknolojinin bir araya gelerek \u00f6\u011frencilerin \u00e7a\u011fda\u015f grafik tasar\u0131m ilkelerini \u00f6\u011frenmeleri ve uygulamalar\u0131 \u00f6n planda tutulmu\u015ftur. Bu yakla\u015f\u0131m, mezunlar\u0131n i\u015f piyasas\u0131nda ba\u015far\u0131l\u0131 olma \u015fans\u0131n\u0131 art\u0131r\u0131rken ayn\u0131 zamanda sekt\u00f6re yenilik\u00e7i ve yetkin profesyoneller kazand\u0131rmay\u0131 ama\u00e7lamaktad\u0131r.<\/p>\n<p>Grafik Tasar\u0131m Program\u0131n\u0131n tarih\u00e7esi, s\u00fcrekli olarak g\u00fcncellenen m\u00fcfredatlarla \u00f6\u011frencilere g\u00fcncel trendleri takip etme veSector\u00fcn gereksinimlerine uygun \u015fekilde yeti\u015fmeleri i\u00e7in \u00e7al\u0131\u015fmalara tan\u0131kl\u0131k etmektedir. Akademik kadronun deneyimleri ve end\u00fcstri ile kurulan i\u015fbirlikleri, program\u0131n zenginle\u015fmesine katk\u0131da bulunmu\u015ftur.<\/p>\n<p>Programa dahil olan \u00f6\u011frenciler, yarat\u0131c\u0131 d\u00fc\u015f\u00fcnme becerileri, tasar\u0131m ilkeleri, g\u00f6rsel ileti\u015fim, bask\u0131 ve dijital medya gibi konularda derinlemesine bilgi sahibi olmakla birlikte, pratik becerilerini de geli\u015ftirerek sekt\u00f6rde ba\u015far\u0131l\u0131 olmalar\u0131 i\u00e7in gerekli ara\u00e7lara sahip olurlar.<\/p>\n<p>Atat\u00fcrk \u00dcniversitesi Grafik Tasar\u0131m Program\u0131, e\u011fitimini tamamlam\u0131\u015f \u00f6\u011frencilerin toplumun farkl\u0131 kesimlerinde de\u011ferli katk\u0131lar sa\u011flamalar\u0131n\u0131 hedefler. Bu hedef, sadece akademik ba\u015far\u0131y\u0131 de\u011fil, ayn\u0131 zamanda etik de\u011ferlere ba\u011fl\u0131, topluma duyarl\u0131 ve s\u00fcrekli \u00f6\u011frenen bireyler yeti\u015ftirmeyi de i\u00e7ermektedir.<\/p>\t\t\t\t\t\t\t\t<\/div>\n\t\t\t\t<\/div>\n\t\t\t\t\t<\/div>\n\t\t<\/div>\n\t\t\t\t\t<\/div>\n\t\t<\/section>\n\t\t\t\t<\/div>\n\t\t","protected":false},"excerpt":{"rendered":"<p>Tarih\u00e7e Lorem Ipsum Nedir? Lorem Ipsum, dizgi ve bask\u0131 end\u00fcstrisinde kullan\u0131lan m\u0131g\u0131r metinlerdir. Lorem Ipsum, ad\u0131 bilinmeyen bir matbaac\u0131n\u0131n bir hurufat numune kitab\u0131 olu\u015fturmak \u00fczere bir yaz\u0131 galerisini alarak kar\u0131\u015ft\u0131rd\u0131\u011f\u0131 1500&#8217;lerden beri end\u00fcstri standard\u0131 sahte metinler olarak kullan\u0131lm\u0131\u015ft\u0131r. Be\u015fy\u00fcz y\u0131l boyunca varl\u0131\u011f\u0131n\u0131 s\u00fcrd\u00fcrmekle kalmam\u0131\u015f, ayn\u0131 zamanda pek de\u011fi\u015fmeden elektronik dizgiye de s\u0131\u00e7ram\u0131\u015ft\u0131r. 1960&#8217;larda Lorem Ipsum [&hellip;]<\/p>\n","protected":false},"author":1,"featured_media":0,"parent":0,"menu_order":0,"comment_status":"closed","ping_status":"closed","template":"","meta":{"footnotes":""},"class_list":["post-5638","page","type-page","status-publish","hentry"],"_links":{"self":[{"href":"https:\/\/atauni.edu.tr\/grafik-tasarim\/wp-json\/wp\/v2\/pages\/5638","targetHints":{"allow":["GET"]}}],"collection":[{"href":"https:\/\/atauni.edu.tr\/grafik-tasarim\/wp-json\/wp\/v2\/pages"}],"about":[{"href":"https:\/\/atauni.edu.tr\/grafik-tasarim\/wp-json\/wp\/v2\/types\/page"}],"author":[{"embeddable":true,"href":"https:\/\/atauni.edu.tr\/grafik-tasarim\/wp-json\/wp\/v2\/users\/1"}],"replies":[{"embeddable":true,"href":"https:\/\/atauni.edu.tr\/grafik-tasarim\/wp-json\/wp\/v2\/comments?post=5638"}],"version-history":[{"count":22,"href":"https:\/\/atauni.edu.tr\/grafik-tasarim\/wp-json\/wp\/v2\/pages\/5638\/revisions"}],"predecessor-version":[{"id":6117,"href":"https:\/\/atauni.edu.tr\/grafik-tasarim\/wp-json\/wp\/v2\/pages\/5638\/revisions\/6117"}],"wp:attachment":[{"href":"https:\/\/atauni.edu.tr\/grafik-tasarim\/wp-json\/wp\/v2\/media?parent=5638"}],"curies":[{"name":"wp","href":"https:\/\/api.w.org\/{rel}","templated":true}]}}