{"id":6071,"date":"2021-08-27T15:45:02","date_gmt":"2021-08-27T12:45:02","guid":{"rendered":"https:\/\/birimler.atauni.edu.tr\/grafik-tasarim\/?page_id=6071"},"modified":"2021-09-27T09:58:07","modified_gmt":"2021-09-27T06:58:07","slug":"anabilim-dali-kurulu-kararlari","status":"publish","type":"page","link":"https:\/\/atauni.edu.tr\/grafik-tasarim\/anabilim-dali-kurulu-kararlari\/","title":{"rendered":"Anabilim Dal\u0131 Kurulu Kararlar\u0131"},"content":{"rendered":"\t\t<div data-elementor-type=\"wp-page\" data-elementor-id=\"6071\" class=\"elementor elementor-6071\" data-elementor-post-type=\"page\">\n\t\t\t\t\t\t<section class=\"elementor-section elementor-top-section elementor-element elementor-element-730d320 elementor-section-boxed elementor-section-height-default elementor-section-height-default\" data-id=\"730d320\" data-element_type=\"section\">\n\t\t\t\t\t\t<div class=\"elementor-container elementor-column-gap-default\">\n\t\t\t\t\t<div class=\"elementor-column elementor-col-100 elementor-top-column elementor-element elementor-element-753d0860\" data-id=\"753d0860\" data-element_type=\"column\">\n\t\t\t<div class=\"elementor-widget-wrap\">\n\t\t\t\t\t\t\t<\/div>\n\t\t<\/div>\n\t\t\t\t\t<\/div>\n\t\t<\/section>\n\t\t\t\t<section class=\"elementor-section elementor-top-section elementor-element elementor-element-9be811a elementor-section-boxed elementor-section-height-default elementor-section-height-default\" data-id=\"9be811a\" data-element_type=\"section\">\n\t\t\t\t\t\t<div class=\"elementor-container elementor-column-gap-default\">\n\t\t\t\t\t<div class=\"elementor-column elementor-col-100 elementor-top-column elementor-element elementor-element-1ed847b7\" data-id=\"1ed847b7\" data-element_type=\"column\">\n\t\t\t<div class=\"elementor-widget-wrap elementor-element-populated\">\n\t\t\t\t\t\t<div class=\"elementor-element elementor-element-4ce0d07f elementor-widget elementor-widget-heading\" data-id=\"4ce0d07f\" data-element_type=\"widget\" data-widget_type=\"heading.default\">\n\t\t\t\t<div class=\"elementor-widget-container\">\n\t\t\t\t\t<h2 class=\"elementor-heading-title elementor-size-default\">B\u00f6l\u00fcm Kurulu Kararlar\u0131<\/h2>\t\t\t\t<\/div>\n\t\t\t\t<\/div>\n\t\t\t\t<div class=\"elementor-element elementor-element-63260862 elementor-widget-divider--view-line elementor-widget elementor-widget-divider\" data-id=\"63260862\" data-element_type=\"widget\" data-widget_type=\"divider.default\">\n\t\t\t\t<div class=\"elementor-widget-container\">\n\t\t\t\t\t\t\t<div class=\"elementor-divider\">\n\t\t\t<span class=\"elementor-divider-separator\">\n\t\t\t\t\t\t<\/span>\n\t\t<\/div>\n\t\t\t\t\t\t<\/div>\n\t\t\t\t<\/div>\n\t\t\t\t\t<\/div>\n\t\t<\/div>\n\t\t\t\t\t<\/div>\n\t\t<\/section>\n\t\t\t\t<section class=\"elementor-section elementor-top-section elementor-element elementor-element-681db8b elementor-section-boxed elementor-section-height-default elementor-section-height-default\" data-id=\"681db8b\" data-element_type=\"section\">\n\t\t\t\t\t\t<div class=\"elementor-container elementor-column-gap-default\">\n\t\t\t\t\t<div class=\"elementor-column elementor-col-100 elementor-top-column elementor-element elementor-element-ad4dac5\" data-id=\"ad4dac5\" data-element_type=\"column\">\n\t\t\t<div class=\"elementor-widget-wrap elementor-element-populated\">\n\t\t\t\t\t\t<div class=\"elementor-element elementor-element-2f96b3d elementor-widget elementor-widget-text-editor\" data-id=\"2f96b3d\" data-element_type=\"widget\" data-widget_type=\"text-editor.default\">\n\t\t\t\t<div class=\"elementor-widget-container\">\n\t\t\t\t\t\t\t\t\t<html>\n<p>Anabilim Dal\u0131 Kurulu Kararlar\u0131<\/p>\n<p>Grafik Tasar\u0131m Program\u0131m\u0131zda al\u0131nan kararlar, program\u0131n akademik ve idari i\u015fleyi\u015fini \u015fekillendirmektedir. Bu kararlar, \u00f6\u011frencilerin e\u011fitim s\u00fcre\u00e7lerinden programa ili\u015fkin genel politikalara kadar \u00e7e\u015fitli konularda al\u0131nmaktad\u0131r.<\/p>\n<p>Kararlar, Grafik Tasar\u0131m Program\u0131n\u0131n misyon ve vizyonuna uygun olarak belirlenmektedir. \u00d6\u011frenci yeti\u015ftirme, ara\u015ft\u0131rma conducting ve toplumla etkile\u015fim gibi konulara \u00f6nem verilmektedir.<\/p>\n<p>Al\u0131nan kararlar, program\u0131n s\u00fcrekli geli\u015fimini ama\u00e7lamaktad\u0131r. E\u011fitim kalitesinin art\u0131r\u0131lmas\u0131, \u00f6\u011frencilere daha iyi imkanlar sunulmas\u0131 ve programa ili\u015fkin t\u00fcm i\u015fleyi\u015fin d\u00fczenlenmesi i\u00e7in d\u00fczenli olarak g\u00f6zden ge\u00e7irilmekte ve g\u00fcncellenmektedir.<\/p>\n<\/html>\t\t\t\t\t\t\t\t<\/div>\n\t\t\t\t<\/div>\n\t\t\t\t\t<\/div>\n\t\t<\/div>\n\t\t\t\t\t<\/div>\n\t\t<\/section>\n\t\t\t\t<\/div>\n\t\t","protected":false},"excerpt":{"rendered":"<p>B\u00f6l\u00fcm Kurulu Kararlar\u0131 Lorem Ipsum Nedir? Lorem Ipsum, dizgi ve bask\u0131 end\u00fcstrisinde kullan\u0131lan m\u0131g\u0131r metinlerdir. Lorem Ipsum, ad\u0131 bilinmeyen bir matbaac\u0131n\u0131n bir hurufat numune kitab\u0131 olu\u015fturmak \u00fczere bir yaz\u0131 galerisini alarak kar\u0131\u015ft\u0131rd\u0131\u011f\u0131 1500&#8217;lerden beri end\u00fcstri standard\u0131 sahte metinler olarak kullan\u0131lm\u0131\u015ft\u0131r. Be\u015fy\u00fcz y\u0131l boyunca varl\u0131\u011f\u0131n\u0131 s\u00fcrd\u00fcrmekle kalmam\u0131\u015f, ayn\u0131 zamanda pek de\u011fi\u015fmeden elektronik dizgiye de s\u0131\u00e7ram\u0131\u015ft\u0131r. 1960&#8217;larda [&hellip;]<\/p>\n","protected":false},"author":1,"featured_media":0,"parent":0,"menu_order":0,"comment_status":"closed","ping_status":"closed","template":"elementor_header_footer","meta":{"footnotes":""},"class_list":["post-6071","page","type-page","status-publish","hentry"],"_links":{"self":[{"href":"https:\/\/atauni.edu.tr\/grafik-tasarim\/wp-json\/wp\/v2\/pages\/6071","targetHints":{"allow":["GET"]}}],"collection":[{"href":"https:\/\/atauni.edu.tr\/grafik-tasarim\/wp-json\/wp\/v2\/pages"}],"about":[{"href":"https:\/\/atauni.edu.tr\/grafik-tasarim\/wp-json\/wp\/v2\/types\/page"}],"author":[{"embeddable":true,"href":"https:\/\/atauni.edu.tr\/grafik-tasarim\/wp-json\/wp\/v2\/users\/1"}],"replies":[{"embeddable":true,"href":"https:\/\/atauni.edu.tr\/grafik-tasarim\/wp-json\/wp\/v2\/comments?post=6071"}],"version-history":[{"count":8,"href":"https:\/\/atauni.edu.tr\/grafik-tasarim\/wp-json\/wp\/v2\/pages\/6071\/revisions"}],"predecessor-version":[{"id":6144,"href":"https:\/\/atauni.edu.tr\/grafik-tasarim\/wp-json\/wp\/v2\/pages\/6071\/revisions\/6144"}],"wp:attachment":[{"href":"https:\/\/atauni.edu.tr\/grafik-tasarim\/wp-json\/wp\/v2\/media?parent=6071"}],"curies":[{"name":"wp","href":"https:\/\/api.w.org\/{rel}","templated":true}]}}