{"id":6579,"date":"2025-07-22T10:19:16","date_gmt":"2025-07-22T07:19:16","guid":{"rendered":"https:\/\/birimler.atauni.edu.tr\/grafiktuak\/?page_id=6579"},"modified":"2025-07-22T10:20:16","modified_gmt":"2025-07-22T07:20:16","slug":"haberler","status":"publish","type":"page","link":"https:\/\/atauni.edu.tr\/grafiktuak\/haberler\/","title":{"rendered":"Haberler"},"content":{"rendered":"\t\t<div data-elementor-type=\"wp-page\" data-elementor-id=\"6579\" class=\"elementor elementor-6579\" data-elementor-post-type=\"page\">\n\t\t\t\t\t\t<section class=\"elementor-section elementor-top-section elementor-element elementor-element-ce30a85 elementor-section-boxed elementor-section-height-default elementor-section-height-default\" data-id=\"ce30a85\" data-element_type=\"section\">\n\t\t\t\t\t\t<div class=\"elementor-container elementor-column-gap-default\">\n\t\t\t\t\t<div class=\"elementor-column elementor-col-100 elementor-top-column elementor-element elementor-element-e089dd4\" data-id=\"e089dd4\" data-element_type=\"column\">\n\t\t\t<div class=\"elementor-widget-wrap elementor-element-populated\">\n\t\t\t\t\t\t<div class=\"elementor-element elementor-element-b779826 elementor-widget elementor-widget-shortcode\" data-id=\"b779826\" data-element_type=\"widget\" data-widget_type=\"shortcode.default\">\n\t\t\t\t<div class=\"elementor-widget-container\">\n\t\t\t\t\t\t\t<div class=\"elementor-shortcode\"><form method=\"get\" class=\"row g-3\" style=\"margin-bottom: 20px;\"><div class=\"col-md-3\"><input type=\"text\" name=\"haber_ara\" class=\"form-control\" placeholder=\"Haber ara...\" value=\"\"><\/div><div class=\"col-md-3\"><input type=\"date\" name=\"baslangic_tarihi\" class=\"form-control\" value=\"\"><\/div><div class=\"col-md-3\"><input type=\"date\" name=\"bitis_tarihi\" class=\"form-control\" value=\"\"><\/div><div class=\"col-md-3\"><button type=\"submit\" class=\"btn btn-secondary w-50\">Filtrele<\/button><\/div><\/form><ul class=\"kategori-yazilari-liste\"><li style=\"display: flex; margin-bottom: 10px; align-items: center;\"><div class=\"post-thumbnail\" style=\"margin-right: 15px;\"><a href=\"https:\/\/atauni.edu.tr\/grafiktuak\/2026\/03\/27\/universitelerarasi-kurul-uyeleri-ve-rektorlerden-hurufat-baski-muzesine-ziyaret\/\"><img decoding=\"async\" width=\"150\" height=\"150\" src=\"https:\/\/atauni.edu.tr\/grafiktuak\/wp-content\/uploads\/sites\/784\/2026\/03\/WhatsApp-Image-2026-03-30-at-08.21.42-1-150x150.jpeg\" class=\"attachment-thumbnail size-thumbnail wp-post-image\" alt=\"\" \/><\/a><\/div><div class=\"post-content\" style=\"flex-grow: 1;\"><span class=\"post-date habertarih\" style=\"display: block; font-weight: bold; margin-bottom: 5px;\">27 Mart 2026<\/span><a class=\"haberbaslik\" href=\"https:\/\/atauni.edu.tr\/grafiktuak\/2026\/03\/27\/universitelerarasi-kurul-uyeleri-ve-rektorlerden-hurufat-baski-muzesine-ziyaret\/\">\u00dcniversiteleraras\u0131 Kurul \u00dcyeleri ve Rekt\u00f6rlerden Hurufat Bask\u0131 M\u00fczesi\u2019ne Ziyaret<\/a><\/div><\/li><li style=\"display: flex; margin-bottom: 10px; align-items: center;\"><div class=\"post-thumbnail\" style=\"margin-right: 15px;\"><a href=\"https:\/\/atauni.edu.tr\/grafiktuak\/2026\/03\/11\/hurufat-baski-muzesi-bilgi-ve-belge-yonetimi-ogrencileri-ile-bulustu\/\"><img decoding=\"async\" width=\"150\" height=\"150\" src=\"https:\/\/atauni.edu.tr\/grafiktuak\/wp-content\/uploads\/sites\/784\/2026\/03\/22222-1-150x150.jpeg\" class=\"attachment-thumbnail size-thumbnail wp-post-image\" alt=\"\" \/><\/a><\/div><div class=\"post-content\" style=\"flex-grow: 1;\"><span class=\"post-date habertarih\" style=\"display: block; font-weight: bold; margin-bottom: 5px;\">11 Mart 2026<\/span><a class=\"haberbaslik\" href=\"https:\/\/atauni.edu.tr\/grafiktuak\/2026\/03\/11\/hurufat-baski-muzesi-bilgi-ve-belge-yonetimi-ogrencileri-ile-bulustu\/\">Hurufat Bask\u0131 M\u00fczesi Bilgi ve Belge Y\u00f6netimi \u00d6\u011frencileri \u0130le Bulu\u015ftu<\/a><\/div><\/li><li style=\"display: flex; margin-bottom: 10px; align-items: center;\"><div class=\"post-thumbnail\" style=\"margin-right: 15px;\"><a href=\"https:\/\/atauni.edu.tr\/grafiktuak\/2026\/02\/13\/minik-eller-gecmisin-izinde-gelecegin-bilincinde\/\"><img decoding=\"async\" width=\"150\" height=\"150\" src=\"https:\/\/atauni.edu.tr\/grafiktuak\/wp-content\/uploads\/sites\/784\/2026\/02\/minik_eller-150x150.jpg\" class=\"attachment-thumbnail size-thumbnail wp-post-image\" alt=\"\" \/><\/a><\/div><div class=\"post-content\" style=\"flex-grow: 1;\"><span class=\"post-date habertarih\" style=\"display: block; font-weight: bold; margin-bottom: 5px;\">13 \u015eubat 2026<\/span><a class=\"haberbaslik\" href=\"https:\/\/atauni.edu.tr\/grafiktuak\/2026\/02\/13\/minik-eller-gecmisin-izinde-gelecegin-bilincinde\/\">Minik Eller Ge\u00e7mi\u015fin \u0130zinde, Gelece\u011fin Bilincinde!<\/a><\/div><\/li><li style=\"display: flex; margin-bottom: 10px; align-items: center;\"><div class=\"post-thumbnail\" style=\"margin-right: 15px;\"><a href=\"https:\/\/atauni.edu.tr\/grafiktuak\/2026\/02\/05\/sayistay-uzman-denetcilerinden-hurufat-baski-muzesine-ziyaret\/\"><img loading=\"lazy\" decoding=\"async\" width=\"150\" height=\"150\" src=\"https:\/\/atauni.edu.tr\/grafiktuak\/wp-content\/uploads\/sites\/784\/2026\/02\/WhatsApp-Image-2026-02-10-at-08.50.51-1-e1771491830286-150x150.jpeg\" class=\"attachment-thumbnail size-thumbnail wp-post-image\" alt=\"\" \/><\/a><\/div><div class=\"post-content\" style=\"flex-grow: 1;\"><span class=\"post-date habertarih\" style=\"display: block; font-weight: bold; margin-bottom: 5px;\">5 \u015eubat 2026<\/span><a class=\"haberbaslik\" href=\"https:\/\/atauni.edu.tr\/grafiktuak\/2026\/02\/05\/sayistay-uzman-denetcilerinden-hurufat-baski-muzesine-ziyaret\/\">Say\u0131\u015ftay Uzman Denet\u00e7ilerinden Hurufat Bask\u0131 M\u00fczesi\u2019ne Ziyaret<\/a><\/div><\/li><li style=\"display: flex; margin-bottom: 10px; align-items: center;\"><div class=\"post-thumbnail\" style=\"margin-right: 15px;\"><a href=\"https:\/\/atauni.edu.tr\/grafiktuak\/2025\/12\/26\/oltu-beseri-ve-sosyal-bilimler-fakultesi-ogrencilerinden-hurufat-baski-muzesine-ziyaret\/\"><img loading=\"lazy\" decoding=\"async\" width=\"150\" height=\"150\" src=\"https:\/\/atauni.edu.tr\/grafiktuak\/wp-content\/uploads\/sites\/784\/2026\/02\/WhatsApp-Image-2026-02-10-at-08.38.22-150x150.jpeg\" class=\"attachment-thumbnail size-thumbnail wp-post-image\" alt=\"\" \/><\/a><\/div><div class=\"post-content\" style=\"flex-grow: 1;\"><span class=\"post-date habertarih\" style=\"display: block; font-weight: bold; margin-bottom: 5px;\">26 Aral\u0131k 2025<\/span><a class=\"haberbaslik\" href=\"https:\/\/atauni.edu.tr\/grafiktuak\/2025\/12\/26\/oltu-beseri-ve-sosyal-bilimler-fakultesi-ogrencilerinden-hurufat-baski-muzesine-ziyaret\/\">Oltu Be\u015feri ve Sosyal Bilimler Fak\u00fcltesi \u00d6\u011frencilerinden Hurufat Bask\u0131 M\u00fczesi\u2019ne Ziyaret<\/a><\/div><\/li><li style=\"display: flex; margin-bottom: 10px; align-items: center;\"><div class=\"post-thumbnail\" style=\"margin-right: 15px;\"><a href=\"https:\/\/atauni.edu.tr\/grafiktuak\/2025\/12\/05\/toki-ilkogretim-ogrencilerinden-hurufat-baski-muzesine-ziyaret\/\"><img loading=\"lazy\" decoding=\"async\" width=\"150\" height=\"150\" src=\"https:\/\/atauni.edu.tr\/grafiktuak\/wp-content\/uploads\/sites\/784\/2025\/12\/WhatsApp-Gorsel-2025-12-08-saat-08.48.16_75c722a9-1-150x150.jpg\" class=\"attachment-thumbnail size-thumbnail wp-post-image\" alt=\"\" \/><\/a><\/div><div class=\"post-content\" style=\"flex-grow: 1;\"><span class=\"post-date habertarih\" style=\"display: block; font-weight: bold; margin-bottom: 5px;\">5 Aral\u0131k 2025<\/span><a class=\"haberbaslik\" href=\"https:\/\/atauni.edu.tr\/grafiktuak\/2025\/12\/05\/toki-ilkogretim-ogrencilerinden-hurufat-baski-muzesine-ziyaret\/\">TOK\u0130 \u0130lk\u00f6\u011fretim \u00d6\u011frencilerinden Hurufat Bask\u0131 M\u00fczesi\u2019ne Ziyaret<\/a><\/div><\/li><li style=\"display: flex; margin-bottom: 10px; align-items: center;\"><div class=\"post-thumbnail\" style=\"margin-right: 15px;\"><a href=\"https:\/\/atauni.edu.tr\/grafiktuak\/2025\/11\/17\/ilad-akreditasyon-ekibi-hurufat-baski-muzesini-ziyaret-etti\/\"><img loading=\"lazy\" decoding=\"async\" width=\"150\" height=\"150\" src=\"https:\/\/atauni.edu.tr\/grafiktuak\/wp-content\/uploads\/sites\/784\/2025\/12\/WhatsApp-Gorsel-2025-12-08-saat-08.35.07_b416510a-150x150.jpg\" class=\"attachment-thumbnail size-thumbnail wp-post-image\" alt=\"\" \/><\/a><\/div><div class=\"post-content\" style=\"flex-grow: 1;\"><span class=\"post-date habertarih\" style=\"display: block; font-weight: bold; margin-bottom: 5px;\">17 Kas\u0131m 2025<\/span><a class=\"haberbaslik\" href=\"https:\/\/atauni.edu.tr\/grafiktuak\/2025\/11\/17\/ilad-akreditasyon-ekibi-hurufat-baski-muzesini-ziyaret-etti\/\">\u0130LAD Akreditasyon Ekibi Hurufat Bask\u0131 M\u00fczesi\u2019ni Ziyaret Etti<\/a><\/div><\/li><li style=\"display: flex; margin-bottom: 10px; align-items: center;\"><div class=\"post-thumbnail\" style=\"margin-right: 15px;\"><a href=\"https:\/\/atauni.edu.tr\/grafiktuak\/2025\/11\/05\/hurufat-baski-muzesi-kulupler-haftasi-kapsaminda-hava-ulastirma-kulubunu-agirladi\/\"><img loading=\"lazy\" decoding=\"async\" width=\"150\" height=\"150\" src=\"https:\/\/atauni.edu.tr\/grafiktuak\/wp-content\/uploads\/sites\/784\/2025\/11\/WhatsApp-Gorsel-2025-11-07-saat-16.00.52_3e5a14dc-1-150x150.jpg\" class=\"attachment-thumbnail size-thumbnail wp-post-image\" alt=\"\" \/><\/a><\/div><div class=\"post-content\" style=\"flex-grow: 1;\"><span class=\"post-date habertarih\" style=\"display: block; font-weight: bold; margin-bottom: 5px;\">5 Kas\u0131m 2025<\/span><a class=\"haberbaslik\" href=\"https:\/\/atauni.edu.tr\/grafiktuak\/2025\/11\/05\/hurufat-baski-muzesi-kulupler-haftasi-kapsaminda-hava-ulastirma-kulubunu-agirladi\/\">Hurufat Bask\u0131 M\u00fczesi Kul\u00fcpler Haftas\u0131 Kapsam\u0131nda Hava Ula\u015ft\u0131rma Kul\u00fcb\u00fc\u2019n\u00fc A\u011f\u0131rlad\u0131<\/a><\/div><\/li><li style=\"display: flex; margin-bottom: 10px; align-items: center;\"><div class=\"post-thumbnail\" style=\"margin-right: 15px;\"><a href=\"https:\/\/atauni.edu.tr\/grafiktuak\/2025\/11\/04\/hurufat-baski-muzesinde-trt-erzurum-radyosunu-agirladik\/\"><img loading=\"lazy\" decoding=\"async\" width=\"150\" height=\"150\" src=\"https:\/\/atauni.edu.tr\/grafiktuak\/wp-content\/uploads\/sites\/784\/2025\/11\/WhatsApp-Gorsel-2025-11-04-saat-21.07.18_ec0ba3d4-1-150x150.jpg\" class=\"attachment-thumbnail size-thumbnail wp-post-image\" alt=\"\" \/><\/a><\/div><div class=\"post-content\" style=\"flex-grow: 1;\"><span class=\"post-date habertarih\" style=\"display: block; font-weight: bold; margin-bottom: 5px;\">4 Kas\u0131m 2025<\/span><a class=\"haberbaslik\" href=\"https:\/\/atauni.edu.tr\/grafiktuak\/2025\/11\/04\/hurufat-baski-muzesinde-trt-erzurum-radyosunu-agirladik\/\">Hurufat Bask\u0131 M\u00fczesi\u2019nde TRT Erzurum Radyosu\u2019nu A\u011f\u0131rlad\u0131k<\/a><\/div><\/li><li style=\"display: flex; margin-bottom: 10px; align-items: center;\"><div class=\"post-thumbnail\" style=\"margin-right: 15px;\"><a href=\"https:\/\/atauni.edu.tr\/grafiktuak\/2025\/10\/30\/endonezyali-akademisyenlerden-hurufat-baski-muzesine-ziyaret\/\"><img loading=\"lazy\" decoding=\"async\" width=\"150\" height=\"150\" src=\"https:\/\/atauni.edu.tr\/grafiktuak\/wp-content\/uploads\/sites\/784\/2025\/11\/WhatsApp-Gorsel-2025-10-30-saat-16.32.00_7f847a3c-150x150.jpg\" class=\"attachment-thumbnail size-thumbnail wp-post-image\" alt=\"\" \/><\/a><\/div><div class=\"post-content\" style=\"flex-grow: 1;\"><span class=\"post-date habertarih\" style=\"display: block; font-weight: bold; margin-bottom: 5px;\">30 Ekim 2025<\/span><a class=\"haberbaslik\" href=\"https:\/\/atauni.edu.tr\/grafiktuak\/2025\/10\/30\/endonezyali-akademisyenlerden-hurufat-baski-muzesine-ziyaret\/\">Endonezyal\u0131 Akademisyenlerden Hurufat Bask\u0131 M\u00fczesi\u2019ne Ziyaret<\/a><\/div><\/li><\/ul><nav class=\"pagination\" style=\"margin-top: 20px;\"><ul class='page-numbers'>\n\t<li><span aria-current=\"page\" class=\"page-numbers current\">1<\/span><\/li>\n\t<li><a class=\"page-numbers\" href=\"https:\/\/atauni.edu.tr\/grafiktuak\/wp-json\/wp\/v2\/pages\/6579\/page\/2\/\">2<\/a><\/li>\n\t<li><a class=\"page-numbers\" href=\"https:\/\/atauni.edu.tr\/grafiktuak\/wp-json\/wp\/v2\/pages\/6579\/page\/3\/\">3<\/a><\/li>\n\t<li><a class=\"next page-numbers\" href=\"https:\/\/atauni.edu.tr\/grafiktuak\/wp-json\/wp\/v2\/pages\/6579\/page\/2\/\">Sonraki &raquo;<\/a><\/li>\n<\/ul>\n<\/nav><\/div>\n\t\t\t\t\t\t<\/div>\n\t\t\t\t<\/div>\n\t\t\t\t\t<\/div>\n\t\t<\/div>\n\t\t\t\t\t<\/div>\n\t\t<\/section>\n\t\t\t\t<\/div>\n\t\t","protected":false},"excerpt":{"rendered":"","protected":false},"author":8,"featured_media":0,"parent":0,"menu_order":0,"comment_status":"closed","ping_status":"closed","template":"","meta":{"footnotes":""},"class_list":["post-6579","page","type-page","status-publish","hentry"],"_links":{"self":[{"href":"https:\/\/atauni.edu.tr\/grafiktuak\/wp-json\/wp\/v2\/pages\/6579","targetHints":{"allow":["GET"]}}],"collection":[{"href":"https:\/\/atauni.edu.tr\/grafiktuak\/wp-json\/wp\/v2\/pages"}],"about":[{"href":"https:\/\/atauni.edu.tr\/grafiktuak\/wp-json\/wp\/v2\/types\/page"}],"author":[{"embeddable":true,"href":"https:\/\/atauni.edu.tr\/grafiktuak\/wp-json\/wp\/v2\/users\/8"}],"replies":[{"embeddable":true,"href":"https:\/\/atauni.edu.tr\/grafiktuak\/wp-json\/wp\/v2\/comments?post=6579"}],"version-history":[{"count":4,"href":"https:\/\/atauni.edu.tr\/grafiktuak\/wp-json\/wp\/v2\/pages\/6579\/revisions"}],"predecessor-version":[{"id":6583,"href":"https:\/\/atauni.edu.tr\/grafiktuak\/wp-json\/wp\/v2\/pages\/6579\/revisions\/6583"}],"wp:attachment":[{"href":"https:\/\/atauni.edu.tr\/grafiktuak\/wp-json\/wp\/v2\/media?parent=6579"}],"curies":[{"name":"wp","href":"https:\/\/api.w.org\/{rel}","templated":true}]}}