{"id":6614,"date":"2025-08-13T00:01:24","date_gmt":"2025-08-12T21:01:24","guid":{"rendered":"https:\/\/birimler.atauni.edu.tr\/grafiktuak\/?page_id=6614"},"modified":"2025-08-13T00:01:24","modified_gmt":"2025-08-12T21:01:24","slug":"etkinlikler","status":"publish","type":"page","link":"https:\/\/atauni.edu.tr\/grafiktuak\/etkinlikler\/","title":{"rendered":"Etkinlikler"},"content":{"rendered":"<form method=\"get\" class=\"row g-3\" style=\"margin-bottom: 20px;\"><div class=\"col-md-3\"><input type=\"text\" name=\"etkinlik_ara\" class=\"form-control\" placeholder=\"Etkinlik ara...\" value=\"\"><\/div><div class=\"col-md-3\"><input type=\"date\" name=\"baslangic_tarihi\" class=\"form-control\" value=\"\"><\/div><div class=\"col-md-3\"><input type=\"date\" name=\"bitis_tarihi\" class=\"form-control\" value=\"\"><\/div><div class=\"col-md-3\"><button type=\"submit\" class=\"btn btn-secondary w-50\">Filtrele<\/button><\/div><\/form><div class=\"etkinlikler-grid-container\" style=\"display: grid; grid-template-columns: repeat(3, 1fr); gap: 20px;\"><div class=\"etkinlik-grid-item\"><div class=\"etkinlik-thumbnail\"><img fetchpriority=\"high\" decoding=\"async\" width=\"300\" height=\"225\" src=\"https:\/\/atauni.edu.tr\/grafiktuak\/wp-content\/uploads\/sites\/784\/2025\/05\/WhatsApp-Gorsel-2025-05-21-saat-17.19.29_07e91e2d-1-300x225.jpg\" class=\"img-fluid wp-post-image\" alt=\"\" srcset=\"https:\/\/atauni.edu.tr\/grafiktuak\/wp-content\/uploads\/sites\/784\/2025\/05\/WhatsApp-Gorsel-2025-05-21-saat-17.19.29_07e91e2d-1-300x225.jpg 300w, https:\/\/atauni.edu.tr\/grafiktuak\/wp-content\/uploads\/sites\/784\/2025\/05\/WhatsApp-Gorsel-2025-05-21-saat-17.19.29_07e91e2d-1-1024x768.jpg 1024w, https:\/\/atauni.edu.tr\/grafiktuak\/wp-content\/uploads\/sites\/784\/2025\/05\/WhatsApp-Gorsel-2025-05-21-saat-17.19.29_07e91e2d-1-768x576.jpg 768w, https:\/\/atauni.edu.tr\/grafiktuak\/wp-content\/uploads\/sites\/784\/2025\/05\/WhatsApp-Gorsel-2025-05-21-saat-17.19.29_07e91e2d-1-1536x1152.jpg 1536w, https:\/\/atauni.edu.tr\/grafiktuak\/wp-content\/uploads\/sites\/784\/2025\/05\/WhatsApp-Gorsel-2025-05-21-saat-17.19.29_07e91e2d-1-600x450.jpg 600w, https:\/\/atauni.edu.tr\/grafiktuak\/wp-content\/uploads\/sites\/784\/2025\/05\/WhatsApp-Gorsel-2025-05-21-saat-17.19.29_07e91e2d-1-560x420.jpg 560w, https:\/\/atauni.edu.tr\/grafiktuak\/wp-content\/uploads\/sites\/784\/2025\/05\/WhatsApp-Gorsel-2025-05-21-saat-17.19.29_07e91e2d-1.jpg 1600w\" sizes=\"(max-width: 300px) 100vw, 300px\" \/><\/div><div class=\"etkinlik-datee\"><span class=\"day\">21<\/span><span class=\"month\">May\u0131s<\/span><span class=\"year\">2025<\/span><\/div><a href=\"https:\/\/atauni.edu.tr\/grafiktuak\/2025\/05\/21\/ataturk-universitesi-hurufat-baski-muzesi-gravur-baskilarda-erzurum-ve-kultur-varliklari-soylesisine-ev-sahipligi-yapti\/\" class=\"etkinlik-titlee\">Atat\u00fcrk \u00dcniversitesi Hurufat Bask\u0131 M\u00fczesi, &#8220;Grav\u00fcr Bask\u0131larda Erzurum ve K\u00fclt\u00fcr Varl\u0131klar\u0131&#8221; S\u00f6yle\u015fisine Ev Sahipli\u011fi Yapt\u0131<\/a><\/div><div class=\"etkinlik-grid-item\"><div class=\"etkinlik-thumbnail\"><img decoding=\"async\" width=\"300\" height=\"145\" src=\"https:\/\/atauni.edu.tr\/grafiktuak\/wp-content\/uploads\/sites\/784\/2025\/05\/WhatsApp-Gorsel-2025-05-07-saat-15.40.00_89624551-1-e1746624785786-300x145.jpg\" class=\"img-fluid wp-post-image\" alt=\"\" srcset=\"https:\/\/atauni.edu.tr\/grafiktuak\/wp-content\/uploads\/sites\/784\/2025\/05\/WhatsApp-Gorsel-2025-05-07-saat-15.40.00_89624551-1-e1746624785786-300x145.jpg 300w, https:\/\/atauni.edu.tr\/grafiktuak\/wp-content\/uploads\/sites\/784\/2025\/05\/WhatsApp-Gorsel-2025-05-07-saat-15.40.00_89624551-1-e1746624785786-1024x495.jpg 1024w, https:\/\/atauni.edu.tr\/grafiktuak\/wp-content\/uploads\/sites\/784\/2025\/05\/WhatsApp-Gorsel-2025-05-07-saat-15.40.00_89624551-1-e1746624785786-768x371.jpg 768w, https:\/\/atauni.edu.tr\/grafiktuak\/wp-content\/uploads\/sites\/784\/2025\/05\/WhatsApp-Gorsel-2025-05-07-saat-15.40.00_89624551-1-e1746624785786-1536x742.jpg 1536w, https:\/\/atauni.edu.tr\/grafiktuak\/wp-content\/uploads\/sites\/784\/2025\/05\/WhatsApp-Gorsel-2025-05-07-saat-15.40.00_89624551-1-e1746624785786-600x290.jpg 600w, https:\/\/atauni.edu.tr\/grafiktuak\/wp-content\/uploads\/sites\/784\/2025\/05\/WhatsApp-Gorsel-2025-05-07-saat-15.40.00_89624551-1-e1746624785786-560x271.jpg 560w, https:\/\/atauni.edu.tr\/grafiktuak\/wp-content\/uploads\/sites\/784\/2025\/05\/WhatsApp-Gorsel-2025-05-07-saat-15.40.00_89624551-1-e1746624785786.jpg 1600w\" sizes=\"(max-width: 300px) 100vw, 300px\" \/><\/div><div class=\"etkinlik-datee\"><span class=\"day\">07<\/span><span class=\"month\">May\u0131s<\/span><span class=\"year\">2025<\/span><\/div><a href=\"https:\/\/atauni.edu.tr\/grafiktuak\/2025\/05\/07\/hurufat-baski-muzesinde-matbaanin-toplumu-degistiren-gucu-konusuldu\/\" class=\"etkinlik-titlee\">Hurufat Bask\u0131 M\u00fczesi\u2019nde Matbaan\u0131n Toplumu De\u011fi\u015ftiren G\u00fcc\u00fc Konu\u015fuldu<\/a><\/div><div class=\"etkinlik-grid-item\"><div class=\"etkinlik-thumbnail\"><img decoding=\"async\" width=\"300\" height=\"178\" src=\"https:\/\/atauni.edu.tr\/grafiktuak\/wp-content\/uploads\/sites\/784\/2025\/05\/WhatsApp-Gorsel-2025-05-08-saat-14.32.02_fab73d06-1-e1746714573432-300x178.jpg\" class=\"img-fluid wp-post-image\" alt=\"\" srcset=\"https:\/\/atauni.edu.tr\/grafiktuak\/wp-content\/uploads\/sites\/784\/2025\/05\/WhatsApp-Gorsel-2025-05-08-saat-14.32.02_fab73d06-1-e1746714573432-300x178.jpg 300w, https:\/\/atauni.edu.tr\/grafiktuak\/wp-content\/uploads\/sites\/784\/2025\/05\/WhatsApp-Gorsel-2025-05-08-saat-14.32.02_fab73d06-1-e1746714573432-1024x606.jpg 1024w, https:\/\/atauni.edu.tr\/grafiktuak\/wp-content\/uploads\/sites\/784\/2025\/05\/WhatsApp-Gorsel-2025-05-08-saat-14.32.02_fab73d06-1-e1746714573432-768x455.jpg 768w, https:\/\/atauni.edu.tr\/grafiktuak\/wp-content\/uploads\/sites\/784\/2025\/05\/WhatsApp-Gorsel-2025-05-08-saat-14.32.02_fab73d06-1-e1746714573432-1536x909.jpg 1536w, https:\/\/atauni.edu.tr\/grafiktuak\/wp-content\/uploads\/sites\/784\/2025\/05\/WhatsApp-Gorsel-2025-05-08-saat-14.32.02_fab73d06-1-e1746714573432-600x355.jpg 600w, https:\/\/atauni.edu.tr\/grafiktuak\/wp-content\/uploads\/sites\/784\/2025\/05\/WhatsApp-Gorsel-2025-05-08-saat-14.32.02_fab73d06-1-e1746714573432-560x331.jpg 560w, https:\/\/atauni.edu.tr\/grafiktuak\/wp-content\/uploads\/sites\/784\/2025\/05\/WhatsApp-Gorsel-2025-05-08-saat-14.32.02_fab73d06-1-e1746714573432.jpg 2048w\" sizes=\"(max-width: 300px) 100vw, 300px\" \/><\/div><div class=\"etkinlik-datee\"><span class=\"day\">25<\/span><span class=\"month\">Nisan<\/span><span class=\"year\">2025<\/span><\/div><a href=\"https:\/\/atauni.edu.tr\/grafiktuak\/2025\/04\/25\/ataturk-universitesinde-iyi-tasarim-semineri-gerceklestirildi\/\" class=\"etkinlik-titlee\">Atat\u00fcrk \u00dcniversitesi\u2019nde \u201c\u0130yi Tasar\u0131m\u201d Semineri Ger\u00e7ekle\u015ftirildi<\/a><\/div><\/div><div class=\"pagination\" style=\"margin-top: 20px;\"><\/div>\n\n\n\n<p><\/p>\n","protected":false},"excerpt":{"rendered":"","protected":false},"author":1,"featured_media":0,"parent":0,"menu_order":0,"comment_status":"closed","ping_status":"closed","template":"","meta":{"footnotes":""},"class_list":["post-6614","page","type-page","status-publish","hentry"],"_links":{"self":[{"href":"https:\/\/atauni.edu.tr\/grafiktuak\/wp-json\/wp\/v2\/pages\/6614","targetHints":{"allow":["GET"]}}],"collection":[{"href":"https:\/\/atauni.edu.tr\/grafiktuak\/wp-json\/wp\/v2\/pages"}],"about":[{"href":"https:\/\/atauni.edu.tr\/grafiktuak\/wp-json\/wp\/v2\/types\/page"}],"author":[{"embeddable":true,"href":"https:\/\/atauni.edu.tr\/grafiktuak\/wp-json\/wp\/v2\/users\/1"}],"replies":[{"embeddable":true,"href":"https:\/\/atauni.edu.tr\/grafiktuak\/wp-json\/wp\/v2\/comments?post=6614"}],"version-history":[{"count":1,"href":"https:\/\/atauni.edu.tr\/grafiktuak\/wp-json\/wp\/v2\/pages\/6614\/revisions"}],"predecessor-version":[{"id":6617,"href":"https:\/\/atauni.edu.tr\/grafiktuak\/wp-json\/wp\/v2\/pages\/6614\/revisions\/6617"}],"wp:attachment":[{"href":"https:\/\/atauni.edu.tr\/grafiktuak\/wp-json\/wp\/v2\/media?parent=6614"}],"curies":[{"name":"wp","href":"https:\/\/api.w.org\/{rel}","templated":true}]}}