{"id":6615,"date":"2025-08-13T00:01:33","date_gmt":"2025-08-12T21:01:33","guid":{"rendered":"https:\/\/birimler.atauni.edu.tr\/grafiktuak\/?page_id=6615"},"modified":"2025-08-13T00:01:33","modified_gmt":"2025-08-12T21:01:33","slug":"duyurular","status":"publish","type":"page","link":"https:\/\/atauni.edu.tr\/grafiktuak\/duyurular\/","title":{"rendered":"Duyurular"},"content":{"rendered":"<form method=\"get\" class=\"row g-3\" style=\"margin-bottom: 20px;\"><div class=\"col-md-3\"><input type=\"text\" name=\"Duyuru_ara\" class=\"form-control\" placeholder=\"Duyuru ara...\" value=\"\"><\/div><div class=\"col-md-3\"><input type=\"date\" name=\"baslangic_tarihi\" class=\"form-control\" value=\"\"><\/div><div class=\"col-md-3\"><input type=\"date\" name=\"bitis_tarihi\" class=\"form-control\" value=\"\"><\/div><div class=\"col-md-3\"><button type=\"submit\" class=\"btn btn-secondary w-50\">Filtrele<\/button><\/div><\/form><ul class=\"kategori-yazilari-liste\"><li style=\"display: flex; margin-bottom: 10px; align-items: center;\"><div class=\"post-content\" style=\"flex-grow: 1;\"><span class=\"post-date Duyurutarih\" style=\"display: block; font-weight: bold; margin-bottom: 5px;\">17 Ekim 2025<\/span><a class=\"Duyurubaslik\" href=\"https:\/\/atauni.edu.tr\/grafiktuak\/2025\/10\/17\/hurufat-baski-muzesi-1-yasinda\/\">Hurufat Bask\u0131 M\u00fczesi 1 Ya\u015f\u0131nda!<\/a><\/div><\/li><li style=\"display: flex; margin-bottom: 10px; align-items: center;\"><div class=\"post-content\" style=\"flex-grow: 1;\"><span class=\"post-date Duyurutarih\" style=\"display: block; font-weight: bold; margin-bottom: 5px;\">29 Temmuz 2025<\/span><a class=\"Duyurubaslik\" href=\"https:\/\/atauni.edu.tr\/grafiktuak\/2025\/07\/29\/hurufat-baski-muzesi-ozel-muze-statusu-kazandi\/\">Hurufat Bask\u0131 M\u00fczesi &#8220;\u00d6zel M\u00fcze&#8221; Stat\u00fcs\u00fc Kazand\u0131<\/a><\/div><\/li><li style=\"display: flex; margin-bottom: 10px; align-items: center;\"><div class=\"post-content\" style=\"flex-grow: 1;\"><span class=\"post-date Duyurutarih\" style=\"display: block; font-weight: bold; margin-bottom: 5px;\">17 Ekim 2024<\/span><a class=\"Duyurubaslik\" href=\"https:\/\/atauni.edu.tr\/grafiktuak\/2024\/10\/17\/hurufat-baski-muzesimilli-egitim-bakani-prof-dr-yusuf-tekinin-katilimiyla-acildi\/\">Hurufat Bask\u0131 M\u00fczesi,Milli E\u011fitim Bakan\u0131 Prof. Dr. Yusuf Tekin&#8217;in Kat\u0131l\u0131m\u0131yla a\u00e7\u0131ld\u0131.<\/a><\/div><\/li><\/ul>\n\n\n\n<p><\/p>\n","protected":false},"excerpt":{"rendered":"","protected":false},"author":1,"featured_media":0,"parent":0,"menu_order":0,"comment_status":"closed","ping_status":"closed","template":"","meta":{"footnotes":""},"class_list":["post-6615","page","type-page","status-publish","hentry"],"_links":{"self":[{"href":"https:\/\/atauni.edu.tr\/grafiktuak\/wp-json\/wp\/v2\/pages\/6615","targetHints":{"allow":["GET"]}}],"collection":[{"href":"https:\/\/atauni.edu.tr\/grafiktuak\/wp-json\/wp\/v2\/pages"}],"about":[{"href":"https:\/\/atauni.edu.tr\/grafiktuak\/wp-json\/wp\/v2\/types\/page"}],"author":[{"embeddable":true,"href":"https:\/\/atauni.edu.tr\/grafiktuak\/wp-json\/wp\/v2\/users\/1"}],"replies":[{"embeddable":true,"href":"https:\/\/atauni.edu.tr\/grafiktuak\/wp-json\/wp\/v2\/comments?post=6615"}],"version-history":[{"count":1,"href":"https:\/\/atauni.edu.tr\/grafiktuak\/wp-json\/wp\/v2\/pages\/6615\/revisions"}],"predecessor-version":[{"id":6618,"href":"https:\/\/atauni.edu.tr\/grafiktuak\/wp-json\/wp\/v2\/pages\/6615\/revisions\/6618"}],"wp:attachment":[{"href":"https:\/\/atauni.edu.tr\/grafiktuak\/wp-json\/wp\/v2\/media?parent=6615"}],"curies":[{"name":"wp","href":"https:\/\/api.w.org\/{rel}","templated":true}]}}