{"id":5682,"date":"2021-07-13T10:10:01","date_gmt":"2021-07-13T07:10:01","guid":{"rendered":"https:\/\/portaltest.atauni.edu.tr\/bilgisayar-muhendisligi\/?page_id=5682"},"modified":"2023-10-16T14:34:39","modified_gmt":"2023-10-16T11:34:39","slug":"misyon-vizyon-ve-temel-degerler","status":"publish","type":"page","link":"https:\/\/atauni.edu.tr\/guzel-sanatlar-egitimi-bolumu\/misyon-vizyon-ve-temel-degerler\/","title":{"rendered":"Misyon, Vizyon ve Temel De\u011ferler"},"content":{"rendered":"\t\t<div data-elementor-type=\"wp-page\" data-elementor-id=\"5682\" class=\"elementor elementor-5682\" data-elementor-post-type=\"page\">\n\t\t\t\t\t\t<section class=\"elementor-section elementor-top-section elementor-element elementor-element-730d320 elementor-section-boxed elementor-section-height-default elementor-section-height-default\" data-id=\"730d320\" data-element_type=\"section\">\n\t\t\t\t\t\t<div class=\"elementor-container elementor-column-gap-default\">\n\t\t\t\t\t<div class=\"elementor-column elementor-col-100 elementor-top-column elementor-element elementor-element-753d0860\" data-id=\"753d0860\" data-element_type=\"column\">\n\t\t\t<div class=\"elementor-widget-wrap\">\n\t\t\t\t\t\t\t<\/div>\n\t\t<\/div>\n\t\t\t\t\t<\/div>\n\t\t<\/section>\n\t\t\t\t<section class=\"elementor-section elementor-top-section elementor-element elementor-element-9be811a elementor-section-boxed elementor-section-height-default elementor-section-height-default\" data-id=\"9be811a\" data-element_type=\"section\">\n\t\t\t\t\t\t<div class=\"elementor-container elementor-column-gap-default\">\n\t\t\t\t\t<div class=\"elementor-column elementor-col-100 elementor-top-column elementor-element elementor-element-1ed847b7\" data-id=\"1ed847b7\" data-element_type=\"column\">\n\t\t\t<div class=\"elementor-widget-wrap elementor-element-populated\">\n\t\t\t\t\t\t<div class=\"elementor-element elementor-element-4ce0d07f elementor-widget elementor-widget-heading\" data-id=\"4ce0d07f\" data-element_type=\"widget\" data-widget_type=\"heading.default\">\n\t\t\t\t<div class=\"elementor-widget-container\">\n\t\t\t\t\t<h2 class=\"elementor-heading-title elementor-size-default\">Misyon, Vizyon ve Temel De\u011ferler<\/h2>\t\t\t\t<\/div>\n\t\t\t\t<\/div>\n\t\t\t\t<div class=\"elementor-element elementor-element-63260862 elementor-widget-divider--view-line elementor-widget elementor-widget-divider\" data-id=\"63260862\" data-element_type=\"widget\" data-widget_type=\"divider.default\">\n\t\t\t\t<div class=\"elementor-widget-container\">\n\t\t\t\t\t\t\t<div class=\"elementor-divider\">\n\t\t\t<span class=\"elementor-divider-separator\">\n\t\t\t\t\t\t<\/span>\n\t\t<\/div>\n\t\t\t\t\t\t<\/div>\n\t\t\t\t<\/div>\n\t\t\t\t\t<\/div>\n\t\t<\/div>\n\t\t\t\t\t<\/div>\n\t\t<\/section>\n\t\t\t\t<section class=\"elementor-section elementor-top-section elementor-element elementor-element-681db8b elementor-section-boxed elementor-section-height-default elementor-section-height-default\" data-id=\"681db8b\" data-element_type=\"section\">\n\t\t\t\t\t\t<div class=\"elementor-container elementor-column-gap-default\">\n\t\t\t\t\t<div class=\"elementor-column elementor-col-100 elementor-top-column elementor-element elementor-element-ad4dac5\" data-id=\"ad4dac5\" data-element_type=\"column\">\n\t\t\t<div class=\"elementor-widget-wrap elementor-element-populated\">\n\t\t\t\t\t\t<div class=\"elementor-element elementor-element-2f96b3d elementor-widget__width-initial elementor-widget elementor-widget-text-editor\" data-id=\"2f96b3d\" data-element_type=\"widget\" data-widget_type=\"text-editor.default\">\n\t\t\t\t<div class=\"elementor-widget-container\">\n\t\t\t\t\t\t\t\t\t<p style=\"margin-top: 3.6pt;margin-bottom: 6pt;margin-left: 0in;line-height: normal;text-indent: 0in;direction: ltr\"><span style=\"font-size: 15pt;font-family: Garamond;color: black\">7 katmanda stratejik ama\u00e7 ve hedefler e\u011fitim, ara\u015ft\u0131rma ve toplumsal katk\u0131 ba\u011flam\u0131nda k\u0131sa, orta ve uzun vade olarak belirlenmi\u015ftir.<\/span><\/p><p style=\"margin-top: 6pt;margin-bottom: 6pt;margin-left: 0in;line-height: 1.5em;text-indent: 0in;direction: ltr\"><span style=\"font-size: 15pt;font-family: Garamond;color: black;font-weight: bold;font-style: italic\">K\u0131sa Vadeli Hedefler<\/span><\/p><div style=\"margin-top: 6pt;margin-bottom: 6pt;margin-left: 0.31in;text-indent: -0.31in;direction: ltr\"><span style=\"font-size: 15pt\"><span style=\"font-family: Arial;font-size: 23px\">\u2022<\/span><\/span><span style=\"font-size: 15pt;font-family: Garamond;color: black\">G\u00fczel Sanatlar E\u011fitimi<\/span><span style=\"font-size: 15pt;font-family: Garamond;color: black\">&nbsp;alan\u0131na&nbsp;<\/span><span style=\"font-size: 15pt;font-family: Garamond;color: black\">y\u00f6nelik sorunlar i\u00e7in farkl\u0131 disiplinlerin kat\u0131l\u0131m\u0131n\u0131n sa\u011fland\u0131\u011f\u0131 alternatif \u00e7\u00f6z\u00fcm \u00f6neri paketleri haz\u0131rlamak ve bilimsel \u00e7\u00f6z\u00fcmler \u00fcretmek<\/span><span style=\"font-size: 15pt;font-family: Garamond;color: black\">.<\/span><\/div><div style=\"margin-top: 6pt;margin-bottom: 6pt;margin-left: 0.31in;text-indent: -0.31in;direction: ltr\"><span style=\"font-size: 15pt\"><span style=\"font-family: Arial;font-size: 23px\">\u2022<\/span><\/span><span style=\"font-size: 15pt;font-family: Garamond;color: black\">\u00d6\u011frencileri ulusal ve uluslararas\u0131 plastik ve&nbsp;<\/span><span style=\"font-size: 15pt;font-family: Garamond;color: black\">estetik kriterlere sahip&nbsp;<\/span><span style=\"font-size: 15pt;font-family: Garamond;color: black\">\u00e7al\u0131\u015fmalara y\u00f6nlendirmek.<\/span><\/div><div style=\"margin-top: 6pt;margin-bottom: 6pt;margin-left: 0.31in;text-indent: -0.31in;direction: ltr\"><span style=\"font-size: 15pt\"><span style=\"font-family: Arial;font-size: 23px\">\u2022<\/span><\/span><span style=\"font-size: 15pt;font-family: Garamond;color: black\">G\u00fczel Sanatlar E\u011fitimi&nbsp;<\/span><span style=\"font-size: 15pt;font-family: Garamond;color: black\">ile<\/span><span style=\"font-size: 15pt;font-family: Garamond;color: black\">&nbsp;<\/span><span style=\"font-size: 15pt;font-family: Garamond;color: black\">ilgili&nbsp;<\/span><span style=\"font-size: 15pt;font-family: Garamond;color: black\">alanlarda ortaya \u00e7\u0131kan \u00fcr\u00fcnlerini \u00f6l\u00e7me&nbsp;<\/span><span style=\"font-size: 15pt;font-family: Garamond;color: black\">ve&nbsp;<\/span><span style=\"font-size: 15pt;font-family: Garamond;color: black\">de\u011ferlendirme kriterlerini belirlemek.<\/span><\/div><p style=\"margin-top: 6pt;margin-bottom: 6pt;margin-left: 0in;line-height: 1.5em;text-indent: 0in;direction: ltr\"><span style=\"font-size: 15pt;font-family: Garamond;color: black;font-weight: bold;font-style: italic\">Orta&nbsp;<\/span><span style=\"font-size: 15pt;font-family: Garamond;color: black;font-weight: bold;font-style: italic\">Vadeli Hedefler<\/span><\/p><div style=\"margin-top: 6pt;margin-bottom: 6pt;margin-left: 0.31in;text-indent: -0.31in;direction: ltr\"><span style=\"font-size: 15pt\"><span style=\"font-family: Arial;font-size: 23px\">\u2022<\/span><\/span><span style=\"font-size: 15pt;font-family: Garamond;color: black\">G\u00fczel Sanatlar E\u011fitimi<\/span><span style=\"font-size: 15pt;font-family: Garamond;color: black\">&nbsp;<\/span><span style=\"font-size: 15pt;font-family: Garamond;color: black\">alan\u0131nda&nbsp;<\/span><span style=\"font-size: 15pt;font-family: Garamond;color: black\">ulusal&nbsp;<\/span><span style=\"font-size: 15pt;font-family: Garamond;color: black\">ve uluslararas\u0131 d\u00fczeyde ilgili resmi ve sivil toplum kurulu\u015flar\u0131yla diyalog i\u00e7inde ortak \u00e7al\u0131\u015fmalar yapmak.<\/span><\/div><div style=\"margin-top: 6pt;margin-bottom: 6pt;margin-left: 0.31in;text-indent: -0.31in;direction: ltr\"><span style=\"font-size: 15pt\"><span style=\"font-family: Arial;font-size: 23px\">\u2022<\/span><\/span><span style=\"font-size: 15pt;font-family: Garamond;color: black\">Sanat, k\u00fclt\u00fcr ve e\u011fitim konular\u0131nda resmi&nbsp;<\/span><span style=\"font-size: 15pt;font-family: Garamond;color: black\">ve&nbsp;<\/span><span style=\"font-size: 15pt;font-family: Garamond;color: black\">sivil toplum&nbsp;<\/span><span style=\"font-size: 15pt;font-family: Garamond;color: black\">kurulu\u015flar\u0131yla i\u015fbirli\u011fi yaparak ve projeler&nbsp;<\/span><span style=\"font-size: 15pt;font-family: Garamond;color: black\">g<\/span><span style=\"font-size: 15pt;font-family: Garamond;color: black\">eli\u015ftirmek.<\/span><\/div><p style=\"margin-top: 6pt;margin-bottom: 6pt;margin-left: 0in;line-height: 1.5em;text-indent: 0in;direction: ltr\"><span style=\"font-size: 15pt;font-family: Garamond;color: black;font-weight: bold\">Uzun Vadeli Hedefler<\/span><\/p><div style=\"margin-top: 6pt;margin-bottom: 6pt;margin-left: 0.31in;text-indent: -0.31in;direction: ltr\"><span style=\"font-size: 15pt\"><span style=\"font-family: Arial;font-size: 23px\">\u2022<\/span><\/span><span style=\"font-size: 15pt;font-family: Garamond;color: black\">G\u00fczel&nbsp;<\/span><span style=\"font-size: 15pt;font-family: Garamond;color: black\">sanatlar e\u011fitimi<\/span><span style=\"font-size: 15pt;font-family: Garamond;color: black\">ne y\u00f6nelik&nbsp;<\/span><span style=\"font-size: 15pt;font-family: Garamond;color: black\">ilke, strateji, model ve \u00e7\u00f6z\u00fcm \u00f6nerileri geli\u015ftirmek.<\/span><\/div><p style=\"margin-top: 2rem;margin-left: 18pt;line-height: 1.5em;text-indent: -18pt\"><\/p><div style=\"margin-top: 6pt;margin-bottom: 6pt;margin-left: 0.31in;text-indent: -0.31in;direction: ltr\"><span style=\"font-size: 15pt\"><span style=\"font-family: Arial;font-size: 23px\">\u2022<\/span><\/span><span style=\"font-size: 15pt;font-family: Garamond;color: black\">G\u00fczel&nbsp;<\/span><span style=\"font-size: 15pt;font-family: Garamond;color: black\">sanatlar e\u011fitimi<\/span><span style=\"font-size: 15pt;font-family: Garamond;color: black\">ne y\u00f6nelik&nbsp;<\/span><span style=\"font-size: 15pt;font-family: Garamond;color: black\">ulusal ve uluslararas\u0131 d\u00fczeyde kongre, sempozyum, \u00e7al\u0131\u015ftay, konferans, konser, panel, seminer, s\u00f6yle\u015fi, at\u00f6lye \u00e7al\u0131\u015fmas\u0131, kurs, sergi, anma g\u00fcnleri gibi bilimsel toplant\u0131 ve faaliyetler d\u00fczenlemek<\/span><span style=\"font-size: 15pt;font-family: Garamond;color: black\">.<\/span><\/div>\t\t\t\t\t\t\t\t<\/div>\n\t\t\t\t<\/div>\n\t\t\t\t\t<\/div>\n\t\t<\/div>\n\t\t\t\t\t<\/div>\n\t\t<\/section>\n\t\t\t\t<section class=\"elementor-section elementor-top-section elementor-element elementor-element-aa421c3 elementor-section-boxed elementor-section-height-default elementor-section-height-default\" data-id=\"aa421c3\" data-element_type=\"section\">\n\t\t\t\t\t\t<div class=\"elementor-container elementor-column-gap-default\">\n\t\t\t\t\t<div class=\"elementor-column elementor-col-100 elementor-top-column elementor-element elementor-element-8737406\" data-id=\"8737406\" data-element_type=\"column\">\n\t\t\t<div class=\"elementor-widget-wrap elementor-element-populated\">\n\t\t\t\t\t\t<div class=\"elementor-element elementor-element-0b2d015 elementor-widget elementor-widget-image\" data-id=\"0b2d015\" data-element_type=\"widget\" data-widget_type=\"image.default\">\n\t\t\t\t<div class=\"elementor-widget-container\">\n\t\t\t\t\t\t\t\t\t\t\t\t\t\t\t<img fetchpriority=\"high\" decoding=\"async\" width=\"1024\" height=\"851\" src=\"https:\/\/atauni.edu.tr\/guzel-sanatlar-egitimi-bolumu\/wp-content\/uploads\/sites\/522\/2023\/10\/Adsiz-1024x851.png\" class=\"attachment-large size-large wp-image-6227\" alt=\"\" srcset=\"https:\/\/atauni.edu.tr\/guzel-sanatlar-egitimi-bolumu\/wp-content\/uploads\/sites\/522\/2023\/10\/Adsiz-1024x851.png 1024w, https:\/\/atauni.edu.tr\/guzel-sanatlar-egitimi-bolumu\/wp-content\/uploads\/sites\/522\/2023\/10\/Adsiz-300x249.png 300w, https:\/\/atauni.edu.tr\/guzel-sanatlar-egitimi-bolumu\/wp-content\/uploads\/sites\/522\/2023\/10\/Adsiz-768x639.png 768w, https:\/\/atauni.edu.tr\/guzel-sanatlar-egitimi-bolumu\/wp-content\/uploads\/sites\/522\/2023\/10\/Adsiz-600x499.png 600w, https:\/\/atauni.edu.tr\/guzel-sanatlar-egitimi-bolumu\/wp-content\/uploads\/sites\/522\/2023\/10\/Adsiz-560x466.png 560w, https:\/\/atauni.edu.tr\/guzel-sanatlar-egitimi-bolumu\/wp-content\/uploads\/sites\/522\/2023\/10\/Adsiz.png 1092w\" sizes=\"(max-width: 1024px) 100vw, 1024px\" \/>\t\t\t\t\t\t\t\t\t\t\t\t\t\t\t<\/div>\n\t\t\t\t<\/div>\n\t\t\t\t\t<\/div>\n\t\t<\/div>\n\t\t\t\t\t<\/div>\n\t\t<\/section>\n\t\t\t\t<\/div>\n\t\t","protected":false},"excerpt":{"rendered":"<p>Misyon, Vizyon ve Temel De\u011ferler 7 katmanda stratejik ama\u00e7 ve hedefler e\u011fitim, ara\u015ft\u0131rma ve toplumsal katk\u0131 ba\u011flam\u0131nda k\u0131sa, orta ve uzun vade olarak belirlenmi\u015ftir. K\u0131sa Vadeli Hedefler \u2022G\u00fczel Sanatlar E\u011fitimi&nbsp;alan\u0131na&nbsp;y\u00f6nelik sorunlar i\u00e7in farkl\u0131 disiplinlerin kat\u0131l\u0131m\u0131n\u0131n sa\u011fland\u0131\u011f\u0131 alternatif \u00e7\u00f6z\u00fcm \u00f6neri paketleri haz\u0131rlamak ve bilimsel \u00e7\u00f6z\u00fcmler \u00fcretmek.\u2022\u00d6\u011frencileri ulusal ve uluslararas\u0131 plastik ve&nbsp;estetik kriterlere sahip&nbsp;\u00e7al\u0131\u015fmalara y\u00f6nlendirmek.\u2022G\u00fczel Sanatlar E\u011fitimi&nbsp;ile&nbsp;ilgili&nbsp;alanlarda [&hellip;]<\/p>\n","protected":false},"author":1,"featured_media":0,"parent":0,"menu_order":0,"comment_status":"closed","ping_status":"closed","template":"elementor_header_footer","meta":{"footnotes":""},"class_list":["post-5682","page","type-page","status-publish","hentry"],"_links":{"self":[{"href":"https:\/\/atauni.edu.tr\/guzel-sanatlar-egitimi-bolumu\/wp-json\/wp\/v2\/pages\/5682","targetHints":{"allow":["GET"]}}],"collection":[{"href":"https:\/\/atauni.edu.tr\/guzel-sanatlar-egitimi-bolumu\/wp-json\/wp\/v2\/pages"}],"about":[{"href":"https:\/\/atauni.edu.tr\/guzel-sanatlar-egitimi-bolumu\/wp-json\/wp\/v2\/types\/page"}],"author":[{"embeddable":true,"href":"https:\/\/atauni.edu.tr\/guzel-sanatlar-egitimi-bolumu\/wp-json\/wp\/v2\/users\/1"}],"replies":[{"embeddable":true,"href":"https:\/\/atauni.edu.tr\/guzel-sanatlar-egitimi-bolumu\/wp-json\/wp\/v2\/comments?post=5682"}],"version-history":[{"count":15,"href":"https:\/\/atauni.edu.tr\/guzel-sanatlar-egitimi-bolumu\/wp-json\/wp\/v2\/pages\/5682\/revisions"}],"predecessor-version":[{"id":6231,"href":"https:\/\/atauni.edu.tr\/guzel-sanatlar-egitimi-bolumu\/wp-json\/wp\/v2\/pages\/5682\/revisions\/6231"}],"wp:attachment":[{"href":"https:\/\/atauni.edu.tr\/guzel-sanatlar-egitimi-bolumu\/wp-json\/wp\/v2\/media?parent=5682"}],"curies":[{"name":"wp","href":"https:\/\/api.w.org\/{rel}","templated":true}]}}