{"id":5638,"date":"2021-07-13T09:49:25","date_gmt":"2021-07-13T06:49:25","guid":{"rendered":"https:\/\/portaltest.atauni.edu.tr\/sosyal-bilimler-enstitusu\/?page_id=5638"},"modified":"2025-03-13T14:40:49","modified_gmt":"2025-03-13T11:40:49","slug":"tarihce","status":"publish","type":"page","link":"https:\/\/atauni.edu.tr\/guzel-sanatlar-enstitusu\/tarihce\/","title":{"rendered":"Tarih\u00e7e"},"content":{"rendered":"\t\t<div data-elementor-type=\"wp-page\" data-elementor-id=\"5638\" class=\"elementor elementor-5638\" data-elementor-post-type=\"page\">\n\t\t\t\t\t\t<section class=\"elementor-section elementor-top-section elementor-element elementor-element-83722e4 elementor-section-boxed elementor-section-height-default elementor-section-height-default\" data-id=\"83722e4\" data-element_type=\"section\">\n\t\t\t\t\t\t<div class=\"elementor-container elementor-column-gap-default\">\n\t\t\t\t\t<div class=\"elementor-column elementor-col-100 elementor-top-column elementor-element elementor-element-c8defb2\" data-id=\"c8defb2\" data-element_type=\"column\">\n\t\t\t<div class=\"elementor-widget-wrap elementor-element-populated\">\n\t\t\t\t\t\t<div class=\"elementor-element elementor-element-be148f8 elementor-widget elementor-widget-spacer\" data-id=\"be148f8\" data-element_type=\"widget\" data-widget_type=\"spacer.default\">\n\t\t\t\t<div class=\"elementor-widget-container\">\n\t\t\t\t\t\t\t<div class=\"elementor-spacer\">\n\t\t\t<div class=\"elementor-spacer-inner\"><\/div>\n\t\t<\/div>\n\t\t\t\t\t\t<\/div>\n\t\t\t\t<\/div>\n\t\t\t\t\t<\/div>\n\t\t<\/div>\n\t\t\t\t\t<\/div>\n\t\t<\/section>\n\t\t\t\t<section class=\"elementor-section elementor-top-section elementor-element elementor-element-f252515 elementor-section-boxed elementor-section-height-default elementor-section-height-default\" data-id=\"f252515\" data-element_type=\"section\">\n\t\t\t\t\t\t<div class=\"elementor-container elementor-column-gap-default\">\n\t\t\t\t\t<div class=\"elementor-column elementor-col-100 elementor-top-column elementor-element elementor-element-b67366d\" data-id=\"b67366d\" data-element_type=\"column\">\n\t\t\t<div class=\"elementor-widget-wrap elementor-element-populated\">\n\t\t\t\t\t\t<div class=\"elementor-element elementor-element-d0bdd52 elementor-widget elementor-widget-heading\" data-id=\"d0bdd52\" data-element_type=\"widget\" data-widget_type=\"heading.default\">\n\t\t\t\t<div class=\"elementor-widget-container\">\n\t\t\t\t\t<h2 class=\"elementor-heading-title elementor-size-default\">Tarih\u00e7e<\/h2>\t\t\t\t<\/div>\n\t\t\t\t<\/div>\n\t\t\t\t<div class=\"elementor-element elementor-element-e1df410 elementor-widget-divider--view-line elementor-widget elementor-widget-divider\" data-id=\"e1df410\" data-element_type=\"widget\" data-widget_type=\"divider.default\">\n\t\t\t\t<div class=\"elementor-widget-container\">\n\t\t\t\t\t\t\t<div class=\"elementor-divider\">\n\t\t\t<span class=\"elementor-divider-separator\">\n\t\t\t\t\t\t<\/span>\n\t\t<\/div>\n\t\t\t\t\t\t<\/div>\n\t\t\t\t<\/div>\n\t\t\t\t\t<\/div>\n\t\t<\/div>\n\t\t\t\t\t<\/div>\n\t\t<\/section>\n\t\t\t\t<section class=\"elementor-section elementor-top-section elementor-element elementor-element-2eaace3 elementor-section-boxed elementor-section-height-default elementor-section-height-default\" data-id=\"2eaace3\" data-element_type=\"section\">\n\t\t\t\t\t\t<div class=\"elementor-container elementor-column-gap-default\">\n\t\t\t\t\t<div class=\"elementor-column elementor-col-100 elementor-top-column elementor-element elementor-element-ea8a924\" data-id=\"ea8a924\" data-element_type=\"column\">\n\t\t\t<div class=\"elementor-widget-wrap elementor-element-populated\">\n\t\t\t\t\t\t<div class=\"elementor-element elementor-element-a98026f elementor-widget elementor-widget-text-editor\" data-id=\"a98026f\" data-element_type=\"widget\" data-widget_type=\"text-editor.default\">\n\t\t\t\t<div class=\"elementor-widget-container\">\n\t\t\t\t\t\t\t\t\t<p>Atat\u00fcrk \u00dcniversitesi G\u00fczel Sanatlar Enstit\u00fcs\u00fc 03.07.1992 tarih ve 3837 Say\u0131l\u0131 Kanunla de\u011fi\u015fik 28.03.1983 tarih ve 2809Say\u0131l\u0131 Kanunun 29. Maddesinin (e) bendine g\u00f6re kurulmu\u015ftur. Y\u00d6K taraf\u0131ndan, 16.2.1995 tarih ve 22204 say\u0131l\u0131 yaz\u0131yla G\u00fczel Sanatlar Enstit\u00fcs\u00fcnde Lisans\u00fcst\u00fc e\u011fitime izin verilmi\u015f ve Rekt\u00f6rl\u00fck Makam\u0131n\u0131n 27.12.2016 tarih ve E.1600313963 say\u0131l\u0131 karar\u0131yla Atat\u00fcrk \u00dcniversitesi Rekt\u00f6rl\u00fc\u011f\u00fc\u2019n\u00fcn, Sosyal Bilimler Enstit\u00fcs\u00fc B\u00fcnyesindeki Anabilim\/Anasanat Dallar\u0131 ve bu dallara ba\u011fl\u0131 programlar, \u00f6\u011frencileri ile birlikte G\u00fczel Sanatlar Enstit\u00fcs\u00fc\u2019ne aktar\u0131lm\u0131\u015ft\u0131r. 2017\u20132018 E\u011fitim \u00d6\u011fretim G\u00fcz yar\u0131y\u0131l\u0131ndan itibaren do\u011frudan \u00f6\u011frenci al\u0131m\u0131n\u0131 ger\u00e7ekle\u015ftirmi\u015ftir. G\u00fczel Sanatlar Enstit\u00fcs\u00fc&#8217;n\u00fcn faaliyet \u015fekli, lisans \u00f6\u011fretimine dayal\u0131 y\u00fcksek lisans ve y\u00fcksek lisansa dayal\u0131 doktora\/sanatta yeterlik programlar\u0131n\u0131n gerektirdi\u011fi e\u011fitim, \u00f6\u011fretim, bilimsel ara\u015ft\u0131rma ve uygulama faaliyetlerinden olu\u015fan lisans\u00fcst\u00fc e\u011fitim vermektedir.<\/p>\t\t\t\t\t\t\t\t<\/div>\n\t\t\t\t<\/div>\n\t\t\t\t\t<\/div>\n\t\t<\/div>\n\t\t\t\t\t<\/div>\n\t\t<\/section>\n\t\t\t\t<section class=\"elementor-section elementor-top-section elementor-element elementor-element-c11013b elementor-section-boxed elementor-section-height-default elementor-section-height-default\" data-id=\"c11013b\" data-element_type=\"section\">\n\t\t\t\t\t\t<div class=\"elementor-container elementor-column-gap-default\">\n\t\t\t\t\t<div class=\"elementor-column elementor-col-100 elementor-top-column elementor-element elementor-element-acab739\" data-id=\"acab739\" data-element_type=\"column\">\n\t\t\t<div class=\"elementor-widget-wrap elementor-element-populated\">\n\t\t\t\t\t\t<div class=\"elementor-element elementor-element-7375a9d elementor-widget elementor-widget-spacer\" data-id=\"7375a9d\" data-element_type=\"widget\" data-widget_type=\"spacer.default\">\n\t\t\t\t<div class=\"elementor-widget-container\">\n\t\t\t\t\t\t\t<div class=\"elementor-spacer\">\n\t\t\t<div class=\"elementor-spacer-inner\"><\/div>\n\t\t<\/div>\n\t\t\t\t\t\t<\/div>\n\t\t\t\t<\/div>\n\t\t\t\t\t<\/div>\n\t\t<\/div>\n\t\t\t\t\t<\/div>\n\t\t<\/section>\n\t\t\t\t<\/div>\n\t\t","protected":false},"excerpt":{"rendered":"<p>Tarih\u00e7e Atat\u00fcrk \u00dcniversitesi G\u00fczel Sanatlar Enstit\u00fcs\u00fc 03.07.1992 tarih ve 3837 Say\u0131l\u0131 Kanunla de\u011fi\u015fik 28.03.1983 tarih ve 2809Say\u0131l\u0131 Kanunun 29. Maddesinin (e) bendine g\u00f6re kurulmu\u015ftur. Y\u00d6K taraf\u0131ndan, 16.2.1995 tarih ve 22204 say\u0131l\u0131 yaz\u0131yla G\u00fczel Sanatlar Enstit\u00fcs\u00fcnde Lisans\u00fcst\u00fc e\u011fitime izin verilmi\u015f ve Rekt\u00f6rl\u00fck Makam\u0131n\u0131n 27.12.2016 tarih ve E.1600313963 say\u0131l\u0131 karar\u0131yla Atat\u00fcrk \u00dcniversitesi Rekt\u00f6rl\u00fc\u011f\u00fc\u2019n\u00fcn, Sosyal Bilimler Enstit\u00fcs\u00fc B\u00fcnyesindeki [&hellip;]<\/p>\n","protected":false},"author":1,"featured_media":0,"parent":0,"menu_order":0,"comment_status":"closed","ping_status":"closed","template":"","meta":{"footnotes":""},"class_list":["post-5638","page","type-page","status-publish","hentry"],"_links":{"self":[{"href":"https:\/\/atauni.edu.tr\/guzel-sanatlar-enstitusu\/wp-json\/wp\/v2\/pages\/5638","targetHints":{"allow":["GET"]}}],"collection":[{"href":"https:\/\/atauni.edu.tr\/guzel-sanatlar-enstitusu\/wp-json\/wp\/v2\/pages"}],"about":[{"href":"https:\/\/atauni.edu.tr\/guzel-sanatlar-enstitusu\/wp-json\/wp\/v2\/types\/page"}],"author":[{"embeddable":true,"href":"https:\/\/atauni.edu.tr\/guzel-sanatlar-enstitusu\/wp-json\/wp\/v2\/users\/1"}],"replies":[{"embeddable":true,"href":"https:\/\/atauni.edu.tr\/guzel-sanatlar-enstitusu\/wp-json\/wp\/v2\/comments?post=5638"}],"version-history":[{"count":52,"href":"https:\/\/atauni.edu.tr\/guzel-sanatlar-enstitusu\/wp-json\/wp\/v2\/pages\/5638\/revisions"}],"predecessor-version":[{"id":8378,"href":"https:\/\/atauni.edu.tr\/guzel-sanatlar-enstitusu\/wp-json\/wp\/v2\/pages\/5638\/revisions\/8378"}],"wp:attachment":[{"href":"https:\/\/atauni.edu.tr\/guzel-sanatlar-enstitusu\/wp-json\/wp\/v2\/media?parent=5638"}],"curies":[{"name":"wp","href":"https:\/\/api.w.org\/{rel}","templated":true}]}}