{"id":6721,"date":"2024-12-17T14:20:06","date_gmt":"2024-12-17T11:20:06","guid":{"rendered":"https:\/\/birimler.atauni.edu.tr\/guzel-sanatlar-enstitusu\/?page_id=6721"},"modified":"2025-03-13T23:01:13","modified_gmt":"2025-03-13T20:01:13","slug":"enstitu-kurulu","status":"publish","type":"page","link":"https:\/\/atauni.edu.tr\/guzel-sanatlar-enstitusu\/enstitu-kurulu\/","title":{"rendered":"Enstit\u00fc Kurulu"},"content":{"rendered":"\t\t<div data-elementor-type=\"wp-page\" data-elementor-id=\"6721\" class=\"elementor elementor-6721\" data-elementor-post-type=\"page\">\n\t\t\t\t\t\t<section class=\"elementor-section elementor-top-section elementor-element elementor-element-98f8209 elementor-section-boxed elementor-section-height-default elementor-section-height-default\" data-id=\"98f8209\" data-element_type=\"section\">\n\t\t\t\t\t\t<div class=\"elementor-container elementor-column-gap-default\">\n\t\t\t\t\t<div class=\"elementor-column elementor-col-100 elementor-top-column elementor-element elementor-element-83a9bfc\" data-id=\"83a9bfc\" data-element_type=\"column\">\n\t\t\t<div class=\"elementor-widget-wrap elementor-element-populated\">\n\t\t\t\t\t\t<div class=\"elementor-element elementor-element-a46625f elementor-widget elementor-widget-spacer\" data-id=\"a46625f\" data-element_type=\"widget\" data-widget_type=\"spacer.default\">\n\t\t\t\t<div class=\"elementor-widget-container\">\n\t\t\t\t\t\t\t<div class=\"elementor-spacer\">\n\t\t\t<div class=\"elementor-spacer-inner\"><\/div>\n\t\t<\/div>\n\t\t\t\t\t\t<\/div>\n\t\t\t\t<\/div>\n\t\t\t\t\t<\/div>\n\t\t<\/div>\n\t\t\t\t\t<\/div>\n\t\t<\/section>\n\t\t\t\t<section class=\"elementor-section elementor-top-section elementor-element elementor-element-81a8dd0 elementor-section-boxed elementor-section-height-default elementor-section-height-default\" data-id=\"81a8dd0\" data-element_type=\"section\">\n\t\t\t\t\t\t<div class=\"elementor-container elementor-column-gap-default\">\n\t\t\t\t\t<div class=\"elementor-column elementor-col-100 elementor-top-column elementor-element elementor-element-ad82924\" data-id=\"ad82924\" data-element_type=\"column\">\n\t\t\t<div class=\"elementor-widget-wrap elementor-element-populated\">\n\t\t\t\t\t\t<div class=\"elementor-element elementor-element-e3f2a99 elementor-widget elementor-widget-heading\" data-id=\"e3f2a99\" data-element_type=\"widget\" data-widget_type=\"heading.default\">\n\t\t\t\t<div class=\"elementor-widget-container\">\n\t\t\t\t\t<h2 class=\"elementor-heading-title elementor-size-default\">Enstit\u00fc Kurulu<\/h2>\t\t\t\t<\/div>\n\t\t\t\t<\/div>\n\t\t\t\t<div class=\"elementor-element elementor-element-3697def elementor-widget-divider--view-line elementor-widget elementor-widget-divider\" data-id=\"3697def\" data-element_type=\"widget\" data-widget_type=\"divider.default\">\n\t\t\t\t<div class=\"elementor-widget-container\">\n\t\t\t\t\t\t\t<div class=\"elementor-divider\">\n\t\t\t<span class=\"elementor-divider-separator\">\n\t\t\t\t\t\t<\/span>\n\t\t<\/div>\n\t\t\t\t\t\t<\/div>\n\t\t\t\t<\/div>\n\t\t\t\t\t<\/div>\n\t\t<\/div>\n\t\t\t\t\t<\/div>\n\t\t<\/section>\n\t\t\t\t<section class=\"elementor-section elementor-top-section elementor-element elementor-element-4ffd790 elementor-section-boxed elementor-section-height-default elementor-section-height-default\" data-id=\"4ffd790\" data-element_type=\"section\">\n\t\t\t\t\t\t<div class=\"elementor-container elementor-column-gap-default\">\n\t\t\t\t\t<div class=\"elementor-column elementor-col-100 elementor-top-column elementor-element elementor-element-67ff27f\" data-id=\"67ff27f\" data-element_type=\"column\">\n\t\t\t<div class=\"elementor-widget-wrap elementor-element-populated\">\n\t\t\t\t\t\t<div class=\"elementor-element elementor-element-e94f20a elementor-widget elementor-widget-text-editor\" data-id=\"e94f20a\" data-element_type=\"widget\" data-widget_type=\"text-editor.default\">\n\t\t\t\t<div class=\"elementor-widget-container\">\n\t\t\t\t\t\t\t\t\t<p><strong>Prof. Dr. Ahmet Selim DO\u011eAN<\/strong> &#8211; Enstit\u00fc M\u00fcd\u00fcr\u00fc.<\/p><p><strong>Prof. Dr. Ay\u00e7a ALPER AK\u00c7AY <\/strong><span style=\"font-weight: var( --e-global-typography-text-font-weight )\">&#8211; Enstit\u00fc M\u00fcd\u00fcr Yard\u0131mc\u0131s\u0131.<\/span><\/p><p><strong>Do\u00e7. Dr. Serhat ERDEM<\/strong><span style=\"font-weight: var( --e-global-typography-text-font-weight )\"> &#8211; Enstit\u00fc M\u00fcd\u00fcr Yard\u0131mc\u0131s\u0131.<\/span><\/p><p><strong>Prof. Dr. Ay\u015fe Asl\u0131han ERO\u011eLU<\/strong><span style=\"font-weight: var( --e-global-typography-text-font-weight )\">&#8211; Geleneksel T\u00fcrk Sanatlar\u0131 Ana Sanat Dal\u0131 Ba\u015fkan\u0131.<\/span><\/p><p><strong>Prof. Dr. B\u00fcnyamin AYDEM\u0130R<\/strong><span style=\"font-weight: var( --e-global-typography-text-font-weight )\"> &#8211; Sahne Sanatlar\u0131\u00a0 Ana Sanat Dal\u0131 Ba\u015fkan\u0131.<\/span><\/p><p><strong>Prof. Dr. Mustafa BULAT<\/strong><span style=\"font-weight: var( --e-global-typography-text-font-weight )\"> &#8211; Heykel Ana Sanat Dal\u0131 Ba\u015fkan\u0131.<\/span><\/p><p><strong>Prof. Dr. Nesrin FEYZ\u0130O\u011eLU<\/strong><span style=\"font-weight: var( --e-global-typography-text-font-weight )\"> &#8211; T\u00fcrk M\u00fczi\u011fi \u00c7al\u0131\u015fmalar\u0131 Ana Sanat Dal\u0131 Ba\u015fkan\u0131.<\/span><\/p><p><strong>Prof. Dr. \u00d6zg\u00fcr Sad\u0131k KARATA\u015e<\/strong><span style=\"font-weight: var( --e-global-typography-text-font-weight )\"> &#8211; M\u00fczik Bilimleri Ana Sanat Dal\u0131 Ba\u015fkan\u0131.<\/span><\/p><p><strong>Prof. Dr. Yunus BERKL\u0130<\/strong><span style=\"font-weight: var( --e-global-typography-text-font-weight )\"> &#8211; Sanat Kuram\u0131 ve Ele\u015ftiri Ana Bilim Dal\u0131 Ba\u015fkan\u0131.<\/span><\/p><p><strong>Do\u00e7. Basri GEN\u00c7CELEP<\/strong><span style=\"font-weight: var( --e-global-typography-text-font-weight )\"> &#8211; Grafik Sanatlar Ana Sanat Dal\u0131 Ba\u015fkan\u0131.<\/span><\/p><p><strong>Do\u00e7. Evren KAVUKCU<\/strong><span style=\"font-weight: var( --e-global-typography-text-font-weight )\"> &#8211; Resim Ana Sanat Dal\u0131 Ba\u015fkan\u0131.<\/span><\/p><p><strong>Do\u00e7. Dr. Nevin AYDUSLU<\/strong><span style=\"font-weight: var( --e-global-typography-text-font-weight )\"> &#8211; Seramik Ana Sanat Dal\u0131 Ba\u015fkan\u0131.<\/span><\/p>\t\t\t\t\t\t\t\t<\/div>\n\t\t\t\t<\/div>\n\t\t\t\t\t<\/div>\n\t\t<\/div>\n\t\t\t\t\t<\/div>\n\t\t<\/section>\n\t\t\t\t<section class=\"elementor-section elementor-top-section elementor-element elementor-element-3afe97f elementor-section-boxed elementor-section-height-default elementor-section-height-default\" data-id=\"3afe97f\" data-element_type=\"section\">\n\t\t\t\t\t\t<div class=\"elementor-container elementor-column-gap-default\">\n\t\t\t\t\t<div class=\"elementor-column elementor-col-100 elementor-top-column elementor-element elementor-element-8450bec\" data-id=\"8450bec\" data-element_type=\"column\">\n\t\t\t<div class=\"elementor-widget-wrap elementor-element-populated\">\n\t\t\t\t\t\t<div class=\"elementor-element elementor-element-1a043d5 elementor-widget elementor-widget-spacer\" data-id=\"1a043d5\" data-element_type=\"widget\" data-widget_type=\"spacer.default\">\n\t\t\t\t<div class=\"elementor-widget-container\">\n\t\t\t\t\t\t\t<div class=\"elementor-spacer\">\n\t\t\t<div class=\"elementor-spacer-inner\"><\/div>\n\t\t<\/div>\n\t\t\t\t\t\t<\/div>\n\t\t\t\t<\/div>\n\t\t\t\t\t<\/div>\n\t\t<\/div>\n\t\t\t\t\t<\/div>\n\t\t<\/section>\n\t\t\t\t<\/div>\n\t\t","protected":false},"excerpt":{"rendered":"<p>Enstit\u00fc Kurulu Prof. Dr. Ahmet Selim DO\u011eAN &#8211; Enstit\u00fc M\u00fcd\u00fcr\u00fc. Prof. Dr. Ay\u00e7a ALPER AK\u00c7AY &#8211; Enstit\u00fc M\u00fcd\u00fcr Yard\u0131mc\u0131s\u0131. Do\u00e7. Dr. Serhat ERDEM &#8211; Enstit\u00fc M\u00fcd\u00fcr Yard\u0131mc\u0131s\u0131. Prof. Dr. Ay\u015fe Asl\u0131han ERO\u011eLU&#8211; Geleneksel T\u00fcrk Sanatlar\u0131 Ana Sanat Dal\u0131 Ba\u015fkan\u0131. Prof. Dr. B\u00fcnyamin AYDEM\u0130R &#8211; Sahne Sanatlar\u0131\u00a0 Ana Sanat Dal\u0131 Ba\u015fkan\u0131. Prof. Dr. Mustafa BULAT &#8211; [&hellip;]<\/p>\n","protected":false},"author":632,"featured_media":0,"parent":0,"menu_order":0,"comment_status":"closed","ping_status":"closed","template":"elementor_header_footer","meta":{"footnotes":""},"class_list":["post-6721","page","type-page","status-publish","hentry"],"_links":{"self":[{"href":"https:\/\/atauni.edu.tr\/guzel-sanatlar-enstitusu\/wp-json\/wp\/v2\/pages\/6721","targetHints":{"allow":["GET"]}}],"collection":[{"href":"https:\/\/atauni.edu.tr\/guzel-sanatlar-enstitusu\/wp-json\/wp\/v2\/pages"}],"about":[{"href":"https:\/\/atauni.edu.tr\/guzel-sanatlar-enstitusu\/wp-json\/wp\/v2\/types\/page"}],"author":[{"embeddable":true,"href":"https:\/\/atauni.edu.tr\/guzel-sanatlar-enstitusu\/wp-json\/wp\/v2\/users\/632"}],"replies":[{"embeddable":true,"href":"https:\/\/atauni.edu.tr\/guzel-sanatlar-enstitusu\/wp-json\/wp\/v2\/comments?post=6721"}],"version-history":[{"count":31,"href":"https:\/\/atauni.edu.tr\/guzel-sanatlar-enstitusu\/wp-json\/wp\/v2\/pages\/6721\/revisions"}],"predecessor-version":[{"id":8393,"href":"https:\/\/atauni.edu.tr\/guzel-sanatlar-enstitusu\/wp-json\/wp\/v2\/pages\/6721\/revisions\/8393"}],"wp:attachment":[{"href":"https:\/\/atauni.edu.tr\/guzel-sanatlar-enstitusu\/wp-json\/wp\/v2\/media?parent=6721"}],"curies":[{"name":"wp","href":"https:\/\/api.w.org\/{rel}","templated":true}]}}