{"id":6740,"date":"2024-12-17T15:46:25","date_gmt":"2024-12-17T12:46:25","guid":{"rendered":"https:\/\/birimler.atauni.edu.tr\/guzel-sanatlar-enstitusu\/?page_id=6740"},"modified":"2025-03-13T23:31:06","modified_gmt":"2025-03-13T20:31:06","slug":"egitim-arastirmalari-komisyonu","status":"publish","type":"page","link":"https:\/\/atauni.edu.tr\/guzel-sanatlar-enstitusu\/egitim-arastirmalari-komisyonu\/","title":{"rendered":"E\u011fitim Ara\u015ft\u0131rmalar\u0131 Komisyonu"},"content":{"rendered":"\t\t<div data-elementor-type=\"wp-page\" data-elementor-id=\"6740\" class=\"elementor elementor-6740\" data-elementor-post-type=\"page\">\n\t\t\t\t\t\t<section class=\"elementor-section elementor-top-section elementor-element elementor-element-d2586e7 elementor-section-boxed elementor-section-height-default elementor-section-height-default\" data-id=\"d2586e7\" data-element_type=\"section\">\n\t\t\t\t\t\t<div class=\"elementor-container elementor-column-gap-default\">\n\t\t\t\t\t<div class=\"elementor-column elementor-col-100 elementor-top-column elementor-element elementor-element-0169f1b\" data-id=\"0169f1b\" data-element_type=\"column\">\n\t\t\t<div class=\"elementor-widget-wrap elementor-element-populated\">\n\t\t\t\t\t\t<div class=\"elementor-element elementor-element-ab9ee4f elementor-widget elementor-widget-spacer\" data-id=\"ab9ee4f\" data-element_type=\"widget\" data-widget_type=\"spacer.default\">\n\t\t\t\t<div class=\"elementor-widget-container\">\n\t\t\t\t\t\t\t<div class=\"elementor-spacer\">\n\t\t\t<div class=\"elementor-spacer-inner\"><\/div>\n\t\t<\/div>\n\t\t\t\t\t\t<\/div>\n\t\t\t\t<\/div>\n\t\t\t\t\t<\/div>\n\t\t<\/div>\n\t\t\t\t\t<\/div>\n\t\t<\/section>\n\t\t\t\t<section class=\"elementor-section elementor-top-section elementor-element elementor-element-57f3b05 elementor-section-boxed elementor-section-height-default elementor-section-height-default\" data-id=\"57f3b05\" data-element_type=\"section\">\n\t\t\t\t\t\t<div class=\"elementor-container elementor-column-gap-default\">\n\t\t\t\t\t<div class=\"elementor-column elementor-col-100 elementor-top-column elementor-element elementor-element-874271a\" data-id=\"874271a\" data-element_type=\"column\">\n\t\t\t<div class=\"elementor-widget-wrap elementor-element-populated\">\n\t\t\t\t\t\t<div class=\"elementor-element elementor-element-f0f89c4 elementor-widget elementor-widget-heading\" data-id=\"f0f89c4\" data-element_type=\"widget\" data-widget_type=\"heading.default\">\n\t\t\t\t<div class=\"elementor-widget-container\">\n\t\t\t\t\t<h2 class=\"elementor-heading-title elementor-size-default\">G\u00fczel Sanatlar Enstit\u00fcs\u00fc E\u011fitim Ara\u015ft\u0131rmalar\u0131 Komisyonu<\/h2>\t\t\t\t<\/div>\n\t\t\t\t<\/div>\n\t\t\t\t<div class=\"elementor-element elementor-element-3671aa8 elementor-widget-divider--view-line elementor-widget elementor-widget-divider\" data-id=\"3671aa8\" data-element_type=\"widget\" data-widget_type=\"divider.default\">\n\t\t\t\t<div class=\"elementor-widget-container\">\n\t\t\t\t\t\t\t<div class=\"elementor-divider\">\n\t\t\t<span class=\"elementor-divider-separator\">\n\t\t\t\t\t\t<\/span>\n\t\t<\/div>\n\t\t\t\t\t\t<\/div>\n\t\t\t\t<\/div>\n\t\t\t\t\t<\/div>\n\t\t<\/div>\n\t\t\t\t\t<\/div>\n\t\t<\/section>\n\t\t\t\t<section class=\"elementor-section elementor-top-section elementor-element elementor-element-8e9ec54 elementor-section-boxed elementor-section-height-default elementor-section-height-default\" data-id=\"8e9ec54\" data-element_type=\"section\">\n\t\t\t\t\t\t<div class=\"elementor-container elementor-column-gap-default\">\n\t\t\t\t\t<div class=\"elementor-column elementor-col-100 elementor-top-column elementor-element elementor-element-18426a7\" data-id=\"18426a7\" data-element_type=\"column\">\n\t\t\t<div class=\"elementor-widget-wrap elementor-element-populated\">\n\t\t\t\t\t\t<div class=\"elementor-element elementor-element-8073efe elementor-widget elementor-widget-text-editor\" data-id=\"8073efe\" data-element_type=\"widget\" data-widget_type=\"text-editor.default\">\n\t\t\t\t<div class=\"elementor-widget-container\">\n\t\t\t\t\t\t\t\t\t<p><span style=\"font-weight: bolder\">Prof. Dr. Ahmet Selim DO\u011eAN <\/span>\u00a0\u2013 Ba\u015fkan \u2013 Enstit\u00fc M\u00fcd\u00fcr\u00fc<\/p><p><span style=\"font-weight: bolder\">Prof. Dr. Ay\u00e7a ALPER AK\u00c7AY<\/span>\u00a0\u2013 Ba\u015fkan Yrd. \u2013 Enstit\u00fc M\u00fcd\u00fcr Yrd.<\/p><p><span style=\"font-weight: bolder\">Do\u00e7. Dr. \u0130smail Hakk\u0131 GER\u00c7EK <\/span>\u00a0\u2013 \u00dcye.<\/p><p><span style=\"font-weight: bolder\">Do\u00e7. Dr. Nevin AYDUSLU<\/span>\u2013 \u00dcye.<\/p><p><span style=\"font-weight: bolder\">Do\u00e7. Dr. Tamer TEMEL<\/span>\u00a0\u2013 \u00dcye.<\/p><p><span style=\"font-weight: bolder\">Prof. Dr. Mustafa BULAT<\/span>\u00a0\u2013 \u00dcye.<\/p><p><span style=\"font-weight: bolder\">Do\u00e7. Dr. Evren KAVUKCU <\/span>\u2013 \u00dcye.<\/p><p><span style=\"font-weight: bolder\">Do\u00e7. Dr. \u015eevki \u00d6zer AK\u00c7AY<\/span>\u00a0\u2013 \u00dcye.<\/p><p><span style=\"font-weight: bolder\">\u00d6\u011fr. G\u00f6r. Dr. Selim C\u0130N\u0130SL\u0130 <\/span>\u00a0\u2013 \u00dcye.<\/p><p><span style=\"font-weight: bolder\">Nejla Y\u0130\u011e\u0130T<\/span> \u2013 Raport\u00f6r &#8211; Enstit\u00fc Sekreteri.<\/p>\t\t\t\t\t\t\t\t<\/div>\n\t\t\t\t<\/div>\n\t\t\t\t\t<\/div>\n\t\t<\/div>\n\t\t\t\t\t<\/div>\n\t\t<\/section>\n\t\t\t\t<section class=\"elementor-section elementor-top-section elementor-element elementor-element-26001b5 elementor-section-boxed elementor-section-height-default elementor-section-height-default\" data-id=\"26001b5\" data-element_type=\"section\">\n\t\t\t\t\t\t<div class=\"elementor-container elementor-column-gap-default\">\n\t\t\t\t\t<div class=\"elementor-column elementor-col-100 elementor-top-column elementor-element elementor-element-5cb511a\" data-id=\"5cb511a\" data-element_type=\"column\">\n\t\t\t<div class=\"elementor-widget-wrap elementor-element-populated\">\n\t\t\t\t\t\t<div class=\"elementor-element elementor-element-be5db10 elementor-widget elementor-widget-spacer\" data-id=\"be5db10\" data-element_type=\"widget\" data-widget_type=\"spacer.default\">\n\t\t\t\t<div class=\"elementor-widget-container\">\n\t\t\t\t\t\t\t<div class=\"elementor-spacer\">\n\t\t\t<div class=\"elementor-spacer-inner\"><\/div>\n\t\t<\/div>\n\t\t\t\t\t\t<\/div>\n\t\t\t\t<\/div>\n\t\t\t\t\t<\/div>\n\t\t<\/div>\n\t\t\t\t\t<\/div>\n\t\t<\/section>\n\t\t\t\t<\/div>\n\t\t","protected":false},"excerpt":{"rendered":"<p>G\u00fczel Sanatlar Enstit\u00fcs\u00fc E\u011fitim Ara\u015ft\u0131rmalar\u0131 Komisyonu Prof. Dr. Ahmet Selim DO\u011eAN \u00a0\u2013 Ba\u015fkan \u2013 Enstit\u00fc M\u00fcd\u00fcr\u00fc Prof. Dr. Ay\u00e7a ALPER AK\u00c7AY\u00a0\u2013 Ba\u015fkan Yrd. \u2013 Enstit\u00fc M\u00fcd\u00fcr Yrd. Do\u00e7. Dr. \u0130smail Hakk\u0131 GER\u00c7EK \u00a0\u2013 \u00dcye. Do\u00e7. Dr. Nevin AYDUSLU\u2013 \u00dcye. Do\u00e7. Dr. Tamer TEMEL\u00a0\u2013 \u00dcye. Prof. Dr. Mustafa BULAT\u00a0\u2013 \u00dcye. Do\u00e7. Dr. Evren KAVUKCU \u2013 \u00dcye. [&hellip;]<\/p>\n","protected":false},"author":632,"featured_media":0,"parent":0,"menu_order":0,"comment_status":"closed","ping_status":"closed","template":"elementor_header_footer","meta":{"footnotes":""},"class_list":["post-6740","page","type-page","status-publish","hentry"],"_links":{"self":[{"href":"https:\/\/atauni.edu.tr\/guzel-sanatlar-enstitusu\/wp-json\/wp\/v2\/pages\/6740","targetHints":{"allow":["GET"]}}],"collection":[{"href":"https:\/\/atauni.edu.tr\/guzel-sanatlar-enstitusu\/wp-json\/wp\/v2\/pages"}],"about":[{"href":"https:\/\/atauni.edu.tr\/guzel-sanatlar-enstitusu\/wp-json\/wp\/v2\/types\/page"}],"author":[{"embeddable":true,"href":"https:\/\/atauni.edu.tr\/guzel-sanatlar-enstitusu\/wp-json\/wp\/v2\/users\/632"}],"replies":[{"embeddable":true,"href":"https:\/\/atauni.edu.tr\/guzel-sanatlar-enstitusu\/wp-json\/wp\/v2\/comments?post=6740"}],"version-history":[{"count":25,"href":"https:\/\/atauni.edu.tr\/guzel-sanatlar-enstitusu\/wp-json\/wp\/v2\/pages\/6740\/revisions"}],"predecessor-version":[{"id":8415,"href":"https:\/\/atauni.edu.tr\/guzel-sanatlar-enstitusu\/wp-json\/wp\/v2\/pages\/6740\/revisions\/8415"}],"wp:attachment":[{"href":"https:\/\/atauni.edu.tr\/guzel-sanatlar-enstitusu\/wp-json\/wp\/v2\/media?parent=6740"}],"curies":[{"name":"wp","href":"https:\/\/api.w.org\/{rel}","templated":true}]}}