{"id":6752,"date":"2024-12-17T15:47:42","date_gmt":"2024-12-17T12:47:42","guid":{"rendered":"https:\/\/birimler.atauni.edu.tr\/guzel-sanatlar-enstitusu\/?page_id=6752"},"modified":"2025-03-13T23:50:26","modified_gmt":"2025-03-13T20:50:26","slug":"toplumsal-katki-komisyonu","status":"publish","type":"page","link":"https:\/\/atauni.edu.tr\/guzel-sanatlar-enstitusu\/toplumsal-katki-komisyonu\/","title":{"rendered":"Toplumsal Katk\u0131 Komisyonu"},"content":{"rendered":"\t\t<div data-elementor-type=\"wp-page\" data-elementor-id=\"6752\" class=\"elementor elementor-6752\" data-elementor-post-type=\"page\">\n\t\t\t\t\t\t<section class=\"elementor-section elementor-top-section elementor-element elementor-element-9f75870 elementor-section-boxed elementor-section-height-default elementor-section-height-default\" data-id=\"9f75870\" data-element_type=\"section\">\n\t\t\t\t\t\t<div class=\"elementor-container elementor-column-gap-default\">\n\t\t\t\t\t<div class=\"elementor-column elementor-col-100 elementor-top-column elementor-element elementor-element-8022d96\" data-id=\"8022d96\" data-element_type=\"column\">\n\t\t\t<div class=\"elementor-widget-wrap elementor-element-populated\">\n\t\t\t\t\t\t<div class=\"elementor-element elementor-element-e21be7f elementor-widget elementor-widget-spacer\" data-id=\"e21be7f\" data-element_type=\"widget\" data-widget_type=\"spacer.default\">\n\t\t\t\t<div class=\"elementor-widget-container\">\n\t\t\t\t\t\t\t<div class=\"elementor-spacer\">\n\t\t\t<div class=\"elementor-spacer-inner\"><\/div>\n\t\t<\/div>\n\t\t\t\t\t\t<\/div>\n\t\t\t\t<\/div>\n\t\t\t\t\t<\/div>\n\t\t<\/div>\n\t\t\t\t\t<\/div>\n\t\t<\/section>\n\t\t\t\t<section class=\"elementor-section elementor-top-section elementor-element elementor-element-069dd50 elementor-section-boxed elementor-section-height-default elementor-section-height-default\" data-id=\"069dd50\" data-element_type=\"section\">\n\t\t\t\t\t\t<div class=\"elementor-container elementor-column-gap-default\">\n\t\t\t\t\t<div class=\"elementor-column elementor-col-100 elementor-top-column elementor-element elementor-element-86f567a\" data-id=\"86f567a\" data-element_type=\"column\">\n\t\t\t<div class=\"elementor-widget-wrap elementor-element-populated\">\n\t\t\t\t\t\t<div class=\"elementor-element elementor-element-97d0562 elementor-widget elementor-widget-heading\" data-id=\"97d0562\" data-element_type=\"widget\" data-widget_type=\"heading.default\">\n\t\t\t\t<div class=\"elementor-widget-container\">\n\t\t\t\t\t<h2 class=\"elementor-heading-title elementor-size-default\">G\u00fczel Sanatlar Enstit\u00fcs\u00fc Toplumsal Katk\u0131 Komisyonu<\/h2>\t\t\t\t<\/div>\n\t\t\t\t<\/div>\n\t\t\t\t<div class=\"elementor-element elementor-element-b7fe974 elementor-widget-divider--view-line elementor-widget elementor-widget-divider\" data-id=\"b7fe974\" data-element_type=\"widget\" data-widget_type=\"divider.default\">\n\t\t\t\t<div class=\"elementor-widget-container\">\n\t\t\t\t\t\t\t<div class=\"elementor-divider\">\n\t\t\t<span class=\"elementor-divider-separator\">\n\t\t\t\t\t\t<\/span>\n\t\t<\/div>\n\t\t\t\t\t\t<\/div>\n\t\t\t\t<\/div>\n\t\t\t\t\t<\/div>\n\t\t<\/div>\n\t\t\t\t\t<\/div>\n\t\t<\/section>\n\t\t\t\t<section class=\"elementor-section elementor-top-section elementor-element elementor-element-ca2ef33 elementor-section-boxed elementor-section-height-default elementor-section-height-default\" data-id=\"ca2ef33\" data-element_type=\"section\">\n\t\t\t\t\t\t<div class=\"elementor-container elementor-column-gap-default\">\n\t\t\t\t\t<div class=\"elementor-column elementor-col-100 elementor-top-column elementor-element elementor-element-ecda2ff\" data-id=\"ecda2ff\" data-element_type=\"column\">\n\t\t\t<div class=\"elementor-widget-wrap elementor-element-populated\">\n\t\t\t\t\t\t<div class=\"elementor-element elementor-element-b862abe elementor-widget elementor-widget-text-editor\" data-id=\"b862abe\" data-element_type=\"widget\" data-widget_type=\"text-editor.default\">\n\t\t\t\t<div class=\"elementor-widget-container\">\n\t\t\t\t\t\t\t\t\t<p><span style=\"font-weight: bolder\">Prof. Dr. Ahmet Selim DO\u011eAN<\/span> \u2013 Ba\u015fkan.<\/p><p><span style=\"font-weight: bolder\">Do\u00e7. Dr. Serhat ERDEM<\/span>\u00a0\u2013 Ba\u015fkan Yrd.<\/p><p><span style=\"font-weight: bolder\">Do\u00e7. Dr. Evren KAVUKCU<\/span> \u2013 \u00dcye.<\/p><p><span style=\"font-weight: bolder\">Do\u00e7. Dr. T\u00fclay KAYABEK\u0130R <\/span>\u2013 \u00dcye.<\/p><p><span style=\"font-weight: bolder\">Do\u00e7. Dr. Y\u0131lmaz KAHYAO\u011eLU <\/span>\u2013 \u00dcye.<\/p><p><span style=\"font-weight: bolder\">Do\u00e7. Dr. Muhammet TATAR <\/span>\u2013 \u00dcye.<\/p><p><span style=\"font-weight: bolder\">Do\u00e7. Dr. H\u00fcseyin EL\u0130TOK <\/span>\u2013 \u00dcye.<\/p><p><span style=\"font-weight: bolder\">Do\u00e7. Dr. Ferhat \u00c7EL\u0130KO\u011eLU <\/span>\u2013 \u00dcye.<\/p><p><span style=\"font-weight: bolder\">\u00d6\u011fr. G\u00f6r. Nuh AKMEHMEDO\u011eLU<\/span> \u2013 \u00dcye.<\/p><p><span style=\"font-weight: bolder\">Nejla Y\u0130\u011e\u0130T<\/span> \u2013 Raport\u00f6r.<\/p>\t\t\t\t\t\t\t\t<\/div>\n\t\t\t\t<\/div>\n\t\t\t\t\t<\/div>\n\t\t<\/div>\n\t\t\t\t\t<\/div>\n\t\t<\/section>\n\t\t\t\t<section class=\"elementor-section elementor-top-section elementor-element elementor-element-9c1aaa7 elementor-section-boxed elementor-section-height-default elementor-section-height-default\" data-id=\"9c1aaa7\" data-element_type=\"section\">\n\t\t\t\t\t\t<div class=\"elementor-container elementor-column-gap-default\">\n\t\t\t\t\t<div class=\"elementor-column elementor-col-100 elementor-top-column elementor-element elementor-element-96824e6\" data-id=\"96824e6\" data-element_type=\"column\">\n\t\t\t<div class=\"elementor-widget-wrap elementor-element-populated\">\n\t\t\t\t\t\t<div class=\"elementor-element elementor-element-acb987f elementor-widget elementor-widget-spacer\" data-id=\"acb987f\" data-element_type=\"widget\" data-widget_type=\"spacer.default\">\n\t\t\t\t<div class=\"elementor-widget-container\">\n\t\t\t\t\t\t\t<div class=\"elementor-spacer\">\n\t\t\t<div class=\"elementor-spacer-inner\"><\/div>\n\t\t<\/div>\n\t\t\t\t\t\t<\/div>\n\t\t\t\t<\/div>\n\t\t\t\t\t<\/div>\n\t\t<\/div>\n\t\t\t\t\t<\/div>\n\t\t<\/section>\n\t\t\t\t<\/div>\n\t\t","protected":false},"excerpt":{"rendered":"<p>G\u00fczel Sanatlar Enstit\u00fcs\u00fc Toplumsal Katk\u0131 Komisyonu Prof. Dr. Ahmet Selim DO\u011eAN \u2013 Ba\u015fkan. Do\u00e7. Dr. Serhat ERDEM\u00a0\u2013 Ba\u015fkan Yrd. Do\u00e7. Dr. Evren KAVUKCU \u2013 \u00dcye. Do\u00e7. Dr. T\u00fclay KAYABEK\u0130R \u2013 \u00dcye. Do\u00e7. Dr. Y\u0131lmaz KAHYAO\u011eLU \u2013 \u00dcye. Do\u00e7. Dr. Muhammet TATAR \u2013 \u00dcye. Do\u00e7. Dr. H\u00fcseyin EL\u0130TOK \u2013 \u00dcye. Do\u00e7. Dr. Ferhat \u00c7EL\u0130KO\u011eLU \u2013 \u00dcye. [&hellip;]<\/p>\n","protected":false},"author":632,"featured_media":0,"parent":0,"menu_order":0,"comment_status":"closed","ping_status":"closed","template":"elementor_header_footer","meta":{"footnotes":""},"class_list":["post-6752","page","type-page","status-publish","hentry"],"_links":{"self":[{"href":"https:\/\/atauni.edu.tr\/guzel-sanatlar-enstitusu\/wp-json\/wp\/v2\/pages\/6752","targetHints":{"allow":["GET"]}}],"collection":[{"href":"https:\/\/atauni.edu.tr\/guzel-sanatlar-enstitusu\/wp-json\/wp\/v2\/pages"}],"about":[{"href":"https:\/\/atauni.edu.tr\/guzel-sanatlar-enstitusu\/wp-json\/wp\/v2\/types\/page"}],"author":[{"embeddable":true,"href":"https:\/\/atauni.edu.tr\/guzel-sanatlar-enstitusu\/wp-json\/wp\/v2\/users\/632"}],"replies":[{"embeddable":true,"href":"https:\/\/atauni.edu.tr\/guzel-sanatlar-enstitusu\/wp-json\/wp\/v2\/comments?post=6752"}],"version-history":[{"count":19,"href":"https:\/\/atauni.edu.tr\/guzel-sanatlar-enstitusu\/wp-json\/wp\/v2\/pages\/6752\/revisions"}],"predecessor-version":[{"id":8427,"href":"https:\/\/atauni.edu.tr\/guzel-sanatlar-enstitusu\/wp-json\/wp\/v2\/pages\/6752\/revisions\/8427"}],"wp:attachment":[{"href":"https:\/\/atauni.edu.tr\/guzel-sanatlar-enstitusu\/wp-json\/wp\/v2\/media?parent=6752"}],"curies":[{"name":"wp","href":"https:\/\/api.w.org\/{rel}","templated":true}]}}