{"id":10000,"date":"2026-03-11T10:18:46","date_gmt":"2026-03-11T07:18:46","guid":{"rendered":"https:\/\/atauni.edu.tr\/guzel-sanatlar-fakultesi\/?page_id=10000"},"modified":"2026-03-11T11:16:13","modified_gmt":"2026-03-11T08:16:13","slug":"dekan-yardimcilari","status":"publish","type":"page","link":"https:\/\/atauni.edu.tr\/guzel-sanatlar-fakultesi\/dekan-yardimcilari\/","title":{"rendered":"Dekan Yard\u0131mc\u0131lar\u0131"},"content":{"rendered":"\t\t<div data-elementor-type=\"wp-page\" data-elementor-id=\"10000\" class=\"elementor elementor-10000\" data-elementor-post-type=\"page\">\n\t\t\t\t\t\t<section class=\"elementor-section elementor-top-section elementor-element elementor-element-349a234 elementor-section-boxed elementor-section-height-default elementor-section-height-default\" data-id=\"349a234\" data-element_type=\"section\">\n\t\t\t\t\t\t<div class=\"elementor-container elementor-column-gap-default\">\n\t\t\t\t\t<div class=\"elementor-column elementor-col-100 elementor-top-column elementor-element elementor-element-8a8ea8f\" data-id=\"8a8ea8f\" data-element_type=\"column\">\n\t\t\t<div class=\"elementor-widget-wrap elementor-element-populated\">\n\t\t\t\t\t\t<div class=\"elementor-element elementor-element-e7c0118 elementor-widget elementor-widget-spacer\" data-id=\"e7c0118\" data-element_type=\"widget\" data-widget_type=\"spacer.default\">\n\t\t\t\t<div class=\"elementor-widget-container\">\n\t\t\t\t\t\t\t<div class=\"elementor-spacer\">\n\t\t\t<div class=\"elementor-spacer-inner\"><\/div>\n\t\t<\/div>\n\t\t\t\t\t\t<\/div>\n\t\t\t\t<\/div>\n\t\t\t\t\t<\/div>\n\t\t<\/div>\n\t\t\t\t\t<\/div>\n\t\t<\/section>\n\t\t\t\t<section class=\"elementor-section elementor-top-section elementor-element elementor-element-a8b0c7c elementor-section-boxed elementor-section-height-default elementor-section-height-default\" data-id=\"a8b0c7c\" data-element_type=\"section\">\n\t\t\t\t\t\t<div class=\"elementor-container elementor-column-gap-default\">\n\t\t\t\t\t<div class=\"elementor-column elementor-col-100 elementor-top-column elementor-element elementor-element-1d82f0b\" data-id=\"1d82f0b\" data-element_type=\"column\">\n\t\t\t<div class=\"elementor-widget-wrap elementor-element-populated\">\n\t\t\t\t\t\t<div class=\"elementor-element elementor-element-bb3d378 elementor-widget elementor-widget-heading\" data-id=\"bb3d378\" data-element_type=\"widget\" data-widget_type=\"heading.default\">\n\t\t\t\t<div class=\"elementor-widget-container\">\n\t\t\t\t\t<h2 class=\"elementor-heading-title elementor-size-default\">Fak\u00fclte Dekan Yard\u0131mc\u0131lar\u0131<\/h2>\t\t\t\t<\/div>\n\t\t\t\t<\/div>\n\t\t\t\t<div class=\"elementor-element elementor-element-c81e604 elementor-widget-divider--view-line elementor-widget elementor-widget-divider\" data-id=\"c81e604\" data-element_type=\"widget\" data-widget_type=\"divider.default\">\n\t\t\t\t<div class=\"elementor-widget-container\">\n\t\t\t\t\t\t\t<div class=\"elementor-divider\">\n\t\t\t<span class=\"elementor-divider-separator\">\n\t\t\t\t\t\t<\/span>\n\t\t<\/div>\n\t\t\t\t\t\t<\/div>\n\t\t\t\t<\/div>\n\t\t\t\t<div class=\"elementor-element elementor-element-6bc6b06 elementor-widget elementor-widget-spacer\" data-id=\"6bc6b06\" data-element_type=\"widget\" data-widget_type=\"spacer.default\">\n\t\t\t\t<div class=\"elementor-widget-container\">\n\t\t\t\t\t\t\t<div class=\"elementor-spacer\">\n\t\t\t<div class=\"elementor-spacer-inner\"><\/div>\n\t\t<\/div>\n\t\t\t\t\t\t<\/div>\n\t\t\t\t<\/div>\n\t\t\t\t\t<\/div>\n\t\t<\/div>\n\t\t\t\t\t<\/div>\n\t\t<\/section>\n\t\t\t\t<section class=\"elementor-section elementor-top-section elementor-element elementor-element-e3f9559 elementor-section-boxed elementor-section-height-default elementor-section-height-default\" data-id=\"e3f9559\" data-element_type=\"section\">\n\t\t\t\t\t\t<div class=\"elementor-container elementor-column-gap-default\">\n\t\t\t\t\t<div class=\"elementor-column elementor-col-100 elementor-top-column elementor-element elementor-element-3a4e363\" data-id=\"3a4e363\" data-element_type=\"column\" data-settings=\"{&quot;background_background&quot;:&quot;classic&quot;}\">\n\t\t\t<div class=\"elementor-widget-wrap elementor-element-populated\">\n\t\t\t\t\t\t<section class=\"elementor-section elementor-inner-section elementor-element elementor-element-2b9880a elementor-section-boxed elementor-section-height-default elementor-section-height-default\" data-id=\"2b9880a\" data-element_type=\"section\">\n\t\t\t\t\t\t<div class=\"elementor-container elementor-column-gap-default\">\n\t\t\t\t\t<div class=\"elementor-column elementor-col-50 elementor-inner-column elementor-element elementor-element-5db84eb\" data-id=\"5db84eb\" data-element_type=\"column\">\n\t\t\t<div class=\"elementor-widget-wrap elementor-element-populated\">\n\t\t\t\t\t\t<div class=\"elementor-element elementor-element-a646a89 elementor-widget elementor-widget-image\" data-id=\"a646a89\" data-element_type=\"widget\" data-widget_type=\"image.default\">\n\t\t\t\t<div class=\"elementor-widget-container\">\n\t\t\t\t\t\t\t\t\t\t\t\t\t\t\t\t<a href=\"https:\/\/avesis.atauni.edu.tr\/bgenccelep\">\n\t\t\t\t\t\t\t<img fetchpriority=\"high\" decoding=\"async\" width=\"300\" height=\"400\" src=\"https:\/\/atauni.edu.tr\/guzel-sanatlar-fakultesi\/wp-content\/uploads\/sites\/485\/2026\/03\/bEhldTQ1MHQ2MkcyNjY4dFV0c0E1QT09.jpeg\" class=\"attachment-large size-large wp-image-10003\" alt=\"\" srcset=\"https:\/\/atauni.edu.tr\/guzel-sanatlar-fakultesi\/wp-content\/uploads\/sites\/485\/2026\/03\/bEhldTQ1MHQ2MkcyNjY4dFV0c0E1QT09.jpeg 300w, https:\/\/atauni.edu.tr\/guzel-sanatlar-fakultesi\/wp-content\/uploads\/sites\/485\/2026\/03\/bEhldTQ1MHQ2MkcyNjY4dFV0c0E1QT09-225x300.jpeg 225w\" sizes=\"(max-width: 300px) 100vw, 300px\" \/>\t\t\t\t\t\t\t\t<\/a>\n\t\t\t\t\t\t\t\t\t\t\t\t\t\t\t<\/div>\n\t\t\t\t<\/div>\n\t\t\t\t\t<\/div>\n\t\t<\/div>\n\t\t\t\t<div class=\"elementor-column elementor-col-50 elementor-inner-column elementor-element elementor-element-3e1f717\" data-id=\"3e1f717\" data-element_type=\"column\">\n\t\t\t<div class=\"elementor-widget-wrap elementor-element-populated\">\n\t\t\t\t\t\t<div class=\"elementor-element elementor-element-6258510 elementor-widget elementor-widget-heading\" data-id=\"6258510\" data-element_type=\"widget\" data-widget_type=\"heading.default\">\n\t\t\t\t<div class=\"elementor-widget-container\">\n\t\t\t\t\t<h2 class=\"elementor-heading-title elementor-size-default\"><a href=\"https:\/\/avesis.atauni.edu.tr\/bgenccelep\">Do\u00e7. Basri GEN\u00c7CELEP<\/a><\/h2>\t\t\t\t<\/div>\n\t\t\t\t<\/div>\n\t\t\t\t<div class=\"elementor-element elementor-element-69bcf53 elementor-widget__width-initial elementor-widget elementor-widget-text-editor\" data-id=\"69bcf53\" data-element_type=\"widget\" data-widget_type=\"text-editor.default\">\n\t\t\t\t<div class=\"elementor-widget-container\">\n\t\t\t\t\t\t\t\t\t<p><strong>G\u00f6rev Tan\u0131m\u0131 : <\/strong>E\u011fitimden Sorumlu Dekan Yard\u0131mc\u0131s\u0131<\/p><p><strong>Kadro Birimi : <\/strong>G\u00fczel Sanatlar Fak\u00fcltesi, Grafik Ana Sanat Dal\u0131<\/p><p><strong>Telefon:<\/strong> 0442 231 5003<\/p><p><strong>Eposta:<\/strong> bgenccelep@atauni.edu.tr<\/p>\t\t\t\t\t\t\t\t<\/div>\n\t\t\t\t<\/div>\n\t\t\t\t\t<\/div>\n\t\t<\/div>\n\t\t\t\t\t<\/div>\n\t\t<\/section>\n\t\t\t\t\t<\/div>\n\t\t<\/div>\n\t\t\t\t\t<\/div>\n\t\t<\/section>\n\t\t\t\t<section class=\"elementor-section elementor-top-section elementor-element elementor-element-ad448d4 elementor-section-boxed elementor-section-height-default elementor-section-height-default\" data-id=\"ad448d4\" data-element_type=\"section\">\n\t\t\t\t\t\t<div class=\"elementor-container elementor-column-gap-default\">\n\t\t\t\t\t<div class=\"elementor-column elementor-col-100 elementor-top-column elementor-element elementor-element-8d1a383\" data-id=\"8d1a383\" data-element_type=\"column\">\n\t\t\t<div class=\"elementor-widget-wrap elementor-element-populated\">\n\t\t\t\t\t\t<div class=\"elementor-element elementor-element-8c3c465 elementor-widget elementor-widget-spacer\" data-id=\"8c3c465\" data-element_type=\"widget\" data-widget_type=\"spacer.default\">\n\t\t\t\t<div class=\"elementor-widget-container\">\n\t\t\t\t\t\t\t<div class=\"elementor-spacer\">\n\t\t\t<div class=\"elementor-spacer-inner\"><\/div>\n\t\t<\/div>\n\t\t\t\t\t\t<\/div>\n\t\t\t\t<\/div>\n\t\t\t\t\t<\/div>\n\t\t<\/div>\n\t\t\t\t\t<\/div>\n\t\t<\/section>\n\t\t\t\t<section class=\"elementor-section elementor-top-section elementor-element elementor-element-62ff7a9 elementor-section-boxed elementor-section-height-default elementor-section-height-default\" data-id=\"62ff7a9\" data-element_type=\"section\">\n\t\t\t\t\t\t<div class=\"elementor-container elementor-column-gap-default\">\n\t\t\t\t\t<div class=\"elementor-column elementor-col-100 elementor-top-column elementor-element elementor-element-0e23cc8\" data-id=\"0e23cc8\" data-element_type=\"column\">\n\t\t\t<div class=\"elementor-widget-wrap elementor-element-populated\">\n\t\t\t\t\t\t<section class=\"elementor-section elementor-inner-section elementor-element elementor-element-ab8ccdf elementor-section-boxed elementor-section-height-default elementor-section-height-default\" data-id=\"ab8ccdf\" data-element_type=\"section\">\n\t\t\t\t\t\t<div class=\"elementor-container elementor-column-gap-default\">\n\t\t\t\t\t<div class=\"elementor-column elementor-col-50 elementor-inner-column elementor-element elementor-element-d143f16\" data-id=\"d143f16\" data-element_type=\"column\">\n\t\t\t<div class=\"elementor-widget-wrap elementor-element-populated\">\n\t\t\t\t\t\t<div class=\"elementor-element elementor-element-149e5f6 elementor-widget elementor-widget-image\" data-id=\"149e5f6\" data-element_type=\"widget\" data-widget_type=\"image.default\">\n\t\t\t\t<div class=\"elementor-widget-container\">\n\t\t\t\t\t\t\t\t\t\t\t\t\t\t\t\t<a href=\"https:\/\/avesis.atauni.edu.tr\/evren.cetin\">\n\t\t\t\t\t\t\t<img decoding=\"async\" width=\"166\" height=\"228\" src=\"https:\/\/atauni.edu.tr\/guzel-sanatlar-fakultesi\/wp-content\/uploads\/sites\/485\/2026\/03\/resizer-4-e1768887273156.png\" class=\"attachment-full size-full wp-image-10011\" alt=\"\" \/>\t\t\t\t\t\t\t\t<\/a>\n\t\t\t\t\t\t\t\t\t\t\t\t\t\t\t<\/div>\n\t\t\t\t<\/div>\n\t\t\t\t\t<\/div>\n\t\t<\/div>\n\t\t\t\t<div class=\"elementor-column elementor-col-50 elementor-inner-column elementor-element elementor-element-ebee78d\" data-id=\"ebee78d\" data-element_type=\"column\">\n\t\t\t<div class=\"elementor-widget-wrap elementor-element-populated\">\n\t\t\t\t\t\t<div class=\"elementor-element elementor-element-5af22ee elementor-widget elementor-widget-heading\" data-id=\"5af22ee\" data-element_type=\"widget\" data-widget_type=\"heading.default\">\n\t\t\t\t<div class=\"elementor-widget-container\">\n\t\t\t\t\t<h2 class=\"elementor-heading-title elementor-size-default\"><a href=\"https:\/\/avesis.atauni.edu.tr\/evren.cetin\">Do\u00e7. Evren KAVUKCU<\/a><\/h2>\t\t\t\t<\/div>\n\t\t\t\t<\/div>\n\t\t\t\t<div class=\"elementor-element elementor-element-41bd494 elementor-widget__width-initial elementor-widget elementor-widget-text-editor\" data-id=\"41bd494\" data-element_type=\"widget\" data-widget_type=\"text-editor.default\">\n\t\t\t\t<div class=\"elementor-widget-container\">\n\t\t\t\t\t\t\t\t\t<p><strong>G\u00f6rev Tan\u0131m\u0131 : <\/strong>\u0130dari \u0130\u015flerden Sorumlu Dekan Yard\u0131mc\u0131s\u0131<\/p><p><strong>Kadro Birimi : <\/strong>G\u00fczel Sanatlar Fak\u00fcltesi, Resim Ana Sanat Dal\u0131<\/p><p><strong>Telefon:<\/strong> 0442 231 5061<\/p><p><strong>Eposta:<\/strong> evren.cetin@atauni.edu.tr<\/p>\t\t\t\t\t\t\t\t<\/div>\n\t\t\t\t<\/div>\n\t\t\t\t\t<\/div>\n\t\t<\/div>\n\t\t\t\t\t<\/div>\n\t\t<\/section>\n\t\t\t\t\t<\/div>\n\t\t<\/div>\n\t\t\t\t\t<\/div>\n\t\t<\/section>\n\t\t\t\t<section class=\"elementor-section elementor-top-section elementor-element elementor-element-e318a36 elementor-section-boxed elementor-section-height-default elementor-section-height-default\" data-id=\"e318a36\" data-element_type=\"section\">\n\t\t\t\t\t\t<div class=\"elementor-container elementor-column-gap-default\">\n\t\t\t\t\t<div class=\"elementor-column elementor-col-100 elementor-top-column elementor-element elementor-element-31b4ec9\" data-id=\"31b4ec9\" data-element_type=\"column\">\n\t\t\t<div class=\"elementor-widget-wrap elementor-element-populated\">\n\t\t\t\t\t\t<div class=\"elementor-element elementor-element-f3b7e2a elementor-widget elementor-widget-spacer\" data-id=\"f3b7e2a\" data-element_type=\"widget\" data-widget_type=\"spacer.default\">\n\t\t\t\t<div class=\"elementor-widget-container\">\n\t\t\t\t\t\t\t<div class=\"elementor-spacer\">\n\t\t\t<div class=\"elementor-spacer-inner\"><\/div>\n\t\t<\/div>\n\t\t\t\t\t\t<\/div>\n\t\t\t\t<\/div>\n\t\t\t\t\t<\/div>\n\t\t<\/div>\n\t\t\t\t\t<\/div>\n\t\t<\/section>\n\t\t\t\t<\/div>\n\t\t","protected":false},"excerpt":{"rendered":"<p>Fak\u00fclte Dekan Yard\u0131mc\u0131lar\u0131 Do\u00e7. Basri GEN\u00c7CELEP G\u00f6rev Tan\u0131m\u0131 : E\u011fitimden Sorumlu Dekan Yard\u0131mc\u0131s\u0131 Kadro Birimi : G\u00fczel Sanatlar Fak\u00fcltesi, Grafik Ana Sanat Dal\u0131 Telefon: 0442 231 5003 Eposta: bgenccelep@atauni.edu.tr Do\u00e7. Evren KAVUKCU G\u00f6rev Tan\u0131m\u0131 : \u0130dari \u0130\u015flerden Sorumlu Dekan Yard\u0131mc\u0131s\u0131 Kadro Birimi : G\u00fczel Sanatlar Fak\u00fcltesi, Resim Ana Sanat Dal\u0131 Telefon: 0442 231 5061 Eposta: [&hellip;]<\/p>\n","protected":false},"author":239,"featured_media":0,"parent":0,"menu_order":0,"comment_status":"closed","ping_status":"closed","template":"elementor_header_footer","meta":{"footnotes":""},"class_list":["post-10000","page","type-page","status-publish","hentry"],"_links":{"self":[{"href":"https:\/\/atauni.edu.tr\/guzel-sanatlar-fakultesi\/wp-json\/wp\/v2\/pages\/10000","targetHints":{"allow":["GET"]}}],"collection":[{"href":"https:\/\/atauni.edu.tr\/guzel-sanatlar-fakultesi\/wp-json\/wp\/v2\/pages"}],"about":[{"href":"https:\/\/atauni.edu.tr\/guzel-sanatlar-fakultesi\/wp-json\/wp\/v2\/types\/page"}],"author":[{"embeddable":true,"href":"https:\/\/atauni.edu.tr\/guzel-sanatlar-fakultesi\/wp-json\/wp\/v2\/users\/239"}],"replies":[{"embeddable":true,"href":"https:\/\/atauni.edu.tr\/guzel-sanatlar-fakultesi\/wp-json\/wp\/v2\/comments?post=10000"}],"version-history":[{"count":19,"href":"https:\/\/atauni.edu.tr\/guzel-sanatlar-fakultesi\/wp-json\/wp\/v2\/pages\/10000\/revisions"}],"predecessor-version":[{"id":10038,"href":"https:\/\/atauni.edu.tr\/guzel-sanatlar-fakultesi\/wp-json\/wp\/v2\/pages\/10000\/revisions\/10038"}],"wp:attachment":[{"href":"https:\/\/atauni.edu.tr\/guzel-sanatlar-fakultesi\/wp-json\/wp\/v2\/media?parent=10000"}],"curies":[{"name":"wp","href":"https:\/\/api.w.org\/{rel}","templated":true}]}}