{"id":10045,"date":"2026-03-11T11:20:56","date_gmt":"2026-03-11T08:20:56","guid":{"rendered":"https:\/\/atauni.edu.tr\/guzel-sanatlar-fakultesi\/?page_id=10045"},"modified":"2026-03-11T11:29:07","modified_gmt":"2026-03-11T08:29:07","slug":"fakulte-kurulu","status":"publish","type":"page","link":"https:\/\/atauni.edu.tr\/guzel-sanatlar-fakultesi\/fakulte-kurulu\/","title":{"rendered":"Fak\u00fclte Kurulu"},"content":{"rendered":"\t\t<div data-elementor-type=\"wp-page\" data-elementor-id=\"10045\" class=\"elementor elementor-10045\" data-elementor-post-type=\"page\">\n\t\t\t\t\t\t<section class=\"elementor-section elementor-top-section elementor-element elementor-element-ba567c0 elementor-section-boxed elementor-section-height-default elementor-section-height-default\" data-id=\"ba567c0\" data-element_type=\"section\">\n\t\t\t\t\t\t<div class=\"elementor-container elementor-column-gap-default\">\n\t\t\t\t\t<div class=\"elementor-column elementor-col-100 elementor-top-column elementor-element elementor-element-f6c34e6\" data-id=\"f6c34e6\" data-element_type=\"column\">\n\t\t\t<div class=\"elementor-widget-wrap elementor-element-populated\">\n\t\t\t\t\t\t<div class=\"elementor-element elementor-element-fa19812 elementor-widget elementor-widget-spacer\" data-id=\"fa19812\" data-element_type=\"widget\" data-widget_type=\"spacer.default\">\n\t\t\t\t<div class=\"elementor-widget-container\">\n\t\t\t\t\t\t\t<div class=\"elementor-spacer\">\n\t\t\t<div class=\"elementor-spacer-inner\"><\/div>\n\t\t<\/div>\n\t\t\t\t\t\t<\/div>\n\t\t\t\t<\/div>\n\t\t\t\t\t<\/div>\n\t\t<\/div>\n\t\t\t\t\t<\/div>\n\t\t<\/section>\n\t\t\t\t<section class=\"elementor-section elementor-top-section elementor-element elementor-element-a8b0c7c elementor-section-boxed elementor-section-height-default elementor-section-height-default\" data-id=\"a8b0c7c\" data-element_type=\"section\">\n\t\t\t\t\t\t<div class=\"elementor-container elementor-column-gap-default\">\n\t\t\t\t\t<div class=\"elementor-column elementor-col-100 elementor-top-column elementor-element elementor-element-1d82f0b\" data-id=\"1d82f0b\" data-element_type=\"column\">\n\t\t\t<div class=\"elementor-widget-wrap elementor-element-populated\">\n\t\t\t\t\t\t<div class=\"elementor-element elementor-element-bb3d378 elementor-widget elementor-widget-heading\" data-id=\"bb3d378\" data-element_type=\"widget\" data-widget_type=\"heading.default\">\n\t\t\t\t<div class=\"elementor-widget-container\">\n\t\t\t\t\t<h2 class=\"elementor-heading-title elementor-size-default\">Fak\u00fclte Kurulu<\/h2>\t\t\t\t<\/div>\n\t\t\t\t<\/div>\n\t\t\t\t<div class=\"elementor-element elementor-element-c81e604 elementor-widget-divider--view-line elementor-widget elementor-widget-divider\" data-id=\"c81e604\" data-element_type=\"widget\" data-widget_type=\"divider.default\">\n\t\t\t\t<div class=\"elementor-widget-container\">\n\t\t\t\t\t\t\t<div class=\"elementor-divider\">\n\t\t\t<span class=\"elementor-divider-separator\">\n\t\t\t\t\t\t<\/span>\n\t\t<\/div>\n\t\t\t\t\t\t<\/div>\n\t\t\t\t<\/div>\n\t\t\t\t\t<\/div>\n\t\t<\/div>\n\t\t\t\t\t<\/div>\n\t\t<\/section>\n\t\t\t\t<section class=\"elementor-section elementor-top-section elementor-element elementor-element-e2b4596 elementor-section-boxed elementor-section-height-default elementor-section-height-default\" data-id=\"e2b4596\" data-element_type=\"section\">\n\t\t\t\t\t\t<div class=\"elementor-container elementor-column-gap-default\">\n\t\t\t\t\t<div class=\"elementor-column elementor-col-100 elementor-top-column elementor-element elementor-element-0d39201\" data-id=\"0d39201\" data-element_type=\"column\">\n\t\t\t<div class=\"elementor-widget-wrap elementor-element-populated\">\n\t\t\t\t\t\t<div class=\"elementor-element elementor-element-cbe3ff5 elementor-widget elementor-widget-text-editor\" data-id=\"cbe3ff5\" data-element_type=\"widget\" data-widget_type=\"text-editor.default\">\n\t\t\t\t<div class=\"elementor-widget-container\">\n\t\t\t\t\t\t\t\t\t<ul><li>Prof.Dr.B\u00fcnyamin AYDEM\u0130R<\/li><li>Prof.Dr.Mustafa BULAT<\/li><li>Prof.Dr.B\u00fcnyamin AYDEM\u0130R<\/li><li>Prof.Dr.Yunus BERKL\u0130<\/li><li>Prof.Dr.A.Asl\u0131han ERO\u011eLU<\/li><li>Prof.Dr.\u00d6.Sad\u0131k KARATA\u015e<\/li><li>Do\u00e7.Evren KAVUKCU<\/li><li>Do\u00e7.Dr.Fazl\u0131han YILMAZ<\/li><li>Do\u00e7.Ferruh HA\u015eILO\u011eLU<\/li><li>Do\u00e7.Dr.Murat Han ER<\/li><li>Do\u00e7.H\u00fcseyin EL\u0130TOK<\/li><li>Do\u00e7.Dr.Caner \u015eENG\u00dcNALP<\/li><li>Dr.\u00d6\u011fr.\u00dcyesi K\u00fcr\u015fat Kaan \u00d6ZKEMAHLI<\/li><li>Yal\u00e7\u0131n K\u00d6\u015eKL\u00dc\u00a0\u00a0\u00a0\u00a0\u00a0 <\/li><\/ul>\t\t\t\t\t\t\t\t<\/div>\n\t\t\t\t<\/div>\n\t\t\t\t\t<\/div>\n\t\t<\/div>\n\t\t\t\t\t<\/div>\n\t\t<\/section>\n\t\t\t\t<section class=\"elementor-section elementor-top-section elementor-element elementor-element-e318a36 elementor-section-boxed elementor-section-height-default elementor-section-height-default\" data-id=\"e318a36\" data-element_type=\"section\">\n\t\t\t\t\t\t<div class=\"elementor-container elementor-column-gap-default\">\n\t\t\t\t\t<div class=\"elementor-column elementor-col-100 elementor-top-column elementor-element elementor-element-31b4ec9\" data-id=\"31b4ec9\" data-element_type=\"column\">\n\t\t\t<div class=\"elementor-widget-wrap elementor-element-populated\">\n\t\t\t\t\t\t<div class=\"elementor-element elementor-element-f3b7e2a elementor-widget elementor-widget-spacer\" data-id=\"f3b7e2a\" data-element_type=\"widget\" data-widget_type=\"spacer.default\">\n\t\t\t\t<div class=\"elementor-widget-container\">\n\t\t\t\t\t\t\t<div class=\"elementor-spacer\">\n\t\t\t<div class=\"elementor-spacer-inner\"><\/div>\n\t\t<\/div>\n\t\t\t\t\t\t<\/div>\n\t\t\t\t<\/div>\n\t\t\t\t\t<\/div>\n\t\t<\/div>\n\t\t\t\t\t<\/div>\n\t\t<\/section>\n\t\t\t\t<\/div>\n\t\t","protected":false},"excerpt":{"rendered":"<p>Fak\u00fclte Kurulu Prof.Dr.B\u00fcnyamin AYDEM\u0130R Prof.Dr.Mustafa BULAT Prof.Dr.B\u00fcnyamin AYDEM\u0130R Prof.Dr.Yunus BERKL\u0130 Prof.Dr.A.Asl\u0131han ERO\u011eLU Prof.Dr.\u00d6.Sad\u0131k KARATA\u015e Do\u00e7.Evren KAVUKCU Do\u00e7.Dr.Fazl\u0131han YILMAZ Do\u00e7.Ferruh HA\u015eILO\u011eLU Do\u00e7.Dr.Murat Han ER Do\u00e7.H\u00fcseyin EL\u0130TOK Do\u00e7.Dr.Caner \u015eENG\u00dcNALP Dr.\u00d6\u011fr.\u00dcyesi K\u00fcr\u015fat Kaan \u00d6ZKEMAHLI Yal\u00e7\u0131n K\u00d6\u015eKL\u00dc\u00a0\u00a0\u00a0\u00a0\u00a0<\/p>\n","protected":false},"author":239,"featured_media":0,"parent":0,"menu_order":0,"comment_status":"closed","ping_status":"closed","template":"elementor_header_footer","meta":{"footnotes":""},"class_list":["post-10045","page","type-page","status-publish","hentry"],"_links":{"self":[{"href":"https:\/\/atauni.edu.tr\/guzel-sanatlar-fakultesi\/wp-json\/wp\/v2\/pages\/10045","targetHints":{"allow":["GET"]}}],"collection":[{"href":"https:\/\/atauni.edu.tr\/guzel-sanatlar-fakultesi\/wp-json\/wp\/v2\/pages"}],"about":[{"href":"https:\/\/atauni.edu.tr\/guzel-sanatlar-fakultesi\/wp-json\/wp\/v2\/types\/page"}],"author":[{"embeddable":true,"href":"https:\/\/atauni.edu.tr\/guzel-sanatlar-fakultesi\/wp-json\/wp\/v2\/users\/239"}],"replies":[{"embeddable":true,"href":"https:\/\/atauni.edu.tr\/guzel-sanatlar-fakultesi\/wp-json\/wp\/v2\/comments?post=10045"}],"version-history":[{"count":10,"href":"https:\/\/atauni.edu.tr\/guzel-sanatlar-fakultesi\/wp-json\/wp\/v2\/pages\/10045\/revisions"}],"predecessor-version":[{"id":10055,"href":"https:\/\/atauni.edu.tr\/guzel-sanatlar-fakultesi\/wp-json\/wp\/v2\/pages\/10045\/revisions\/10055"}],"wp:attachment":[{"href":"https:\/\/atauni.edu.tr\/guzel-sanatlar-fakultesi\/wp-json\/wp\/v2\/media?parent=10045"}],"curies":[{"name":"wp","href":"https:\/\/api.w.org\/{rel}","templated":true}]}}