{"id":5743,"date":"2021-07-13T11:47:21","date_gmt":"2021-07-13T08:47:21","guid":{"rendered":"https:\/\/portaltest.atauni.edu.tr\/muhendislik-fakultesi\/?page_id=5743"},"modified":"2025-06-11T15:32:37","modified_gmt":"2025-06-11T12:32:37","slug":"misyon-vizyon-ve-temel-degerler","status":"publish","type":"page","link":"https:\/\/atauni.edu.tr\/guzel-sanatlar-fakultesi\/misyon-vizyon-ve-temel-degerler\/","title":{"rendered":"Misyon, Vizyon ve Temel De\u011ferler"},"content":{"rendered":"\t\t<div data-elementor-type=\"wp-page\" data-elementor-id=\"5743\" class=\"elementor elementor-5743\" data-elementor-post-type=\"page\">\n\t\t\t\t\t\t<section class=\"elementor-section elementor-top-section elementor-element elementor-element-46c2cb5d elementor-section-boxed elementor-section-height-default elementor-section-height-default\" data-id=\"46c2cb5d\" data-element_type=\"section\">\n\t\t\t\t\t\t<div class=\"elementor-container elementor-column-gap-default\">\n\t\t\t\t\t<div class=\"elementor-column elementor-col-100 elementor-top-column elementor-element elementor-element-299813e7\" data-id=\"299813e7\" data-element_type=\"column\">\n\t\t\t<div class=\"elementor-widget-wrap elementor-element-populated\">\n\t\t\t\t\t\t<div class=\"elementor-element elementor-element-3ec495a9 elementor-widget elementor-widget-heading\" data-id=\"3ec495a9\" data-element_type=\"widget\" data-widget_type=\"heading.default\">\n\t\t\t\t<div class=\"elementor-widget-container\">\n\t\t\t\t\t<h2 class=\"elementor-heading-title elementor-size-default\">Misyon, Vizyon ve Temel De\u011ferler<\/h2>\t\t\t\t<\/div>\n\t\t\t\t<\/div>\n\t\t\t\t<div class=\"elementor-element elementor-element-2092e3b3 elementor-widget-divider--view-line elementor-widget elementor-widget-divider\" data-id=\"2092e3b3\" data-element_type=\"widget\" data-widget_type=\"divider.default\">\n\t\t\t\t<div class=\"elementor-widget-container\">\n\t\t\t\t\t\t\t<div class=\"elementor-divider\">\n\t\t\t<span class=\"elementor-divider-separator\">\n\t\t\t\t\t\t<\/span>\n\t\t<\/div>\n\t\t\t\t\t\t<\/div>\n\t\t\t\t<\/div>\n\t\t\t\t\t<\/div>\n\t\t<\/div>\n\t\t\t\t\t<\/div>\n\t\t<\/section>\n\t\t\t\t<section class=\"elementor-section elementor-top-section elementor-element elementor-element-d76d987 elementor-section-boxed elementor-section-height-default elementor-section-height-default\" data-id=\"d76d987\" data-element_type=\"section\">\n\t\t\t\t\t\t<div class=\"elementor-container elementor-column-gap-default\">\n\t\t\t\t\t<div class=\"elementor-column elementor-col-100 elementor-top-column elementor-element elementor-element-acd741f\" data-id=\"acd741f\" data-element_type=\"column\">\n\t\t\t<div class=\"elementor-widget-wrap elementor-element-populated\">\n\t\t\t\t\t\t<div class=\"elementor-element elementor-element-dd538b4 elementor-widget elementor-widget-text-editor\" data-id=\"dd538b4\" data-element_type=\"widget\" data-widget_type=\"text-editor.default\">\n\t\t\t\t<div class=\"elementor-widget-container\">\n\t\t\t\t\t\t\t\t\t<p><strong><span style=\"color: #333333;font-family: 'Open Sans', sans-serif;font-size: 14.4px\">Misyon<\/span><\/strong><\/p><p><span style=\"color: #333333;font-family: 'Open Sans', sans-serif;font-size: 14.4px\">Evrensel d\u00fc\u015f\u00fcnce ve de\u011ferlere sahip, \u00fclke ve d\u00fcnya k\u00fclt\u00fcr\u00fcne sanat yoluyla katk\u0131da bulunacak \u00e7a\u011fda\u015f, yarat\u0131c\u0131, \u00f6zg\u00fcr bireyler yeti\u015ftirmektir.\u00a0<\/span><\/p><p><strong><span style=\"font-size: 14.4px;letter-spacing: 0px\">Vizyon<\/span><\/strong><\/p><p><span style=\", sans-serif;font-size: 14.4px\">Uluslararas\u0131 d\u00fczeyde tercih edilen, yeti\u015ftirdi\u011fi yarat\u0131c\u0131 bireylerle sanat\u0131n toplumda etkin ve yayg\u0131n konuma gelmesinde \u00f6nc\u00fcl\u00fck eden bir e\u011fitim kurumu olmakt\u0131r.<\/span><span style=\", sans-serif;font-size: 14.4px;font-weight: bolder;letter-spacing: 0px\"><br \/><\/span><\/p><p style=\"margin-bottom: 1rem;, sans-serif;font-size: 14.4px\"><span style=\"font-weight: bolder\">Temel De\u011ferler<\/span><\/p><p style=\"margin-bottom: 1rem;, sans-serif;font-size: 14.4px\">Yarat\u0131c\u0131l\u0131k<br \/>Yenilik\u00e7ilik<br \/>D\u00fcr\u00fcstl\u00fck<br \/>G\u00fcvenilirlik<br \/>Estetik duyarl\u0131k<br \/>Akademik \u00f6zg\u00fcrl\u00fck<br \/>Akademik sorumluluk<br \/>Akademik m\u00fckemmellik<br \/>Toplumsal sorumluluk<br \/>Etik de\u011ferlere ba\u011fl\u0131l\u0131k<br \/>\u0130\u015f birli\u011fine a\u00e7\u0131k olmak<br \/>Ho\u015fg\u00f6r\u00fcl\u00fc olmak<br \/>\u0130dealist olmak<br \/>Sayg\u0131l\u0131 olmak<br \/>Adalet<br \/>Liyakat<br \/>Liderlik<br \/>\u015eeffafl\u0131k<br \/>Kararl\u0131l\u0131k<br \/>Kat\u0131l\u0131mc\u0131l\u0131k<br \/>Tak\u0131m bilinci<br \/>Payla\u015f\u0131mc\u0131l\u0131k<br \/>E\u011fitimde s\u00fcreklilik<br \/>Hesap verebilirlik<br \/>Sorumluluk bilinci<br \/>Kurum aidiyeti<br \/>\u00c7evre bilinci<\/p>\t\t\t\t\t\t\t\t<\/div>\n\t\t\t\t<\/div>\n\t\t\t\t\t<\/div>\n\t\t<\/div>\n\t\t\t\t\t<\/div>\n\t\t<\/section>\n\t\t\t\t<\/div>\n\t\t","protected":false},"excerpt":{"rendered":"<p>Misyon, Vizyon ve Temel De\u011ferler Misyon Evrensel d\u00fc\u015f\u00fcnce ve de\u011ferlere sahip, \u00fclke ve d\u00fcnya k\u00fclt\u00fcr\u00fcne sanat yoluyla katk\u0131da bulunacak \u00e7a\u011fda\u015f, yarat\u0131c\u0131, \u00f6zg\u00fcr bireyler yeti\u015ftirmektir.\u00a0 Vizyon Uluslararas\u0131 d\u00fczeyde tercih edilen, yeti\u015ftirdi\u011fi yarat\u0131c\u0131 bireylerle sanat\u0131n toplumda etkin ve yayg\u0131n konuma gelmesinde \u00f6nc\u00fcl\u00fck eden bir e\u011fitim kurumu olmakt\u0131r. Temel De\u011ferler Yarat\u0131c\u0131l\u0131kYenilik\u00e7ilikD\u00fcr\u00fcstl\u00fckG\u00fcvenilirlikEstetik duyarl\u0131kAkademik \u00f6zg\u00fcrl\u00fckAkademik sorumlulukAkademik m\u00fckemmellikToplumsal sorumlulukEtik de\u011ferlere ba\u011fl\u0131l\u0131k\u0130\u015f [&hellip;]<\/p>\n","protected":false},"author":1,"featured_media":0,"parent":0,"menu_order":0,"comment_status":"closed","ping_status":"closed","template":"elementor_header_footer","meta":{"footnotes":""},"class_list":["post-5743","page","type-page","status-publish","hentry"],"_links":{"self":[{"href":"https:\/\/atauni.edu.tr\/guzel-sanatlar-fakultesi\/wp-json\/wp\/v2\/pages\/5743","targetHints":{"allow":["GET"]}}],"collection":[{"href":"https:\/\/atauni.edu.tr\/guzel-sanatlar-fakultesi\/wp-json\/wp\/v2\/pages"}],"about":[{"href":"https:\/\/atauni.edu.tr\/guzel-sanatlar-fakultesi\/wp-json\/wp\/v2\/types\/page"}],"author":[{"embeddable":true,"href":"https:\/\/atauni.edu.tr\/guzel-sanatlar-fakultesi\/wp-json\/wp\/v2\/users\/1"}],"replies":[{"embeddable":true,"href":"https:\/\/atauni.edu.tr\/guzel-sanatlar-fakultesi\/wp-json\/wp\/v2\/comments?post=5743"}],"version-history":[{"count":32,"href":"https:\/\/atauni.edu.tr\/guzel-sanatlar-fakultesi\/wp-json\/wp\/v2\/pages\/5743\/revisions"}],"predecessor-version":[{"id":8566,"href":"https:\/\/atauni.edu.tr\/guzel-sanatlar-fakultesi\/wp-json\/wp\/v2\/pages\/5743\/revisions\/8566"}],"wp:attachment":[{"href":"https:\/\/atauni.edu.tr\/guzel-sanatlar-fakultesi\/wp-json\/wp\/v2\/media?parent=5743"}],"curies":[{"name":"wp","href":"https:\/\/api.w.org\/{rel}","templated":true}]}}