{"id":5774,"date":"2021-07-13T13:54:52","date_gmt":"2021-07-13T10:54:52","guid":{"rendered":"https:\/\/portaltest.atauni.edu.tr\/muhendislik-fakultesi\/?page_id=5774"},"modified":"2026-03-11T11:48:36","modified_gmt":"2026-03-11T08:48:36","slug":"tarihce","status":"publish","type":"page","link":"https:\/\/atauni.edu.tr\/guzel-sanatlar-fakultesi\/tarihce\/","title":{"rendered":"Tarih\u00e7e"},"content":{"rendered":"\t\t<div data-elementor-type=\"wp-page\" data-elementor-id=\"5774\" class=\"elementor elementor-5774\" data-elementor-post-type=\"page\">\n\t\t\t\t\t\t<section class=\"elementor-section elementor-top-section elementor-element elementor-element-3e46540 elementor-section-boxed elementor-section-height-default elementor-section-height-default\" data-id=\"3e46540\" data-element_type=\"section\">\n\t\t\t\t\t\t<div class=\"elementor-container elementor-column-gap-default\">\n\t\t\t\t\t<div class=\"elementor-column elementor-col-100 elementor-top-column elementor-element elementor-element-6aafaeb\" data-id=\"6aafaeb\" data-element_type=\"column\">\n\t\t\t<div class=\"elementor-widget-wrap elementor-element-populated\">\n\t\t\t\t\t\t<div class=\"elementor-element elementor-element-99ae064 elementor-widget elementor-widget-spacer\" data-id=\"99ae064\" data-element_type=\"widget\" data-widget_type=\"spacer.default\">\n\t\t\t\t<div class=\"elementor-widget-container\">\n\t\t\t\t\t\t\t<div class=\"elementor-spacer\">\n\t\t\t<div class=\"elementor-spacer-inner\"><\/div>\n\t\t<\/div>\n\t\t\t\t\t\t<\/div>\n\t\t\t\t<\/div>\n\t\t\t\t\t<\/div>\n\t\t<\/div>\n\t\t\t\t\t<\/div>\n\t\t<\/section>\n\t\t\t\t<section class=\"elementor-section elementor-top-section elementor-element elementor-element-11f5752 elementor-section-boxed elementor-section-height-default elementor-section-height-default\" data-id=\"11f5752\" data-element_type=\"section\">\n\t\t\t\t\t\t<div class=\"elementor-container elementor-column-gap-default\">\n\t\t\t\t\t<div class=\"elementor-column elementor-col-100 elementor-top-column elementor-element elementor-element-8140938\" data-id=\"8140938\" data-element_type=\"column\">\n\t\t\t<div class=\"elementor-widget-wrap elementor-element-populated\">\n\t\t\t\t\t\t<div class=\"elementor-element elementor-element-8ff563f elementor-widget elementor-widget-heading\" data-id=\"8ff563f\" data-element_type=\"widget\" data-widget_type=\"heading.default\">\n\t\t\t\t<div class=\"elementor-widget-container\">\n\t\t\t\t\t<h2 class=\"elementor-heading-title elementor-size-default\">Tarih\u00e7e<\/h2>\t\t\t\t<\/div>\n\t\t\t\t<\/div>\n\t\t\t\t<div class=\"elementor-element elementor-element-f0d70e6 elementor-widget-divider--view-line elementor-widget elementor-widget-divider\" data-id=\"f0d70e6\" data-element_type=\"widget\" data-widget_type=\"divider.default\">\n\t\t\t\t<div class=\"elementor-widget-container\">\n\t\t\t\t\t\t\t<div class=\"elementor-divider\">\n\t\t\t<span class=\"elementor-divider-separator\">\n\t\t\t\t\t\t<\/span>\n\t\t<\/div>\n\t\t\t\t\t\t<\/div>\n\t\t\t\t<\/div>\n\t\t\t\t\t<\/div>\n\t\t<\/div>\n\t\t\t\t\t<\/div>\n\t\t<\/section>\n\t\t\t\t<section class=\"elementor-section elementor-top-section elementor-element elementor-element-a00ea8d elementor-section-boxed elementor-section-height-default elementor-section-height-default\" data-id=\"a00ea8d\" data-element_type=\"section\">\n\t\t\t\t\t\t<div class=\"elementor-container elementor-column-gap-default\">\n\t\t\t\t\t<div class=\"elementor-column elementor-col-100 elementor-top-column elementor-element elementor-element-0ad1be4\" data-id=\"0ad1be4\" data-element_type=\"column\">\n\t\t\t<div class=\"elementor-widget-wrap elementor-element-populated\">\n\t\t\t\t\t\t<div class=\"elementor-element elementor-element-c133bed elementor-widget elementor-widget-text-editor\" data-id=\"c133bed\" data-element_type=\"widget\" data-widget_type=\"text-editor.default\">\n\t\t\t\t<div class=\"elementor-widget-container\">\n\t\t\t\t\t\t\t\t\t<p>Atat\u00fcrk \u00dcniversitesi G\u00fczel Sanatlar Fak\u00fcltesi, 11 Temmuz 1992 tarihinde Resm\u00ee Gazete\u2019de yay\u0131mlanan 3837 say\u0131l\u0131 Y\u00fcksek\u00f6\u011fretim Kurumlar\u0131 Te\u015fkilat\u0131 Hakk\u0131nda Kanun H\u00fckm\u00fcnde Kararname kapsam\u0131nda kurulmu\u015ftur. Fak\u00fclte, e\u011fitim-\u00f6\u011fretim faaliyetlerine 1994\u20131995 e\u011fitim-\u00f6\u011fretim y\u0131l\u0131nda ba\u015flam\u0131\u015ft\u0131r.<\/p><p>Kuruldu\u011fu g\u00fcnden bu yana sanat e\u011fitimi, bilimsel \u00fcretim ve k\u00fclt\u00fcrel faaliyetleriyle T\u00fcrk y\u00fcksek\u00f6\u011fretim sistemi i\u00e7inde \u00f6nemli bir konuma ula\u015fan fak\u00fclte, farkl\u0131 sanat disiplinlerinde e\u011fitim vermeyi s\u00fcrd\u00fcrmektedir.<\/p>\t\t\t\t\t\t\t\t<\/div>\n\t\t\t\t<\/div>\n\t\t\t\t\t<\/div>\n\t\t<\/div>\n\t\t\t\t\t<\/div>\n\t\t<\/section>\n\t\t\t\t<section class=\"elementor-section elementor-top-section elementor-element elementor-element-e8c7f6b elementor-section-boxed elementor-section-height-default elementor-section-height-default\" data-id=\"e8c7f6b\" data-element_type=\"section\">\n\t\t\t\t\t\t<div class=\"elementor-container elementor-column-gap-default\">\n\t\t\t\t\t<div class=\"elementor-column elementor-col-100 elementor-top-column elementor-element elementor-element-b05bb88\" data-id=\"b05bb88\" data-element_type=\"column\">\n\t\t\t<div class=\"elementor-widget-wrap elementor-element-populated\">\n\t\t\t\t\t\t<div class=\"elementor-element elementor-element-ca5413f elementor-widget elementor-widget-heading\" data-id=\"ca5413f\" data-element_type=\"widget\" data-widget_type=\"heading.default\">\n\t\t\t\t<div class=\"elementor-widget-container\">\n\t\t\t\t\t<h2 class=\"elementor-heading-title elementor-size-default\">B\u00f6l\u00fcmler<\/h2>\t\t\t\t<\/div>\n\t\t\t\t<\/div>\n\t\t\t\t<div class=\"elementor-element elementor-element-d817d97 elementor-widget-divider--view-line elementor-widget elementor-widget-divider\" data-id=\"d817d97\" data-element_type=\"widget\" data-widget_type=\"divider.default\">\n\t\t\t\t<div class=\"elementor-widget-container\">\n\t\t\t\t\t\t\t<div class=\"elementor-divider\">\n\t\t\t<span class=\"elementor-divider-separator\">\n\t\t\t\t\t\t<\/span>\n\t\t<\/div>\n\t\t\t\t\t\t<\/div>\n\t\t\t\t<\/div>\n\t\t\t\t\t<\/div>\n\t\t<\/div>\n\t\t\t\t\t<\/div>\n\t\t<\/section>\n\t\t\t\t<section class=\"elementor-section elementor-top-section elementor-element elementor-element-68e6725 elementor-section-boxed elementor-section-height-default elementor-section-height-default\" data-id=\"68e6725\" data-element_type=\"section\">\n\t\t\t\t\t\t<div class=\"elementor-container elementor-column-gap-default\">\n\t\t\t\t\t<div class=\"elementor-column elementor-col-100 elementor-top-column elementor-element elementor-element-1e5b864\" data-id=\"1e5b864\" data-element_type=\"column\">\n\t\t\t<div class=\"elementor-widget-wrap elementor-element-populated\">\n\t\t\t\t\t\t<div class=\"elementor-element elementor-element-c14375d elementor-widget elementor-widget-text-editor\" data-id=\"c14375d\" data-element_type=\"widget\" data-widget_type=\"text-editor.default\">\n\t\t\t\t<div class=\"elementor-widget-container\">\n\t\t\t\t\t\t\t\t\t<p>Fak\u00fclte b\u00fcnyesinde a\u015fa\u011f\u0131daki b\u00f6l\u00fcmler bulunmaktad\u0131r:<\/p><ul><li>Foto\u011fraf B\u00f6l\u00fcm\u00fc (2007\u20132008)<\/li><li>Geleneksel T\u00fcrk Sanatlar\u0131 B\u00f6l\u00fcm\u00fc (1994\u20131995) <em>(Geleneksel T\u00fcrk El Sanatlar\u0131 B\u00f6l\u00fcm ad\u0131 2017 y\u0131l\u0131nda Geleneksel T\u00fcrk Sanatlar\u0131 olarak de\u011fi\u015ftirilmi\u015ftir.)<\/em><\/li><li>Grafik Sanatlar B\u00f6l\u00fcm\u00fc (1994\u20131995) (<em>Grafik B\u00f6l\u00fcm ad\u0131 2007 y\u0131l\u0131nda Grafik sanatlar olarak de\u011fi\u015ftirilmi\u015ftir.)<\/em><\/li><li>Heykel B\u00f6l\u00fcm\u00fc (2000\u20132001)<\/li><li>M\u00fczik Bilimleri B\u00f6l\u00fcm\u00fc (1995\u20131996)<\/li><li>Resim B\u00f6l\u00fcm\u00fc (1994\u20131995)<\/li><li>Sahne Sanatlar\u0131 B\u00f6l\u00fcm\u00fc (1995\u20131996)<\/li><li>Seramik B\u00f6l\u00fcm\u00fc (1994\u20131995)<\/li><li>Tekstil ve Moda Tasar\u0131m\u0131 B\u00f6l\u00fcm\u00fc (2007\u20132008)<\/li><li>Temel E\u011fitim B\u00f6l\u00fcm\u00fc (1999\u20132000)<\/li><\/ul><p>Fak\u00fclte b\u00fcnyesinde <strong>10 b\u00f6l\u00fcm ve 13 program<\/strong> ile sanat e\u011fitimi verilmektedir.<\/p>\t\t\t\t\t\t\t\t<\/div>\n\t\t\t\t<\/div>\n\t\t\t\t\t<\/div>\n\t\t<\/div>\n\t\t\t\t\t<\/div>\n\t\t<\/section>\n\t\t\t\t<section class=\"elementor-section elementor-top-section elementor-element elementor-element-a8d1e97 elementor-section-boxed elementor-section-height-default elementor-section-height-default\" data-id=\"a8d1e97\" data-element_type=\"section\">\n\t\t\t\t\t\t<div class=\"elementor-container elementor-column-gap-default\">\n\t\t\t\t\t<div class=\"elementor-column elementor-col-100 elementor-top-column elementor-element elementor-element-068f6ce\" data-id=\"068f6ce\" data-element_type=\"column\">\n\t\t\t<div class=\"elementor-widget-wrap elementor-element-populated\">\n\t\t\t\t\t\t<div class=\"elementor-element elementor-element-4fc7ce7 elementor-widget elementor-widget-spacer\" data-id=\"4fc7ce7\" data-element_type=\"widget\" data-widget_type=\"spacer.default\">\n\t\t\t\t<div class=\"elementor-widget-container\">\n\t\t\t\t\t\t\t<div class=\"elementor-spacer\">\n\t\t\t<div class=\"elementor-spacer-inner\"><\/div>\n\t\t<\/div>\n\t\t\t\t\t\t<\/div>\n\t\t\t\t<\/div>\n\t\t\t\t\t<\/div>\n\t\t<\/div>\n\t\t\t\t\t<\/div>\n\t\t<\/section>\n\t\t\t\t<\/div>\n\t\t","protected":false},"excerpt":{"rendered":"<p>Tarih\u00e7e Atat\u00fcrk \u00dcniversitesi G\u00fczel Sanatlar Fak\u00fcltesi, 11 Temmuz 1992 tarihinde Resm\u00ee Gazete\u2019de yay\u0131mlanan 3837 say\u0131l\u0131 Y\u00fcksek\u00f6\u011fretim Kurumlar\u0131 Te\u015fkilat\u0131 Hakk\u0131nda Kanun H\u00fckm\u00fcnde Kararname kapsam\u0131nda kurulmu\u015ftur. Fak\u00fclte, e\u011fitim-\u00f6\u011fretim faaliyetlerine 1994\u20131995 e\u011fitim-\u00f6\u011fretim y\u0131l\u0131nda ba\u015flam\u0131\u015ft\u0131r. Kuruldu\u011fu g\u00fcnden bu yana sanat e\u011fitimi, bilimsel \u00fcretim ve k\u00fclt\u00fcrel faaliyetleriyle T\u00fcrk y\u00fcksek\u00f6\u011fretim sistemi i\u00e7inde \u00f6nemli bir konuma ula\u015fan fak\u00fclte, farkl\u0131 sanat disiplinlerinde e\u011fitim [&hellip;]<\/p>\n","protected":false},"author":1,"featured_media":0,"parent":0,"menu_order":0,"comment_status":"closed","ping_status":"closed","template":"elementor_header_footer","meta":{"footnotes":""},"class_list":["post-5774","page","type-page","status-publish","hentry"],"_links":{"self":[{"href":"https:\/\/atauni.edu.tr\/guzel-sanatlar-fakultesi\/wp-json\/wp\/v2\/pages\/5774","targetHints":{"allow":["GET"]}}],"collection":[{"href":"https:\/\/atauni.edu.tr\/guzel-sanatlar-fakultesi\/wp-json\/wp\/v2\/pages"}],"about":[{"href":"https:\/\/atauni.edu.tr\/guzel-sanatlar-fakultesi\/wp-json\/wp\/v2\/types\/page"}],"author":[{"embeddable":true,"href":"https:\/\/atauni.edu.tr\/guzel-sanatlar-fakultesi\/wp-json\/wp\/v2\/users\/1"}],"replies":[{"embeddable":true,"href":"https:\/\/atauni.edu.tr\/guzel-sanatlar-fakultesi\/wp-json\/wp\/v2\/comments?post=5774"}],"version-history":[{"count":50,"href":"https:\/\/atauni.edu.tr\/guzel-sanatlar-fakultesi\/wp-json\/wp\/v2\/pages\/5774\/revisions"}],"predecessor-version":[{"id":10079,"href":"https:\/\/atauni.edu.tr\/guzel-sanatlar-fakultesi\/wp-json\/wp\/v2\/pages\/5774\/revisions\/10079"}],"wp:attachment":[{"href":"https:\/\/atauni.edu.tr\/guzel-sanatlar-fakultesi\/wp-json\/wp\/v2\/media?parent=5774"}],"curies":[{"name":"wp","href":"https:\/\/api.w.org\/{rel}","templated":true}]}}