{"id":6778,"date":"2022-01-25T16:15:00","date_gmt":"2022-01-25T13:15:00","guid":{"rendered":"https:\/\/birimler.atauni.edu.tr\/guzel-sanatlar-fakultesi\/?page_id=6778"},"modified":"2022-01-25T16:23:54","modified_gmt":"2022-01-25T13:23:54","slug":"surdurulebilir-kalkinma-hedefleri","status":"publish","type":"page","link":"https:\/\/atauni.edu.tr\/guzel-sanatlar-fakultesi\/surdurulebilir-kalkinma-hedefleri\/","title":{"rendered":"S\u00fcrd\u00fcr\u00fclebilir Kalk\u0131nma Hedefleri"},"content":{"rendered":"\t\t<div data-elementor-type=\"wp-page\" data-elementor-id=\"6778\" class=\"elementor elementor-6778\" data-elementor-post-type=\"page\">\n\t\t\t\t\t\t<section class=\"elementor-section elementor-top-section elementor-element elementor-element-aaf2db6 elementor-section-boxed elementor-section-height-default elementor-section-height-default\" data-id=\"aaf2db6\" data-element_type=\"section\">\n\t\t\t\t\t\t<div class=\"elementor-container elementor-column-gap-default\">\n\t\t\t\t\t<div class=\"elementor-column elementor-col-100 elementor-top-column elementor-element elementor-element-5d3780b\" data-id=\"5d3780b\" data-element_type=\"column\">\n\t\t\t<div class=\"elementor-widget-wrap elementor-element-populated\">\n\t\t\t\t\t\t<div class=\"elementor-element elementor-element-9e9a9cc elementor-widget elementor-widget-text-editor\" data-id=\"9e9a9cc\" data-element_type=\"widget\" data-widget_type=\"text-editor.default\">\n\t\t\t\t<div class=\"elementor-widget-container\">\n\t\t\t\t\t\t\t\t\t<p>G\u00fczel Sanatlar Fak\u00fcltesi Ba\u015far\u0131 B\u00f6lgesi Tercihinde Birle\u015fmi\u015f Milletlerin S\u00fcrd\u00fcr\u00fclebilir Kalk\u0131nma Hedeflerinden; Nitelikli E\u011fitim &#8211; Sanayi Yenilik\u00e7ilik ve Altyap\u0131 &#8211; Toplumsal Cinsiyet E\u015fitli\u011fi &#8211; S\u00fcrd\u00fcr\u00fclebilir \u015eehirler ve Topluluklar &#8211; Sorumlu \u00dcretim ve T\u00fcketim &#8211; Ama\u00e7lar \u0130\u00e7in Ortakl\u0131klar olmak \u00fczere yedi alan\u0131 \u00f6nceliklendirmi\u015ftir.<\/p>\t\t\t\t\t\t\t\t<\/div>\n\t\t\t\t<\/div>\n\t\t\t\t\t<\/div>\n\t\t<\/div>\n\t\t\t\t\t<\/div>\n\t\t<\/section>\n\t\t\t\t<section class=\"elementor-section elementor-top-section elementor-element elementor-element-39f09a9 elementor-section-boxed elementor-section-height-default elementor-section-height-default\" data-id=\"39f09a9\" data-element_type=\"section\">\n\t\t\t\t\t\t<div class=\"elementor-container elementor-column-gap-default\">\n\t\t\t\t\t<div class=\"elementor-column elementor-col-100 elementor-top-column elementor-element elementor-element-dc0336f\" data-id=\"dc0336f\" data-element_type=\"column\">\n\t\t\t<div class=\"elementor-widget-wrap elementor-element-populated\">\n\t\t\t\t\t\t<div class=\"elementor-element elementor-element-0b9ef3d elementor-widget elementor-widget-image\" data-id=\"0b9ef3d\" data-element_type=\"widget\" data-widget_type=\"image.default\">\n\t\t\t\t<div class=\"elementor-widget-container\">\n\t\t\t\t\t\t\t\t\t\t\t\t\t\t\t<img fetchpriority=\"high\" decoding=\"async\" width=\"371\" height=\"739\" src=\"https:\/\/atauni.edu.tr\/guzel-sanatlar-fakultesi\/wp-content\/uploads\/sites\/485\/2022\/01\/Resim1.png\" class=\"attachment-large size-large wp-image-6784\" alt=\"\" srcset=\"https:\/\/atauni.edu.tr\/guzel-sanatlar-fakultesi\/wp-content\/uploads\/sites\/485\/2022\/01\/Resim1.png 371w, https:\/\/atauni.edu.tr\/guzel-sanatlar-fakultesi\/wp-content\/uploads\/sites\/485\/2022\/01\/Resim1-151x300.png 151w, https:\/\/atauni.edu.tr\/guzel-sanatlar-fakultesi\/wp-content\/uploads\/sites\/485\/2022\/01\/Resim1-301x600.png 301w, https:\/\/atauni.edu.tr\/guzel-sanatlar-fakultesi\/wp-content\/uploads\/sites\/485\/2022\/01\/Resim1-281x560.png 281w\" sizes=\"(max-width: 371px) 100vw, 371px\" \/>\t\t\t\t\t\t\t\t\t\t\t\t\t\t\t<\/div>\n\t\t\t\t<\/div>\n\t\t\t\t\t<\/div>\n\t\t<\/div>\n\t\t\t\t\t<\/div>\n\t\t<\/section>\n\t\t\t\t<\/div>\n\t\t","protected":false},"excerpt":{"rendered":"<p>G\u00fczel Sanatlar Fak\u00fcltesi Ba\u015far\u0131 B\u00f6lgesi Tercihinde Birle\u015fmi\u015f Milletlerin S\u00fcrd\u00fcr\u00fclebilir Kalk\u0131nma Hedeflerinden; Nitelikli E\u011fitim &#8211; Sanayi Yenilik\u00e7ilik ve Altyap\u0131 &#8211; Toplumsal Cinsiyet E\u015fitli\u011fi &#8211; S\u00fcrd\u00fcr\u00fclebilir \u015eehirler ve Topluluklar &#8211; Sorumlu \u00dcretim ve T\u00fcketim &#8211; Ama\u00e7lar \u0130\u00e7in Ortakl\u0131klar olmak \u00fczere yedi alan\u0131 \u00f6nceliklendirmi\u015ftir.<\/p>\n","protected":false},"author":240,"featured_media":0,"parent":0,"menu_order":0,"comment_status":"closed","ping_status":"closed","template":"","meta":{"footnotes":""},"class_list":["post-6778","page","type-page","status-publish","hentry"],"_links":{"self":[{"href":"https:\/\/atauni.edu.tr\/guzel-sanatlar-fakultesi\/wp-json\/wp\/v2\/pages\/6778","targetHints":{"allow":["GET"]}}],"collection":[{"href":"https:\/\/atauni.edu.tr\/guzel-sanatlar-fakultesi\/wp-json\/wp\/v2\/pages"}],"about":[{"href":"https:\/\/atauni.edu.tr\/guzel-sanatlar-fakultesi\/wp-json\/wp\/v2\/types\/page"}],"author":[{"embeddable":true,"href":"https:\/\/atauni.edu.tr\/guzel-sanatlar-fakultesi\/wp-json\/wp\/v2\/users\/240"}],"replies":[{"embeddable":true,"href":"https:\/\/atauni.edu.tr\/guzel-sanatlar-fakultesi\/wp-json\/wp\/v2\/comments?post=6778"}],"version-history":[{"count":7,"href":"https:\/\/atauni.edu.tr\/guzel-sanatlar-fakultesi\/wp-json\/wp\/v2\/pages\/6778\/revisions"}],"predecessor-version":[{"id":6787,"href":"https:\/\/atauni.edu.tr\/guzel-sanatlar-fakultesi\/wp-json\/wp\/v2\/pages\/6778\/revisions\/6787"}],"wp:attachment":[{"href":"https:\/\/atauni.edu.tr\/guzel-sanatlar-fakultesi\/wp-json\/wp\/v2\/media?parent=6778"}],"curies":[{"name":"wp","href":"https:\/\/api.w.org\/{rel}","templated":true}]}}