{"id":8841,"date":"2025-07-29T14:38:45","date_gmt":"2025-07-29T11:38:45","guid":{"rendered":"https:\/\/birimler.atauni.edu.tr\/guzel-sanatlar-fakultesi\/?page_id=8841"},"modified":"2025-07-29T14:38:51","modified_gmt":"2025-07-29T11:38:51","slug":"etkinlikler","status":"publish","type":"page","link":"https:\/\/atauni.edu.tr\/guzel-sanatlar-fakultesi\/etkinlikler\/","title":{"rendered":"Etkinlikler"},"content":{"rendered":"<form method=\"get\" class=\"row g-3\" style=\"margin-bottom: 20px;\"><div class=\"col-md-3\"><input type=\"text\" name=\"etkinlik_ara\" class=\"form-control\" placeholder=\"Etkinlik ara...\" value=\"\"><\/div><div class=\"col-md-3\"><input type=\"date\" name=\"baslangic_tarihi\" class=\"form-control\" value=\"\"><\/div><div class=\"col-md-3\"><input type=\"date\" name=\"bitis_tarihi\" class=\"form-control\" value=\"\"><\/div><div class=\"col-md-3\"><button type=\"submit\" class=\"btn btn-secondary w-50\">Filtrele<\/button><\/div><\/form><div class=\"etkinlikler-grid-container\" style=\"display: grid; grid-template-columns: repeat(3, 1fr); gap: 20px;\"><div class=\"etkinlik-grid-item\"><div class=\"etkinlik-thumbnail\"><img fetchpriority=\"high\" decoding=\"async\" width=\"240\" height=\"300\" src=\"https:\/\/atauni.edu.tr\/guzel-sanatlar-fakultesi\/wp-content\/uploads\/sites\/485\/2026\/04\/e1f8b357-e6a5-4264-bd30-42fc032b117e-240x300.jpg\" class=\"img-fluid wp-post-image\" alt=\"\" srcset=\"https:\/\/atauni.edu.tr\/guzel-sanatlar-fakultesi\/wp-content\/uploads\/sites\/485\/2026\/04\/e1f8b357-e6a5-4264-bd30-42fc032b117e-240x300.jpg 240w, https:\/\/atauni.edu.tr\/guzel-sanatlar-fakultesi\/wp-content\/uploads\/sites\/485\/2026\/04\/e1f8b357-e6a5-4264-bd30-42fc032b117e-819x1024.jpg 819w, https:\/\/atauni.edu.tr\/guzel-sanatlar-fakultesi\/wp-content\/uploads\/sites\/485\/2026\/04\/e1f8b357-e6a5-4264-bd30-42fc032b117e-768x960.jpg 768w, https:\/\/atauni.edu.tr\/guzel-sanatlar-fakultesi\/wp-content\/uploads\/sites\/485\/2026\/04\/e1f8b357-e6a5-4264-bd30-42fc032b117e-1229x1536.jpg 1229w, https:\/\/atauni.edu.tr\/guzel-sanatlar-fakultesi\/wp-content\/uploads\/sites\/485\/2026\/04\/e1f8b357-e6a5-4264-bd30-42fc032b117e-1638x2048.jpg 1638w, https:\/\/atauni.edu.tr\/guzel-sanatlar-fakultesi\/wp-content\/uploads\/sites\/485\/2026\/04\/e1f8b357-e6a5-4264-bd30-42fc032b117e-480x600.jpg 480w, https:\/\/atauni.edu.tr\/guzel-sanatlar-fakultesi\/wp-content\/uploads\/sites\/485\/2026\/04\/e1f8b357-e6a5-4264-bd30-42fc032b117e-448x560.jpg 448w, https:\/\/atauni.edu.tr\/guzel-sanatlar-fakultesi\/wp-content\/uploads\/sites\/485\/2026\/04\/e1f8b357-e6a5-4264-bd30-42fc032b117e-scaled-e1775122860409.jpg 945w\" sizes=\"(max-width: 240px) 100vw, 240px\" \/><\/div><div class=\"etkinlik-datee\"><span class=\"day\">02<\/span><span class=\"month\">Nisan<\/span><span class=\"year\">2026<\/span><\/div><a href=\"https:\/\/atauni.edu.tr\/guzel-sanatlar-fakultesi\/2026\/04\/02\/buyuk-romulus-adli-tiyatro-oyunu\/\" class=\"etkinlik-titlee\">\u201cHayalimdeki M\u00fcze\u201d etkinli\u011fi<\/a><\/div><div class=\"etkinlik-grid-item\"><div class=\"etkinlik-thumbnail\"><img decoding=\"async\" width=\"211\" height=\"300\" src=\"https:\/\/atauni.edu.tr\/guzel-sanatlar-fakultesi\/wp-content\/uploads\/sites\/485\/2026\/04\/72859257-e279-4135-a24b-0f10b421e3b4-e1775117009292-211x300.jpg\" class=\"img-fluid wp-post-image\" alt=\"\" srcset=\"https:\/\/atauni.edu.tr\/guzel-sanatlar-fakultesi\/wp-content\/uploads\/sites\/485\/2026\/04\/72859257-e279-4135-a24b-0f10b421e3b4-e1775117009292-211x300.jpg 211w, https:\/\/atauni.edu.tr\/guzel-sanatlar-fakultesi\/wp-content\/uploads\/sites\/485\/2026\/04\/72859257-e279-4135-a24b-0f10b421e3b4-e1775117009292-720x1024.jpg 720w, https:\/\/atauni.edu.tr\/guzel-sanatlar-fakultesi\/wp-content\/uploads\/sites\/485\/2026\/04\/72859257-e279-4135-a24b-0f10b421e3b4-e1775117009292-768x1093.jpg 768w, https:\/\/atauni.edu.tr\/guzel-sanatlar-fakultesi\/wp-content\/uploads\/sites\/485\/2026\/04\/72859257-e279-4135-a24b-0f10b421e3b4-e1775117009292-422x600.jpg 422w, https:\/\/atauni.edu.tr\/guzel-sanatlar-fakultesi\/wp-content\/uploads\/sites\/485\/2026\/04\/72859257-e279-4135-a24b-0f10b421e3b4-e1775117009292-394x560.jpg 394w, https:\/\/atauni.edu.tr\/guzel-sanatlar-fakultesi\/wp-content\/uploads\/sites\/485\/2026\/04\/72859257-e279-4135-a24b-0f10b421e3b4-e1775117009292.jpg 825w\" sizes=\"(max-width: 211px) 100vw, 211px\" \/><\/div><div class=\"etkinlik-datee\"><span class=\"day\">02<\/span><span class=\"month\">Nisan<\/span><span class=\"year\">2026<\/span><\/div><a href=\"https:\/\/atauni.edu.tr\/guzel-sanatlar-fakultesi\/2026\/04\/02\/turk-muzigi-saz-eserleri-piyano-ve-keman-konseri\/\" class=\"etkinlik-titlee\">\u201cB\u00fcy\u00fck Romulus\u201d adl\u0131 tiyatro oyunu<\/a><\/div><div class=\"etkinlik-grid-item\"><div class=\"etkinlik-thumbnail\"><img decoding=\"async\" width=\"240\" height=\"300\" src=\"https:\/\/atauni.edu.tr\/guzel-sanatlar-fakultesi\/wp-content\/uploads\/sites\/485\/2026\/04\/5b62cc2f-2f68-4857-942a-12c3b16f2293-240x300.jpg\" class=\"img-fluid wp-post-image\" alt=\"\" srcset=\"https:\/\/atauni.edu.tr\/guzel-sanatlar-fakultesi\/wp-content\/uploads\/sites\/485\/2026\/04\/5b62cc2f-2f68-4857-942a-12c3b16f2293-240x300.jpg 240w, https:\/\/atauni.edu.tr\/guzel-sanatlar-fakultesi\/wp-content\/uploads\/sites\/485\/2026\/04\/5b62cc2f-2f68-4857-942a-12c3b16f2293-819x1024.jpg 819w, https:\/\/atauni.edu.tr\/guzel-sanatlar-fakultesi\/wp-content\/uploads\/sites\/485\/2026\/04\/5b62cc2f-2f68-4857-942a-12c3b16f2293-768x960.jpg 768w, https:\/\/atauni.edu.tr\/guzel-sanatlar-fakultesi\/wp-content\/uploads\/sites\/485\/2026\/04\/5b62cc2f-2f68-4857-942a-12c3b16f2293-1229x1536.jpg 1229w, https:\/\/atauni.edu.tr\/guzel-sanatlar-fakultesi\/wp-content\/uploads\/sites\/485\/2026\/04\/5b62cc2f-2f68-4857-942a-12c3b16f2293-480x600.jpg 480w, https:\/\/atauni.edu.tr\/guzel-sanatlar-fakultesi\/wp-content\/uploads\/sites\/485\/2026\/04\/5b62cc2f-2f68-4857-942a-12c3b16f2293-448x560.jpg 448w, https:\/\/atauni.edu.tr\/guzel-sanatlar-fakultesi\/wp-content\/uploads\/sites\/485\/2026\/04\/5b62cc2f-2f68-4857-942a-12c3b16f2293.jpg 1280w\" sizes=\"(max-width: 240px) 100vw, 240px\" \/><\/div><div class=\"etkinlik-datee\"><span class=\"day\">01<\/span><span class=\"month\">Nisan<\/span><span class=\"year\">2026<\/span><\/div><a href=\"https:\/\/atauni.edu.tr\/guzel-sanatlar-fakultesi\/2026\/04\/01\/ben-gibi-bana-benzeyen-kisisel-sergi\/\" class=\"etkinlik-titlee\">T\u00fcrk M\u00fczi\u011fi Saz Eserleri Piyano ve Keman Konseri<\/a><\/div><div class=\"etkinlik-grid-item\"><div class=\"etkinlik-thumbnail\"><img loading=\"lazy\" decoding=\"async\" width=\"240\" height=\"300\" src=\"https:\/\/atauni.edu.tr\/guzel-sanatlar-fakultesi\/wp-content\/uploads\/sites\/485\/2026\/03\/WhatsApp-Image-2026-03-02-at-09.35.09-240x300.jpeg\" class=\"img-fluid wp-post-image\" alt=\"\" srcset=\"https:\/\/atauni.edu.tr\/guzel-sanatlar-fakultesi\/wp-content\/uploads\/sites\/485\/2026\/03\/WhatsApp-Image-2026-03-02-at-09.35.09-240x300.jpeg 240w, https:\/\/atauni.edu.tr\/guzel-sanatlar-fakultesi\/wp-content\/uploads\/sites\/485\/2026\/03\/WhatsApp-Image-2026-03-02-at-09.35.09-819x1024.jpeg 819w, https:\/\/atauni.edu.tr\/guzel-sanatlar-fakultesi\/wp-content\/uploads\/sites\/485\/2026\/03\/WhatsApp-Image-2026-03-02-at-09.35.09-768x961.jpeg 768w, https:\/\/atauni.edu.tr\/guzel-sanatlar-fakultesi\/wp-content\/uploads\/sites\/485\/2026\/03\/WhatsApp-Image-2026-03-02-at-09.35.09-1228x1536.jpeg 1228w, https:\/\/atauni.edu.tr\/guzel-sanatlar-fakultesi\/wp-content\/uploads\/sites\/485\/2026\/03\/WhatsApp-Image-2026-03-02-at-09.35.09-480x600.jpeg 480w, https:\/\/atauni.edu.tr\/guzel-sanatlar-fakultesi\/wp-content\/uploads\/sites\/485\/2026\/03\/WhatsApp-Image-2026-03-02-at-09.35.09-448x560.jpeg 448w, https:\/\/atauni.edu.tr\/guzel-sanatlar-fakultesi\/wp-content\/uploads\/sites\/485\/2026\/03\/WhatsApp-Image-2026-03-02-at-09.35.09.jpeg 1279w\" sizes=\"(max-width: 240px) 100vw, 240px\" \/><\/div><div class=\"etkinlik-datee\"><span class=\"day\">24<\/span><span class=\"month\">\u015eubat<\/span><span class=\"year\">2026<\/span><\/div><a href=\"https:\/\/atauni.edu.tr\/guzel-sanatlar-fakultesi\/2026\/02\/24\/igneden-forma-drapaj-sergisi\/\" class=\"etkinlik-titlee\">\u201cBen Gibi Bana Benzeyen\u201d Ki\u015fisel Sergi<\/a><\/div><div class=\"etkinlik-grid-item\"><div class=\"etkinlik-thumbnail\"><img loading=\"lazy\" decoding=\"async\" width=\"213\" height=\"300\" src=\"https:\/\/atauni.edu.tr\/guzel-sanatlar-fakultesi\/wp-content\/uploads\/sites\/485\/2026\/02\/1024b9c2-b4c0-40d6-9559-3caa4e9d75ae-213x300.jpg\" class=\"img-fluid wp-post-image\" alt=\"\" srcset=\"https:\/\/atauni.edu.tr\/guzel-sanatlar-fakultesi\/wp-content\/uploads\/sites\/485\/2026\/02\/1024b9c2-b4c0-40d6-9559-3caa4e9d75ae-213x300.jpg 213w, https:\/\/atauni.edu.tr\/guzel-sanatlar-fakultesi\/wp-content\/uploads\/sites\/485\/2026\/02\/1024b9c2-b4c0-40d6-9559-3caa4e9d75ae-727x1024.jpg 727w, https:\/\/atauni.edu.tr\/guzel-sanatlar-fakultesi\/wp-content\/uploads\/sites\/485\/2026\/02\/1024b9c2-b4c0-40d6-9559-3caa4e9d75ae-768x1081.jpg 768w, https:\/\/atauni.edu.tr\/guzel-sanatlar-fakultesi\/wp-content\/uploads\/sites\/485\/2026\/02\/1024b9c2-b4c0-40d6-9559-3caa4e9d75ae-1091x1536.jpg 1091w, https:\/\/atauni.edu.tr\/guzel-sanatlar-fakultesi\/wp-content\/uploads\/sites\/485\/2026\/02\/1024b9c2-b4c0-40d6-9559-3caa4e9d75ae-426x600.jpg 426w, https:\/\/atauni.edu.tr\/guzel-sanatlar-fakultesi\/wp-content\/uploads\/sites\/485\/2026\/02\/1024b9c2-b4c0-40d6-9559-3caa4e9d75ae-398x560.jpg 398w, https:\/\/atauni.edu.tr\/guzel-sanatlar-fakultesi\/wp-content\/uploads\/sites\/485\/2026\/02\/1024b9c2-b4c0-40d6-9559-3caa4e9d75ae.jpg 1290w\" sizes=\"(max-width: 213px) 100vw, 213px\" \/><\/div><div class=\"etkinlik-datee\"><span class=\"day\">15<\/span><span class=\"month\">\u015eubat<\/span><span class=\"year\">2026<\/span><\/div><a href=\"https:\/\/atauni.edu.tr\/guzel-sanatlar-fakultesi\/2026\/02\/15\/kirik-sessizlik-seramik-yerlestirme-sergisi\/\" class=\"etkinlik-titlee\">\u0130\u011fneden Forma: Drapaj Sergisi<\/a><\/div><div class=\"etkinlik-grid-item\"><div class=\"etkinlik-thumbnail\"><img loading=\"lazy\" decoding=\"async\" width=\"214\" height=\"300\" src=\"https:\/\/atauni.edu.tr\/guzel-sanatlar-fakultesi\/wp-content\/uploads\/sites\/485\/2026\/02\/WhatsApp-Image-2026-02-05-at-19.29.38-214x300.jpeg\" class=\"img-fluid wp-post-image\" alt=\"\" srcset=\"https:\/\/atauni.edu.tr\/guzel-sanatlar-fakultesi\/wp-content\/uploads\/sites\/485\/2026\/02\/WhatsApp-Image-2026-02-05-at-19.29.38-214x300.jpeg 214w, https:\/\/atauni.edu.tr\/guzel-sanatlar-fakultesi\/wp-content\/uploads\/sites\/485\/2026\/02\/WhatsApp-Image-2026-02-05-at-19.29.38-731x1024.jpeg 731w, https:\/\/atauni.edu.tr\/guzel-sanatlar-fakultesi\/wp-content\/uploads\/sites\/485\/2026\/02\/WhatsApp-Image-2026-02-05-at-19.29.38-768x1076.jpeg 768w, https:\/\/atauni.edu.tr\/guzel-sanatlar-fakultesi\/wp-content\/uploads\/sites\/485\/2026\/02\/WhatsApp-Image-2026-02-05-at-19.29.38-1096x1536.jpeg 1096w, https:\/\/atauni.edu.tr\/guzel-sanatlar-fakultesi\/wp-content\/uploads\/sites\/485\/2026\/02\/WhatsApp-Image-2026-02-05-at-19.29.38-428x600.jpeg 428w, https:\/\/atauni.edu.tr\/guzel-sanatlar-fakultesi\/wp-content\/uploads\/sites\/485\/2026\/02\/WhatsApp-Image-2026-02-05-at-19.29.38-400x560.jpeg 400w, https:\/\/atauni.edu.tr\/guzel-sanatlar-fakultesi\/wp-content\/uploads\/sites\/485\/2026\/02\/WhatsApp-Image-2026-02-05-at-19.29.38.jpeg 1142w\" sizes=\"(max-width: 214px) 100vw, 214px\" \/><\/div><div class=\"etkinlik-datee\"><span class=\"day\">06<\/span><span class=\"month\">\u015eubat<\/span><span class=\"year\">2026<\/span><\/div><a href=\"https:\/\/atauni.edu.tr\/guzel-sanatlar-fakultesi\/2026\/02\/06\/muzede-sanat-avi-ve-kolaj-atolyesi-7\/\" class=\"etkinlik-titlee\">&#8220;K\u0131r\u0131k Sessizlik&#8221; Seramik Yerle\u015ftirme Sergisi<\/a><\/div><div class=\"etkinlik-grid-item\"><div class=\"etkinlik-thumbnail\"><img loading=\"lazy\" decoding=\"async\" width=\"210\" height=\"300\" src=\"https:\/\/atauni.edu.tr\/guzel-sanatlar-fakultesi\/wp-content\/uploads\/sites\/485\/2026\/01\/mu\u0308zede-sanat-avi-210x300.jpg\" class=\"img-fluid wp-post-image\" alt=\"\" srcset=\"https:\/\/atauni.edu.tr\/guzel-sanatlar-fakultesi\/wp-content\/uploads\/sites\/485\/2026\/01\/mu\u0308zede-sanat-avi-210x300.jpg 210w, https:\/\/atauni.edu.tr\/guzel-sanatlar-fakultesi\/wp-content\/uploads\/sites\/485\/2026\/01\/mu\u0308zede-sanat-avi-717x1024.jpg 717w, https:\/\/atauni.edu.tr\/guzel-sanatlar-fakultesi\/wp-content\/uploads\/sites\/485\/2026\/01\/mu\u0308zede-sanat-avi-768x1097.jpg 768w, https:\/\/atauni.edu.tr\/guzel-sanatlar-fakultesi\/wp-content\/uploads\/sites\/485\/2026\/01\/mu\u0308zede-sanat-avi-1075x1536.jpg 1075w, https:\/\/atauni.edu.tr\/guzel-sanatlar-fakultesi\/wp-content\/uploads\/sites\/485\/2026\/01\/mu\u0308zede-sanat-avi-1434x2048.jpg 1434w, https:\/\/atauni.edu.tr\/guzel-sanatlar-fakultesi\/wp-content\/uploads\/sites\/485\/2026\/01\/mu\u0308zede-sanat-avi-420x600.jpg 420w, https:\/\/atauni.edu.tr\/guzel-sanatlar-fakultesi\/wp-content\/uploads\/sites\/485\/2026\/01\/mu\u0308zede-sanat-avi-392x560.jpg 392w, https:\/\/atauni.edu.tr\/guzel-sanatlar-fakultesi\/wp-content\/uploads\/sites\/485\/2026\/01\/mu\u0308zede-sanat-avi-scaled.jpg 1792w\" sizes=\"(max-width: 210px) 100vw, 210px\" \/><\/div><div class=\"etkinlik-datee\"><span class=\"day\">16<\/span><span class=\"month\">Ocak<\/span><span class=\"year\">2026<\/span><\/div><a href=\"https:\/\/atauni.edu.tr\/guzel-sanatlar-fakultesi\/2026\/01\/16\/muzede-sanat-avi-ve-kolaj-atolyesi\/\" class=\"etkinlik-titlee\">M\u00fczede Sanat Av\u0131 ve Kolaj At\u00f6lyesi<\/a><\/div><div class=\"etkinlik-grid-item\"><div class=\"etkinlik-thumbnail\"><img loading=\"lazy\" decoding=\"async\" width=\"210\" height=\"300\" src=\"https:\/\/atauni.edu.tr\/guzel-sanatlar-fakultesi\/wp-content\/uploads\/sites\/485\/2026\/01\/Zaman-Hikaye-Kurma-Ato\u0308lyesi-210x300.jpg\" class=\"img-fluid wp-post-image\" alt=\"\" srcset=\"https:\/\/atauni.edu.tr\/guzel-sanatlar-fakultesi\/wp-content\/uploads\/sites\/485\/2026\/01\/Zaman-Hikaye-Kurma-Ato\u0308lyesi-210x300.jpg 210w, https:\/\/atauni.edu.tr\/guzel-sanatlar-fakultesi\/wp-content\/uploads\/sites\/485\/2026\/01\/Zaman-Hikaye-Kurma-Ato\u0308lyesi-717x1024.jpg 717w, https:\/\/atauni.edu.tr\/guzel-sanatlar-fakultesi\/wp-content\/uploads\/sites\/485\/2026\/01\/Zaman-Hikaye-Kurma-Ato\u0308lyesi-768x1097.jpg 768w, https:\/\/atauni.edu.tr\/guzel-sanatlar-fakultesi\/wp-content\/uploads\/sites\/485\/2026\/01\/Zaman-Hikaye-Kurma-Ato\u0308lyesi-1075x1536.jpg 1075w, https:\/\/atauni.edu.tr\/guzel-sanatlar-fakultesi\/wp-content\/uploads\/sites\/485\/2026\/01\/Zaman-Hikaye-Kurma-Ato\u0308lyesi-1434x2048.jpg 1434w, https:\/\/atauni.edu.tr\/guzel-sanatlar-fakultesi\/wp-content\/uploads\/sites\/485\/2026\/01\/Zaman-Hikaye-Kurma-Ato\u0308lyesi-420x600.jpg 420w, https:\/\/atauni.edu.tr\/guzel-sanatlar-fakultesi\/wp-content\/uploads\/sites\/485\/2026\/01\/Zaman-Hikaye-Kurma-Ato\u0308lyesi-392x560.jpg 392w, https:\/\/atauni.edu.tr\/guzel-sanatlar-fakultesi\/wp-content\/uploads\/sites\/485\/2026\/01\/Zaman-Hikaye-Kurma-Ato\u0308lyesi-scaled.jpg 1792w\" sizes=\"(max-width: 210px) 100vw, 210px\" \/><\/div><div class=\"etkinlik-datee\"><span class=\"day\">13<\/span><span class=\"month\">Ocak<\/span><span class=\"year\">2026<\/span><\/div><a href=\"https:\/\/atauni.edu.tr\/guzel-sanatlar-fakultesi\/2026\/01\/13\/guzel-sanatlar-muzesinde-cocuklara-yonelik-yaratici-kurgu-atolyeleri\/\" class=\"etkinlik-titlee\">G\u00fczel Sanatlar M\u00fczesi\u2019nde \u00c7ocuklara Y\u00f6nelik Yarat\u0131c\u0131 Kurgu At\u00f6lyeleri<\/a><\/div><div class=\"etkinlik-grid-item\"><div class=\"etkinlik-thumbnail\"><img loading=\"lazy\" decoding=\"async\" width=\"210\" height=\"300\" src=\"https:\/\/atauni.edu.tr\/guzel-sanatlar-fakultesi\/wp-content\/uploads\/sites\/485\/2026\/01\/proje-sergi-210x300.jpg\" class=\"img-fluid wp-post-image\" alt=\"\" srcset=\"https:\/\/atauni.edu.tr\/guzel-sanatlar-fakultesi\/wp-content\/uploads\/sites\/485\/2026\/01\/proje-sergi-210x300.jpg 210w, https:\/\/atauni.edu.tr\/guzel-sanatlar-fakultesi\/wp-content\/uploads\/sites\/485\/2026\/01\/proje-sergi-717x1024.jpg 717w, https:\/\/atauni.edu.tr\/guzel-sanatlar-fakultesi\/wp-content\/uploads\/sites\/485\/2026\/01\/proje-sergi-768x1097.jpg 768w, https:\/\/atauni.edu.tr\/guzel-sanatlar-fakultesi\/wp-content\/uploads\/sites\/485\/2026\/01\/proje-sergi-1075x1536.jpg 1075w, https:\/\/atauni.edu.tr\/guzel-sanatlar-fakultesi\/wp-content\/uploads\/sites\/485\/2026\/01\/proje-sergi-1434x2048.jpg 1434w, https:\/\/atauni.edu.tr\/guzel-sanatlar-fakultesi\/wp-content\/uploads\/sites\/485\/2026\/01\/proje-sergi-420x600.jpg 420w, https:\/\/atauni.edu.tr\/guzel-sanatlar-fakultesi\/wp-content\/uploads\/sites\/485\/2026\/01\/proje-sergi-392x560.jpg 392w, https:\/\/atauni.edu.tr\/guzel-sanatlar-fakultesi\/wp-content\/uploads\/sites\/485\/2026\/01\/proje-sergi-scaled.jpg 1792w\" sizes=\"(max-width: 210px) 100vw, 210px\" \/><\/div><div class=\"etkinlik-datee\"><span class=\"day\">09<\/span><span class=\"month\">Ocak<\/span><span class=\"year\">2026<\/span><\/div><a href=\"https:\/\/atauni.edu.tr\/guzel-sanatlar-fakultesi\/2026\/01\/09\/muzede-sanat-avi-ve-kolaj-atolyesi-4\/\" class=\"etkinlik-titlee\">\u201cEngelsiz Bireylerde El\u2013G\u00f6z Koordinasyonunu \u00d6l\u00e7me ve De\u011ferlendirme\u201d Sergisi<\/a><\/div><\/div><div class=\"pagination\" style=\"margin-top: 20px;\"><span aria-current=\"page\" class=\"page-numbers current\">1<\/span>\n<a class=\"page-numbers\" href=\"https:\/\/atauni.edu.tr\/guzel-sanatlar-fakultesi\/wp-json\/wp\/v2\/pages\/8841\/page\/2\/\">2<\/a>\n<a class=\"page-numbers\" href=\"https:\/\/atauni.edu.tr\/guzel-sanatlar-fakultesi\/wp-json\/wp\/v2\/pages\/8841\/page\/3\/\">3<\/a>\n<span class=\"page-numbers dots\">&hellip;<\/span>\n<a class=\"page-numbers\" href=\"https:\/\/atauni.edu.tr\/guzel-sanatlar-fakultesi\/wp-json\/wp\/v2\/pages\/8841\/page\/7\/\">7<\/a>\n<a class=\"next page-numbers\" href=\"https:\/\/atauni.edu.tr\/guzel-sanatlar-fakultesi\/wp-json\/wp\/v2\/pages\/8841\/page\/2\/\">Sonraki &raquo;<\/a><\/div>\n\n\n\n<p><\/p>\n","protected":false},"excerpt":{"rendered":"","protected":false},"author":1,"featured_media":0,"parent":0,"menu_order":0,"comment_status":"closed","ping_status":"closed","template":"","meta":{"footnotes":""},"class_list":["post-8841","page","type-page","status-publish","hentry"],"_links":{"self":[{"href":"https:\/\/atauni.edu.tr\/guzel-sanatlar-fakultesi\/wp-json\/wp\/v2\/pages\/8841","targetHints":{"allow":["GET"]}}],"collection":[{"href":"https:\/\/atauni.edu.tr\/guzel-sanatlar-fakultesi\/wp-json\/wp\/v2\/pages"}],"about":[{"href":"https:\/\/atauni.edu.tr\/guzel-sanatlar-fakultesi\/wp-json\/wp\/v2\/types\/page"}],"author":[{"embeddable":true,"href":"https:\/\/atauni.edu.tr\/guzel-sanatlar-fakultesi\/wp-json\/wp\/v2\/users\/1"}],"replies":[{"embeddable":true,"href":"https:\/\/atauni.edu.tr\/guzel-sanatlar-fakultesi\/wp-json\/wp\/v2\/comments?post=8841"}],"version-history":[{"count":1,"href":"https:\/\/atauni.edu.tr\/guzel-sanatlar-fakultesi\/wp-json\/wp\/v2\/pages\/8841\/revisions"}],"predecessor-version":[{"id":8844,"href":"https:\/\/atauni.edu.tr\/guzel-sanatlar-fakultesi\/wp-json\/wp\/v2\/pages\/8841\/revisions\/8844"}],"wp:attachment":[{"href":"https:\/\/atauni.edu.tr\/guzel-sanatlar-fakultesi\/wp-json\/wp\/v2\/media?parent=8841"}],"curies":[{"name":"wp","href":"https:\/\/api.w.org\/{rel}","templated":true}]}}