{"id":8846,"date":"2025-07-29T14:39:59","date_gmt":"2025-07-29T11:39:59","guid":{"rendered":"https:\/\/birimler.atauni.edu.tr\/guzel-sanatlar-fakultesi\/?page_id=8846"},"modified":"2025-07-29T14:40:05","modified_gmt":"2025-07-29T11:40:05","slug":"duyurular","status":"publish","type":"page","link":"https:\/\/atauni.edu.tr\/guzel-sanatlar-fakultesi\/duyurular\/","title":{"rendered":"Duyurular"},"content":{"rendered":"<form method=\"get\" class=\"row g-3\" style=\"margin-bottom: 20px;\"><div class=\"col-md-3\"><input type=\"text\" name=\"Duyuru_ara\" class=\"form-control\" placeholder=\"Duyuru ara...\" value=\"\"><\/div><div class=\"col-md-3\"><input type=\"date\" name=\"baslangic_tarihi\" class=\"form-control\" value=\"\"><\/div><div class=\"col-md-3\"><input type=\"date\" name=\"bitis_tarihi\" class=\"form-control\" value=\"\"><\/div><div class=\"col-md-3\"><button type=\"submit\" class=\"btn btn-secondary w-50\">Filtrele<\/button><\/div><\/form><ul class=\"kategori-yazilari-liste\"><li style=\"display: flex; margin-bottom: 10px; align-items: center;\"><div class=\"post-content\" style=\"flex-grow: 1;\"><span class=\"post-date Duyurutarih\" style=\"display: block; font-weight: bold; margin-bottom: 5px;\">17 \u015eubat 2026<\/span><a class=\"Duyurubaslik\" href=\"https:\/\/atauni.edu.tr\/guzel-sanatlar-fakultesi\/2026\/02\/17\/2025-2026-egitim-ogretim-yili-guz-donemi-azami-sure-sonu-sinavlari-2\/\">G\u00fczel Sanatlar M\u00fczesi Logo Tasar\u0131m Yar\u0131\u015fmas\u0131 Sonu\u00e7 Duyurusu<\/a><\/div><\/li><li style=\"display: flex; margin-bottom: 10px; align-items: center;\"><div class=\"post-content\" style=\"flex-grow: 1;\"><span class=\"post-date Duyurutarih\" style=\"display: block; font-weight: bold; margin-bottom: 5px;\">30 Aral\u0131k 2025<\/span><a class=\"Duyurubaslik\" href=\"https:\/\/atauni.edu.tr\/guzel-sanatlar-fakultesi\/2025\/12\/30\/2025-2026-egitim-ogretim-yili-guz-donemi-azami-sure-sonu-sinavlari\/\">2025\u20132026 E\u011fitim-\u00d6\u011fretim Y\u0131l\u0131 G\u00fcz D\u00f6nemi Azami S\u00fcre Sonu S\u0131navlar\u0131<\/a><\/div><\/li><li style=\"display: flex; margin-bottom: 10px; align-items: center;\"><div class=\"post-content\" style=\"flex-grow: 1;\"><span class=\"post-date Duyurutarih\" style=\"display: block; font-weight: bold; margin-bottom: 5px;\">30 Aral\u0131k 2025<\/span><a class=\"Duyurubaslik\" href=\"https:\/\/atauni.edu.tr\/guzel-sanatlar-fakultesi\/2025\/12\/30\/2025-2026-egitim-ogretim-yili-guz-i-yariyili-mezuniyet-agno-baraj-sinavi\/\">2025\u20132026 E\u011fitim-\u00d6\u011fretim Y\u0131l\u0131 G\u00fcz (I.) Yar\u0131y\u0131l\u0131 Mezuniyet AGNO Baraj S\u0131nav\u0131<\/a><\/div><\/li><li style=\"display: flex; margin-bottom: 10px; align-items: center;\"><div class=\"post-content\" style=\"flex-grow: 1;\"><span class=\"post-date Duyurutarih\" style=\"display: block; font-weight: bold; margin-bottom: 5px;\">30 Aral\u0131k 2025<\/span><a class=\"Duyurubaslik\" href=\"https:\/\/atauni.edu.tr\/guzel-sanatlar-fakultesi\/2025\/12\/30\/2025-2026-egitim-ogretim-yili-guz-donemi-mezuniyet-tek-ders-sinavi\/\">2025\u20132026 E\u011fitim-\u00d6\u011fretim Y\u0131l\u0131 G\u00fcz D\u00f6nemi Mezuniyet Tek Ders S\u0131nav\u0131<\/a><\/div><\/li><li style=\"display: flex; margin-bottom: 10px; align-items: center;\"><div class=\"post-content\" style=\"flex-grow: 1;\"><span class=\"post-date Duyurutarih\" style=\"display: block; font-weight: bold; margin-bottom: 5px;\">19 Aral\u0131k 2025<\/span><a class=\"Duyurubaslik\" href=\"https:\/\/atauni.edu.tr\/guzel-sanatlar-fakultesi\/2025\/12\/19\/9360\/\">&#8220;Alg\u0131lanan D\u00fcnyay\u0131 Bulgulamak&#8221;<\/a><\/div><\/li><li style=\"display: flex; margin-bottom: 10px; align-items: center;\"><div class=\"post-content\" style=\"flex-grow: 1;\"><span class=\"post-date Duyurutarih\" style=\"display: block; font-weight: bold; margin-bottom: 5px;\">15 Aral\u0131k 2025<\/span><a class=\"Duyurubaslik\" href=\"https:\/\/atauni.edu.tr\/guzel-sanatlar-fakultesi\/2025\/12\/15\/ataturk-universitesi-guzel-sanatlar-muzesi-logo-tasarim-yarismasi\/\">Atat\u00fcrk \u00dcniversitesi G\u00fczel Sanatlar M\u00fczesi Logo Tasar\u0131m Yar\u0131\u015fmas\u0131<\/a><\/div><\/li><li style=\"display: flex; margin-bottom: 10px; align-items: center;\"><div class=\"post-content\" style=\"flex-grow: 1;\"><span class=\"post-date Duyurutarih\" style=\"display: block; font-weight: bold; margin-bottom: 5px;\">4 Eyl\u00fcl 2025<\/span><a class=\"Duyurubaslik\" href=\"https:\/\/atauni.edu.tr\/guzel-sanatlar-fakultesi\/2025\/09\/04\/2025-2026-egitim-ogretim-yili-guzel-sanatlar-fakultesi-ozel-yetenek-sinavi-sonuclari-aciklandi\/\">2025-2026 E\u011fitim-\u00d6\u011fretim Y\u0131l\u0131 G\u00fczel Sanatlar Fak\u00fcltesi \u00d6zel Yetenek S\u0131nav\u0131 Sonu\u00e7lar\u0131 A\u00e7\u0131kland\u0131<\/a><\/div><\/li><li style=\"display: flex; margin-bottom: 10px; align-items: center;\"><div class=\"post-content\" style=\"flex-grow: 1;\"><span class=\"post-date Duyurutarih\" style=\"display: block; font-weight: bold; margin-bottom: 5px;\">31 Temmuz 2025<\/span><a class=\"Duyurubaslik\" href=\"https:\/\/atauni.edu.tr\/guzel-sanatlar-fakultesi\/2025\/07\/31\/guzel-sanatlar-fakultesi-ozel-yetenek-sinavi\/\">G\u00fczel Sanatlar Fak\u00fcltesi 2025-2026 E\u011fitim \u00d6\u011fretim Y\u0131l\u0131 \u00d6zel Yetenek S\u0131nav\u0131<\/a><\/div><\/li><li style=\"display: flex; margin-bottom: 10px; align-items: center;\"><div class=\"post-content\" style=\"flex-grow: 1;\"><span class=\"post-date Duyurutarih\" style=\"display: block; font-weight: bold; margin-bottom: 5px;\">22 Temmuz 2025<\/span><a class=\"Duyurubaslik\" href=\"https:\/\/atauni.edu.tr\/guzel-sanatlar-fakultesi\/2025\/07\/22\/toprak-sanata-sanat-dogaya-donusuyor\/\">Toprak sanata, sanat do\u011faya d\u00f6n\u00fc\u015f\u00fcyor!<\/a><\/div><\/li><li style=\"display: flex; margin-bottom: 10px; align-items: center;\"><div class=\"post-content\" style=\"flex-grow: 1;\"><span class=\"post-date Duyurutarih\" style=\"display: block; font-weight: bold; margin-bottom: 5px;\">20 Temmuz 2025<\/span><a class=\"Duyurubaslik\" href=\"https:\/\/atauni.edu.tr\/guzel-sanatlar-fakultesi\/2025\/07\/20\/yskde-basari-ataturk-universitesi-tarafindan-odullendiriliyor\/\">YSK&#8217;de Ba\u015far\u0131, Atat\u00fcrk \u00dcniversitesi Taraf\u0131ndan \u00d6d\u00fcllendiriliyor<\/a><\/div><\/li><\/ul><nav class=\"pagination\" style=\"margin-top: 20px;\"><ul class='page-numbers'>\n\t<li><span aria-current=\"page\" class=\"page-numbers current\">1<\/span><\/li>\n\t<li><a class=\"page-numbers\" href=\"https:\/\/atauni.edu.tr\/guzel-sanatlar-fakultesi\/wp-json\/wp\/v2\/pages\/8846\/page\/2\/\">2<\/a><\/li>\n\t<li><a class=\"page-numbers\" href=\"https:\/\/atauni.edu.tr\/guzel-sanatlar-fakultesi\/wp-json\/wp\/v2\/pages\/8846\/page\/3\/\">3<\/a><\/li>\n\t<li><a class=\"page-numbers\" href=\"https:\/\/atauni.edu.tr\/guzel-sanatlar-fakultesi\/wp-json\/wp\/v2\/pages\/8846\/page\/4\/\">4<\/a><\/li>\n\t<li><a class=\"next page-numbers\" href=\"https:\/\/atauni.edu.tr\/guzel-sanatlar-fakultesi\/wp-json\/wp\/v2\/pages\/8846\/page\/2\/\">Sonraki &raquo;<\/a><\/li>\n<\/ul>\n<\/nav>\n\n\n\n<p><\/p>\n","protected":false},"excerpt":{"rendered":"","protected":false},"author":1,"featured_media":0,"parent":0,"menu_order":0,"comment_status":"closed","ping_status":"closed","template":"","meta":{"footnotes":""},"class_list":["post-8846","page","type-page","status-publish","hentry"],"_links":{"self":[{"href":"https:\/\/atauni.edu.tr\/guzel-sanatlar-fakultesi\/wp-json\/wp\/v2\/pages\/8846","targetHints":{"allow":["GET"]}}],"collection":[{"href":"https:\/\/atauni.edu.tr\/guzel-sanatlar-fakultesi\/wp-json\/wp\/v2\/pages"}],"about":[{"href":"https:\/\/atauni.edu.tr\/guzel-sanatlar-fakultesi\/wp-json\/wp\/v2\/types\/page"}],"author":[{"embeddable":true,"href":"https:\/\/atauni.edu.tr\/guzel-sanatlar-fakultesi\/wp-json\/wp\/v2\/users\/1"}],"replies":[{"embeddable":true,"href":"https:\/\/atauni.edu.tr\/guzel-sanatlar-fakultesi\/wp-json\/wp\/v2\/comments?post=8846"}],"version-history":[{"count":2,"href":"https:\/\/atauni.edu.tr\/guzel-sanatlar-fakultesi\/wp-json\/wp\/v2\/pages\/8846\/revisions"}],"predecessor-version":[{"id":9798,"href":"https:\/\/atauni.edu.tr\/guzel-sanatlar-fakultesi\/wp-json\/wp\/v2\/pages\/8846\/revisions\/9798"}],"wp:attachment":[{"href":"https:\/\/atauni.edu.tr\/guzel-sanatlar-fakultesi\/wp-json\/wp\/v2\/media?parent=8846"}],"curies":[{"name":"wp","href":"https:\/\/api.w.org\/{rel}","templated":true}]}}