{"id":8924,"date":"2025-09-24T16:54:20","date_gmt":"2025-09-24T13:54:20","guid":{"rendered":"https:\/\/birimler.atauni.edu.tr\/guzel-sanatlar-fakultesi\/?page_id=8924"},"modified":"2026-03-11T12:09:06","modified_gmt":"2026-03-11T09:09:06","slug":"dekanin-mesaji","status":"publish","type":"page","link":"https:\/\/atauni.edu.tr\/guzel-sanatlar-fakultesi\/dekanin-mesaji\/","title":{"rendered":"Dekan&#8217;\u0131n Mesaj\u0131&#8230;"},"content":{"rendered":"\t\t<div data-elementor-type=\"wp-page\" data-elementor-id=\"8924\" class=\"elementor elementor-8924\" data-elementor-post-type=\"page\">\n\t\t\t\t\t\t<section class=\"elementor-section elementor-top-section elementor-element elementor-element-98fb3df elementor-section-boxed elementor-section-height-default elementor-section-height-default\" data-id=\"98fb3df\" data-element_type=\"section\">\n\t\t\t\t\t\t<div class=\"elementor-container elementor-column-gap-default\">\n\t\t\t\t\t<div class=\"elementor-column elementor-col-100 elementor-top-column elementor-element elementor-element-634f598\" data-id=\"634f598\" data-element_type=\"column\">\n\t\t\t<div class=\"elementor-widget-wrap elementor-element-populated\">\n\t\t\t\t\t\t<div class=\"elementor-element elementor-element-3c99088 elementor-widget elementor-widget-spacer\" data-id=\"3c99088\" data-element_type=\"widget\" data-widget_type=\"spacer.default\">\n\t\t\t\t<div class=\"elementor-widget-container\">\n\t\t\t\t\t\t\t<div class=\"elementor-spacer\">\n\t\t\t<div class=\"elementor-spacer-inner\"><\/div>\n\t\t<\/div>\n\t\t\t\t\t\t<\/div>\n\t\t\t\t<\/div>\n\t\t\t\t\t<\/div>\n\t\t<\/div>\n\t\t\t\t\t<\/div>\n\t\t<\/section>\n\t\t\t\t<section class=\"elementor-section elementor-top-section elementor-element elementor-element-5fb172f elementor-section-boxed elementor-section-height-default elementor-section-height-default\" data-id=\"5fb172f\" data-element_type=\"section\">\n\t\t\t\t\t\t<div class=\"elementor-container elementor-column-gap-default\">\n\t\t\t\t\t<div class=\"elementor-column elementor-col-50 elementor-top-column elementor-element elementor-element-c9116ee\" data-id=\"c9116ee\" data-element_type=\"column\">\n\t\t\t<div class=\"elementor-widget-wrap elementor-element-populated\">\n\t\t\t\t\t\t<div class=\"elementor-element elementor-element-ab56981 elementor-widget elementor-widget-image\" data-id=\"ab56981\" data-element_type=\"widget\" data-widget_type=\"image.default\">\n\t\t\t\t<div class=\"elementor-widget-container\">\n\t\t\t\t\t\t\t\t\t\t\t\t\t\t\t<img fetchpriority=\"high\" decoding=\"async\" width=\"1184\" height=\"783\" src=\"https:\/\/atauni.edu.tr\/guzel-sanatlar-fakultesi\/wp-content\/uploads\/sites\/485\/2025\/09\/WhatsApp-Image-2025-09-24-at-14.42.22-2-e1773219866902.jpeg\" class=\"attachment-full size-full wp-image-8934\" alt=\"\" srcset=\"https:\/\/atauni.edu.tr\/guzel-sanatlar-fakultesi\/wp-content\/uploads\/sites\/485\/2025\/09\/WhatsApp-Image-2025-09-24-at-14.42.22-2-e1773219866902.jpeg 1184w, https:\/\/atauni.edu.tr\/guzel-sanatlar-fakultesi\/wp-content\/uploads\/sites\/485\/2025\/09\/WhatsApp-Image-2025-09-24-at-14.42.22-2-e1773219866902-300x198.jpeg 300w, https:\/\/atauni.edu.tr\/guzel-sanatlar-fakultesi\/wp-content\/uploads\/sites\/485\/2025\/09\/WhatsApp-Image-2025-09-24-at-14.42.22-2-e1773219866902-1024x677.jpeg 1024w, https:\/\/atauni.edu.tr\/guzel-sanatlar-fakultesi\/wp-content\/uploads\/sites\/485\/2025\/09\/WhatsApp-Image-2025-09-24-at-14.42.22-2-e1773219866902-768x508.jpeg 768w, https:\/\/atauni.edu.tr\/guzel-sanatlar-fakultesi\/wp-content\/uploads\/sites\/485\/2025\/09\/WhatsApp-Image-2025-09-24-at-14.42.22-2-e1773219866902-600x397.jpeg 600w, https:\/\/atauni.edu.tr\/guzel-sanatlar-fakultesi\/wp-content\/uploads\/sites\/485\/2025\/09\/WhatsApp-Image-2025-09-24-at-14.42.22-2-e1773219866902-560x370.jpeg 560w\" sizes=\"(max-width: 1184px) 100vw, 1184px\" \/>\t\t\t\t\t\t\t\t\t\t\t\t\t\t\t<\/div>\n\t\t\t\t<\/div>\n\t\t\t\t\t<\/div>\n\t\t<\/div>\n\t\t\t\t<div class=\"elementor-column elementor-col-50 elementor-top-column elementor-element elementor-element-6056e32\" data-id=\"6056e32\" data-element_type=\"column\">\n\t\t\t<div class=\"elementor-widget-wrap elementor-element-populated\">\n\t\t\t\t\t\t<div class=\"elementor-element elementor-element-071428e elementor-widget elementor-widget-heading\" data-id=\"071428e\" data-element_type=\"widget\" data-widget_type=\"heading.default\">\n\t\t\t\t<div class=\"elementor-widget-container\">\n\t\t\t\t\t<h2 class=\"elementor-heading-title elementor-size-default\">Dekan'\u0131n Mesaj\u0131<\/h2>\t\t\t\t<\/div>\n\t\t\t\t<\/div>\n\t\t\t\t<div class=\"elementor-element elementor-element-c96139b elementor-widget-divider--view-line elementor-widget elementor-widget-divider\" data-id=\"c96139b\" data-element_type=\"widget\" data-widget_type=\"divider.default\">\n\t\t\t\t<div class=\"elementor-widget-container\">\n\t\t\t\t\t\t\t<div class=\"elementor-divider\">\n\t\t\t<span class=\"elementor-divider-separator\">\n\t\t\t\t\t\t<\/span>\n\t\t<\/div>\n\t\t\t\t\t\t<\/div>\n\t\t\t\t<\/div>\n\t\t\t\t<div class=\"elementor-element elementor-element-c98d670 elementor-widget elementor-widget-text-editor\" data-id=\"c98d670\" data-element_type=\"widget\" data-widget_type=\"text-editor.default\">\n\t\t\t\t<div class=\"elementor-widget-container\">\n\t\t\t\t\t\t\t\t\t<p><strong>Sevgili \u00f6\u011frencilerim, <\/strong><strong>K\u0131ymetli meslekta\u015flar\u0131m ve De\u011ferli idari \u00e7al\u0131\u015fanlar\u0131m\u0131z,<\/strong><\/p>\n<p>G\u00fczel Sanatlar Fak\u00fcltesi olarak hepimiz sanat\u0131n d\u00f6n\u00fc\u015ft\u00fcr\u00fcc\u00fc g\u00fcc\u00fcne, hayal g\u00fcc\u00fcn\u00fcn s\u0131n\u0131rs\u0131zl\u0131\u011f\u0131na ve yarat\u0131c\u0131l\u0131\u011f\u0131n birle\u015ftirici diline inanan bir toplulu\u011fun par\u00e7as\u0131y\u0131z. Her yeni ba\u015flang\u0131\u00e7 bir yandan bir takvim yapra\u011f\u0131n\u0131n de\u011fi\u015fmesi iken di\u011fer yandan yeni fikirlerin, yeni d\u00fc\u015flerin ve yeni olu\u015flar\u0131n habercisidir.<\/p>\n<p>Bu y\u0131l da at\u00f6lyelerimizde renkler co\u015facak, st\u00fcdyolar\u0131m\u0131zda sesler yank\u0131lanacak, sahnelerimizde hayatlar canland\u0131r\u0131lacak ve dersliklerimizde d\u00fc\u015f\u00fcnceler kanatlanacak.<\/p>\n<p><span style=\"letter-spacing: 0px;\">Kalbinize talibiz. Zira sanat kalbin ritmini canland\u0131rma becerisidir.<\/span><\/p>\t\t\t\t\t\t\t\t<\/div>\n\t\t\t\t<\/div>\n\t\t\t\t\t<\/div>\n\t\t<\/div>\n\t\t\t\t\t<\/div>\n\t\t<\/section>\n\t\t\t\t<section class=\"elementor-section elementor-top-section elementor-element elementor-element-9b9388c elementor-section-boxed elementor-section-height-default elementor-section-height-default\" data-id=\"9b9388c\" data-element_type=\"section\">\n\t\t\t\t\t\t<div class=\"elementor-container elementor-column-gap-default\">\n\t\t\t\t\t<div class=\"elementor-column elementor-col-100 elementor-top-column elementor-element elementor-element-defe942\" data-id=\"defe942\" data-element_type=\"column\">\n\t\t\t<div class=\"elementor-widget-wrap elementor-element-populated\">\n\t\t\t\t\t\t<div class=\"elementor-element elementor-element-d096974 elementor-widget elementor-widget-text-editor\" data-id=\"d096974\" data-element_type=\"widget\" data-widget_type=\"text-editor.default\">\n\t\t\t\t<div class=\"elementor-widget-container\">\n\t\t\t\t\t\t\t\t\t<p>\u00a0Yine, sanat bir \u015feyin estetik aktar\u0131m\u0131d\u0131r; beraberinde d\u00fcnyaya a\u00e7\u0131lan \u00f6zg\u00fcn ve ele\u015ftirel bir bak\u0131\u015ft\u0131r. Sizlerin bu bak\u0131\u015f\u0131, her \u00e7al\u0131\u015fman\u0131zda daha da derinle\u015ftirece\u011fine y\u00fcrekten inan\u0131yorum.<\/p>\n<p>Bu yolculukta akademisyenlerimizin rehberli\u011fi, \u00f6\u011frencilerimizin tutkusu ve idari kadromuzun \u00f6zverisiyle fak\u00fcltemizi daha da ileri ta\u015f\u0131yaca\u011f\u0131z. Hep birlikte eserler, bilgiler, de\u011ferler, anlamlar ve nihayetinde g\u00fc\u00e7l\u00fc yar\u0131nlar in\u015fa edece\u011fiz.<\/p>\n<p>Yeni e\u011fitim-\u00f6\u011fretim y\u0131l\u0131m\u0131z hepimize ilham, sa\u011fl\u0131k, \u00fcretkenlik ve g\u00fczellikler getirsin.<\/p>\n<p>Sevgiyle.<\/p>\t\t\t\t\t\t\t\t<\/div>\n\t\t\t\t<\/div>\n\t\t\t\t\t<\/div>\n\t\t<\/div>\n\t\t\t\t\t<\/div>\n\t\t<\/section>\n\t\t\t\t<section class=\"elementor-section elementor-top-section elementor-element elementor-element-3d7f3d1 elementor-section-boxed elementor-section-height-default elementor-section-height-default\" data-id=\"3d7f3d1\" data-element_type=\"section\">\n\t\t\t\t\t\t<div class=\"elementor-container elementor-column-gap-default\">\n\t\t\t\t\t<div class=\"elementor-column elementor-col-100 elementor-top-column elementor-element elementor-element-6fafb34\" data-id=\"6fafb34\" data-element_type=\"column\">\n\t\t\t<div class=\"elementor-widget-wrap elementor-element-populated\">\n\t\t\t\t\t\t<div class=\"elementor-element elementor-element-8a5ed01 elementor-widget elementor-widget-text-editor\" data-id=\"8a5ed01\" data-element_type=\"widget\" data-widget_type=\"text-editor.default\">\n\t\t\t\t<div class=\"elementor-widget-container\">\n\t\t\t\t\t\t\t\t\t<p><strong>Prof. Dr. B\u00fcnyamin AYDEM\u0130R<\/strong><\/p>\n<p>G\u00fczel Sanatlar Fak\u00fcltesi Dekan\u0131<\/p>\t\t\t\t\t\t\t\t<\/div>\n\t\t\t\t<\/div>\n\t\t\t\t\t<\/div>\n\t\t<\/div>\n\t\t\t\t\t<\/div>\n\t\t<\/section>\n\t\t\t\t<section class=\"elementor-section elementor-top-section elementor-element elementor-element-a5ee68a elementor-section-boxed elementor-section-height-default elementor-section-height-default\" data-id=\"a5ee68a\" data-element_type=\"section\">\n\t\t\t\t\t\t<div class=\"elementor-container elementor-column-gap-default\">\n\t\t\t\t\t<div class=\"elementor-column elementor-col-100 elementor-top-column elementor-element elementor-element-d9191d7\" data-id=\"d9191d7\" data-element_type=\"column\">\n\t\t\t<div class=\"elementor-widget-wrap elementor-element-populated\">\n\t\t\t\t\t\t<div class=\"elementor-element elementor-element-c09d5e3 elementor-widget elementor-widget-spacer\" data-id=\"c09d5e3\" data-element_type=\"widget\" data-widget_type=\"spacer.default\">\n\t\t\t\t<div class=\"elementor-widget-container\">\n\t\t\t\t\t\t\t<div class=\"elementor-spacer\">\n\t\t\t<div class=\"elementor-spacer-inner\"><\/div>\n\t\t<\/div>\n\t\t\t\t\t\t<\/div>\n\t\t\t\t<\/div>\n\t\t\t\t\t<\/div>\n\t\t<\/div>\n\t\t\t\t\t<\/div>\n\t\t<\/section>\n\t\t\t\t<\/div>\n\t\t","protected":false},"excerpt":{"rendered":"<p>Dekan&#8217;\u0131n Mesaj\u0131 Sevgili \u00f6\u011frencilerim, K\u0131ymetli meslekta\u015flar\u0131m ve De\u011ferli idari \u00e7al\u0131\u015fanlar\u0131m\u0131z, G\u00fczel Sanatlar Fak\u00fcltesi olarak hepimiz sanat\u0131n d\u00f6n\u00fc\u015ft\u00fcr\u00fcc\u00fc g\u00fcc\u00fcne, hayal g\u00fcc\u00fcn\u00fcn s\u0131n\u0131rs\u0131zl\u0131\u011f\u0131na ve yarat\u0131c\u0131l\u0131\u011f\u0131n birle\u015ftirici diline inanan bir toplulu\u011fun par\u00e7as\u0131y\u0131z. Her yeni ba\u015flang\u0131\u00e7 bir yandan bir takvim yapra\u011f\u0131n\u0131n de\u011fi\u015fmesi iken di\u011fer yandan yeni fikirlerin, yeni d\u00fc\u015flerin ve yeni olu\u015flar\u0131n habercisidir. Bu y\u0131l da at\u00f6lyelerimizde renkler co\u015facak, [&hellip;]<\/p>\n","protected":false},"author":534,"featured_media":0,"parent":0,"menu_order":0,"comment_status":"closed","ping_status":"closed","template":"elementor_header_footer","meta":{"footnotes":""},"class_list":["post-8924","page","type-page","status-publish","hentry"],"_links":{"self":[{"href":"https:\/\/atauni.edu.tr\/guzel-sanatlar-fakultesi\/wp-json\/wp\/v2\/pages\/8924","targetHints":{"allow":["GET"]}}],"collection":[{"href":"https:\/\/atauni.edu.tr\/guzel-sanatlar-fakultesi\/wp-json\/wp\/v2\/pages"}],"about":[{"href":"https:\/\/atauni.edu.tr\/guzel-sanatlar-fakultesi\/wp-json\/wp\/v2\/types\/page"}],"author":[{"embeddable":true,"href":"https:\/\/atauni.edu.tr\/guzel-sanatlar-fakultesi\/wp-json\/wp\/v2\/users\/534"}],"replies":[{"embeddable":true,"href":"https:\/\/atauni.edu.tr\/guzel-sanatlar-fakultesi\/wp-json\/wp\/v2\/comments?post=8924"}],"version-history":[{"count":24,"href":"https:\/\/atauni.edu.tr\/guzel-sanatlar-fakultesi\/wp-json\/wp\/v2\/pages\/8924\/revisions"}],"predecessor-version":[{"id":10102,"href":"https:\/\/atauni.edu.tr\/guzel-sanatlar-fakultesi\/wp-json\/wp\/v2\/pages\/8924\/revisions\/10102"}],"wp:attachment":[{"href":"https:\/\/atauni.edu.tr\/guzel-sanatlar-fakultesi\/wp-json\/wp\/v2\/media?parent=8924"}],"curies":[{"name":"wp","href":"https:\/\/api.w.org\/{rel}","templated":true}]}}