{"id":9986,"date":"2026-03-11T10:05:30","date_gmt":"2026-03-11T07:05:30","guid":{"rendered":"https:\/\/atauni.edu.tr\/guzel-sanatlar-fakultesi\/?page_id=9986"},"modified":"2026-03-11T11:16:33","modified_gmt":"2026-03-11T08:16:33","slug":"fakulte-dekani","status":"publish","type":"page","link":"https:\/\/atauni.edu.tr\/guzel-sanatlar-fakultesi\/fakulte-dekani\/","title":{"rendered":"Fak\u00fclte Dekan\u0131"},"content":{"rendered":"\t\t<div data-elementor-type=\"wp-page\" data-elementor-id=\"9986\" class=\"elementor elementor-9986\" data-elementor-post-type=\"page\">\n\t\t\t\t\t\t<section class=\"elementor-section elementor-top-section elementor-element elementor-element-ba567c0 elementor-section-boxed elementor-section-height-default elementor-section-height-default\" data-id=\"ba567c0\" data-element_type=\"section\">\n\t\t\t\t\t\t<div class=\"elementor-container elementor-column-gap-default\">\n\t\t\t\t\t<div class=\"elementor-column elementor-col-100 elementor-top-column elementor-element elementor-element-f6c34e6\" data-id=\"f6c34e6\" data-element_type=\"column\">\n\t\t\t<div class=\"elementor-widget-wrap elementor-element-populated\">\n\t\t\t\t\t\t<div class=\"elementor-element elementor-element-fa19812 elementor-widget elementor-widget-spacer\" data-id=\"fa19812\" data-element_type=\"widget\" data-widget_type=\"spacer.default\">\n\t\t\t\t<div class=\"elementor-widget-container\">\n\t\t\t\t\t\t\t<div class=\"elementor-spacer\">\n\t\t\t<div class=\"elementor-spacer-inner\"><\/div>\n\t\t<\/div>\n\t\t\t\t\t\t<\/div>\n\t\t\t\t<\/div>\n\t\t\t\t\t<\/div>\n\t\t<\/div>\n\t\t\t\t\t<\/div>\n\t\t<\/section>\n\t\t\t\t<section class=\"elementor-section elementor-top-section elementor-element elementor-element-a8b0c7c elementor-section-boxed elementor-section-height-default elementor-section-height-default\" data-id=\"a8b0c7c\" data-element_type=\"section\">\n\t\t\t\t\t\t<div class=\"elementor-container elementor-column-gap-default\">\n\t\t\t\t\t<div class=\"elementor-column elementor-col-100 elementor-top-column elementor-element elementor-element-1d82f0b\" data-id=\"1d82f0b\" data-element_type=\"column\">\n\t\t\t<div class=\"elementor-widget-wrap elementor-element-populated\">\n\t\t\t\t\t\t<div class=\"elementor-element elementor-element-bb3d378 elementor-widget elementor-widget-heading\" data-id=\"bb3d378\" data-element_type=\"widget\" data-widget_type=\"heading.default\">\n\t\t\t\t<div class=\"elementor-widget-container\">\n\t\t\t\t\t<h2 class=\"elementor-heading-title elementor-size-default\">Fak\u00fclte Dekan\u0131<\/h2>\t\t\t\t<\/div>\n\t\t\t\t<\/div>\n\t\t\t\t<div class=\"elementor-element elementor-element-c81e604 elementor-widget-divider--view-line elementor-widget elementor-widget-divider\" data-id=\"c81e604\" data-element_type=\"widget\" data-widget_type=\"divider.default\">\n\t\t\t\t<div class=\"elementor-widget-container\">\n\t\t\t\t\t\t\t<div class=\"elementor-divider\">\n\t\t\t<span class=\"elementor-divider-separator\">\n\t\t\t\t\t\t<\/span>\n\t\t<\/div>\n\t\t\t\t\t\t<\/div>\n\t\t\t\t<\/div>\n\t\t\t\t<div class=\"elementor-element elementor-element-113a5a5 elementor-widget elementor-widget-spacer\" data-id=\"113a5a5\" data-element_type=\"widget\" data-widget_type=\"spacer.default\">\n\t\t\t\t<div class=\"elementor-widget-container\">\n\t\t\t\t\t\t\t<div class=\"elementor-spacer\">\n\t\t\t<div class=\"elementor-spacer-inner\"><\/div>\n\t\t<\/div>\n\t\t\t\t\t\t<\/div>\n\t\t\t\t<\/div>\n\t\t\t\t\t<\/div>\n\t\t<\/div>\n\t\t\t\t\t<\/div>\n\t\t<\/section>\n\t\t\t\t<section class=\"elementor-section elementor-top-section elementor-element elementor-element-e3f9559 elementor-section-boxed elementor-section-height-default elementor-section-height-default\" data-id=\"e3f9559\" data-element_type=\"section\">\n\t\t\t\t\t\t<div class=\"elementor-container elementor-column-gap-default\">\n\t\t\t\t\t<div class=\"elementor-column elementor-col-100 elementor-top-column elementor-element elementor-element-3a4e363\" data-id=\"3a4e363\" data-element_type=\"column\">\n\t\t\t<div class=\"elementor-widget-wrap elementor-element-populated\">\n\t\t\t\t\t\t<section class=\"elementor-section elementor-inner-section elementor-element elementor-element-2b9880a elementor-section-boxed elementor-section-height-default elementor-section-height-default\" data-id=\"2b9880a\" data-element_type=\"section\">\n\t\t\t\t\t\t<div class=\"elementor-container elementor-column-gap-default\">\n\t\t\t\t\t<div class=\"elementor-column elementor-col-50 elementor-inner-column elementor-element elementor-element-5db84eb\" data-id=\"5db84eb\" data-element_type=\"column\">\n\t\t\t<div class=\"elementor-widget-wrap elementor-element-populated\">\n\t\t\t\t\t\t<div class=\"elementor-element elementor-element-a646a89 elementor-widget elementor-widget-image\" data-id=\"a646a89\" data-element_type=\"widget\" data-widget_type=\"image.default\">\n\t\t\t\t<div class=\"elementor-widget-container\">\n\t\t\t\t\t\t\t\t\t\t\t\t\t\t\t\t<a href=\"https:\/\/avesis.atauni.edu.tr\/bunyamin.aydemir\">\n\t\t\t\t\t\t\t<img fetchpriority=\"high\" decoding=\"async\" width=\"663\" height=\"685\" src=\"https:\/\/atauni.edu.tr\/guzel-sanatlar-fakultesi\/wp-content\/uploads\/sites\/485\/2026\/03\/WhatsApp-Image-2026-02-05-at-16.35.50.jpeg\" class=\"attachment-large size-large wp-image-9989\" alt=\"\" srcset=\"https:\/\/atauni.edu.tr\/guzel-sanatlar-fakultesi\/wp-content\/uploads\/sites\/485\/2026\/03\/WhatsApp-Image-2026-02-05-at-16.35.50.jpeg 663w, https:\/\/atauni.edu.tr\/guzel-sanatlar-fakultesi\/wp-content\/uploads\/sites\/485\/2026\/03\/WhatsApp-Image-2026-02-05-at-16.35.50-290x300.jpeg 290w, https:\/\/atauni.edu.tr\/guzel-sanatlar-fakultesi\/wp-content\/uploads\/sites\/485\/2026\/03\/WhatsApp-Image-2026-02-05-at-16.35.50-581x600.jpeg 581w, https:\/\/atauni.edu.tr\/guzel-sanatlar-fakultesi\/wp-content\/uploads\/sites\/485\/2026\/03\/WhatsApp-Image-2026-02-05-at-16.35.50-542x560.jpeg 542w\" sizes=\"(max-width: 663px) 100vw, 663px\" \/>\t\t\t\t\t\t\t\t<\/a>\n\t\t\t\t\t\t\t\t\t\t\t\t\t\t\t<\/div>\n\t\t\t\t<\/div>\n\t\t\t\t\t<\/div>\n\t\t<\/div>\n\t\t\t\t<div class=\"elementor-column elementor-col-50 elementor-inner-column elementor-element elementor-element-3e1f717\" data-id=\"3e1f717\" data-element_type=\"column\">\n\t\t\t<div class=\"elementor-widget-wrap elementor-element-populated\">\n\t\t\t\t\t\t<div class=\"elementor-element elementor-element-6258510 elementor-widget elementor-widget-heading\" data-id=\"6258510\" data-element_type=\"widget\" data-widget_type=\"heading.default\">\n\t\t\t\t<div class=\"elementor-widget-container\">\n\t\t\t\t\t<h2 class=\"elementor-heading-title elementor-size-default\"><a href=\"https:\/\/avesis.atauni.edu.tr\/bunyamin.aydemir\">Prof.Dr. B\u00fcnyamin AYDEM\u0130R<\/a><\/h2>\t\t\t\t<\/div>\n\t\t\t\t<\/div>\n\t\t\t\t<div class=\"elementor-element elementor-element-69bcf53 elementor-widget__width-initial elementor-widget elementor-widget-text-editor\" data-id=\"69bcf53\" data-element_type=\"widget\" data-widget_type=\"text-editor.default\">\n\t\t\t\t<div class=\"elementor-widget-container\">\n\t\t\t\t\t\t\t\t\t<p><strong>Kadro Birimi : <\/strong>G\u00fczel Sanatlar Fak\u00fcltesi, Sahne Sanatlar\u0131, Dramatik Yazarl\u0131k Anasanat Dal\u0131<\/p><p><strong>Telefon:<\/strong> 0442 231 5013\u00a0<\/p><p><strong>Eposta:<\/strong> bunyamin.aydemir@atauni.edu.tr<\/p>\t\t\t\t\t\t\t\t<\/div>\n\t\t\t\t<\/div>\n\t\t\t\t\t<\/div>\n\t\t<\/div>\n\t\t\t\t\t<\/div>\n\t\t<\/section>\n\t\t\t\t\t<\/div>\n\t\t<\/div>\n\t\t\t\t\t<\/div>\n\t\t<\/section>\n\t\t\t\t<section class=\"elementor-section elementor-top-section elementor-element elementor-element-e318a36 elementor-section-boxed elementor-section-height-default elementor-section-height-default\" data-id=\"e318a36\" data-element_type=\"section\">\n\t\t\t\t\t\t<div class=\"elementor-container elementor-column-gap-default\">\n\t\t\t\t\t<div class=\"elementor-column elementor-col-100 elementor-top-column elementor-element elementor-element-31b4ec9\" data-id=\"31b4ec9\" data-element_type=\"column\">\n\t\t\t<div class=\"elementor-widget-wrap elementor-element-populated\">\n\t\t\t\t\t\t<div class=\"elementor-element elementor-element-f3b7e2a elementor-widget elementor-widget-spacer\" data-id=\"f3b7e2a\" data-element_type=\"widget\" data-widget_type=\"spacer.default\">\n\t\t\t\t<div class=\"elementor-widget-container\">\n\t\t\t\t\t\t\t<div class=\"elementor-spacer\">\n\t\t\t<div class=\"elementor-spacer-inner\"><\/div>\n\t\t<\/div>\n\t\t\t\t\t\t<\/div>\n\t\t\t\t<\/div>\n\t\t\t\t\t<\/div>\n\t\t<\/div>\n\t\t\t\t\t<\/div>\n\t\t<\/section>\n\t\t\t\t<\/div>\n\t\t","protected":false},"excerpt":{"rendered":"<p>Fak\u00fclte Dekan\u0131 Prof.Dr. B\u00fcnyamin AYDEM\u0130R Kadro Birimi : G\u00fczel Sanatlar Fak\u00fcltesi, Sahne Sanatlar\u0131, Dramatik Yazarl\u0131k Anasanat Dal\u0131 Telefon: 0442 231 5013\u00a0 Eposta: bunyamin.aydemir@atauni.edu.tr<\/p>\n","protected":false},"author":239,"featured_media":0,"parent":0,"menu_order":0,"comment_status":"closed","ping_status":"closed","template":"elementor_header_footer","meta":{"footnotes":""},"class_list":["post-9986","page","type-page","status-publish","hentry"],"_links":{"self":[{"href":"https:\/\/atauni.edu.tr\/guzel-sanatlar-fakultesi\/wp-json\/wp\/v2\/pages\/9986","targetHints":{"allow":["GET"]}}],"collection":[{"href":"https:\/\/atauni.edu.tr\/guzel-sanatlar-fakultesi\/wp-json\/wp\/v2\/pages"}],"about":[{"href":"https:\/\/atauni.edu.tr\/guzel-sanatlar-fakultesi\/wp-json\/wp\/v2\/types\/page"}],"author":[{"embeddable":true,"href":"https:\/\/atauni.edu.tr\/guzel-sanatlar-fakultesi\/wp-json\/wp\/v2\/users\/239"}],"replies":[{"embeddable":true,"href":"https:\/\/atauni.edu.tr\/guzel-sanatlar-fakultesi\/wp-json\/wp\/v2\/comments?post=9986"}],"version-history":[{"count":16,"href":"https:\/\/atauni.edu.tr\/guzel-sanatlar-fakultesi\/wp-json\/wp\/v2\/pages\/9986\/revisions"}],"predecessor-version":[{"id":10041,"href":"https:\/\/atauni.edu.tr\/guzel-sanatlar-fakultesi\/wp-json\/wp\/v2\/pages\/9986\/revisions\/10041"}],"wp:attachment":[{"href":"https:\/\/atauni.edu.tr\/guzel-sanatlar-fakultesi\/wp-json\/wp\/v2\/media?parent=9986"}],"curies":[{"name":"wp","href":"https:\/\/api.w.org\/{rel}","templated":true}]}}