{"id":5638,"date":"2021-07-13T09:49:25","date_gmt":"2021-07-13T06:49:25","guid":{"rendered":"https:\/\/portaltest.atauni.edu.tr\/bilgisayar-muhendisligi\/?page_id=5638"},"modified":"2022-03-02T15:42:00","modified_gmt":"2022-03-02T12:42:00","slug":"tarihce","status":"publish","type":"page","link":"https:\/\/atauni.edu.tr\/halicilik-egitim-merkezi\/tarihce\/","title":{"rendered":"Tarih\u00e7e"},"content":{"rendered":"\t\t<div data-elementor-type=\"wp-page\" data-elementor-id=\"5638\" class=\"elementor elementor-5638\" data-elementor-post-type=\"page\">\n\t\t\t\t\t\t<section class=\"elementor-section elementor-top-section elementor-element elementor-element-730d320 elementor-section-boxed elementor-section-height-default elementor-section-height-default\" data-id=\"730d320\" data-element_type=\"section\">\n\t\t\t\t\t\t<div class=\"elementor-container elementor-column-gap-default\">\n\t\t\t\t\t<div class=\"elementor-column elementor-col-100 elementor-top-column elementor-element elementor-element-753d0860\" data-id=\"753d0860\" data-element_type=\"column\">\n\t\t\t<div class=\"elementor-widget-wrap\">\n\t\t\t\t\t\t\t<\/div>\n\t\t<\/div>\n\t\t\t\t\t<\/div>\n\t\t<\/section>\n\t\t\t\t<section class=\"elementor-section elementor-top-section elementor-element elementor-element-9be811a elementor-section-boxed elementor-section-height-default elementor-section-height-default\" data-id=\"9be811a\" data-element_type=\"section\">\n\t\t\t\t\t\t<div class=\"elementor-container elementor-column-gap-default\">\n\t\t\t\t\t<div class=\"elementor-column elementor-col-100 elementor-top-column elementor-element elementor-element-1ed847b7\" data-id=\"1ed847b7\" data-element_type=\"column\">\n\t\t\t<div class=\"elementor-widget-wrap elementor-element-populated\">\n\t\t\t\t\t\t<div class=\"elementor-element elementor-element-4ce0d07f elementor-widget elementor-widget-heading\" data-id=\"4ce0d07f\" data-element_type=\"widget\" data-widget_type=\"heading.default\">\n\t\t\t\t<div class=\"elementor-widget-container\">\n\t\t\t\t\t<h2 class=\"elementor-heading-title elementor-size-default\">HALICILIK E\u011e\u0130T\u0130M MERKEZ\u0130 TAR\u0130H\u0130M\u0130Z<\/h2>\t\t\t\t<\/div>\n\t\t\t\t<\/div>\n\t\t\t\t<div class=\"elementor-element elementor-element-63260862 elementor-widget-divider--view-line elementor-widget elementor-widget-divider\" data-id=\"63260862\" data-element_type=\"widget\" data-widget_type=\"divider.default\">\n\t\t\t\t<div class=\"elementor-widget-container\">\n\t\t\t\t\t\t\t<div class=\"elementor-divider\">\n\t\t\t<span class=\"elementor-divider-separator\">\n\t\t\t\t\t\t<\/span>\n\t\t<\/div>\n\t\t\t\t\t\t<\/div>\n\t\t\t\t<\/div>\n\t\t\t\t\t<\/div>\n\t\t<\/div>\n\t\t\t\t\t<\/div>\n\t\t<\/section>\n\t\t\t\t<section class=\"elementor-section elementor-top-section elementor-element elementor-element-681db8b elementor-section-boxed elementor-section-height-default elementor-section-height-default\" data-id=\"681db8b\" data-element_type=\"section\">\n\t\t\t\t\t\t<div class=\"elementor-container elementor-column-gap-default\">\n\t\t\t\t\t<div class=\"elementor-column elementor-col-100 elementor-top-column elementor-element elementor-element-ad4dac5\" data-id=\"ad4dac5\" data-element_type=\"column\">\n\t\t\t<div class=\"elementor-widget-wrap elementor-element-populated\">\n\t\t\t\t\t\t<div class=\"elementor-element elementor-element-2f96b3d elementor-widget elementor-widget-text-editor\" data-id=\"2f96b3d\" data-element_type=\"widget\" data-widget_type=\"text-editor.default\">\n\t\t\t\t<div class=\"elementor-widget-container\">\n\t\t\t\t\t\t\t\t\t<p>Atat\u00fcrk \u00dcniversitesi Hal\u0131c\u0131l\u0131k E\u011fitim Merkezi, 17.04.1962 y\u0131l\u0131nda 22 tezg\u00e2hl\u0131 k\u00fc\u00e7\u00fck bir at\u00f6lye \u015feklinde kurulmu\u015ftur.<\/p><p>Kurulu\u015f daha sonra \u00e7\u0131kar\u0131lan 14.03.1972 tarih ve 1573 say\u0131l\u0131 yasa ile \u201cEnstit\u00fc\u201d haline d\u00f6n\u00fc\u015ft\u00fcr\u00fclerek, el sanatlar\u0131 alan\u0131nda ara\u015ft\u0131rma, yeti\u015ftirme ve \u00f6zellikle k\u00f6ye y\u00f6nelmi\u015f yay\u0131m hizmetleri yapmakla g\u00f6revlendirilmi\u015ftir.<\/p><p>2547 Say\u0131l\u0131 Y\u00fcksek\u00f6\u011fretim Kanunun y\u00fcr\u00fcrl\u00fc\u011fe girmesi ve bu konuda Enstit\u00fclerin \u201cAkademik Organlar\u201d olarak tan\u0131mlanmas\u0131 \u00fczerine, kurulu\u015fun stat\u00fcs\u00fcn\u00fcn ne \u015fekilde devam edece\u011fi hususu Y\u00fcksek\u00f6\u011fretim Kurulu Ba\u015fkanl\u0131\u011f\u0131ndan sorulmu\u015f ve al\u0131nan g\u00f6r\u00fc\u015fler do\u011frultusunda \u00dcniversitemiz Y\u00f6netim Kurulunun 13.11.1985\/18\u2013119-b say\u0131l\u0131 kararlar\u0131 ile \u201cHal\u0131c\u0131l\u0131k E\u011fitim Merkezi\u201d ad\u0131 alt\u0131nda Rekt\u00f6rl\u00fc\u011fe ba\u011fl\u0131 olarak faaliyetlerini s\u00fcrd\u00fcrmesine karar verilmi\u015ftir.<\/p><p>\u0130leti\u015fim, bas\u0131n ve yay\u0131n\u0131n ba\u015f d\u00f6nd\u00fcr\u00fcc\u00fc seyri i\u00e7inde \u00fclke s\u0131n\u0131rlar\u0131n\u0131 a\u015fan k\u00fclt\u00fcrel etkile\u015fim h\u0131zla yay\u0131lmas\u0131yla geleneklerin ya\u015fat\u0131lmas\u0131, k\u00fclt\u00fcrel varl\u0131klar\u0131n korunarak gelecek ku\u015faklara aktar\u0131lmas\u0131 neredeyse imk\u00e2ns\u0131z hale gelmektedir.<\/p><p>B\u00fct\u00fcn bu geli\u015fmelerin aras\u0131nda azda olsa ya\u015fat\u0131lmaya \u00e7al\u0131\u015f\u0131lan dokumalar\u0131m\u0131z, belli merkezlerde yo\u011funla\u015fm\u0131\u015f, bunlar\u0131n d\u0131\u015f\u0131nda kalan y\u00f6relerde ise sadece ar\u015fivlerde kalm\u0131\u015f, hatta baz\u0131 y\u00f6relerde kaybolup gitmi\u015ftir. Bu \u015fartlar alt\u0131nda Erzurum\u2019da dikkat \u00e7ekecek derecede geleneksel dokumalar\u0131n yap\u0131ld\u0131\u011f\u0131n\u0131, hatta baz\u0131 dokuma t\u00fcrlerinin kompozisyonlar\u0131yla birlikte korundu\u011funu g\u00f6rmekteyiz. Ba\u015fta Atat\u00fcrk \u00dcniversitesi Hal\u0131c\u0131l\u0131k E\u011fitim Merkezi olmak \u00fczere \u00f6zel sekt\u00f6r, Sivil Toplum Kurulu\u015flar\u0131, Belediye ve Halk E\u011fitim Merkezleri yo\u011fun gayret g\u00f6stermektedirler.<\/p>\t\t\t\t\t\t\t\t<\/div>\n\t\t\t\t<\/div>\n\t\t\t\t\t<\/div>\n\t\t<\/div>\n\t\t\t\t\t<\/div>\n\t\t<\/section>\n\t\t\t\t<section class=\"elementor-section elementor-top-section elementor-element elementor-element-8cb40dc elementor-section-boxed elementor-section-height-default elementor-section-height-default\" data-id=\"8cb40dc\" data-element_type=\"section\">\n\t\t\t\t\t\t<div class=\"elementor-container elementor-column-gap-default\">\n\t\t\t\t\t<div class=\"elementor-column elementor-col-100 elementor-top-column elementor-element elementor-element-22b96dc\" data-id=\"22b96dc\" data-element_type=\"column\">\n\t\t\t<div class=\"elementor-widget-wrap\">\n\t\t\t\t\t\t\t<\/div>\n\t\t<\/div>\n\t\t\t\t\t<\/div>\n\t\t<\/section>\n\t\t\t\t<section class=\"elementor-section elementor-top-section elementor-element elementor-element-1ddf010 elementor-section-boxed elementor-section-height-default elementor-section-height-default\" data-id=\"1ddf010\" data-element_type=\"section\">\n\t\t\t\t\t\t<div class=\"elementor-container elementor-column-gap-default\">\n\t\t\t\t\t<div class=\"elementor-column elementor-col-100 elementor-top-column elementor-element elementor-element-69852dc\" data-id=\"69852dc\" data-element_type=\"column\">\n\t\t\t<div class=\"elementor-widget-wrap elementor-element-populated\">\n\t\t\t\t\t\t<div class=\"elementor-element elementor-element-377e448 elementor-widget elementor-widget-text-editor\" data-id=\"377e448\" data-element_type=\"widget\" data-widget_type=\"text-editor.default\">\n\t\t\t\t<div class=\"elementor-widget-container\">\n\t\t\t\t\t\t\t\t\t<p><strong>Atat\u00fcrk \u00dcniversitesi Hal\u0131c\u0131l\u0131k E\u011fitim Merkezi, 17.04.1962 y\u0131l\u0131nda 22 tezg\u00e2hl\u0131 k\u00fc\u00e7\u00fck bir at\u00f6lye \u015feklinde kurulmu\u015ftur.<\/strong><\/p>\t\t\t\t\t\t\t\t<\/div>\n\t\t\t\t<\/div>\n\t\t\t\t\t<\/div>\n\t\t<\/div>\n\t\t\t\t\t<\/div>\n\t\t<\/section>\n\t\t\t\t<section class=\"elementor-section elementor-top-section elementor-element elementor-element-6adc116 elementor-section-boxed elementor-section-height-default elementor-section-height-default\" data-id=\"6adc116\" data-element_type=\"section\">\n\t\t\t\t\t\t<div class=\"elementor-container elementor-column-gap-default\">\n\t\t\t\t\t<div class=\"elementor-column elementor-col-100 elementor-top-column elementor-element elementor-element-d834bad\" data-id=\"d834bad\" data-element_type=\"column\">\n\t\t\t<div class=\"elementor-widget-wrap elementor-element-populated\">\n\t\t\t\t\t\t<div class=\"elementor-element elementor-element-0521dcc elementor-widget elementor-widget-gallery\" data-id=\"0521dcc\" data-element_type=\"widget\" data-settings=\"{&quot;lazyload&quot;:&quot;yes&quot;,&quot;gallery_layout&quot;:&quot;grid&quot;,&quot;columns&quot;:4,&quot;columns_tablet&quot;:2,&quot;columns_mobile&quot;:1,&quot;gap&quot;:{&quot;unit&quot;:&quot;px&quot;,&quot;size&quot;:10,&quot;sizes&quot;:[]},&quot;gap_tablet&quot;:{&quot;unit&quot;:&quot;px&quot;,&quot;size&quot;:10,&quot;sizes&quot;:[]},&quot;gap_mobile&quot;:{&quot;unit&quot;:&quot;px&quot;,&quot;size&quot;:10,&quot;sizes&quot;:[]},&quot;link_to&quot;:&quot;file&quot;,&quot;aspect_ratio&quot;:&quot;3:2&quot;,&quot;overlay_background&quot;:&quot;yes&quot;,&quot;content_hover_animation&quot;:&quot;fade-in&quot;}\" data-widget_type=\"gallery.default\">\n\t\t\t\t<div class=\"elementor-widget-container\">\n\t\t\t\t\t\t\t<div class=\"elementor-gallery__container\">\n\t\t\t\t\t\t\t<a class=\"e-gallery-item elementor-gallery-item elementor-animated-content\" href=\"https:\/\/atauni.edu.tr\/halicilik-egitim-merkezi\/wp-content\/uploads\/sites\/503\/2020\/07\/img157-280x240-218x187-1.jpg\" data-elementor-open-lightbox=\"yes\" data-elementor-lightbox-slideshow=\"0521dcc\" data-elementor-lightbox-title=\"img157-280x240-218x187\" data-e-action-hash=\"#elementor-action%3Aaction%3Dlightbox%26settings%3DeyJpZCI6NjE5MywidXJsIjoiaHR0cHM6XC9cL2F0YXVuaS5lZHUudHJcL2hhbGljaWxpay1lZ2l0aW0tbWVya2V6aVwvd3AtY29udGVudFwvdXBsb2Fkc1wvc2l0ZXNcLzUwM1wvMjAyMFwvMDdcL2ltZzE1Ny0yODB4MjQwLTIxOHgxODctMS5qcGciLCJzbGlkZXNob3ciOiIwNTIxZGNjIn0%3D\">\n\t\t\t\t\t<div class=\"e-gallery-image elementor-gallery-item__image\" data-thumbnail=\"https:\/\/atauni.edu.tr\/halicilik-egitim-merkezi\/wp-content\/uploads\/sites\/503\/2020\/07\/img157-280x240-218x187-1.jpg\" data-width=\"218\" data-height=\"187\" aria-label=\"\" role=\"img\" ><\/div>\n\t\t\t\t\t\t\t\t\t\t\t<div class=\"elementor-gallery-item__overlay\"><\/div>\n\t\t\t\t\t\t\t\t\t\t\t\t\t\t<\/a>\n\t\t\t\t\t\t\t<a class=\"e-gallery-item elementor-gallery-item elementor-animated-content\" href=\"https:\/\/atauni.edu.tr\/halicilik-egitim-merkezi\/wp-content\/uploads\/sites\/503\/2020\/07\/img160-280x240-150x150-1.jpg\" data-elementor-open-lightbox=\"yes\" data-elementor-lightbox-slideshow=\"0521dcc\" data-elementor-lightbox-title=\"img160-280x240-150x150\" data-e-action-hash=\"#elementor-action%3Aaction%3Dlightbox%26settings%3DeyJpZCI6NjE5NCwidXJsIjoiaHR0cHM6XC9cL2F0YXVuaS5lZHUudHJcL2hhbGljaWxpay1lZ2l0aW0tbWVya2V6aVwvd3AtY29udGVudFwvdXBsb2Fkc1wvc2l0ZXNcLzUwM1wvMjAyMFwvMDdcL2ltZzE2MC0yODB4MjQwLTE1MHgxNTAtMS5qcGciLCJzbGlkZXNob3ciOiIwNTIxZGNjIn0%3D\">\n\t\t\t\t\t<div class=\"e-gallery-image elementor-gallery-item__image\" data-thumbnail=\"https:\/\/atauni.edu.tr\/halicilik-egitim-merkezi\/wp-content\/uploads\/sites\/503\/2020\/07\/img160-280x240-150x150-1.jpg\" data-width=\"150\" data-height=\"150\" aria-label=\"\" role=\"img\" ><\/div>\n\t\t\t\t\t\t\t\t\t\t\t<div class=\"elementor-gallery-item__overlay\"><\/div>\n\t\t\t\t\t\t\t\t\t\t\t\t\t\t<\/a>\n\t\t\t\t\t\t\t<a class=\"e-gallery-item elementor-gallery-item elementor-animated-content\" href=\"https:\/\/atauni.edu.tr\/halicilik-egitim-merkezi\/wp-content\/uploads\/sites\/503\/2020\/07\/41-200x190-197x187-1.jpg\" data-elementor-open-lightbox=\"yes\" data-elementor-lightbox-slideshow=\"0521dcc\" data-elementor-lightbox-title=\"41-200x190-197x187\" data-e-action-hash=\"#elementor-action%3Aaction%3Dlightbox%26settings%3DeyJpZCI6NjE5MiwidXJsIjoiaHR0cHM6XC9cL2F0YXVuaS5lZHUudHJcL2hhbGljaWxpay1lZ2l0aW0tbWVya2V6aVwvd3AtY29udGVudFwvdXBsb2Fkc1wvc2l0ZXNcLzUwM1wvMjAyMFwvMDdcLzQxLTIwMHgxOTAtMTk3eDE4Ny0xLmpwZyIsInNsaWRlc2hvdyI6IjA1MjFkY2MifQ%3D%3D\">\n\t\t\t\t\t<div class=\"e-gallery-image elementor-gallery-item__image\" data-thumbnail=\"https:\/\/atauni.edu.tr\/halicilik-egitim-merkezi\/wp-content\/uploads\/sites\/503\/2020\/07\/41-200x190-197x187-1.jpg\" data-width=\"197\" data-height=\"187\" aria-label=\"\" role=\"img\" ><\/div>\n\t\t\t\t\t\t\t\t\t\t\t<div class=\"elementor-gallery-item__overlay\"><\/div>\n\t\t\t\t\t\t\t\t\t\t\t\t\t\t<\/a>\n\t\t\t\t\t\t\t<a class=\"e-gallery-item elementor-gallery-item elementor-animated-content\" href=\"https:\/\/atauni.edu.tr\/halicilik-egitim-merkezi\/wp-content\/uploads\/sites\/503\/2020\/07\/img162-280x240-150x150-1.jpg\" data-elementor-open-lightbox=\"yes\" data-elementor-lightbox-slideshow=\"0521dcc\" data-elementor-lightbox-title=\"img162-280x240-150x150\" data-e-action-hash=\"#elementor-action%3Aaction%3Dlightbox%26settings%3DeyJpZCI6NjE5NywidXJsIjoiaHR0cHM6XC9cL2F0YXVuaS5lZHUudHJcL2hhbGljaWxpay1lZ2l0aW0tbWVya2V6aVwvd3AtY29udGVudFwvdXBsb2Fkc1wvc2l0ZXNcLzUwM1wvMjAyMFwvMDdcL2ltZzE2Mi0yODB4MjQwLTE1MHgxNTAtMS5qcGciLCJzbGlkZXNob3ciOiIwNTIxZGNjIn0%3D\">\n\t\t\t\t\t<div class=\"e-gallery-image elementor-gallery-item__image\" data-thumbnail=\"https:\/\/atauni.edu.tr\/halicilik-egitim-merkezi\/wp-content\/uploads\/sites\/503\/2020\/07\/img162-280x240-150x150-1.jpg\" data-width=\"150\" data-height=\"150\" aria-label=\"\" role=\"img\" ><\/div>\n\t\t\t\t\t\t\t\t\t\t\t<div class=\"elementor-gallery-item__overlay\"><\/div>\n\t\t\t\t\t\t\t\t\t\t\t\t\t\t<\/a>\n\t\t\t\t\t\t\t<a class=\"e-gallery-item elementor-gallery-item elementor-animated-content\" href=\"https:\/\/atauni.edu.tr\/halicilik-egitim-merkezi\/wp-content\/uploads\/sites\/503\/2020\/07\/img161-280x240-150x150-1.jpg\" data-elementor-open-lightbox=\"yes\" data-elementor-lightbox-slideshow=\"0521dcc\" data-elementor-lightbox-title=\"img161-280x240-150x150\" data-e-action-hash=\"#elementor-action%3Aaction%3Dlightbox%26settings%3DeyJpZCI6NjE5NSwidXJsIjoiaHR0cHM6XC9cL2F0YXVuaS5lZHUudHJcL2hhbGljaWxpay1lZ2l0aW0tbWVya2V6aVwvd3AtY29udGVudFwvdXBsb2Fkc1wvc2l0ZXNcLzUwM1wvMjAyMFwvMDdcL2ltZzE2MS0yODB4MjQwLTE1MHgxNTAtMS5qcGciLCJzbGlkZXNob3ciOiIwNTIxZGNjIn0%3D\">\n\t\t\t\t\t<div class=\"e-gallery-image elementor-gallery-item__image\" data-thumbnail=\"https:\/\/atauni.edu.tr\/halicilik-egitim-merkezi\/wp-content\/uploads\/sites\/503\/2020\/07\/img161-280x240-150x150-1.jpg\" data-width=\"150\" data-height=\"150\" aria-label=\"\" role=\"img\" ><\/div>\n\t\t\t\t\t\t\t\t\t\t\t<div class=\"elementor-gallery-item__overlay\"><\/div>\n\t\t\t\t\t\t\t\t\t\t\t\t\t\t<\/a>\n\t\t\t\t\t\t\t<a class=\"e-gallery-item elementor-gallery-item elementor-animated-content\" href=\"https:\/\/atauni.edu.tr\/halicilik-egitim-merkezi\/wp-content\/uploads\/sites\/503\/2020\/07\/51-200x190-150x150-1.jpg\" data-elementor-open-lightbox=\"yes\" data-elementor-lightbox-slideshow=\"0521dcc\" data-elementor-lightbox-title=\"51-200x190-150x150\" data-e-action-hash=\"#elementor-action%3Aaction%3Dlightbox%26settings%3DeyJpZCI6NjE5OCwidXJsIjoiaHR0cHM6XC9cL2F0YXVuaS5lZHUudHJcL2hhbGljaWxpay1lZ2l0aW0tbWVya2V6aVwvd3AtY29udGVudFwvdXBsb2Fkc1wvc2l0ZXNcLzUwM1wvMjAyMFwvMDdcLzUxLTIwMHgxOTAtMTUweDE1MC0xLmpwZyIsInNsaWRlc2hvdyI6IjA1MjFkY2MifQ%3D%3D\">\n\t\t\t\t\t<div class=\"e-gallery-image elementor-gallery-item__image\" data-thumbnail=\"https:\/\/atauni.edu.tr\/halicilik-egitim-merkezi\/wp-content\/uploads\/sites\/503\/2020\/07\/51-200x190-150x150-1.jpg\" data-width=\"150\" data-height=\"150\" aria-label=\"\" role=\"img\" ><\/div>\n\t\t\t\t\t\t\t\t\t\t\t<div class=\"elementor-gallery-item__overlay\"><\/div>\n\t\t\t\t\t\t\t\t\t\t\t\t\t\t<\/a>\n\t\t\t\t\t\t\t<a class=\"e-gallery-item elementor-gallery-item elementor-animated-content\" href=\"https:\/\/atauni.edu.tr\/halicilik-egitim-merkezi\/wp-content\/uploads\/sites\/503\/2020\/07\/31-200x190-1.jpg\" data-elementor-open-lightbox=\"yes\" data-elementor-lightbox-slideshow=\"0521dcc\" data-elementor-lightbox-title=\"31-200x190\" data-e-action-hash=\"#elementor-action%3Aaction%3Dlightbox%26settings%3DeyJpZCI6NjE5MSwidXJsIjoiaHR0cHM6XC9cL2F0YXVuaS5lZHUudHJcL2hhbGljaWxpay1lZ2l0aW0tbWVya2V6aVwvd3AtY29udGVudFwvdXBsb2Fkc1wvc2l0ZXNcLzUwM1wvMjAyMFwvMDdcLzMxLTIwMHgxOTAtMS5qcGciLCJzbGlkZXNob3ciOiIwNTIxZGNjIn0%3D\">\n\t\t\t\t\t<div class=\"e-gallery-image elementor-gallery-item__image\" data-thumbnail=\"https:\/\/atauni.edu.tr\/halicilik-egitim-merkezi\/wp-content\/uploads\/sites\/503\/2020\/07\/31-200x190-1.jpg\" data-width=\"200\" data-height=\"190\" aria-label=\"\" role=\"img\" ><\/div>\n\t\t\t\t\t\t\t\t\t\t\t<div class=\"elementor-gallery-item__overlay\"><\/div>\n\t\t\t\t\t\t\t\t\t\t\t\t\t\t<\/a>\n\t\t\t\t\t\t\t<a class=\"e-gallery-item elementor-gallery-item elementor-animated-content\" href=\"https:\/\/atauni.edu.tr\/halicilik-egitim-merkezi\/wp-content\/uploads\/sites\/503\/2020\/07\/11-200x190-197x187-1.jpg\" data-elementor-open-lightbox=\"yes\" data-elementor-lightbox-slideshow=\"0521dcc\" data-elementor-lightbox-title=\"11-200x190-197x187\" data-e-action-hash=\"#elementor-action%3Aaction%3Dlightbox%26settings%3DeyJpZCI6NjE5MCwidXJsIjoiaHR0cHM6XC9cL2F0YXVuaS5lZHUudHJcL2hhbGljaWxpay1lZ2l0aW0tbWVya2V6aVwvd3AtY29udGVudFwvdXBsb2Fkc1wvc2l0ZXNcLzUwM1wvMjAyMFwvMDdcLzExLTIwMHgxOTAtMTk3eDE4Ny0xLmpwZyIsInNsaWRlc2hvdyI6IjA1MjFkY2MifQ%3D%3D\">\n\t\t\t\t\t<div class=\"e-gallery-image elementor-gallery-item__image\" data-thumbnail=\"https:\/\/atauni.edu.tr\/halicilik-egitim-merkezi\/wp-content\/uploads\/sites\/503\/2020\/07\/11-200x190-197x187-1.jpg\" data-width=\"197\" data-height=\"187\" aria-label=\"\" role=\"img\" ><\/div>\n\t\t\t\t\t\t\t\t\t\t\t<div class=\"elementor-gallery-item__overlay\"><\/div>\n\t\t\t\t\t\t\t\t\t\t\t\t\t\t<\/a>\n\t\t\t\t\t<\/div>\n\t\t\t\t\t<\/div>\n\t\t\t\t<\/div>\n\t\t\t\t\t<\/div>\n\t\t<\/div>\n\t\t\t\t\t<\/div>\n\t\t<\/section>\n\t\t\t\t<\/div>\n\t\t","protected":false},"excerpt":{"rendered":"<p>HALICILIK E\u011e\u0130T\u0130M MERKEZ\u0130 TAR\u0130H\u0130M\u0130Z Atat\u00fcrk \u00dcniversitesi Hal\u0131c\u0131l\u0131k E\u011fitim Merkezi, 17.04.1962 y\u0131l\u0131nda 22 tezg\u00e2hl\u0131 k\u00fc\u00e7\u00fck bir at\u00f6lye \u015feklinde kurulmu\u015ftur. Kurulu\u015f daha sonra \u00e7\u0131kar\u0131lan 14.03.1972 tarih ve 1573 say\u0131l\u0131 yasa ile \u201cEnstit\u00fc\u201d haline d\u00f6n\u00fc\u015ft\u00fcr\u00fclerek, el sanatlar\u0131 alan\u0131nda ara\u015ft\u0131rma, yeti\u015ftirme ve \u00f6zellikle k\u00f6ye y\u00f6nelmi\u015f yay\u0131m hizmetleri yapmakla g\u00f6revlendirilmi\u015ftir. 2547 Say\u0131l\u0131 Y\u00fcksek\u00f6\u011fretim Kanunun y\u00fcr\u00fcrl\u00fc\u011fe girmesi ve bu konuda Enstit\u00fclerin [&hellip;]<\/p>\n","protected":false},"author":1,"featured_media":0,"parent":0,"menu_order":0,"comment_status":"closed","ping_status":"closed","template":"","meta":{"footnotes":""},"class_list":["post-5638","page","type-page","status-publish","hentry"],"_links":{"self":[{"href":"https:\/\/atauni.edu.tr\/halicilik-egitim-merkezi\/wp-json\/wp\/v2\/pages\/5638","targetHints":{"allow":["GET"]}}],"collection":[{"href":"https:\/\/atauni.edu.tr\/halicilik-egitim-merkezi\/wp-json\/wp\/v2\/pages"}],"about":[{"href":"https:\/\/atauni.edu.tr\/halicilik-egitim-merkezi\/wp-json\/wp\/v2\/types\/page"}],"author":[{"embeddable":true,"href":"https:\/\/atauni.edu.tr\/halicilik-egitim-merkezi\/wp-json\/wp\/v2\/users\/1"}],"replies":[{"embeddable":true,"href":"https:\/\/atauni.edu.tr\/halicilik-egitim-merkezi\/wp-json\/wp\/v2\/comments?post=5638"}],"version-history":[{"count":34,"href":"https:\/\/atauni.edu.tr\/halicilik-egitim-merkezi\/wp-json\/wp\/v2\/pages\/5638\/revisions"}],"predecessor-version":[{"id":6319,"href":"https:\/\/atauni.edu.tr\/halicilik-egitim-merkezi\/wp-json\/wp\/v2\/pages\/5638\/revisions\/6319"}],"wp:attachment":[{"href":"https:\/\/atauni.edu.tr\/halicilik-egitim-merkezi\/wp-json\/wp\/v2\/media?parent=5638"}],"curies":[{"name":"wp","href":"https:\/\/api.w.org\/{rel}","templated":true}]}}