{"id":5682,"date":"2021-07-13T10:10:01","date_gmt":"2021-07-13T07:10:01","guid":{"rendered":"https:\/\/portaltest.atauni.edu.tr\/bilgisayar-muhendisligi\/?page_id=5682"},"modified":"2022-03-02T14:23:36","modified_gmt":"2022-03-02T11:23:36","slug":"misyon-vizyon-ve-temel-degerler","status":"publish","type":"page","link":"https:\/\/atauni.edu.tr\/halicilik-egitim-merkezi\/misyon-vizyon-ve-temel-degerler\/","title":{"rendered":"Misyon, Vizyon ve Temel De\u011ferler"},"content":{"rendered":"\t\t<div data-elementor-type=\"wp-page\" data-elementor-id=\"5682\" class=\"elementor elementor-5682\" data-elementor-post-type=\"page\">\n\t\t\t\t\t\t<section class=\"elementor-section elementor-top-section elementor-element elementor-element-730d320 elementor-section-boxed elementor-section-height-default elementor-section-height-default\" data-id=\"730d320\" data-element_type=\"section\">\n\t\t\t\t\t\t<div class=\"elementor-container elementor-column-gap-default\">\n\t\t\t\t\t<div class=\"elementor-column elementor-col-100 elementor-top-column elementor-element elementor-element-753d0860\" data-id=\"753d0860\" data-element_type=\"column\">\n\t\t\t<div class=\"elementor-widget-wrap\">\n\t\t\t\t\t\t\t<\/div>\n\t\t<\/div>\n\t\t\t\t\t<\/div>\n\t\t<\/section>\n\t\t\t\t<section class=\"elementor-section elementor-top-section elementor-element elementor-element-9be811a elementor-section-boxed elementor-section-height-default elementor-section-height-default\" data-id=\"9be811a\" data-element_type=\"section\">\n\t\t\t\t\t\t<div class=\"elementor-container elementor-column-gap-default\">\n\t\t\t\t\t<div class=\"elementor-column elementor-col-100 elementor-top-column elementor-element elementor-element-1ed847b7\" data-id=\"1ed847b7\" data-element_type=\"column\">\n\t\t\t<div class=\"elementor-widget-wrap elementor-element-populated\">\n\t\t\t\t\t\t<div class=\"elementor-element elementor-element-4ce0d07f elementor-widget elementor-widget-heading\" data-id=\"4ce0d07f\" data-element_type=\"widget\" data-widget_type=\"heading.default\">\n\t\t\t\t<div class=\"elementor-widget-container\">\n\t\t\t\t\t<h2 class=\"elementor-heading-title elementor-size-default\">M\u0130SYONUMUZ<\/h2>\t\t\t\t<\/div>\n\t\t\t\t<\/div>\n\t\t\t\t<div class=\"elementor-element elementor-element-63260862 elementor-widget-divider--view-line elementor-widget elementor-widget-divider\" data-id=\"63260862\" data-element_type=\"widget\" data-widget_type=\"divider.default\">\n\t\t\t\t<div class=\"elementor-widget-container\">\n\t\t\t\t\t\t\t<div class=\"elementor-divider\">\n\t\t\t<span class=\"elementor-divider-separator\">\n\t\t\t\t\t\t<\/span>\n\t\t<\/div>\n\t\t\t\t\t\t<\/div>\n\t\t\t\t<\/div>\n\t\t\t\t\t<\/div>\n\t\t<\/div>\n\t\t\t\t\t<\/div>\n\t\t<\/section>\n\t\t\t\t<section class=\"elementor-section elementor-top-section elementor-element elementor-element-cf4e90f elementor-section-boxed elementor-section-height-default elementor-section-height-default\" data-id=\"cf4e90f\" data-element_type=\"section\">\n\t\t\t\t\t\t<div class=\"elementor-container elementor-column-gap-default\">\n\t\t\t\t\t<div class=\"elementor-column elementor-col-100 elementor-top-column elementor-element elementor-element-fe14750\" data-id=\"fe14750\" data-element_type=\"column\">\n\t\t\t<div class=\"elementor-widget-wrap elementor-element-populated\">\n\t\t\t\t\t\t<div class=\"elementor-element elementor-element-a70a372 elementor-widget elementor-widget-text-editor\" data-id=\"a70a372\" data-element_type=\"widget\" data-widget_type=\"text-editor.default\">\n\t\t\t\t<div class=\"elementor-widget-container\">\n\t\t\t\t\t\t\t\t\t<p>Hal\u0131c\u0131l\u0131k E\u011fitim Merkezi, sekt\u00f6r\u00fcn ve toplumun ihtiyac\u0131 olan evrensel nitelikte bilimsel ve teknolojik geli\u015fmeler do\u011frultusunda hal\u0131 dokuma sanat\u0131n\u0131 icra eden, \u00fcreten ara\u015ft\u0131rmac\u0131, kat\u0131l\u0131mc\u0131, payla\u015f\u0131mc\u0131, \u00f6zg\u00fcn, sanatsal ve estetik de\u011ferlere sahip, \u00e7a\u011fda\u015f bir \u00f6\u011fretim k\u00fclt\u00fcr\u00fc olu\u015fturmak ve mesleki a\u00e7\u0131dan yetkin, toplumsal de\u011ferlere sayg\u0131l\u0131 sanat\u00e7\u0131lar yeti\u015ftirmektir. Hal\u0131c\u0131l\u0131k E\u011fitim Merkezi, s\u00fcrekli de\u011fi\u015fen ve yenilenen bilimsel ve teknolojik geli\u015fmeleri takip edebilecek, uluslararas\u0131 rekabet g\u00fcc\u00fcne sahip bir ortam haz\u0131rlamay\u0131 \u00f6ncelikli g\u00f6revleri aras\u0131nda kabul etmektedir. Hal\u0131c\u0131l\u0131k E\u011fitim Merkezi olarak bu \u00e7er\u00e7evede y\u00fcr\u00fctm\u00fc\u015f oldu\u011fumuz \u201cS\u00fcrekli \u00d6\u011frenmek ve \u00d6\u011fretmek\u201d E\u011fitim-\u00d6\u011fretim bir \u00e7evrim (d\u00f6ng\u00fc) \u015feklinde s\u00fcrekli iyile\u015ftirme yap\u0131larak devam ettirilmek ve hal\u0131c\u0131l\u0131k sekt\u00f6r\u00fcn\u00fcn gereksinimi olan nitelikli, donan\u0131ml\u0131, mesleki yeterlili\u011fe sahip, insan g\u00fcc\u00fcn\u00fc yeti\u015ftirmek.<\/p>\t\t\t\t\t\t\t\t<\/div>\n\t\t\t\t<\/div>\n\t\t\t\t\t<\/div>\n\t\t<\/div>\n\t\t\t\t\t<\/div>\n\t\t<\/section>\n\t\t\t\t<section class=\"elementor-section elementor-top-section elementor-element elementor-element-9f7b24b elementor-section-boxed elementor-section-height-default elementor-section-height-default\" data-id=\"9f7b24b\" data-element_type=\"section\">\n\t\t\t\t\t\t<div class=\"elementor-container elementor-column-gap-default\">\n\t\t\t\t\t<div class=\"elementor-column elementor-col-100 elementor-top-column elementor-element elementor-element-42ea2f8\" data-id=\"42ea2f8\" data-element_type=\"column\">\n\t\t\t<div class=\"elementor-widget-wrap elementor-element-populated\">\n\t\t\t\t\t\t<div class=\"elementor-element elementor-element-b7c05cd elementor-widget elementor-widget-heading\" data-id=\"b7c05cd\" data-element_type=\"widget\" data-widget_type=\"heading.default\">\n\t\t\t\t<div class=\"elementor-widget-container\">\n\t\t\t\t\t<h2 class=\"elementor-heading-title elementor-size-default\">V\u0130ZYONUMUZ\n<\/h2>\t\t\t\t<\/div>\n\t\t\t\t<\/div>\n\t\t\t\t<div class=\"elementor-element elementor-element-073c8de elementor-widget-divider--view-line elementor-widget elementor-widget-divider\" data-id=\"073c8de\" data-element_type=\"widget\" data-widget_type=\"divider.default\">\n\t\t\t\t<div class=\"elementor-widget-container\">\n\t\t\t\t\t\t\t<div class=\"elementor-divider\">\n\t\t\t<span class=\"elementor-divider-separator\">\n\t\t\t\t\t\t<\/span>\n\t\t<\/div>\n\t\t\t\t\t\t<\/div>\n\t\t\t\t<\/div>\n\t\t\t\t\t<\/div>\n\t\t<\/div>\n\t\t\t\t\t<\/div>\n\t\t<\/section>\n\t\t\t\t<section class=\"elementor-section elementor-top-section elementor-element elementor-element-df92cc3 elementor-section-boxed elementor-section-height-default elementor-section-height-default\" data-id=\"df92cc3\" data-element_type=\"section\">\n\t\t\t\t\t\t<div class=\"elementor-container elementor-column-gap-default\">\n\t\t\t\t\t<div class=\"elementor-column elementor-col-100 elementor-top-column elementor-element elementor-element-b7db7e1\" data-id=\"b7db7e1\" data-element_type=\"column\">\n\t\t\t<div class=\"elementor-widget-wrap elementor-element-populated\">\n\t\t\t\t\t\t<div class=\"elementor-element elementor-element-263fd69 elementor-widget elementor-widget-text-editor\" data-id=\"263fd69\" data-element_type=\"widget\" data-widget_type=\"text-editor.default\">\n\t\t\t\t<div class=\"elementor-widget-container\">\n\t\t\t\t\t\t\t\t\t<p>T\u00fcrk Hal\u0131 dokuma sanat\u0131n\u0131 koruma, uygulama y\u00f6ntem ve tekniklerini gelecek ku\u015faklara ta\u015f\u0131ma bilincini olu\u015fturmak. Uzun s\u00fcreli ve d\u00fczenli sosyal sorumluluk projeleri ger\u00e7ekle\u015ftirmek, sosyal sorumluluk bilincini t\u00fcm \u00e7al\u0131\u015fanlar\u0131 ile payla\u015fmak. B\u00f6lgesel, ulusal ve uluslararas\u0131 platformda \u00f6nder ve \u00f6v\u00fcn\u00e7 duyulan, verece\u011fi e\u011fitim, \u00f6\u011fretim, \u00fcretece\u011fi bilgi, k\u00fclt\u00fcrel ve estetik de\u011ferlere sahip hal\u0131 dokuma sanat\u0131yla b\u00f6lgenin ve \u00fclkemizin \u00e7a\u011fda\u015f uygarl\u0131k d\u00fczeyinin \u00fczerine \u00e7\u0131kmas\u0131na katk\u0131da bulunacak \u00f6\u011fretim ve \u00fcretim kurumu olmakt\u0131r.<\/p>\t\t\t\t\t\t\t\t<\/div>\n\t\t\t\t<\/div>\n\t\t\t\t\t<\/div>\n\t\t<\/div>\n\t\t\t\t\t<\/div>\n\t\t<\/section>\n\t\t\t\t<\/div>\n\t\t","protected":false},"excerpt":{"rendered":"<p>M\u0130SYONUMUZ Hal\u0131c\u0131l\u0131k E\u011fitim Merkezi, sekt\u00f6r\u00fcn ve toplumun ihtiyac\u0131 olan evrensel nitelikte bilimsel ve teknolojik geli\u015fmeler do\u011frultusunda hal\u0131 dokuma sanat\u0131n\u0131 icra eden, \u00fcreten ara\u015ft\u0131rmac\u0131, kat\u0131l\u0131mc\u0131, payla\u015f\u0131mc\u0131, \u00f6zg\u00fcn, sanatsal ve estetik de\u011ferlere sahip, \u00e7a\u011fda\u015f bir \u00f6\u011fretim k\u00fclt\u00fcr\u00fc olu\u015fturmak ve mesleki a\u00e7\u0131dan yetkin, toplumsal de\u011ferlere sayg\u0131l\u0131 sanat\u00e7\u0131lar yeti\u015ftirmektir. Hal\u0131c\u0131l\u0131k E\u011fitim Merkezi, s\u00fcrekli de\u011fi\u015fen ve yenilenen bilimsel ve teknolojik [&hellip;]<\/p>\n","protected":false},"author":1,"featured_media":0,"parent":0,"menu_order":0,"comment_status":"closed","ping_status":"closed","template":"elementor_header_footer","meta":{"footnotes":""},"class_list":["post-5682","page","type-page","status-publish","hentry"],"_links":{"self":[{"href":"https:\/\/atauni.edu.tr\/halicilik-egitim-merkezi\/wp-json\/wp\/v2\/pages\/5682","targetHints":{"allow":["GET"]}}],"collection":[{"href":"https:\/\/atauni.edu.tr\/halicilik-egitim-merkezi\/wp-json\/wp\/v2\/pages"}],"about":[{"href":"https:\/\/atauni.edu.tr\/halicilik-egitim-merkezi\/wp-json\/wp\/v2\/types\/page"}],"author":[{"embeddable":true,"href":"https:\/\/atauni.edu.tr\/halicilik-egitim-merkezi\/wp-json\/wp\/v2\/users\/1"}],"replies":[{"embeddable":true,"href":"https:\/\/atauni.edu.tr\/halicilik-egitim-merkezi\/wp-json\/wp\/v2\/comments?post=5682"}],"version-history":[{"count":11,"href":"https:\/\/atauni.edu.tr\/halicilik-egitim-merkezi\/wp-json\/wp\/v2\/pages\/5682\/revisions"}],"predecessor-version":[{"id":6208,"href":"https:\/\/atauni.edu.tr\/halicilik-egitim-merkezi\/wp-json\/wp\/v2\/pages\/5682\/revisions\/6208"}],"wp:attachment":[{"href":"https:\/\/atauni.edu.tr\/halicilik-egitim-merkezi\/wp-json\/wp\/v2\/media?parent=5682"}],"curies":[{"name":"wp","href":"https:\/\/api.w.org\/{rel}","templated":true}]}}