{"id":6209,"date":"2022-03-02T14:26:26","date_gmt":"2022-03-02T11:26:26","guid":{"rendered":"https:\/\/birimler.atauni.edu.tr\/halicilik-egitim-merkezi\/?page_id=6209"},"modified":"2022-03-02T14:27:47","modified_gmt":"2022-03-02T11:27:47","slug":"faaliyetler","status":"publish","type":"page","link":"https:\/\/atauni.edu.tr\/halicilik-egitim-merkezi\/faaliyetler\/","title":{"rendered":"Faaliyetler"},"content":{"rendered":"\t\t<div data-elementor-type=\"wp-page\" data-elementor-id=\"6209\" class=\"elementor elementor-6209\" data-elementor-post-type=\"page\">\n\t\t\t\t\t\t<section class=\"elementor-section elementor-top-section elementor-element elementor-element-730d320 elementor-section-boxed elementor-section-height-default elementor-section-height-default\" data-id=\"730d320\" data-element_type=\"section\">\n\t\t\t\t\t\t<div class=\"elementor-container elementor-column-gap-default\">\n\t\t\t\t\t<div class=\"elementor-column elementor-col-100 elementor-top-column elementor-element elementor-element-753d0860\" data-id=\"753d0860\" data-element_type=\"column\">\n\t\t\t<div class=\"elementor-widget-wrap\">\n\t\t\t\t\t\t\t<\/div>\n\t\t<\/div>\n\t\t\t\t\t<\/div>\n\t\t<\/section>\n\t\t\t\t<section class=\"elementor-section elementor-top-section elementor-element elementor-element-9be811a elementor-section-boxed elementor-section-height-default elementor-section-height-default\" data-id=\"9be811a\" data-element_type=\"section\">\n\t\t\t\t\t\t<div class=\"elementor-container elementor-column-gap-default\">\n\t\t\t\t\t<div class=\"elementor-column elementor-col-100 elementor-top-column elementor-element elementor-element-1ed847b7\" data-id=\"1ed847b7\" data-element_type=\"column\">\n\t\t\t<div class=\"elementor-widget-wrap elementor-element-populated\">\n\t\t\t\t\t\t<div class=\"elementor-element elementor-element-4ce0d07f elementor-widget elementor-widget-heading\" data-id=\"4ce0d07f\" data-element_type=\"widget\" data-widget_type=\"heading.default\">\n\t\t\t\t<div class=\"elementor-widget-container\">\n\t\t\t\t\t<h2 class=\"elementor-heading-title elementor-size-default\">PROJE VE FAAL\u0130YETLER\u0130M\u0130Z<\/h2>\t\t\t\t<\/div>\n\t\t\t\t<\/div>\n\t\t\t\t<div class=\"elementor-element elementor-element-63260862 elementor-widget-divider--view-line elementor-widget elementor-widget-divider\" data-id=\"63260862\" data-element_type=\"widget\" data-widget_type=\"divider.default\">\n\t\t\t\t<div class=\"elementor-widget-container\">\n\t\t\t\t\t\t\t<div class=\"elementor-divider\">\n\t\t\t<span class=\"elementor-divider-separator\">\n\t\t\t\t\t\t<\/span>\n\t\t<\/div>\n\t\t\t\t\t\t<\/div>\n\t\t\t\t<\/div>\n\t\t\t\t\t<\/div>\n\t\t<\/div>\n\t\t\t\t\t<\/div>\n\t\t<\/section>\n\t\t\t\t<section class=\"elementor-section elementor-top-section elementor-element elementor-element-cf4e90f elementor-section-boxed elementor-section-height-default elementor-section-height-default\" data-id=\"cf4e90f\" data-element_type=\"section\">\n\t\t\t\t\t\t<div class=\"elementor-container elementor-column-gap-default\">\n\t\t\t\t\t<div class=\"elementor-column elementor-col-100 elementor-top-column elementor-element elementor-element-fe14750\" data-id=\"fe14750\" data-element_type=\"column\">\n\t\t\t<div class=\"elementor-widget-wrap elementor-element-populated\">\n\t\t\t\t\t\t<div class=\"elementor-element elementor-element-a70a372 elementor-widget elementor-widget-text-editor\" data-id=\"a70a372\" data-element_type=\"widget\" data-widget_type=\"text-editor.default\">\n\t\t\t\t<div class=\"elementor-widget-container\">\n\t\t\t\t\t\t\t\t\t<p>Atat\u00fcrk \u00dcniversitesi Hal\u0131c\u0131l\u0131k E\u011fitim Merkezi M\u00fcd\u00fcrl\u00fc\u011f\u00fc 1962 y\u0131l\u0131ndan beri T\u00fcrk hal\u0131 sanat\u0131n\u0131 geli\u015ftirmek ve k\u00f6keni Osmanl\u0131 saray hal\u0131lar\u0131na dayanan ve g\u00fcn\u00fcm\u00fczde neredeyse hi\u00e7 dokunmayan, unutulma noktas\u0131na gelen Hereke hal\u0131lar\u0131 olarak bilinen dokumalar\u0131, b\u00fcy\u00fck bir titizlikle ve kalifiyeli personeli ile birlikte 60&#215;60 kalitede Hereke hal\u0131 dokumas\u0131 yapmaktad\u0131r. Merkezimizde s\u00fcrd\u00fcr\u00fclen uygulamal\u0131 e\u011fitim \u00e7al\u0131\u015fmalar\u0131 ile birlikte \u00fcretimde yap\u0131lmaktad\u0131r. Elde edilen \u00fcr\u00fcnler Atat\u00fcrk \u00dcniversitesi Hal\u0131c\u0131l\u0131k E\u011fitim Merkezi M\u00fcd\u00fcrl\u00fc\u011f\u00fc taraf\u0131ndan pazarlanarak sat\u0131lmaktad\u0131r. Sat\u0131lan hal\u0131 dokumalar\u0131 e\u011fitim ve uygulamaya kat\u0131lan dar gelirli bu \u00f6\u011frencilere maddi kazan\u00e7 sa\u011flayarak ailelerine katk\u0131 sa\u011flamaktad\u0131rlar.<\/p><p>Ara\u015ft\u0131rma merkezinin faaliyetleri kapsam\u0131nda, e\u011fitime kat\u0131lan \u00f6\u011frenci kursiyerler 14-30 ya\u015f aral\u0131\u011f\u0131ndaki gen\u00e7 k\u0131zlar\u0131m\u0131z\u0131 zanaat sahibi yapmak ve hal\u0131 sanat\u0131n\u0131 geli\u015ftirip zenginle\u015ftirerek kurum ve kurulu\u015flarla da i\u015fbirli\u011fi yap\u0131p T\u00fcrk hal\u0131c\u0131l\u0131\u011f\u0131na \u00f6nc\u00fcl\u00fck etmektedir.<\/p><p>E\u011fitim Uygulama ve Ara\u015ft\u0131rma Merkezimizde bug\u00fcne kadar yeti\u015fen gen\u00e7 k\u0131zlar\u0131m\u0131z on bini a\u015fmaktad\u0131r. Merkezimizin Yeti\u015ftirdi\u011fi gen\u00e7 k\u0131zlar\u0131m\u0131z kendi el emeklerini ve h\u00fcnerlerini sergileyerek maddi kazanc\u0131n yan\u0131nda mutluluk ve haz duymaktad\u0131rlar.<\/p><p>Son y\u0131llarda ileti\u015fim, bas\u0131n ve yay\u0131n\u0131n ba\u015f d\u00f6nd\u00fcr\u00fcc\u00fc seyri i\u00e7inde \u00fclke s\u0131n\u0131rlar\u0131n\u0131 a\u015fan k\u00fclt\u00fcrel etkile\u015fim h\u0131zla yay\u0131lmas\u0131 ayr\u0131ca teknolojinin de h\u0131zla geli\u015fmesi, maddi kayg\u0131lardan dolay\u0131 i\u015f istihdam\u0131 konusunda el sanatlar\u0131na olan ilginin azalmas\u0131na neden olmaktad\u0131r. Bu sebeple geleneklerin ya\u015fat\u0131lmas\u0131, k\u00fclt\u00fcrel varl\u0131klar\u0131n korunarak gelecek ku\u015faklara aktar\u0131lmas\u0131 neredeyse imk\u00e2ns\u0131z hale gelmektedir.<\/p><p>Bu sebeple e\u011fitim merkezimiz \u00e7e\u015fitli projeler\u00a0 \u00fcreterek (SODES, \u0130\u015eKUR ve Sosyal Yard\u0131mla\u015fma ve Dayan\u0131\u015fma Projeleri) istihdam edilen kurs \u00f6\u011frencilerimize fayda sa\u011flanmaktad\u0131r.<\/p><p>Dokunan hal\u0131lar\u0131m\u0131z internet sayfam\u0131zda, ulusal ve uluslararas\u0131 platformlarda sergilenmektedir.<\/p>\t\t\t\t\t\t\t\t<\/div>\n\t\t\t\t<\/div>\n\t\t\t\t\t<\/div>\n\t\t<\/div>\n\t\t\t\t\t<\/div>\n\t\t<\/section>\n\t\t\t\t<\/div>\n\t\t","protected":false},"excerpt":{"rendered":"<p>PROJE VE FAAL\u0130YETLER\u0130M\u0130Z Atat\u00fcrk \u00dcniversitesi Hal\u0131c\u0131l\u0131k E\u011fitim Merkezi M\u00fcd\u00fcrl\u00fc\u011f\u00fc 1962 y\u0131l\u0131ndan beri T\u00fcrk hal\u0131 sanat\u0131n\u0131 geli\u015ftirmek ve k\u00f6keni Osmanl\u0131 saray hal\u0131lar\u0131na dayanan ve g\u00fcn\u00fcm\u00fczde neredeyse hi\u00e7 dokunmayan, unutulma noktas\u0131na gelen Hereke hal\u0131lar\u0131 olarak bilinen dokumalar\u0131, b\u00fcy\u00fck bir titizlikle ve kalifiyeli personeli ile birlikte 60&#215;60 kalitede Hereke hal\u0131 dokumas\u0131 yapmaktad\u0131r. Merkezimizde s\u00fcrd\u00fcr\u00fclen uygulamal\u0131 e\u011fitim \u00e7al\u0131\u015fmalar\u0131 ile [&hellip;]<\/p>\n","protected":false},"author":435,"featured_media":0,"parent":0,"menu_order":0,"comment_status":"closed","ping_status":"closed","template":"elementor_header_footer","meta":{"footnotes":""},"class_list":["post-6209","page","type-page","status-publish","hentry"],"_links":{"self":[{"href":"https:\/\/atauni.edu.tr\/halicilik-egitim-merkezi\/wp-json\/wp\/v2\/pages\/6209","targetHints":{"allow":["GET"]}}],"collection":[{"href":"https:\/\/atauni.edu.tr\/halicilik-egitim-merkezi\/wp-json\/wp\/v2\/pages"}],"about":[{"href":"https:\/\/atauni.edu.tr\/halicilik-egitim-merkezi\/wp-json\/wp\/v2\/types\/page"}],"author":[{"embeddable":true,"href":"https:\/\/atauni.edu.tr\/halicilik-egitim-merkezi\/wp-json\/wp\/v2\/users\/435"}],"replies":[{"embeddable":true,"href":"https:\/\/atauni.edu.tr\/halicilik-egitim-merkezi\/wp-json\/wp\/v2\/comments?post=6209"}],"version-history":[{"count":4,"href":"https:\/\/atauni.edu.tr\/halicilik-egitim-merkezi\/wp-json\/wp\/v2\/pages\/6209\/revisions"}],"predecessor-version":[{"id":6213,"href":"https:\/\/atauni.edu.tr\/halicilik-egitim-merkezi\/wp-json\/wp\/v2\/pages\/6209\/revisions\/6213"}],"wp:attachment":[{"href":"https:\/\/atauni.edu.tr\/halicilik-egitim-merkezi\/wp-json\/wp\/v2\/media?parent=6209"}],"curies":[{"name":"wp","href":"https:\/\/api.w.org\/{rel}","templated":true}]}}