{"id":68,"date":"2020-07-10T03:09:24","date_gmt":"2020-07-10T00:09:24","guid":{"rendered":"http:\/\/demo.ovathemes.com\/egovt\/?page_id=68"},"modified":"2025-09-01T13:43:46","modified_gmt":"2025-09-01T10:43:46","slug":"anasayfa","status":"publish","type":"page","link":"https:\/\/atauni.edu.tr\/halicilik-egitim-merkezi\/","title":{"rendered":"Anasayfa"},"content":{"rendered":"\t\t<div data-elementor-type=\"wp-page\" data-elementor-id=\"68\" class=\"elementor elementor-68\" data-elementor-post-type=\"page\">\n\t\t\t\t\t\t<section class=\"elementor-section elementor-top-section elementor-element elementor-element-8302c0a elementor-section-boxed elementor-section-height-default elementor-section-height-default\" data-id=\"8302c0a\" data-element_type=\"section\">\n\t\t\t\t\t\t<div class=\"elementor-container elementor-column-gap-default\">\n\t\t\t\t\t<div class=\"elementor-column elementor-col-100 elementor-top-column elementor-element elementor-element-4459a6e\" data-id=\"4459a6e\" data-element_type=\"column\">\n\t\t\t<div class=\"elementor-widget-wrap elementor-element-populated\">\n\t\t\t\t\t\t<div class=\"elementor-element elementor-element-de5ae16 elementor-widget elementor-widget-video\" data-id=\"de5ae16\" data-element_type=\"widget\" data-settings=\"{&quot;video_type&quot;:&quot;hosted&quot;,&quot;autoplay&quot;:&quot;yes&quot;,&quot;mute&quot;:&quot;yes&quot;,&quot;loop&quot;:&quot;yes&quot;,&quot;controls&quot;:&quot;yes&quot;}\" data-widget_type=\"video.default\">\n\t\t\t\t<div class=\"elementor-widget-container\">\n\t\t\t\t\t\t\t<div class=\"e-hosted-video elementor-wrapper elementor-open-inline\">\n\t\t\t\t\t<video class=\"elementor-video\" src=\"https:\/\/birimler.atauni.edu.tr\/halicilik-egitim-merkezi\/wp-content\/uploads\/sites\/503\/2022\/03\/halicilik.mp4\" autoplay=\"\" loop=\"\" controls=\"\" muted=\"muted\" controlsList=\"nodownload\"><\/video>\n\t\t\t\t<\/div>\n\t\t\t\t\t\t<\/div>\n\t\t\t\t<\/div>\n\t\t\t\t\t<\/div>\n\t\t<\/div>\n\t\t\t\t\t<\/div>\n\t\t<\/section>\n\t\t\t\t<section class=\"elementor-section elementor-top-section elementor-element elementor-element-6ae291dc elementor-section-boxed elementor-section-height-default elementor-section-height-default\" data-id=\"6ae291dc\" data-element_type=\"section\">\n\t\t\t\t\t\t<div class=\"elementor-container elementor-column-gap-default\">\n\t\t\t\t\t<div class=\"elementor-column elementor-col-33 elementor-top-column elementor-element elementor-element-6606455d\" data-id=\"6606455d\" data-element_type=\"column\">\n\t\t\t<div class=\"elementor-widget-wrap elementor-element-populated\">\n\t\t\t\t\t\t<section class=\"elementor-section elementor-inner-section elementor-element elementor-element-3af1ff7c elementor-section-boxed elementor-section-height-default elementor-section-height-default\" data-id=\"3af1ff7c\" data-element_type=\"section\">\n\t\t\t\t\t\t<div class=\"elementor-container elementor-column-gap-default\">\n\t\t\t\t\t<div class=\"elementor-column elementor-col-50 elementor-inner-column elementor-element elementor-element-582dfe43\" data-id=\"582dfe43\" data-element_type=\"column\">\n\t\t\t<div class=\"elementor-widget-wrap elementor-element-populated\">\n\t\t\t\t\t\t<div class=\"elementor-element elementor-element-6a373921 elementor-widget elementor-widget-heading\" data-id=\"6a373921\" data-element_type=\"widget\" data-widget_type=\"heading.default\">\n\t\t\t\t<div class=\"elementor-widget-container\">\n\t\t\t\t\t<h2 class=\"elementor-heading-title elementor-size-default\">Haberler<\/h2>\t\t\t\t<\/div>\n\t\t\t\t<\/div>\n\t\t\t\t\t<\/div>\n\t\t<\/div>\n\t\t\t\t<div class=\"elementor-column elementor-col-50 elementor-inner-column elementor-element elementor-element-61b29672\" data-id=\"61b29672\" data-element_type=\"column\">\n\t\t\t<div class=\"elementor-widget-wrap elementor-element-populated\">\n\t\t\t\t\t\t<div class=\"elementor-element elementor-element-7d0dc58d elementor-align-right elementor-widget elementor-widget-button\" data-id=\"7d0dc58d\" data-element_type=\"widget\" data-widget_type=\"button.default\">\n\t\t\t\t<div class=\"elementor-widget-container\">\n\t\t\t\t\t\t\t\t\t<div class=\"elementor-button-wrapper\">\n\t\t\t\t\t<a class=\"elementor-button elementor-button-link elementor-size-sm\" href=\"https:\/\/atauni.edu.tr\/halicilik-egitim-merkezi\/haberler\/\">\n\t\t\t\t\t\t<span class=\"elementor-button-content-wrapper\">\n\t\t\t\t\t\t<span class=\"elementor-button-icon\">\n\t\t\t\t<i aria-hidden=\"true\" class=\"fas fa-long-arrow-alt-right\"><\/i>\t\t\t<\/span>\n\t\t\t\t\t\t\t\t\t<span class=\"elementor-button-text\">T\u00fcm\u00fc<\/span>\n\t\t\t\t\t<\/span>\n\t\t\t\t\t<\/a>\n\t\t\t\t<\/div>\n\t\t\t\t\t\t\t\t<\/div>\n\t\t\t\t<\/div>\n\t\t\t\t\t<\/div>\n\t\t<\/div>\n\t\t\t\t\t<\/div>\n\t\t<\/section>\n\t\t\t\t<div class=\"elementor-element elementor-element-1c3d910d elementor-widget-divider--view-line elementor-widget elementor-widget-divider\" data-id=\"1c3d910d\" data-element_type=\"widget\" data-widget_type=\"divider.default\">\n\t\t\t\t<div class=\"elementor-widget-container\">\n\t\t\t\t\t\t\t<div class=\"elementor-divider\">\n\t\t\t<span class=\"elementor-divider-separator\">\n\t\t\t\t\t\t<\/span>\n\t\t<\/div>\n\t\t\t\t\t\t<\/div>\n\t\t\t\t<\/div>\n\t\t\t\t<div class=\"elementor-element elementor-element-2a0c6eb0 elementor-widget__width-initial elementor-widget elementor-widget-shortcode\" data-id=\"2a0c6eb0\" data-element_type=\"widget\" data-widget_type=\"shortcode.default\">\n\t\t\t\t<div class=\"elementor-widget-container\">\n\t\t\t\t\t\t\t<div class=\"elementor-shortcode\"><ul class=\"kategori-yazilari-liste\"><li>Bu kategoride haber bulunmamaktad\u0131r.<\/li><\/ul>\n<\/div>\n\t\t\t\t\t\t<\/div>\n\t\t\t\t<\/div>\n\t\t\t\t\t<\/div>\n\t\t<\/div>\n\t\t\t\t<div class=\"elementor-column elementor-col-33 elementor-top-column elementor-element elementor-element-10fd39da\" data-id=\"10fd39da\" data-element_type=\"column\">\n\t\t\t<div class=\"elementor-widget-wrap elementor-element-populated\">\n\t\t\t\t\t\t<section class=\"elementor-section elementor-inner-section elementor-element elementor-element-71f351e8 elementor-section-boxed elementor-section-height-default elementor-section-height-default\" data-id=\"71f351e8\" data-element_type=\"section\">\n\t\t\t\t\t\t<div class=\"elementor-container elementor-column-gap-default\">\n\t\t\t\t\t<div class=\"elementor-column elementor-col-50 elementor-inner-column elementor-element elementor-element-367743fa\" data-id=\"367743fa\" data-element_type=\"column\">\n\t\t\t<div class=\"elementor-widget-wrap elementor-element-populated\">\n\t\t\t\t\t\t<div class=\"elementor-element elementor-element-5f85d6f6 elementor-widget elementor-widget-heading\" data-id=\"5f85d6f6\" data-element_type=\"widget\" data-widget_type=\"heading.default\">\n\t\t\t\t<div class=\"elementor-widget-container\">\n\t\t\t\t\t<h2 class=\"elementor-heading-title elementor-size-default\">Duyurular<\/h2>\t\t\t\t<\/div>\n\t\t\t\t<\/div>\n\t\t\t\t\t<\/div>\n\t\t<\/div>\n\t\t\t\t<div class=\"elementor-column elementor-col-50 elementor-inner-column elementor-element elementor-element-74449c48\" data-id=\"74449c48\" data-element_type=\"column\">\n\t\t\t<div class=\"elementor-widget-wrap elementor-element-populated\">\n\t\t\t\t\t\t<div class=\"elementor-element elementor-element-4bd31f54 elementor-align-right elementor-widget elementor-widget-button\" data-id=\"4bd31f54\" data-element_type=\"widget\" data-widget_type=\"button.default\">\n\t\t\t\t<div class=\"elementor-widget-container\">\n\t\t\t\t\t\t\t\t\t<div class=\"elementor-button-wrapper\">\n\t\t\t\t\t<a class=\"elementor-button elementor-button-link elementor-size-sm\" href=\"https:\/\/atauni.edu.tr\/halicilik-egitim-merkezi\/duyurular\/\">\n\t\t\t\t\t\t<span class=\"elementor-button-content-wrapper\">\n\t\t\t\t\t\t<span class=\"elementor-button-icon\">\n\t\t\t\t<i aria-hidden=\"true\" class=\"fas fa-long-arrow-alt-right\"><\/i>\t\t\t<\/span>\n\t\t\t\t\t\t\t\t\t<span class=\"elementor-button-text\">T\u00fcm\u00fc<\/span>\n\t\t\t\t\t<\/span>\n\t\t\t\t\t<\/a>\n\t\t\t\t<\/div>\n\t\t\t\t\t\t\t\t<\/div>\n\t\t\t\t<\/div>\n\t\t\t\t\t<\/div>\n\t\t<\/div>\n\t\t\t\t\t<\/div>\n\t\t<\/section>\n\t\t\t\t<div class=\"elementor-element elementor-element-7244dd1 elementor-widget-divider--view-line elementor-widget elementor-widget-divider\" data-id=\"7244dd1\" data-element_type=\"widget\" data-widget_type=\"divider.default\">\n\t\t\t\t<div class=\"elementor-widget-container\">\n\t\t\t\t\t\t\t<div class=\"elementor-divider\">\n\t\t\t<span class=\"elementor-divider-separator\">\n\t\t\t\t\t\t<\/span>\n\t\t<\/div>\n\t\t\t\t\t\t<\/div>\n\t\t\t\t<\/div>\n\t\t\t\t<div class=\"elementor-element elementor-element-176a6fef elementor-widget__width-initial elementor-widget elementor-widget-shortcode\" data-id=\"176a6fef\" data-element_type=\"widget\" data-widget_type=\"shortcode.default\">\n\t\t\t\t<div class=\"elementor-widget-container\">\n\t\t\t\t\t\t\t<div class=\"elementor-shortcode\"><ul class=\"kategori-yazilari-liste\"><li>Bu kategoride haber bulunmamaktad\u0131r.<\/li><\/ul>\n<\/div>\n\t\t\t\t\t\t<\/div>\n\t\t\t\t<\/div>\n\t\t\t\t\t<\/div>\n\t\t<\/div>\n\t\t\t\t<div class=\"elementor-column elementor-col-33 elementor-top-column elementor-element elementor-element-2b3aaf69\" data-id=\"2b3aaf69\" data-element_type=\"column\">\n\t\t\t<div class=\"elementor-widget-wrap elementor-element-populated\">\n\t\t\t\t\t\t<section class=\"elementor-section elementor-inner-section elementor-element elementor-element-43c0c1d1 elementor-section-boxed elementor-section-height-default elementor-section-height-default\" data-id=\"43c0c1d1\" data-element_type=\"section\">\n\t\t\t\t\t\t<div class=\"elementor-container elementor-column-gap-default\">\n\t\t\t\t\t<div class=\"elementor-column elementor-col-50 elementor-inner-column elementor-element elementor-element-a501d9\" data-id=\"a501d9\" data-element_type=\"column\">\n\t\t\t<div class=\"elementor-widget-wrap elementor-element-populated\">\n\t\t\t\t\t\t<div class=\"elementor-element elementor-element-6fbb040b elementor-widget elementor-widget-heading\" data-id=\"6fbb040b\" data-element_type=\"widget\" data-widget_type=\"heading.default\">\n\t\t\t\t<div class=\"elementor-widget-container\">\n\t\t\t\t\t<h2 class=\"elementor-heading-title elementor-size-default\">Etkinlikler<\/h2>\t\t\t\t<\/div>\n\t\t\t\t<\/div>\n\t\t\t\t\t<\/div>\n\t\t<\/div>\n\t\t\t\t<div class=\"elementor-column elementor-col-50 elementor-inner-column elementor-element elementor-element-4eaa64ff\" data-id=\"4eaa64ff\" data-element_type=\"column\">\n\t\t\t<div class=\"elementor-widget-wrap elementor-element-populated\">\n\t\t\t\t\t\t<div class=\"elementor-element elementor-element-3085c92b elementor-align-right elementor-widget elementor-widget-button\" data-id=\"3085c92b\" data-element_type=\"widget\" data-widget_type=\"button.default\">\n\t\t\t\t<div class=\"elementor-widget-container\">\n\t\t\t\t\t\t\t\t\t<div class=\"elementor-button-wrapper\">\n\t\t\t\t\t<a class=\"elementor-button elementor-button-link elementor-size-sm\" href=\"https:\/\/atauni.edu.tr\/halicilik-egitim-merkezi\/etkinlikler\/\">\n\t\t\t\t\t\t<span class=\"elementor-button-content-wrapper\">\n\t\t\t\t\t\t<span class=\"elementor-button-icon\">\n\t\t\t\t<i aria-hidden=\"true\" class=\"fas fa-long-arrow-alt-right\"><\/i>\t\t\t<\/span>\n\t\t\t\t\t\t\t\t\t<span class=\"elementor-button-text\">T\u00fcm\u00fc<\/span>\n\t\t\t\t\t<\/span>\n\t\t\t\t\t<\/a>\n\t\t\t\t<\/div>\n\t\t\t\t\t\t\t\t<\/div>\n\t\t\t\t<\/div>\n\t\t\t\t\t<\/div>\n\t\t<\/div>\n\t\t\t\t\t<\/div>\n\t\t<\/section>\n\t\t\t\t<div class=\"elementor-element elementor-element-185b681c elementor-widget-divider--view-line elementor-widget elementor-widget-divider\" data-id=\"185b681c\" data-element_type=\"widget\" data-widget_type=\"divider.default\">\n\t\t\t\t<div class=\"elementor-widget-container\">\n\t\t\t\t\t\t\t<div class=\"elementor-divider\">\n\t\t\t<span class=\"elementor-divider-separator\">\n\t\t\t\t\t\t<\/span>\n\t\t<\/div>\n\t\t\t\t\t\t<\/div>\n\t\t\t\t<\/div>\n\t\t\t\t<div class=\"elementor-element elementor-element-27773e9b elementor-widget elementor-widget-shortcode\" data-id=\"27773e9b\" data-element_type=\"widget\" data-widget_type=\"shortcode.default\">\n\t\t\t\t<div class=\"elementor-widget-container\">\n\t\t\t\t\t\t\t<div class=\"elementor-shortcode\"><div class=\"swiper etkinlikler-swiper\"><div class=\"swiper-wrapper\"><div class=\"swiper-slide\"><div>Bu kategoride etkinlik bulunmamaktad\u0131r.<\/div><\/div><\/div><div class=\"swiper-button-next\"><\/div><div class=\"swiper-button-prev\"><\/div><\/div><\/div>\n\t\t\t\t\t\t<\/div>\n\t\t\t\t<\/div>\n\t\t\t\t\t<\/div>\n\t\t<\/div>\n\t\t\t\t\t<\/div>\n\t\t<\/section>\n\t\t\t\t<section class=\"elementor-section elementor-top-section elementor-element elementor-element-1144f58 elementor-section-boxed elementor-section-height-default elementor-section-height-default\" data-id=\"1144f58\" data-element_type=\"section\">\n\t\t\t\t\t\t<div class=\"elementor-container elementor-column-gap-default\">\n\t\t\t\t\t<div class=\"elementor-column elementor-col-100 elementor-top-column elementor-element elementor-element-68d4cd1\" data-id=\"68d4cd1\" data-element_type=\"column\">\n\t\t\t<div class=\"elementor-widget-wrap elementor-element-populated\">\n\t\t\t\t\t\t<div class=\"elementor-element elementor-element-6899b558 elementor-widget elementor-widget-heading\" data-id=\"6899b558\" data-element_type=\"widget\" data-widget_type=\"heading.default\">\n\t\t\t\t<div class=\"elementor-widget-container\">\n\t\t\t\t\t<h2 class=\"elementor-heading-title elementor-size-default\">Haberler \/ Duyurular<\/h2>\t\t\t\t<\/div>\n\t\t\t\t<\/div>\n\t\t\t\t<div class=\"elementor-element elementor-element-5e6713f elementor-widget-divider--view-line elementor-widget elementor-widget-divider\" data-id=\"5e6713f\" data-element_type=\"widget\" data-widget_type=\"divider.default\">\n\t\t\t\t<div class=\"elementor-widget-container\">\n\t\t\t\t\t\t\t<div class=\"elementor-divider\">\n\t\t\t<span class=\"elementor-divider-separator\">\n\t\t\t\t\t\t<\/span>\n\t\t<\/div>\n\t\t\t\t\t\t<\/div>\n\t\t\t\t<\/div>\n\t\t\t\t<div class=\"elementor-element elementor-element-23cff43 post-title elementor-widget elementor-widget-ova_blog_slide\" data-id=\"23cff43\" data-element_type=\"widget\" data-settings=\"{&quot;dot_control&quot;:&quot;yes&quot;,&quot;pause_on_hover&quot;:&quot;yes&quot;,&quot;infinite&quot;:&quot;yes&quot;,&quot;autoplay&quot;:&quot;yes&quot;,&quot;autoplay_speed&quot;:3000}\" data-widget_type=\"ova_blog_slide.default\">\n\t\t\t\t<div class=\"elementor-widget-container\">\n\t\t\t\t\t\n\t\t<div class=\"ova-blog-slide blog-grid\">\n\t\t\t<div class=\"ova-wrap-grid blog-slide owl-carousel owl-theme\" data-options=\"{&quot;items&quot;:4,&quot;slideBy&quot;:1,&quot;margin&quot;:20,&quot;autoplayHoverPause&quot;:true,&quot;loop&quot;:true,&quot;autoplay&quot;:true,&quot;autoplayTimeout&quot;:3000,&quot;smartSpeed&quot;:500,&quot;dots&quot;:true,&quot;nav&quot;:false,&quot;center&quot;:false}\">\n\t\t\t\t\t\t\t<article class=\"post-wrap\">\n\t\t\t\t\t<div class=\"wrap-article\">\n\t\t\t\t\t\t<div class=\"post-media\">\n\t\t\t\t\t\t\t\t\t\t\t\t\t\t\t<a href=\"https:\/\/atauni.edu.tr\/halicilik-egitim-merkezi\/2022\/03\/02\/ataturk-universitesi-halicilik-egitim-merkezi-mudurlugu-ve-iskur-isbirligi\/\" title=\"Atat\u00fcrk \u00dcniversitesi Hal\u0131c\u0131l\u0131k E\u011fitim Merkezi M\u00fcd\u00fcrl\u00fc\u011f\u00fc ve \u0130\u015eKUR i\u015fbirli\u011fi\">\n\t\t\t\t\t\t\t\t\t<img decoding=\"async\" alt=\"Atat\u00fcrk \u00dcniversitesi Hal\u0131c\u0131l\u0131k E\u011fitim Merkezi M\u00fcd\u00fcrl\u00fc\u011f\u00fc ve \u0130\u015eKUR i\u015fbirli\u011fi\" src=\"https:\/\/atauni.edu.tr\/halicilik-egitim-merkezi\/wp-content\/uploads\/sites\/503\/2022\/03\/IMG_4825-560x373.jpeg\" \n\t\t\t\t\t\t\t\t\t\tsrcset=\"https:\/\/atauni.edu.tr\/halicilik-egitim-merkezi\/wp-content\/uploads\/sites\/503\/2022\/03\/IMG_4825-560x373.jpeg 560w,\n\t\t\t\t\t\t\t\t\t\thttps:\/\/atauni.edu.tr\/halicilik-egitim-merkezi\/wp-content\/uploads\/sites\/503\/2022\/03\/IMG_4825-300x200.jpeg 300w\" \n\t\t\t\t\t\t\t\t\t\tsizes=\"(max-width: 767px) 100vw, 560px\" >\n\t\t\t\t\t\t\t\t<\/a>\n\t\t\t\t\t\t\t\t\t\t\t\t\t<\/div>\n\t\t\t\t\t\t<div class=\"evgovt-content\">\n\t\t\t\t\t\t\t\t\t\t\t\t\t\t<div class=\"post-meta-date\">\n\t\t\t\t\t\t\t\t<span class=\"post-meta-content-date\">\n\t\t\t\t\t\t\t\t    <span class=\" post-date\">\n\t\t\t\t\t\t\t\t        <span class=\"right second_font\">2 Mart 2022<\/span>\n\t\t\t\t\t\t\t\t    <\/span>\n\t\t\t\t\t\t\t\t<\/span>\n\t\t\t\t\t\t\t<\/div>\n\t\t\t\t\t\t\t\n\t\t\t\t\t\t\t\t\t\t\t\t\t\t\t\t\t\t\t\t\t<div class=\"post-title\">\n\t\t\t\t\t\t\t\t<a href=\"https:\/\/atauni.edu.tr\/halicilik-egitim-merkezi\/2022\/03\/02\/ataturk-universitesi-halicilik-egitim-merkezi-mudurlugu-ve-iskur-isbirligi\/\" rel=\"bookmark\" title=\"Atat\u00fcrk \u00dcniversitesi Hal\u0131c\u0131l\u0131k E\u011fitim Merkezi M\u00fcd\u00fcrl\u00fc\u011f\u00fc ve \u0130\u015eKUR i\u015fbirli\u011fi\">\n\t\t\t\t\t\t\t\t\t<h2 class=\"post-title\">Atat\u00fcrk \u00dcniversitesi Hal\u0131c\u0131l\u0131k E\u011fitim Merkezi M\u00fcd\u00fcrl\u00fc\u011f\u00fc ve \u0130\u015eKUR i\u015fbirli\u011fi<\/h2>\n\t\t\t\t\t\t\t    <\/a>\n\t\t\t\t\t\t\t<\/div>\n\t\t\t\t\t\t\t\t\t\t\t\t\t\t\t\t\t\t\t\t\t<div class=\"post-footer\">\n\t\t\t\t\t\t\t\t<div class=\"egovt-post-readmore\">\n\t\t\t\t\t\t\t\t    <a class=\"btn-readmore second_font\" href=\"https:\/\/atauni.edu.tr\/halicilik-egitim-merkezi\/2022\/03\/02\/ataturk-universitesi-halicilik-egitim-merkezi-mudurlugu-ve-iskur-isbirligi\/\">\n\t\t\t\t\t\t\t\t    \tDevam\u0131...\t\t\t\t\t\t\t\t    \t<i data-feather=\"arrow-right\"><\/i>\n\t\t\t\t\t\t\t\t    <\/a>\n\t\t\t\t\t\t\t\t<\/div>\n\t\t\t\t\t\t\t<\/div>\n\t\t\t\t\t\t\t\t\t\t\t\t\t<\/div>\n\t\t\t\t\t<\/div>\n\t\t\t\t<\/article>\n\t\t\t\t\t\t\t<article class=\"post-wrap\">\n\t\t\t\t\t<div class=\"wrap-article\">\n\t\t\t\t\t\t<div class=\"post-media\">\n\t\t\t\t\t\t\t\t\t\t\t\t\t\t\t<a href=\"https:\/\/atauni.edu.tr\/halicilik-egitim-merkezi\/2021\/06\/13\/lorem-ipsum\/\" title=\"Atat\u00fcrk \u00dcniversitesi Hal\u0131c\u0131l\u0131k E\u011fitim Merkezi M\u00fcd\u00fcrl\u00fc\u011f\u00fc olarak faaliyetlerine ba\u015flam\u0131\u015ft\u0131r.\">\n\t\t\t\t\t\t\t\t\t<img decoding=\"async\" alt=\"Atat\u00fcrk \u00dcniversitesi Hal\u0131c\u0131l\u0131k E\u011fitim Merkezi M\u00fcd\u00fcrl\u00fc\u011f\u00fc olarak faaliyetlerine ba\u015flam\u0131\u015ft\u0131r.\" src=\"https:\/\/atauni.edu.tr\/halicilik-egitim-merkezi\/wp-content\/uploads\/sites\/503\/2021\/06\/MST_0155-560x372.jpeg\" \n\t\t\t\t\t\t\t\t\t\tsrcset=\"https:\/\/atauni.edu.tr\/halicilik-egitim-merkezi\/wp-content\/uploads\/sites\/503\/2021\/06\/MST_0155-560x372.jpeg 560w,\n\t\t\t\t\t\t\t\t\t\thttps:\/\/atauni.edu.tr\/halicilik-egitim-merkezi\/wp-content\/uploads\/sites\/503\/2021\/06\/MST_0155-300x199.jpeg 300w\" \n\t\t\t\t\t\t\t\t\t\tsizes=\"(max-width: 767px) 100vw, 560px\" >\n\t\t\t\t\t\t\t\t<\/a>\n\t\t\t\t\t\t\t\t\t\t\t\t\t<\/div>\n\t\t\t\t\t\t<div class=\"evgovt-content\">\n\t\t\t\t\t\t\t\t\t\t\t\t\t\t<div class=\"post-meta-date\">\n\t\t\t\t\t\t\t\t<span class=\"post-meta-content-date\">\n\t\t\t\t\t\t\t\t    <span class=\" post-date\">\n\t\t\t\t\t\t\t\t        <span class=\"right second_font\">13 Haziran 2021<\/span>\n\t\t\t\t\t\t\t\t    <\/span>\n\t\t\t\t\t\t\t\t<\/span>\n\t\t\t\t\t\t\t<\/div>\n\t\t\t\t\t\t\t\n\t\t\t\t\t\t\t\t\t\t\t\t\t\t\t\t\t\t\t\t\t<div class=\"post-title\">\n\t\t\t\t\t\t\t\t<a href=\"https:\/\/atauni.edu.tr\/halicilik-egitim-merkezi\/2021\/06\/13\/lorem-ipsum\/\" rel=\"bookmark\" title=\"Atat\u00fcrk \u00dcniversitesi Hal\u0131c\u0131l\u0131k E\u011fitim Merkezi M\u00fcd\u00fcrl\u00fc\u011f\u00fc olarak faaliyetlerine ba\u015flam\u0131\u015ft\u0131r.\">\n\t\t\t\t\t\t\t\t\t<h2 class=\"post-title\">Atat\u00fcrk \u00dcniversitesi Hal\u0131c\u0131l\u0131k E\u011fitim Merkezi M\u00fcd\u00fcrl\u00fc\u011f\u00fc olarak faaliyetlerine ba\u015flam\u0131\u015ft\u0131r.<\/h2>\n\t\t\t\t\t\t\t    <\/a>\n\t\t\t\t\t\t\t<\/div>\n\t\t\t\t\t\t\t\t\t\t\t\t\t\t\t\t\t\t\t\t\t<div class=\"post-footer\">\n\t\t\t\t\t\t\t\t<div class=\"egovt-post-readmore\">\n\t\t\t\t\t\t\t\t    <a class=\"btn-readmore second_font\" href=\"https:\/\/atauni.edu.tr\/halicilik-egitim-merkezi\/2021\/06\/13\/lorem-ipsum\/\">\n\t\t\t\t\t\t\t\t    \tDevam\u0131...\t\t\t\t\t\t\t\t    \t<i data-feather=\"arrow-right\"><\/i>\n\t\t\t\t\t\t\t\t    <\/a>\n\t\t\t\t\t\t\t\t<\/div>\n\t\t\t\t\t\t\t<\/div>\n\t\t\t\t\t\t\t\t\t\t\t\t\t<\/div>\n\t\t\t\t\t<\/div>\n\t\t\t\t<\/article>\n\t\t\t\t\t\t<\/div>\n\t\t<\/div>\n\t\t\t\t\t\t<\/div>\n\t\t\t\t<\/div>\n\t\t\t\t\t<\/div>\n\t\t<\/div>\n\t\t\t\t\t<\/div>\n\t\t<\/section>\n\t\t\t\t<\/div>\n\t\t","protected":false},"excerpt":{"rendered":"<p>https:\/\/birimler.atauni.edu.tr\/halicilik-egitim-merkezi\/wp-content\/uploads\/sites\/503\/2022\/03\/halicilik.mp4 Haberler T\u00fcm\u00fc Duyurular T\u00fcm\u00fc Etkinlikler T\u00fcm\u00fc Haberler \/ Duyurular 2 Mart 2022 Atat\u00fcrk \u00dcniversitesi Hal\u0131c\u0131l\u0131k E\u011fitim Merkezi M\u00fcd\u00fcrl\u00fc\u011f\u00fc ve \u0130\u015eKUR i\u015fbirli\u011fi Devam\u0131&#8230; 13 Haziran 2021 Atat\u00fcrk \u00dcniversitesi Hal\u0131c\u0131l\u0131k E\u011fitim Merkezi M\u00fcd\u00fcrl\u00fc\u011f\u00fc olarak faaliyetlerine ba\u015flam\u0131\u015ft\u0131r. Devam\u0131&#8230;<\/p>\n","protected":false},"author":1,"featured_media":0,"parent":0,"menu_order":0,"comment_status":"closed","ping_status":"closed","template":"elementor_header_footer","meta":{"footnotes":""},"class_list":["post-68","page","type-page","status-publish","hentry"],"_links":{"self":[{"href":"https:\/\/atauni.edu.tr\/halicilik-egitim-merkezi\/wp-json\/wp\/v2\/pages\/68","targetHints":{"allow":["GET"]}}],"collection":[{"href":"https:\/\/atauni.edu.tr\/halicilik-egitim-merkezi\/wp-json\/wp\/v2\/pages"}],"about":[{"href":"https:\/\/atauni.edu.tr\/halicilik-egitim-merkezi\/wp-json\/wp\/v2\/types\/page"}],"author":[{"embeddable":true,"href":"https:\/\/atauni.edu.tr\/halicilik-egitim-merkezi\/wp-json\/wp\/v2\/users\/1"}],"replies":[{"embeddable":true,"href":"https:\/\/atauni.edu.tr\/halicilik-egitim-merkezi\/wp-json\/wp\/v2\/comments?post=68"}],"version-history":[{"count":102,"href":"https:\/\/atauni.edu.tr\/halicilik-egitim-merkezi\/wp-json\/wp\/v2\/pages\/68\/revisions"}],"predecessor-version":[{"id":6388,"href":"https:\/\/atauni.edu.tr\/halicilik-egitim-merkezi\/wp-json\/wp\/v2\/pages\/68\/revisions\/6388"}],"wp:attachment":[{"href":"https:\/\/atauni.edu.tr\/halicilik-egitim-merkezi\/wp-json\/wp\/v2\/media?parent=68"}],"curies":[{"name":"wp","href":"https:\/\/api.w.org\/{rel}","templated":true}]}}