{"id":10203,"date":"2024-12-24T22:41:23","date_gmt":"2024-12-24T19:41:23","guid":{"rendered":"https:\/\/birimler.atauni.edu.tr\/hemsirelik-fakultesi\/?page_id=10203"},"modified":"2025-05-02T12:52:03","modified_gmt":"2025-05-02T09:52:03","slug":"erasmus","status":"publish","type":"page","link":"https:\/\/atauni.edu.tr\/hemsirelik-fakultesi\/erasmus\/","title":{"rendered":"Erasmus"},"content":{"rendered":"\t\t<div data-elementor-type=\"wp-page\" data-elementor-id=\"10203\" class=\"elementor elementor-10203\" data-elementor-post-type=\"page\">\n\t\t\t\t\t\t<section class=\"elementor-section elementor-top-section elementor-element elementor-element-52b65d6 elementor-section-boxed elementor-section-height-default elementor-section-height-default\" data-id=\"52b65d6\" data-element_type=\"section\">\n\t\t\t\t\t\t<div class=\"elementor-container elementor-column-gap-default\">\n\t\t\t\t\t<div class=\"elementor-column elementor-col-100 elementor-top-column elementor-element elementor-element-ae98459\" data-id=\"ae98459\" data-element_type=\"column\">\n\t\t\t<div class=\"elementor-widget-wrap elementor-element-populated\">\n\t\t\t\t\t\t<div class=\"elementor-element elementor-element-8a5ae07 elementor-widget elementor-widget-toggle\" data-id=\"8a5ae07\" data-element_type=\"widget\" data-widget_type=\"toggle.default\">\n\t\t\t\t<div class=\"elementor-widget-container\">\n\t\t\t\t\t\t\t<div class=\"elementor-toggle\">\n\t\t\t\t\t\t\t<div class=\"elementor-toggle-item\">\n\t\t\t\t\t<div id=\"elementor-tab-title-1451\" class=\"elementor-tab-title\" data-tab=\"1\" role=\"button\" aria-controls=\"elementor-tab-content-1451\" aria-expanded=\"false\">\n\t\t\t\t\t\t\t\t\t\t\t\t<span class=\"elementor-toggle-icon elementor-toggle-icon-left\" aria-hidden=\"true\">\n\t\t\t\t\t\t\t\t\t\t\t\t\t\t\t<span class=\"elementor-toggle-icon-closed\"><i class=\"fas fa-caret-right\"><\/i><\/span>\n\t\t\t\t\t\t\t\t<span class=\"elementor-toggle-icon-opened\"><i class=\"elementor-toggle-icon-opened fas fa-caret-up\"><\/i><\/span>\n\t\t\t\t\t\t\t\t\t\t\t\t\t<\/span>\n\t\t\t\t\t\t\t\t\t\t\t\t<a class=\"elementor-toggle-title\" tabindex=\"0\">Erasmus Bilgilendirme<\/a>\n\t\t\t\t\t<\/div>\n\n\t\t\t\t\t<div id=\"elementor-tab-content-1451\" class=\"elementor-tab-content elementor-clearfix\" data-tab=\"1\" role=\"region\" aria-labelledby=\"elementor-tab-title-1451\"><p>Hem\u015firelik Fak\u00fcltesi Erasmus Koordinat\u00f6rl\u00fc\u011f\u00fc hakk\u0131nda bilgi almak i\u00e7in <a href=\"https:\/\/birimler.atauni.edu.tr\/hemsirelik-fakultesi\/wp-content\/uploads\/sites\/481\/2025\/03\/Erasmus-Koordinator.docx\">t\u0131klay\u0131n\u0131z.<\/a><\/p><p>\u00d6\u011frenci De\u011fi\u015fim Programlar\u0131 Uygulama Esaslar\u0131 i\u00e7in <a href=\"https:\/\/birimler.atauni.edu.tr\/hemsirelik-fakultesi\/wp-content\/uploads\/sites\/481\/2025\/03\/Ogrenci-Degisim-Programlari-Uygulama-Esaslari-1.pdf\">t\u0131klay\u0131n\u0131z.<\/a><\/p><p>2024-2028 Atat\u00fcrk \u00dcniversitesi Ulusalaras\u0131la\u015fma Stratejisi ve Eylem Plan\u0131 i\u00e7in <a href=\"https:\/\/birimler.atauni.edu.tr\/hemsirelik-fakultesi\/wp-content\/uploads\/sites\/481\/2025\/03\/Ataturk-universitesi-Uluslararasilasma-Stratejisi-ve-Eylem-Plani-2024-2028.pdf\">t\u0131klay\u0131n\u0131z.<\/a><\/p><p>Erasmus+\u00d6\u011fretim Eleman\u0131 ders verme kriterleri i\u00e7in <a href=\"https:\/\/birimler.atauni.edu.tr\/hemsirelik-fakultesi\/wp-content\/uploads\/sites\/481\/2025\/03\/Erasmus-Ogretim-Uyesi-Ders-Verme-Degerlendirme-Kriterleri-Icin-tiklayiniz.pdf\">\u00a0t\u0131klay\u0131n\u0131z.<\/a><\/p><p>Erasmus Politika Beyan\u0131 i\u00e7in <a href=\"https:\/\/birimler.atauni.edu.tr\/hemsirelik-fakultesi\/wp-content\/uploads\/sites\/481\/2025\/03\/Erasmus-Politika-Beyani.pdf\">t\u0131klay\u0131n\u0131z.<\/a><\/p><p>ECHE hakk\u0131nda bilgi edinmek i\u00e7in <a href=\"https:\/\/birimler.atauni.edu.tr\/hemsirelik-fakultesi\/wp-content\/uploads\/sites\/481\/2025\/03\/ECHE.docx\">t\u0131klay\u0131n\u0131z.<\/a><\/p><p>ECHE -Sertifika i\u00e7in <a href=\"https:\/\/birimler.atauni.edu.tr\/hemsirelik-fakultesi\/wp-content\/uploads\/sites\/481\/2025\/03\/ECHE-certificat.pdf\">t\u0131klay\u0131n\u0131z.<\/a><\/p><p>Erasmus + \u00d6\u011fretim \u00dcyesi Ders Verme Kriterleri hakk\u0131nda bilgi almak i\u00e7in <a href=\"https:\/\/birimler.atauni.edu.tr\/hemsirelik-fakultesi\/wp-content\/uploads\/sites\/481\/2025\/03\/Erasmus-Ogretim-Uyesi-Ders-Verme-Degerlendirme-Kriterleri-Icin-tiklayiniz.pdf\">t\u0131klay\u0131n\u0131z.<\/a><\/p><\/div>\n\t\t\t\t<\/div>\n\t\t\t\t\t\t\t<div class=\"elementor-toggle-item\">\n\t\t\t\t\t<div id=\"elementor-tab-title-1452\" class=\"elementor-tab-title\" data-tab=\"2\" role=\"button\" aria-controls=\"elementor-tab-content-1452\" aria-expanded=\"false\">\n\t\t\t\t\t\t\t\t\t\t\t\t<span class=\"elementor-toggle-icon elementor-toggle-icon-left\" aria-hidden=\"true\">\n\t\t\t\t\t\t\t\t\t\t\t\t\t\t\t<span class=\"elementor-toggle-icon-closed\"><i class=\"fas fa-caret-right\"><\/i><\/span>\n\t\t\t\t\t\t\t\t<span class=\"elementor-toggle-icon-opened\"><i class=\"elementor-toggle-icon-opened fas fa-caret-up\"><\/i><\/span>\n\t\t\t\t\t\t\t\t\t\t\t\t\t<\/span>\n\t\t\t\t\t\t\t\t\t\t\t\t<a class=\"elementor-toggle-title\" tabindex=\"0\">Erasmus Hareketlili\u011fi Programlar\u0131<\/a>\n\t\t\t\t\t<\/div>\n\n\t\t\t\t\t<div id=\"elementor-tab-content-1452\" class=\"elementor-tab-content elementor-clearfix\" data-tab=\"2\" role=\"region\" aria-labelledby=\"elementor-tab-title-1452\"><p>Erasmus+KA131 Program\u0131 hakk\u0131nda bilgi edinmek i\u00e7in\u00a0<a style=\"font-size: 1rem;letter-spacing: 0px\" href=\"https:\/\/birimler.atauni.edu.tr\/hemsirelik-fakultesi\/wp-content\/uploads\/sites\/481\/2025\/03\/Erasmus-KA131-Nedir.docx\">t\u0131klay\u0131n\u0131z.<\/a><\/p><p>KA105-ESC Program\u0131 hakk\u0131nda bilgi edinmek i\u00e7in\u00a0 <a href=\"https:\/\/birimler.atauni.edu.tr\/hemsirelik-fakultesi\/wp-content\/uploads\/sites\/481\/2025\/03\/KA105-ESC-Tanitim.docx\">t\u0131klay\u0131n\u0131z.<\/a><\/p><p>Erasmus+KA171 Program\u0131 hakk\u0131nda bilgi edinmek i\u00e7in\u00a0 <a href=\"https:\/\/birimler.atauni.edu.tr\/hemsirelik-fakultesi\/wp-content\/uploads\/sites\/481\/2025\/03\/Erasmus-KA171-Nedir.docx\">t\u0131klay\u0131n\u0131z.<\/a><\/p><\/div>\n\t\t\t\t<\/div>\n\t\t\t\t\t\t\t<div class=\"elementor-toggle-item\">\n\t\t\t\t\t<div id=\"elementor-tab-title-1453\" class=\"elementor-tab-title\" data-tab=\"3\" role=\"button\" aria-controls=\"elementor-tab-content-1453\" aria-expanded=\"false\">\n\t\t\t\t\t\t\t\t\t\t\t\t<span class=\"elementor-toggle-icon elementor-toggle-icon-left\" aria-hidden=\"true\">\n\t\t\t\t\t\t\t\t\t\t\t\t\t\t\t<span class=\"elementor-toggle-icon-closed\"><i class=\"fas fa-caret-right\"><\/i><\/span>\n\t\t\t\t\t\t\t\t<span class=\"elementor-toggle-icon-opened\"><i class=\"elementor-toggle-icon-opened fas fa-caret-up\"><\/i><\/span>\n\t\t\t\t\t\t\t\t\t\t\t\t\t<\/span>\n\t\t\t\t\t\t\t\t\t\t\t\t<a class=\"elementor-toggle-title\" tabindex=\"0\">\u00d6\u011frenci Rehberi ve Formlar<\/a>\n\t\t\t\t\t<\/div>\n\n\t\t\t\t\t<div id=\"elementor-tab-content-1453\" class=\"elementor-tab-content elementor-clearfix\" data-tab=\"3\" role=\"region\" aria-labelledby=\"elementor-tab-title-1453\"><p>Erasmus \u00d6\u011frenci Rehberi i\u00e7in <a href=\"https:\/\/birimler.atauni.edu.tr\/hemsirelik-fakultesi\/wp-content\/uploads\/sites\/481\/2025\/03\/Ogrenci-Rehberi.docx\">t\u0131klay\u0131n\u0131z.<\/a><\/p><p>Bireysel Ba\u015fvuru Klavuzu i\u00e7in <a href=\"https:\/\/birimler.atauni.edu.tr\/hemsirelik-fakultesi\/wp-content\/uploads\/sites\/481\/2025\/03\/BireyselBasvuruKilavuzu.pdf\">t\u0131klay\u0131n\u0131z.<\/a><\/p><p>Erasmus+ KA131 Anla\u015fma ve Kontenjanlar\u0131 \u0130\u00e7in <a href=\"https:\/\/obs.atauni.edu.tr\/moduller\/login\/degisimOia\/erasmusKA103\">t\u0131klay\u0131n\u0131z.<\/a><\/p><p>Erasmus+ KA171 Anla\u015fma ve Kontenjanlar\u0131 \u0130\u00e7in <a href=\"https:\/\/obs.atauni.edu.tr\/moduller\/login\/degisimOia\/erasmusKA107\">t\u0131klay\u0131n\u0131z.<\/a><\/p><p>Erasmus+ \u00d6\u011fretim \u00dcyesi Anla\u015fma ve Kontenjanlar\u0131 \u0130\u00e7in <a href=\"https:\/\/birimler.atauni.edu.tr\/hemsirelik-fakultesi\/wp-content\/uploads\/sites\/481\/2025\/03\/Erasmus-personel-kontenjan-anlasma-2022.xls\">t\u0131klay\u0131n\u0131z.<\/a><\/p><p>Erasmus+ \u00d6\u011fretim Hareketlili\u011fi haz\u0131rl\u0131k a\u015famas\u0131 i\u015f ak\u0131\u015f cetveli i\u00e7in\u00a0 <a href=\"https:\/\/birimler.atauni.edu.tr\/hemsirelik-fakultesi\/wp-content\/uploads\/sites\/481\/2025\/03\/Erasmus-Programi-Ogrenim-hareketliligi-hazirlik-asamasi-is-akis-semasi-icin-tiklayiniz.pdf\">t\u0131klay\u0131n\u0131z.<\/a><\/p><p>Erasmus not e\u015fde\u011ferlili\u011fi hakk\u0131nda bilgi almak i\u00e7in <a href=\"https:\/\/birimler.atauni.edu.tr\/hemsirelik-fakultesi\/wp-content\/uploads\/sites\/481\/2025\/03\/ErasmusNotEsdegelilik.pdf\">t\u0131klay\u0131n\u0131z.<\/a><\/p><p>\u00d6\u011frenci yeni mezun hareketlili\u011finde hibe deste\u011fi hakk\u0131nda bilgi almak i\u00e7in <a href=\"https:\/\/birimler.atauni.edu.tr\/hemsirelik-fakultesi\/wp-content\/uploads\/sites\/481\/2025\/03\/OgrenciYeni-Mezun-Hareketliliginde-Ilave-Hibe-Destegi.docx\">t\u0131klay\u0131n\u0131z.<\/a><\/p><p>Erasmus- KA131\/KA171 \u00f6\u011frenci Kabul Belgesi i\u00e7in\u00a0 <a href=\"https:\/\/birimler.atauni.edu.tr\/hemsirelik-fakultesi\/wp-content\/uploads\/sites\/481\/2025\/03\/erasmus_-student_confirmation_belgesi-KA131-KA171.docx\">t\u0131klay\u0131n\u0131z.<\/a><\/p><p>Erasmus- KA131 Stajyerlik Onay Belgesi i\u00e7in <a href=\"https:\/\/birimler.atauni.edu.tr\/hemsirelik-fakultesi\/wp-content\/uploads\/sites\/481\/2025\/03\/Traineeship-Agreement-KA131.docx\">t\u0131klay\u0131n\u0131z.\u00a0<\/a><\/p><p>Erasmus- KA171 Stajyerlik Onay Belgesi i\u00e7in <a href=\"https:\/\/birimler.atauni.edu.tr\/hemsirelik-fakultesi\/wp-content\/uploads\/sites\/481\/2025\/03\/Traineeship-Agreement-KA171.docx\">t\u0131klay\u0131n\u0131z.<\/a><\/p><p>Staj Tan\u0131nma Formu i\u00e7in <a href=\"https:\/\/birimler.atauni.edu.tr\/hemsirelik-fakultesi\/wp-content\/uploads\/sites\/481\/2025\/03\/Staj-Taninma-formu.docx\">t\u0131klay\u0131n\u0131z.<\/a><\/p><\/div>\n\t\t\t\t<\/div>\n\t\t\t\t\t\t\t<div class=\"elementor-toggle-item\">\n\t\t\t\t\t<div id=\"elementor-tab-title-1454\" class=\"elementor-tab-title\" data-tab=\"4\" role=\"button\" aria-controls=\"elementor-tab-content-1454\" aria-expanded=\"false\">\n\t\t\t\t\t\t\t\t\t\t\t\t<span class=\"elementor-toggle-icon elementor-toggle-icon-left\" aria-hidden=\"true\">\n\t\t\t\t\t\t\t\t\t\t\t\t\t\t\t<span class=\"elementor-toggle-icon-closed\"><i class=\"fas fa-caret-right\"><\/i><\/span>\n\t\t\t\t\t\t\t\t<span class=\"elementor-toggle-icon-opened\"><i class=\"elementor-toggle-icon-opened fas fa-caret-up\"><\/i><\/span>\n\t\t\t\t\t\t\t\t\t\t\t\t\t<\/span>\n\t\t\t\t\t\t\t\t\t\t\t\t<a class=\"elementor-toggle-title\" tabindex=\"0\">Erasmus Etkinlikleri<\/a>\n\t\t\t\t\t<\/div>\n\n\t\t\t\t\t<div id=\"elementor-tab-content-1454\" class=\"elementor-tab-content elementor-clearfix\" data-tab=\"4\" role=\"region\" aria-labelledby=\"elementor-tab-title-1454\"><p>Ge\u00e7i\u015f \u0130\u00e7eri\u011fi<\/p><\/div>\n\t\t\t\t<\/div>\n\t\t\t\t\t\t\t<div class=\"elementor-toggle-item\">\n\t\t\t\t\t<div id=\"elementor-tab-title-1455\" class=\"elementor-tab-title\" data-tab=\"5\" role=\"button\" aria-controls=\"elementor-tab-content-1455\" aria-expanded=\"false\">\n\t\t\t\t\t\t\t\t\t\t\t\t<span class=\"elementor-toggle-icon elementor-toggle-icon-left\" aria-hidden=\"true\">\n\t\t\t\t\t\t\t\t\t\t\t\t\t\t\t<span class=\"elementor-toggle-icon-closed\"><i class=\"fas fa-caret-right\"><\/i><\/span>\n\t\t\t\t\t\t\t\t<span class=\"elementor-toggle-icon-opened\"><i class=\"elementor-toggle-icon-opened fas fa-caret-up\"><\/i><\/span>\n\t\t\t\t\t\t\t\t\t\t\t\t\t<\/span>\n\t\t\t\t\t\t\t\t\t\t\t\t<a class=\"elementor-toggle-title\" tabindex=\"0\">Yabanc\u0131 Dil Deste\u011fi ve Avrupa Kredi Transfer Sistemi <\/a>\n\t\t\t\t\t<\/div>\n\n\t\t\t\t\t<div id=\"elementor-tab-content-1455\" class=\"elementor-tab-content elementor-clearfix\" data-tab=\"5\" role=\"region\" aria-labelledby=\"elementor-tab-title-1455\"><p><a href=\"https:\/\/birimler.atauni.edu.tr\/hemsirelik-fakultesi\/wp-content\/uploads\/sites\/481\/2025\/05\/Avrupa-Kredi-Transfer-Sistemi-AKTS.pdf\">Avrupa Kredi Transfer Sistemi\u00a0<\/a><\/p><p><a href=\"https:\/\/birimler.atauni.edu.tr\/hemsirelik-fakultesi\/wp-content\/uploads\/sites\/481\/2025\/05\/Erasmus-Online-Language-Support-OLS-sistemi.docx\">Erasmus Online Language Support (OLS) Sistemi<\/a><\/p><p><strong><span style=\"text-decoration: underline\">Yabanc\u0131 Dil Deste\u011fi<\/span><\/strong><\/p><p>Reading : <a href=\"https:\/\/birimler.atauni.edu.tr\/yabanci-diller-yuksekokulu\/reading\/\">Reading \u2013 Yabanc\u0131 Diller Y\u00fcksekokulu<\/a><\/p><p>Listening speaking : <a href=\"https:\/\/birimler.atauni.edu.tr\/yabanci-diller-yuksekokulu\/listening-speaking\/\">Listening &amp; Speaking \u2013 Yabanc\u0131 Diller Y\u00fcksekokulu<\/a><\/p><p>Grammer : <a href=\"https:\/\/birimler.atauni.edu.tr\/yabanci-diller-yuksekokulu\/grammar\/\">Grammar \u2013 Yabanc\u0131 Diller Y\u00fcksekokulu<\/a><\/p><p>Listening&amp;Speaking A1\/A2+ : <a href=\"https:\/\/birimler.atauni.edu.tr\/yabanci-diller-yuksekokulu\/anasayfa\/sensenglish-listeningspeaking-a1-a2\/\">SensEnglish Listening&amp;Speaking A1\/A2+ \u2013 Yabanc\u0131 Diller Y\u00fcksekokulu<\/a><\/p><p>Listening&amp;Speaking B1\/B1+: <a href=\"https:\/\/birimler.atauni.edu.tr\/yabanci-diller-yuksekokulu\/sensenglish-listeningspeaking-b1-b\/\">SensEnglish Listening&amp;Speaking B1\/B1+ \u2013 Yabanc\u0131 Diller Y\u00fcksekokulu<\/a><\/p><p>Listening&amp;Speaking B2\/B2+: <a href=\"https:\/\/birimler.atauni.edu.tr\/yabanci-diller-yuksekokulu\/sensenglish-listeningspeaking-b2-b2\/\">SensEnglish Listening&amp;Speaking B2\/B2+ \u2013 Yabanc\u0131 Diller Y\u00fcksekokulu<\/a><\/p><\/div>\n\t\t\t\t<\/div>\n\t\t\t\t\t\t\t\t<\/div>\n\t\t\t\t\t\t<\/div>\n\t\t\t\t<\/div>\n\t\t\t\t\t<\/div>\n\t\t<\/div>\n\t\t\t\t\t<\/div>\n\t\t<\/section>\n\t\t\t\t<\/div>\n\t\t","protected":false},"excerpt":{"rendered":"<p>Erasmus Bilgilendirme Hem\u015firelik Fak\u00fcltesi Erasmus Koordinat\u00f6rl\u00fc\u011f\u00fc hakk\u0131nda bilgi almak i\u00e7in t\u0131klay\u0131n\u0131z. \u00d6\u011frenci De\u011fi\u015fim Programlar\u0131 Uygulama Esaslar\u0131 i\u00e7in t\u0131klay\u0131n\u0131z. 2024-2028 Atat\u00fcrk \u00dcniversitesi Ulusalaras\u0131la\u015fma Stratejisi ve Eylem Plan\u0131 i\u00e7in t\u0131klay\u0131n\u0131z. Erasmus+\u00d6\u011fretim Eleman\u0131 ders verme kriterleri i\u00e7in \u00a0t\u0131klay\u0131n\u0131z. Erasmus Politika Beyan\u0131 i\u00e7in t\u0131klay\u0131n\u0131z. ECHE hakk\u0131nda bilgi edinmek i\u00e7in t\u0131klay\u0131n\u0131z. ECHE -Sertifika i\u00e7in t\u0131klay\u0131n\u0131z. Erasmus + \u00d6\u011fretim \u00dcyesi Ders [&hellip;]<\/p>\n","protected":false},"author":426,"featured_media":0,"parent":0,"menu_order":0,"comment_status":"closed","ping_status":"closed","template":"","meta":{"footnotes":""},"class_list":["post-10203","page","type-page","status-publish","hentry"],"_links":{"self":[{"href":"https:\/\/atauni.edu.tr\/hemsirelik-fakultesi\/wp-json\/wp\/v2\/pages\/10203","targetHints":{"allow":["GET"]}}],"collection":[{"href":"https:\/\/atauni.edu.tr\/hemsirelik-fakultesi\/wp-json\/wp\/v2\/pages"}],"about":[{"href":"https:\/\/atauni.edu.tr\/hemsirelik-fakultesi\/wp-json\/wp\/v2\/types\/page"}],"author":[{"embeddable":true,"href":"https:\/\/atauni.edu.tr\/hemsirelik-fakultesi\/wp-json\/wp\/v2\/users\/426"}],"replies":[{"embeddable":true,"href":"https:\/\/atauni.edu.tr\/hemsirelik-fakultesi\/wp-json\/wp\/v2\/comments?post=10203"}],"version-history":[{"count":49,"href":"https:\/\/atauni.edu.tr\/hemsirelik-fakultesi\/wp-json\/wp\/v2\/pages\/10203\/revisions"}],"predecessor-version":[{"id":13723,"href":"https:\/\/atauni.edu.tr\/hemsirelik-fakultesi\/wp-json\/wp\/v2\/pages\/10203\/revisions\/13723"}],"wp:attachment":[{"href":"https:\/\/atauni.edu.tr\/hemsirelik-fakultesi\/wp-json\/wp\/v2\/media?parent=10203"}],"curies":[{"name":"wp","href":"https:\/\/api.w.org\/{rel}","templated":true}]}}