{"id":10301,"date":"2024-12-26T21:50:13","date_gmt":"2024-12-26T18:50:13","guid":{"rendered":"https:\/\/birimler.atauni.edu.tr\/hemsirelik-fakultesi\/?page_id=10301"},"modified":"2025-05-20T16:35:14","modified_gmt":"2025-05-20T13:35:14","slug":"ogrenci-formlari","status":"publish","type":"page","link":"https:\/\/atauni.edu.tr\/hemsirelik-fakultesi\/ogrenci-formlari\/","title":{"rendered":"Olay Bildirim Formlar\u0131"},"content":{"rendered":"\t\t<div data-elementor-type=\"wp-page\" data-elementor-id=\"10301\" class=\"elementor elementor-10301\" data-elementor-post-type=\"page\">\n\t\t\t\t\t\t<section class=\"elementor-section elementor-top-section elementor-element elementor-element-23bf239 elementor-section-boxed elementor-section-height-default elementor-section-height-default\" data-id=\"23bf239\" data-element_type=\"section\">\n\t\t\t\t\t\t<div class=\"elementor-container elementor-column-gap-default\">\n\t\t\t\t\t<div class=\"elementor-column elementor-col-100 elementor-top-column elementor-element elementor-element-23c7e62\" data-id=\"23c7e62\" data-element_type=\"column\">\n\t\t\t<div class=\"elementor-widget-wrap elementor-element-populated\">\n\t\t\t\t\t\t<div class=\"elementor-element elementor-element-250a11e elementor-widget elementor-widget-text-editor\" data-id=\"250a11e\" data-element_type=\"widget\" data-widget_type=\"text-editor.default\">\n\t\t\t\t<div class=\"elementor-widget-container\">\n\t\t\t\t\t\t\t\t\t<p>Hem\u015firelik Uygulamalar\u0131nda Laboratuvar ve Klinik Alanlar \u0130\u00e7in Olay Bildirim Formu i\u00e7in <a href=\"https:\/\/birimler.atauni.edu.tr\/hemsirelik-fakultesi\/wp-content\/uploads\/sites\/481\/2020\/07\/Hemsirelik-Fakultesi-Ders-Uygulama-Komisyonu-Laboratuvar-ve-Uygulamalarda-Olay-Bildirim-Formu-2.docx\">t\u0131klay\u0131n\u0131z.<\/a><\/p><p>Personel \u0130\u015f Kazas\u0131 ve Meslek Hastal\u0131\u011f\u0131 Bildirim Formu i\u00e7in <a href=\"https:\/\/birimler.atauni.edu.tr\/hemsirelik-fakultesi\/wp-content\/uploads\/sites\/481\/2025\/05\/Personel-is-kazasi-ve-meslek-hastaligi-bildirim-formu.pdf\">t\u0131klay\u0131n\u0131z.<\/a><\/p><p>Hem\u015firelik Fak\u00fcltesi\u00a0 Olay Bildirim Ak\u0131\u015f \u015eemas\u0131 i\u00e7in <a href=\"https:\/\/birimler.atauni.edu.tr\/hemsirelik-fakultesi\/wp-content\/uploads\/sites\/481\/2020\/07\/revize-Ek-TS-6.6.6.-Olay-Bildirim-Semasi-26-Aralik-2024-3.docx\">t\u0131klay\u0131n\u0131z.<\/a><\/p><p>Hem\u015firelik Fak\u00fcltesi \u0130\u015f Sa\u011fl\u0131\u011f\u0131 ve G\u00fcvenli\u011fi Bro\u015f\u00fcr\u00fc&#8217;ne ula\u015fmak i\u00e7in <a href=\"https:\/\/birimler.atauni.edu.tr\/hemsirelik-fakultesi\/wp-content\/uploads\/sites\/481\/2025\/05\/Hemsirelik-fakultesi-is-sagligi-ve-guvenligi-brosur-.pdf\">t\u0131klay\u0131n\u0131z.<\/a><\/p>\t\t\t\t\t\t\t\t<\/div>\n\t\t\t\t<\/div>\n\t\t\t\t\t<\/div>\n\t\t<\/div>\n\t\t\t\t\t<\/div>\n\t\t<\/section>\n\t\t\t\t<\/div>\n\t\t","protected":false},"excerpt":{"rendered":"<p>Hem\u015firelik Uygulamalar\u0131nda Laboratuvar ve Klinik Alanlar \u0130\u00e7in Olay Bildirim Formu i\u00e7in t\u0131klay\u0131n\u0131z. Personel \u0130\u015f Kazas\u0131 ve Meslek Hastal\u0131\u011f\u0131 Bildirim Formu i\u00e7in t\u0131klay\u0131n\u0131z. Hem\u015firelik Fak\u00fcltesi\u00a0 Olay Bildirim Ak\u0131\u015f \u015eemas\u0131 i\u00e7in t\u0131klay\u0131n\u0131z. Hem\u015firelik Fak\u00fcltesi \u0130\u015f Sa\u011fl\u0131\u011f\u0131 ve G\u00fcvenli\u011fi Bro\u015f\u00fcr\u00fc&#8217;ne ula\u015fmak i\u00e7in t\u0131klay\u0131n\u0131z.<\/p>\n","protected":false},"author":426,"featured_media":0,"parent":0,"menu_order":0,"comment_status":"closed","ping_status":"closed","template":"","meta":{"footnotes":""},"class_list":["post-10301","page","type-page","status-publish","hentry"],"_links":{"self":[{"href":"https:\/\/atauni.edu.tr\/hemsirelik-fakultesi\/wp-json\/wp\/v2\/pages\/10301","targetHints":{"allow":["GET"]}}],"collection":[{"href":"https:\/\/atauni.edu.tr\/hemsirelik-fakultesi\/wp-json\/wp\/v2\/pages"}],"about":[{"href":"https:\/\/atauni.edu.tr\/hemsirelik-fakultesi\/wp-json\/wp\/v2\/types\/page"}],"author":[{"embeddable":true,"href":"https:\/\/atauni.edu.tr\/hemsirelik-fakultesi\/wp-json\/wp\/v2\/users\/426"}],"replies":[{"embeddable":true,"href":"https:\/\/atauni.edu.tr\/hemsirelik-fakultesi\/wp-json\/wp\/v2\/comments?post=10301"}],"version-history":[{"count":11,"href":"https:\/\/atauni.edu.tr\/hemsirelik-fakultesi\/wp-json\/wp\/v2\/pages\/10301\/revisions"}],"predecessor-version":[{"id":14651,"href":"https:\/\/atauni.edu.tr\/hemsirelik-fakultesi\/wp-json\/wp\/v2\/pages\/10301\/revisions\/14651"}],"wp:attachment":[{"href":"https:\/\/atauni.edu.tr\/hemsirelik-fakultesi\/wp-json\/wp\/v2\/media?parent=10301"}],"curies":[{"name":"wp","href":"https:\/\/api.w.org\/{rel}","templated":true}]}}