{"id":10672,"date":"2025-01-14T13:40:22","date_gmt":"2025-01-14T10:40:22","guid":{"rendered":"https:\/\/birimler.atauni.edu.tr\/hemsirelik-fakultesi\/?page_id=10672"},"modified":"2025-06-05T10:19:07","modified_gmt":"2025-06-05T07:19:07","slug":"olcme-degerlendirme-komisyonu-2","status":"publish","type":"page","link":"https:\/\/atauni.edu.tr\/hemsirelik-fakultesi\/olcme-degerlendirme-komisyonu-2\/","title":{"rendered":"\u00a0\u00d6l\u00e7me De\u011ferlendirme\u00a0 Komisyonu"},"content":{"rendered":"\t\t<div data-elementor-type=\"wp-page\" data-elementor-id=\"10672\" class=\"elementor elementor-10672\" data-elementor-post-type=\"page\">\n\t\t\t\t\t\t<section class=\"elementor-section elementor-top-section elementor-element elementor-element-537c1f9 elementor-section-boxed elementor-section-height-default elementor-section-height-default\" data-id=\"537c1f9\" data-element_type=\"section\">\n\t\t\t\t\t\t<div class=\"elementor-container elementor-column-gap-default\">\n\t\t\t\t\t<div class=\"elementor-column elementor-col-100 elementor-top-column elementor-element elementor-element-76080b3\" data-id=\"76080b3\" data-element_type=\"column\">\n\t\t\t<div class=\"elementor-widget-wrap elementor-element-populated\">\n\t\t\t\t\t\t<div class=\"elementor-element elementor-element-233ea95 elementor-widget elementor-widget-toggle\" data-id=\"233ea95\" data-element_type=\"widget\" data-widget_type=\"toggle.default\">\n\t\t\t\t<div class=\"elementor-widget-container\">\n\t\t\t\t\t\t\t<div class=\"elementor-toggle\">\n\t\t\t\t\t\t\t<div class=\"elementor-toggle-item\">\n\t\t\t\t\t<div id=\"elementor-tab-title-3691\" class=\"elementor-tab-title\" data-tab=\"1\" role=\"button\" aria-controls=\"elementor-tab-content-3691\" aria-expanded=\"false\">\n\t\t\t\t\t\t\t\t\t\t\t\t<span class=\"elementor-toggle-icon elementor-toggle-icon-left\" aria-hidden=\"true\">\n\t\t\t\t\t\t\t\t\t\t\t\t\t\t\t<span class=\"elementor-toggle-icon-closed\"><i class=\"fas fa-caret-right\"><\/i><\/span>\n\t\t\t\t\t\t\t\t<span class=\"elementor-toggle-icon-opened\"><i class=\"elementor-toggle-icon-opened fas fa-caret-up\"><\/i><\/span>\n\t\t\t\t\t\t\t\t\t\t\t\t\t<\/span>\n\t\t\t\t\t\t\t\t\t\t\t\t<a class=\"elementor-toggle-title\" tabindex=\"0\">Komisyon \u00dcyeleri<\/a>\n\t\t\t\t\t<\/div>\n\n\t\t\t\t\t<div id=\"elementor-tab-content-3691\" class=\"elementor-tab-content elementor-clearfix\" data-tab=\"1\" role=\"region\" aria-labelledby=\"elementor-tab-title-3691\"><p>Do\u00e7. Dr. K\u00fcbra G\u00d6KALP (Ba\u015fkan)<\/p><p>\u00a0Do\u00e7. Dr. Arzu SARIAL\u0130O\u011eLU<\/p><p>\u00a0Dr. \u00d6\u011fr. \u00dcyesi Ay\u015fe AYDIN<\/p><p>\u00a0Dr. \u00d6\u011fr. \u00dcyesi S\u00fcheyla YARALI<\/p><p>\u00a0Dr. \u00d6\u011fr. \u00dcyesi Merve KAYA<\/p><p>\u00a0Dr. \u00d6\u011fr. \u00dcyesi Burcu ALA\u00c7AM<\/p><p>\u00a0Dr. \u00d6\u011fr. \u00dcyesi Yasemin \u00c7IRACI YA\u015eAR<\/p><p>\u00a0Dr. \u00d6\u011fr. \u00dcyesi Serpil \u00d6ZCAN\u00a0<\/p><p>\u00a0Ar\u015f.G\u00f6r. Yaprak BAGA<\/p><p>\u00a0\u00d6\u011frenci Merve KURT (3.s\u0131n\u0131f)<\/p><p>\u00a0\u00d6\u011frenci Elif Sude G\u00dcD\u00dcK (1. S\u0131n\u0131f)<\/p><p>\u00a0\u00d6\u011frenci Emre KIZILKAYA (2. S\u0131n\u0131f)<\/p><\/div>\n\t\t\t\t<\/div>\n\t\t\t\t\t\t\t<div class=\"elementor-toggle-item\">\n\t\t\t\t\t<div id=\"elementor-tab-title-3692\" class=\"elementor-tab-title\" data-tab=\"2\" role=\"button\" aria-controls=\"elementor-tab-content-3692\" aria-expanded=\"false\">\n\t\t\t\t\t\t\t\t\t\t\t\t<span class=\"elementor-toggle-icon elementor-toggle-icon-left\" aria-hidden=\"true\">\n\t\t\t\t\t\t\t\t\t\t\t\t\t\t\t<span class=\"elementor-toggle-icon-closed\"><i class=\"fas fa-caret-right\"><\/i><\/span>\n\t\t\t\t\t\t\t\t<span class=\"elementor-toggle-icon-opened\"><i class=\"elementor-toggle-icon-opened fas fa-caret-up\"><\/i><\/span>\n\t\t\t\t\t\t\t\t\t\t\t\t\t<\/span>\n\t\t\t\t\t\t\t\t\t\t\t\t<a class=\"elementor-toggle-title\" tabindex=\"0\">\u00c7al\u0131\u015fma Esaslar\u0131<\/a>\n\t\t\t\t\t<\/div>\n\n\t\t\t\t\t<div id=\"elementor-tab-content-3692\" class=\"elementor-tab-content elementor-clearfix\" data-tab=\"2\" role=\"region\" aria-labelledby=\"elementor-tab-title-3692\"><p>\u00c7al\u0131\u015fma Esaslar\u0131 i\u00e7in <a href=\"https:\/\/birimler.atauni.edu.tr\/hemsirelik-fakultesi\/wp-content\/uploads\/sites\/481\/2025\/05\/O\u0308lc\u0327me-Deg\u0306erlendirme-Komisyonu-Calisma-Esaslari-1.pdf\">t\u0131klay\u0131n\u0131z.<\/a><\/p><\/div>\n\t\t\t\t<\/div>\n\t\t\t\t\t\t\t<div class=\"elementor-toggle-item\">\n\t\t\t\t\t<div id=\"elementor-tab-title-3693\" class=\"elementor-tab-title\" data-tab=\"3\" role=\"button\" aria-controls=\"elementor-tab-content-3693\" aria-expanded=\"false\">\n\t\t\t\t\t\t\t\t\t\t\t\t<span class=\"elementor-toggle-icon elementor-toggle-icon-left\" aria-hidden=\"true\">\n\t\t\t\t\t\t\t\t\t\t\t\t\t\t\t<span class=\"elementor-toggle-icon-closed\"><i class=\"fas fa-caret-right\"><\/i><\/span>\n\t\t\t\t\t\t\t\t<span class=\"elementor-toggle-icon-opened\"><i class=\"elementor-toggle-icon-opened fas fa-caret-up\"><\/i><\/span>\n\t\t\t\t\t\t\t\t\t\t\t\t\t<\/span>\n\t\t\t\t\t\t\t\t\t\t\t\t<a class=\"elementor-toggle-title\" tabindex=\"0\">\u0130\u015f Ak\u0131\u015f \u00c7izelgesi<\/a>\n\t\t\t\t\t<\/div>\n\n\t\t\t\t\t<div id=\"elementor-tab-content-3693\" class=\"elementor-tab-content elementor-clearfix\" data-tab=\"3\" role=\"region\" aria-labelledby=\"elementor-tab-title-3693\"><p>2024-2025 E\u011fitim Y\u0131l\u0131 \u0130\u015f Ak\u0131\u015f \u00c7izelgesi i\u00e7in <a href=\"https:\/\/birimler.atauni.edu.tr\/hemsirelik-fakultesi\/wp-content\/uploads\/sites\/481\/2025\/04\/OLCME-DEGERLENDIRME-KOMISYONU-2024-2025-IS-AKIS-CIZELGESI.pdf\">t\u0131klay\u0131n\u0131z.<\/a><\/p><p>2023-2024 E\u011fitim Y\u0131l\u0131 \u0130\u015f Ak\u0131\u015f \u00c7izelgesi i\u00e7in <a href=\"https:\/\/birimler.atauni.edu.tr\/hemsirelik-fakultesi\/wp-content\/uploads\/sites\/481\/2025\/04\/OLCME-DEGERLENDIRME-KOMISYONU-2023-2024-IS-AKIS-CIZELGESI.pdf\">t\u0131klay\u0131n\u0131z.<\/a><\/p><p>2022-2023 E\u011fitim Y\u0131l\u0131\u00a0 \u0130\u015f Ak\u0131\u015f \u00c7izelgesi i\u00e7in <a href=\"https:\/\/birimler.atauni.edu.tr\/hemsirelik-fakultesi\/wp-content\/uploads\/sites\/481\/2025\/04\/OLCME-DEGERLENDIRME-KOMISYONU-2022-2023-IS-AKIS-CIZELGESI.pdf\">t\u0131klay\u0131n\u0131z.<\/a>\u00a0<\/p><p>2021-2022 E\u011fitim Y\u0131l\u0131\u00a0 \u0130\u015f Ak\u0131\u015f \u00c7izelgesi i\u00e7in <a href=\"https:\/\/birimler.atauni.edu.tr\/hemsirelik-fakultesi\/wp-content\/uploads\/sites\/481\/2025\/04\/OLCME-DEGERLENDIRME-KOMISYONU-2021-2022-IS-AKIS-CIZELGESI.pdf\">t\u0131klay\u0131n\u0131z.<\/a><\/p><\/div>\n\t\t\t\t<\/div>\n\t\t\t\t\t\t\t<div class=\"elementor-toggle-item\">\n\t\t\t\t\t<div id=\"elementor-tab-title-3694\" class=\"elementor-tab-title\" data-tab=\"4\" role=\"button\" aria-controls=\"elementor-tab-content-3694\" aria-expanded=\"false\">\n\t\t\t\t\t\t\t\t\t\t\t\t<span class=\"elementor-toggle-icon elementor-toggle-icon-left\" aria-hidden=\"true\">\n\t\t\t\t\t\t\t\t\t\t\t\t\t\t\t<span class=\"elementor-toggle-icon-closed\"><i class=\"fas fa-caret-right\"><\/i><\/span>\n\t\t\t\t\t\t\t\t<span class=\"elementor-toggle-icon-opened\"><i class=\"elementor-toggle-icon-opened fas fa-caret-up\"><\/i><\/span>\n\t\t\t\t\t\t\t\t\t\t\t\t\t<\/span>\n\t\t\t\t\t\t\t\t\t\t\t\t<a class=\"elementor-toggle-title\" tabindex=\"0\">Faaliyet Raporlar\u0131<\/a>\n\t\t\t\t\t<\/div>\n\n\t\t\t\t\t<div id=\"elementor-tab-content-3694\" class=\"elementor-tab-content elementor-clearfix\" data-tab=\"4\" role=\"region\" aria-labelledby=\"elementor-tab-title-3694\"><p>2024-2025 E\u011fitim Y\u0131l\u0131 Faaliyet Raporu i\u00e7in <a href=\"https:\/\/birimler.atauni.edu.tr\/hemsirelik-fakultesi\/wp-content\/uploads\/sites\/481\/2025\/04\/OLCME-DEGERLENDIRME-KOMISYONU-2024-2025-FAALIYET-RAPORU.pdf\">t\u0131klay\u0131n\u0131z.<\/a><\/p><p>2023-2024 E\u011fitim Y\u0131l\u0131 Faaliyet Raporu i\u00e7in <a href=\"https:\/\/birimler.atauni.edu.tr\/hemsirelik-fakultesi\/wp-content\/uploads\/sites\/481\/2025\/04\/OLCME-DEGERLENDIRME-KOMISYONU-2023-2024-FAALIYET-RAPORU.pdf\">t\u0131klay\u0131n\u0131z.<\/a><\/p><p>2022-2023 E\u011fitim Y\u0131l\u0131 Faaliyet Raporu i\u00e7in <a href=\"https:\/\/birimler.atauni.edu.tr\/hemsirelik-fakultesi\/wp-content\/uploads\/sites\/481\/2025\/04\/OLCME-DEGERLENDIRME-KOMISYONU-2022-2023-FAALIYET-RAPORU.pdf\">t\u0131klay\u0131n\u0131z.<\/a><\/p><p>2021-2022 E\u011fitim Y\u0131l\u0131 Faaliyet Raporu i\u00e7in <a href=\"https:\/\/birimler.atauni.edu.tr\/hemsirelik-fakultesi\/wp-content\/uploads\/sites\/481\/2025\/04\/OLCME-DEGERLENDIRME-KOMISYONU-2021-2022-FAALIYET-RAPORU.pdf\">t\u0131klay\u0131n\u0131z.<\/a><\/p><\/div>\n\t\t\t\t<\/div>\n\t\t\t\t\t\t\t<div class=\"elementor-toggle-item\">\n\t\t\t\t\t<div id=\"elementor-tab-title-3695\" class=\"elementor-tab-title\" data-tab=\"5\" role=\"button\" aria-controls=\"elementor-tab-content-3695\" aria-expanded=\"false\">\n\t\t\t\t\t\t\t\t\t\t\t\t<span class=\"elementor-toggle-icon elementor-toggle-icon-left\" aria-hidden=\"true\">\n\t\t\t\t\t\t\t\t\t\t\t\t\t\t\t<span class=\"elementor-toggle-icon-closed\"><i class=\"fas fa-caret-right\"><\/i><\/span>\n\t\t\t\t\t\t\t\t<span class=\"elementor-toggle-icon-opened\"><i class=\"elementor-toggle-icon-opened fas fa-caret-up\"><\/i><\/span>\n\t\t\t\t\t\t\t\t\t\t\t\t\t<\/span>\n\t\t\t\t\t\t\t\t\t\t\t\t<a class=\"elementor-toggle-title\" tabindex=\"0\">\u00d6l\u00e7me De\u011ferlendirme Rehberleri<\/a>\n\t\t\t\t\t<\/div>\n\n\t\t\t\t\t<div id=\"elementor-tab-content-3695\" class=\"elementor-tab-content elementor-clearfix\" data-tab=\"5\" role=\"region\" aria-labelledby=\"elementor-tab-title-3695\"><p>Vize S\u0131nav\u0131 \u00d6l\u00e7me De\u011ferlendirme Rehberi i\u00e7in <a href=\"https:\/\/birimler.atauni.edu.tr\/hemsirelik-fakultesi\/wp-content\/uploads\/sites\/481\/2025\/06\/ATATURK-UNIVERSITESI-HEMSIRELIK-FAKULTESI-VIZE-SINAVI-OLCME-DEGERLENDIRME-REHBERI.pdf\">t\u0131klay\u0131n\u0131z.<\/a><\/p><p>Final S\u0131nav\u0131 \u00d6l\u00e7me De\u011ferlendirme Rehberi i\u00e7in<a href=\"https:\/\/birimler.atauni.edu.tr\/hemsirelik-fakultesi\/wp-content\/uploads\/sites\/481\/2025\/06\/ATATURK-UNIVERSITESI-HEMSIRELIK-FAKULTESI-FINAL-SINAVI-OLCME-DEGERLENDIRME-REHBERI.pdf\"> t\u0131klay\u0131n\u0131z.<\/a><\/p><\/div>\n\t\t\t\t<\/div>\n\t\t\t\t\t\t\t\t<\/div>\n\t\t\t\t\t\t<\/div>\n\t\t\t\t<\/div>\n\t\t\t\t\t<\/div>\n\t\t<\/div>\n\t\t\t\t\t<\/div>\n\t\t<\/section>\n\t\t\t\t<\/div>\n\t\t","protected":false},"excerpt":{"rendered":"<p>Komisyon \u00dcyeleri Do\u00e7. Dr. K\u00fcbra G\u00d6KALP (Ba\u015fkan) \u00a0Do\u00e7. Dr. Arzu SARIAL\u0130O\u011eLU \u00a0Dr. \u00d6\u011fr. \u00dcyesi Ay\u015fe AYDIN \u00a0Dr. \u00d6\u011fr. \u00dcyesi S\u00fcheyla YARALI \u00a0Dr. \u00d6\u011fr. \u00dcyesi Merve KAYA \u00a0Dr. \u00d6\u011fr. \u00dcyesi Burcu ALA\u00c7AM \u00a0Dr. \u00d6\u011fr. \u00dcyesi Yasemin \u00c7IRACI YA\u015eAR \u00a0Dr. \u00d6\u011fr. \u00dcyesi Serpil \u00d6ZCAN\u00a0 \u00a0Ar\u015f.G\u00f6r. Yaprak BAGA \u00a0\u00d6\u011frenci Merve KURT (3.s\u0131n\u0131f) \u00a0\u00d6\u011frenci Elif Sude G\u00dcD\u00dcK (1. S\u0131n\u0131f) [&hellip;]<\/p>\n","protected":false},"author":426,"featured_media":0,"parent":0,"menu_order":0,"comment_status":"closed","ping_status":"closed","template":"","meta":{"footnotes":""},"class_list":["post-10672","page","type-page","status-publish","hentry"],"_links":{"self":[{"href":"https:\/\/atauni.edu.tr\/hemsirelik-fakultesi\/wp-json\/wp\/v2\/pages\/10672","targetHints":{"allow":["GET"]}}],"collection":[{"href":"https:\/\/atauni.edu.tr\/hemsirelik-fakultesi\/wp-json\/wp\/v2\/pages"}],"about":[{"href":"https:\/\/atauni.edu.tr\/hemsirelik-fakultesi\/wp-json\/wp\/v2\/types\/page"}],"author":[{"embeddable":true,"href":"https:\/\/atauni.edu.tr\/hemsirelik-fakultesi\/wp-json\/wp\/v2\/users\/426"}],"replies":[{"embeddable":true,"href":"https:\/\/atauni.edu.tr\/hemsirelik-fakultesi\/wp-json\/wp\/v2\/comments?post=10672"}],"version-history":[{"count":43,"href":"https:\/\/atauni.edu.tr\/hemsirelik-fakultesi\/wp-json\/wp\/v2\/pages\/10672\/revisions"}],"predecessor-version":[{"id":14994,"href":"https:\/\/atauni.edu.tr\/hemsirelik-fakultesi\/wp-json\/wp\/v2\/pages\/10672\/revisions\/14994"}],"wp:attachment":[{"href":"https:\/\/atauni.edu.tr\/hemsirelik-fakultesi\/wp-json\/wp\/v2\/media?parent=10672"}],"curies":[{"name":"wp","href":"https:\/\/api.w.org\/{rel}","templated":true}]}}