{"id":10687,"date":"2025-01-14T13:41:22","date_gmt":"2025-01-14T10:41:22","guid":{"rendered":"https:\/\/birimler.atauni.edu.tr\/hemsirelik-fakultesi\/?page_id=10687"},"modified":"2026-03-26T13:29:30","modified_gmt":"2026-03-26T10:29:30","slug":"hemsirelik-arastirmalari-ve-projeleri-gelistirme-komisyonu","status":"publish","type":"page","link":"https:\/\/atauni.edu.tr\/hemsirelik-fakultesi\/hemsirelik-arastirmalari-ve-projeleri-gelistirme-komisyonu\/","title":{"rendered":"Hem\u015firelik Ara\u015ft\u0131rmalar\u0131 Ve Projeleri Geli\u015ftirme Komisyonu"},"content":{"rendered":"\t\t<div data-elementor-type=\"wp-page\" data-elementor-id=\"10687\" class=\"elementor elementor-10687\" data-elementor-post-type=\"page\">\n\t\t\t\t\t\t<section class=\"elementor-section elementor-top-section elementor-element elementor-element-fc7012b elementor-section-boxed elementor-section-height-default elementor-section-height-default\" data-id=\"fc7012b\" data-element_type=\"section\">\n\t\t\t\t\t\t<div class=\"elementor-container elementor-column-gap-default\">\n\t\t\t\t\t<div class=\"elementor-column elementor-col-100 elementor-top-column elementor-element elementor-element-14a0ed4\" data-id=\"14a0ed4\" data-element_type=\"column\">\n\t\t\t<div class=\"elementor-widget-wrap elementor-element-populated\">\n\t\t\t\t\t\t<div class=\"elementor-element elementor-element-6105eae elementor-widget elementor-widget-toggle\" data-id=\"6105eae\" data-element_type=\"widget\" data-widget_type=\"toggle.default\">\n\t\t\t\t<div class=\"elementor-widget-container\">\n\t\t\t\t\t\t\t<div class=\"elementor-toggle\">\n\t\t\t\t\t\t\t<div class=\"elementor-toggle-item\">\n\t\t\t\t\t<div id=\"elementor-tab-title-1011\" class=\"elementor-tab-title\" data-tab=\"1\" role=\"button\" aria-controls=\"elementor-tab-content-1011\" aria-expanded=\"false\">\n\t\t\t\t\t\t\t\t\t\t\t\t<span class=\"elementor-toggle-icon elementor-toggle-icon-left\" aria-hidden=\"true\">\n\t\t\t\t\t\t\t\t\t\t\t\t\t\t\t<span class=\"elementor-toggle-icon-closed\"><i class=\"fas fa-caret-right\"><\/i><\/span>\n\t\t\t\t\t\t\t\t<span class=\"elementor-toggle-icon-opened\"><i class=\"elementor-toggle-icon-opened fas fa-caret-up\"><\/i><\/span>\n\t\t\t\t\t\t\t\t\t\t\t\t\t<\/span>\n\t\t\t\t\t\t\t\t\t\t\t\t<a class=\"elementor-toggle-title\" tabindex=\"0\">Komisyon \u00dcyeleri<\/a>\n\t\t\t\t\t<\/div>\n\n\t\t\t\t\t<div id=\"elementor-tab-content-1011\" class=\"elementor-tab-content elementor-clearfix\" data-tab=\"1\" role=\"region\" aria-labelledby=\"elementor-tab-title-1011\"><p>\u00a0Prof. Dr. G\u00fcl\u00e7in AV\u015eAR ( Ba\u015fkan)<\/p><p>Prof. Dr. \u00d6zlem \u015eAH\u0130N ALTUN<\/p><p>Do\u00e7. Dr. Hasret YAL\u00c7IN\u00d6Z BAYSAL (Dekan Yard\u0131mc\u0131s\u0131)<\/p><p>Do\u00e7. Dr. Arzu SARIAL\u0130O\u011eLU<\/p><p>Do\u00e7. Dr. Bahar \u00c7\u0130FT\u00c7\u0130<\/p><p>Do\u00e7.Dr. K\u00fcbra G\u00d6KALP<\/p><p>Dr. \u00d6\u011fr. \u00dcyesi Seda BA\u015eAK<\/p><p>Ar\u015f. G\u00f6r. \u0130dris YILDIZ<\/p><p>\u0130lknur BUDANCAMANAK (Hem\u015fire)<\/p><p>\u0130clal HALICI (Hem\u015fire)<\/p><p>Zuhal YET\u0130\u015e DEM\u0130R (Hem\u015fire)<\/p><\/div>\n\t\t\t\t<\/div>\n\t\t\t\t\t\t\t<div class=\"elementor-toggle-item\">\n\t\t\t\t\t<div id=\"elementor-tab-title-1012\" class=\"elementor-tab-title\" data-tab=\"2\" role=\"button\" aria-controls=\"elementor-tab-content-1012\" aria-expanded=\"false\">\n\t\t\t\t\t\t\t\t\t\t\t\t<span class=\"elementor-toggle-icon elementor-toggle-icon-left\" aria-hidden=\"true\">\n\t\t\t\t\t\t\t\t\t\t\t\t\t\t\t<span class=\"elementor-toggle-icon-closed\"><i class=\"fas fa-caret-right\"><\/i><\/span>\n\t\t\t\t\t\t\t\t<span class=\"elementor-toggle-icon-opened\"><i class=\"elementor-toggle-icon-opened fas fa-caret-up\"><\/i><\/span>\n\t\t\t\t\t\t\t\t\t\t\t\t\t<\/span>\n\t\t\t\t\t\t\t\t\t\t\t\t<a class=\"elementor-toggle-title\" tabindex=\"0\">\u00c7al\u0131\u015fma Esaslar\u0131<\/a>\n\t\t\t\t\t<\/div>\n\n\t\t\t\t\t<div id=\"elementor-tab-content-1012\" class=\"elementor-tab-content elementor-clearfix\" data-tab=\"2\" role=\"region\" aria-labelledby=\"elementor-tab-title-1012\"><p>\u00c7al\u0131\u015fma Esaslar\u0131 i\u00e7in <a href=\"https:\/\/birimler.atauni.edu.tr\/hemsirelik-fakultesi\/wp-content\/uploads\/sites\/481\/2025\/05\/Aras\u0327tirmalari-Gelis\u0327tirme-Komisyonu-C\u0327alis\u0327ma-Esaslari.pdf\">t\u0131klay\u0131n\u0131z.<\/a><\/p><\/div>\n\t\t\t\t<\/div>\n\t\t\t\t\t\t\t\t<\/div>\n\t\t\t\t\t\t<\/div>\n\t\t\t\t<\/div>\n\t\t\t\t\t<\/div>\n\t\t<\/div>\n\t\t\t\t\t<\/div>\n\t\t<\/section>\n\t\t\t\t<\/div>\n\t\t","protected":false},"excerpt":{"rendered":"<p>Komisyon \u00dcyeleri \u00a0Prof. Dr. G\u00fcl\u00e7in AV\u015eAR ( Ba\u015fkan) Prof. Dr. \u00d6zlem \u015eAH\u0130N ALTUN Do\u00e7. Dr. Hasret YAL\u00c7IN\u00d6Z BAYSAL (Dekan Yard\u0131mc\u0131s\u0131) Do\u00e7. Dr. Arzu SARIAL\u0130O\u011eLU Do\u00e7. Dr. Bahar \u00c7\u0130FT\u00c7\u0130 Do\u00e7.Dr. K\u00fcbra G\u00d6KALP Dr. \u00d6\u011fr. \u00dcyesi Seda BA\u015eAK Ar\u015f. G\u00f6r. \u0130dris YILDIZ \u0130lknur BUDANCAMANAK (Hem\u015fire) \u0130clal HALICI (Hem\u015fire) Zuhal YET\u0130\u015e DEM\u0130R (Hem\u015fire) \u00c7al\u0131\u015fma Esaslar\u0131 \u00c7al\u0131\u015fma Esaslar\u0131 i\u00e7in [&hellip;]<\/p>\n","protected":false},"author":426,"featured_media":0,"parent":0,"menu_order":0,"comment_status":"closed","ping_status":"closed","template":"","meta":{"footnotes":""},"class_list":["post-10687","page","type-page","status-publish","hentry"],"_links":{"self":[{"href":"https:\/\/atauni.edu.tr\/hemsirelik-fakultesi\/wp-json\/wp\/v2\/pages\/10687","targetHints":{"allow":["GET"]}}],"collection":[{"href":"https:\/\/atauni.edu.tr\/hemsirelik-fakultesi\/wp-json\/wp\/v2\/pages"}],"about":[{"href":"https:\/\/atauni.edu.tr\/hemsirelik-fakultesi\/wp-json\/wp\/v2\/types\/page"}],"author":[{"embeddable":true,"href":"https:\/\/atauni.edu.tr\/hemsirelik-fakultesi\/wp-json\/wp\/v2\/users\/426"}],"replies":[{"embeddable":true,"href":"https:\/\/atauni.edu.tr\/hemsirelik-fakultesi\/wp-json\/wp\/v2\/comments?post=10687"}],"version-history":[{"count":19,"href":"https:\/\/atauni.edu.tr\/hemsirelik-fakultesi\/wp-json\/wp\/v2\/pages\/10687\/revisions"}],"predecessor-version":[{"id":16679,"href":"https:\/\/atauni.edu.tr\/hemsirelik-fakultesi\/wp-json\/wp\/v2\/pages\/10687\/revisions\/16679"}],"wp:attachment":[{"href":"https:\/\/atauni.edu.tr\/hemsirelik-fakultesi\/wp-json\/wp\/v2\/media?parent=10687"}],"curies":[{"name":"wp","href":"https:\/\/api.w.org\/{rel}","templated":true}]}}