{"id":10759,"date":"2025-01-14T14:00:41","date_gmt":"2025-01-14T11:00:41","guid":{"rendered":"https:\/\/birimler.atauni.edu.tr\/hemsirelik-fakultesi\/?page_id=10759"},"modified":"2026-03-26T12:57:17","modified_gmt":"2026-03-26T09:57:17","slug":"egitim-komisyonu-2","status":"publish","type":"page","link":"https:\/\/atauni.edu.tr\/hemsirelik-fakultesi\/egitim-komisyonu-2\/","title":{"rendered":"E\u011fitim Komisyonu"},"content":{"rendered":"\t\t<div data-elementor-type=\"wp-page\" data-elementor-id=\"10759\" class=\"elementor elementor-10759\" data-elementor-post-type=\"page\">\n\t\t\t\t\t\t<section class=\"elementor-section elementor-top-section elementor-element elementor-element-293a3d1 elementor-section-boxed elementor-section-height-default elementor-section-height-default\" data-id=\"293a3d1\" data-element_type=\"section\">\n\t\t\t\t\t\t<div class=\"elementor-container elementor-column-gap-default\">\n\t\t\t\t\t<div class=\"elementor-column elementor-col-100 elementor-top-column elementor-element elementor-element-533e91a\" data-id=\"533e91a\" data-element_type=\"column\">\n\t\t\t<div class=\"elementor-widget-wrap elementor-element-populated\">\n\t\t\t\t\t\t<div class=\"elementor-element elementor-element-2817632 elementor-widget elementor-widget-toggle\" data-id=\"2817632\" data-element_type=\"widget\" data-widget_type=\"toggle.default\">\n\t\t\t\t<div class=\"elementor-widget-container\">\n\t\t\t\t\t\t\t<div class=\"elementor-toggle\">\n\t\t\t\t\t\t\t<div class=\"elementor-toggle-item\">\n\t\t\t\t\t<div id=\"elementor-tab-title-4201\" class=\"elementor-tab-title\" data-tab=\"1\" role=\"button\" aria-controls=\"elementor-tab-content-4201\" aria-expanded=\"false\">\n\t\t\t\t\t\t\t\t\t\t\t\t<span class=\"elementor-toggle-icon elementor-toggle-icon-left\" aria-hidden=\"true\">\n\t\t\t\t\t\t\t\t\t\t\t\t\t\t\t<span class=\"elementor-toggle-icon-closed\"><i class=\"fas fa-caret-right\"><\/i><\/span>\n\t\t\t\t\t\t\t\t<span class=\"elementor-toggle-icon-opened\"><i class=\"elementor-toggle-icon-opened fas fa-caret-up\"><\/i><\/span>\n\t\t\t\t\t\t\t\t\t\t\t\t\t<\/span>\n\t\t\t\t\t\t\t\t\t\t\t\t<a class=\"elementor-toggle-title\" tabindex=\"0\">Komisyon \u00dcyeleri<\/a>\n\t\t\t\t\t<\/div>\n\n\t\t\t\t\t<div id=\"elementor-tab-content-4201\" class=\"elementor-tab-content elementor-clearfix\" data-tab=\"1\" role=\"region\" aria-labelledby=\"elementor-tab-title-4201\"><p>Prof. Dr. Nuray B\u0130NG\u00d6L\u00a0 (Ba\u015fkan, Dekan Yrd.)<\/p><p>Prof. Dr. Sibel AS\u0130 KARAKA\u015e (\u00dcye)\u00a0<\/p><p>Prof. Dr. G\u00fcl\u00e7in AV\u015eAR (\u00dcye)\u00a0<\/p><p>Prof. Dr. Asl\u0131 S\u0130S \u00c7EL\u0130K (\u00dcye)<\/p><p>Do\u00e7. Dr. Hasret YAL\u00c7IN\u00d6Z BAYSAL (Dekan Yrd.)<\/p><p>Do\u00e7. Dr. T\u00fcrkan KAD\u0130RO\u011eLU (\u00dcye)\u00a0<\/p><p>Dr. \u00d6\u011fr. \u00dcyesi Hatice POLAT (\u00dcye)\u00a0<\/p><p>Dr. \u00d6\u011fr. \u00dcyesi Dilek G\u00dcR\u00c7AYIR (\u00dcye)\u00a0<\/p><p>Dr. \u00d6\u011fr. \u00dcyesi Nihan T\u00dcRKO\u011eLU (B\u00f6l\u00fcm Ba\u015fkan Yard.)<\/p><p>Dr. \u00d6\u011fr. \u00dcyesi Burcu ALA\u00c7AM<\/p><p>Ar\u015f. G\u00f6r. Hatice AKKURT (\u00dcye-Raport\u00f6r)\u00a0<\/p><p>\u00d6ner \u00d6ZDO\u011eAN (Bilgisayar \u0130\u015fletmeni)<\/p><p>Elifnaz \u0130D\u0130Z (\u00dcye-\u00d6\u011frenci)<\/p><\/div>\n\t\t\t\t<\/div>\n\t\t\t\t\t\t\t<div class=\"elementor-toggle-item\">\n\t\t\t\t\t<div id=\"elementor-tab-title-4202\" class=\"elementor-tab-title\" data-tab=\"2\" role=\"button\" aria-controls=\"elementor-tab-content-4202\" aria-expanded=\"false\">\n\t\t\t\t\t\t\t\t\t\t\t\t<span class=\"elementor-toggle-icon elementor-toggle-icon-left\" aria-hidden=\"true\">\n\t\t\t\t\t\t\t\t\t\t\t\t\t\t\t<span class=\"elementor-toggle-icon-closed\"><i class=\"fas fa-caret-right\"><\/i><\/span>\n\t\t\t\t\t\t\t\t<span class=\"elementor-toggle-icon-opened\"><i class=\"elementor-toggle-icon-opened fas fa-caret-up\"><\/i><\/span>\n\t\t\t\t\t\t\t\t\t\t\t\t\t<\/span>\n\t\t\t\t\t\t\t\t\t\t\t\t<a class=\"elementor-toggle-title\" tabindex=\"0\">\u00c7al\u0131\u015fma Esaslar\u0131<\/a>\n\t\t\t\t\t<\/div>\n\n\t\t\t\t\t<div id=\"elementor-tab-content-4202\" class=\"elementor-tab-content elementor-clearfix\" data-tab=\"2\" role=\"region\" aria-labelledby=\"elementor-tab-title-4202\"><p>\u00c7al\u0131\u015fma Esaslar\u0131 i\u00e7in <a href=\"https:\/\/birimler.atauni.edu.tr\/hemsirelik-fakultesi\/wp-content\/uploads\/sites\/481\/2025\/05\/Eg\u0306itim-Komisyonu-I\u0307s\u0327-Tanimi.pdf\">t\u0131klay\u0131n\u0131z.<\/a><\/p><\/div>\n\t\t\t\t<\/div>\n\t\t\t\t\t\t\t<div class=\"elementor-toggle-item\">\n\t\t\t\t\t<div id=\"elementor-tab-title-4203\" class=\"elementor-tab-title\" data-tab=\"3\" role=\"button\" aria-controls=\"elementor-tab-content-4203\" aria-expanded=\"false\">\n\t\t\t\t\t\t\t\t\t\t\t\t<span class=\"elementor-toggle-icon elementor-toggle-icon-left\" aria-hidden=\"true\">\n\t\t\t\t\t\t\t\t\t\t\t\t\t\t\t<span class=\"elementor-toggle-icon-closed\"><i class=\"fas fa-caret-right\"><\/i><\/span>\n\t\t\t\t\t\t\t\t<span class=\"elementor-toggle-icon-opened\"><i class=\"elementor-toggle-icon-opened fas fa-caret-up\"><\/i><\/span>\n\t\t\t\t\t\t\t\t\t\t\t\t\t<\/span>\n\t\t\t\t\t\t\t\t\t\t\t\t<a class=\"elementor-toggle-title\" tabindex=\"0\">\u00d6\u011frenci Yatay Ge\u00e7i\u015f Muafiyet Formu<\/a>\n\t\t\t\t\t<\/div>\n\n\t\t\t\t\t<div id=\"elementor-tab-content-4203\" class=\"elementor-tab-content elementor-clearfix\" data-tab=\"3\" role=\"region\" aria-labelledby=\"elementor-tab-title-4203\"><p>\u00d6\u011frenci Yatay Ge\u00e7i\u015f Muafiyet Formu i\u00e7in <a href=\"https:\/\/atauni.edu.tr\/hemsirelik-fakultesi\/wp-content\/uploads\/sites\/481\/2026\/02\/O\u0308g\u0306renci-Yatay-Gec\u0327is\u0327-Muafiyet-Formu-.docx\">t\u0131klay\u0131n\u0131z.<\/a><\/p><\/div>\n\t\t\t\t<\/div>\n\t\t\t\t\t\t\t\t<\/div>\n\t\t\t\t\t\t<\/div>\n\t\t\t\t<\/div>\n\t\t\t\t\t<\/div>\n\t\t<\/div>\n\t\t\t\t\t<\/div>\n\t\t<\/section>\n\t\t\t\t<\/div>\n\t\t","protected":false},"excerpt":{"rendered":"<p>Komisyon \u00dcyeleri Prof. Dr. Nuray B\u0130NG\u00d6L\u00a0 (Ba\u015fkan, Dekan Yrd.) Prof. Dr. Sibel AS\u0130 KARAKA\u015e (\u00dcye)\u00a0 Prof. Dr. G\u00fcl\u00e7in AV\u015eAR (\u00dcye)\u00a0 Prof. Dr. Asl\u0131 S\u0130S \u00c7EL\u0130K (\u00dcye) Do\u00e7. Dr. Hasret YAL\u00c7IN\u00d6Z BAYSAL (Dekan Yrd.) Do\u00e7. Dr. T\u00fcrkan KAD\u0130RO\u011eLU (\u00dcye)\u00a0 Dr. \u00d6\u011fr. \u00dcyesi Hatice POLAT (\u00dcye)\u00a0 Dr. \u00d6\u011fr. \u00dcyesi Dilek G\u00dcR\u00c7AYIR (\u00dcye)\u00a0 Dr. \u00d6\u011fr. \u00dcyesi Nihan T\u00dcRKO\u011eLU [&hellip;]<\/p>\n","protected":false},"author":426,"featured_media":0,"parent":0,"menu_order":0,"comment_status":"closed","ping_status":"closed","template":"","meta":{"footnotes":""},"class_list":["post-10759","page","type-page","status-publish","hentry"],"_links":{"self":[{"href":"https:\/\/atauni.edu.tr\/hemsirelik-fakultesi\/wp-json\/wp\/v2\/pages\/10759","targetHints":{"allow":["GET"]}}],"collection":[{"href":"https:\/\/atauni.edu.tr\/hemsirelik-fakultesi\/wp-json\/wp\/v2\/pages"}],"about":[{"href":"https:\/\/atauni.edu.tr\/hemsirelik-fakultesi\/wp-json\/wp\/v2\/types\/page"}],"author":[{"embeddable":true,"href":"https:\/\/atauni.edu.tr\/hemsirelik-fakultesi\/wp-json\/wp\/v2\/users\/426"}],"replies":[{"embeddable":true,"href":"https:\/\/atauni.edu.tr\/hemsirelik-fakultesi\/wp-json\/wp\/v2\/comments?post=10759"}],"version-history":[{"count":28,"href":"https:\/\/atauni.edu.tr\/hemsirelik-fakultesi\/wp-json\/wp\/v2\/pages\/10759\/revisions"}],"predecessor-version":[{"id":16655,"href":"https:\/\/atauni.edu.tr\/hemsirelik-fakultesi\/wp-json\/wp\/v2\/pages\/10759\/revisions\/16655"}],"wp:attachment":[{"href":"https:\/\/atauni.edu.tr\/hemsirelik-fakultesi\/wp-json\/wp\/v2\/media?parent=10759"}],"curies":[{"name":"wp","href":"https:\/\/api.w.org\/{rel}","templated":true}]}}