{"id":10769,"date":"2025-01-14T14:01:36","date_gmt":"2025-01-14T11:01:36","guid":{"rendered":"https:\/\/birimler.atauni.edu.tr\/hemsirelik-fakultesi\/?page_id=10769"},"modified":"2026-03-26T13:45:52","modified_gmt":"2026-03-26T10:45:52","slug":"strateji-komisyonu-2","status":"publish","type":"page","link":"https:\/\/atauni.edu.tr\/hemsirelik-fakultesi\/strateji-komisyonu-2\/","title":{"rendered":"Strateji Komisyon"},"content":{"rendered":"\t\t<div data-elementor-type=\"wp-page\" data-elementor-id=\"10769\" class=\"elementor elementor-10769\" data-elementor-post-type=\"page\">\n\t\t\t\t\t\t<section class=\"elementor-section elementor-top-section elementor-element elementor-element-c46988a elementor-section-boxed elementor-section-height-default elementor-section-height-default\" data-id=\"c46988a\" data-element_type=\"section\">\n\t\t\t\t\t\t<div class=\"elementor-container elementor-column-gap-default\">\n\t\t\t\t\t<div class=\"elementor-column elementor-col-100 elementor-top-column elementor-element elementor-element-d2a61ca\" data-id=\"d2a61ca\" data-element_type=\"column\">\n\t\t\t<div class=\"elementor-widget-wrap elementor-element-populated\">\n\t\t\t\t\t\t<div class=\"elementor-element elementor-element-276a6d6 elementor-widget elementor-widget-toggle\" data-id=\"276a6d6\" data-element_type=\"widget\" data-widget_type=\"toggle.default\">\n\t\t\t\t<div class=\"elementor-widget-container\">\n\t\t\t\t\t\t\t<div class=\"elementor-toggle\">\n\t\t\t\t\t\t\t<div class=\"elementor-toggle-item\">\n\t\t\t\t\t<div id=\"elementor-tab-title-4131\" class=\"elementor-tab-title\" data-tab=\"1\" role=\"button\" aria-controls=\"elementor-tab-content-4131\" aria-expanded=\"false\">\n\t\t\t\t\t\t\t\t\t\t\t\t<span class=\"elementor-toggle-icon elementor-toggle-icon-left\" aria-hidden=\"true\">\n\t\t\t\t\t\t\t\t\t\t\t\t\t\t\t<span class=\"elementor-toggle-icon-closed\"><i class=\"fas fa-caret-right\"><\/i><\/span>\n\t\t\t\t\t\t\t\t<span class=\"elementor-toggle-icon-opened\"><i class=\"elementor-toggle-icon-opened fas fa-caret-up\"><\/i><\/span>\n\t\t\t\t\t\t\t\t\t\t\t\t\t<\/span>\n\t\t\t\t\t\t\t\t\t\t\t\t<a class=\"elementor-toggle-title\" tabindex=\"0\">Komisyon \u00dcyeleri<\/a>\n\t\t\t\t\t<\/div>\n\n\t\t\t\t\t<div id=\"elementor-tab-content-4131\" class=\"elementor-tab-content elementor-clearfix\" data-tab=\"1\" role=\"region\" aria-labelledby=\"elementor-tab-title-4131\"><p>\u00a0Do\u00e7. Dr. Hasret YAL\u00c7IN\u00d6Z BAYSAL (Ba\u015fkan, Dekan Yrd.)<\/p><p>\u00a0Prof. Dr. Nuray B\u0130NG\u00d6L<\/p><p>Prof. Dr. Afife YURTTA\u015e\u00a0<\/p><p>Do\u00e7. Dr. Sonay B\u0130LG\u0130N<\/p><p>Do\u00e7. Dr. Ay\u015feg\u00fcl YAYLA<\/p><p>Do\u00e7. Dr. T\u00fcrkan KAD\u0130RO\u011eLU<\/p><p>Dr. \u00d6\u011fr. \u00dcyesi Dilek G\u00dcR\u00c7AYIR<\/p><p>Dr. \u00d6\u011fr. \u00dcyesi Nihan T\u00dcRKO\u011eLU<\/p><p>Dr. \u00d6\u011fr. \u00dcyesi T\u00fclay KILIN\u00c7<\/p><p>Dr. \u00d6\u011fr. \u00dcyesi S\u00fcheyla YARALI<\/p><p>Dr. \u00d6\u011fr. \u00dcyesi Meltem \u015e\u0130R\u0130N G\u00d6K<\/p><p>Dr. \u00d6\u011fr. \u00dcyesi Burcu ALA\u00c7AM<\/p><p>Ar\u015f. G\u00f6r. Muhammet M\u00dcEZZ\u0130NO\u011eLU<\/p><\/div>\n\t\t\t\t<\/div>\n\t\t\t\t\t\t\t<div class=\"elementor-toggle-item\">\n\t\t\t\t\t<div id=\"elementor-tab-title-4132\" class=\"elementor-tab-title\" data-tab=\"2\" role=\"button\" aria-controls=\"elementor-tab-content-4132\" aria-expanded=\"false\">\n\t\t\t\t\t\t\t\t\t\t\t\t<span class=\"elementor-toggle-icon elementor-toggle-icon-left\" aria-hidden=\"true\">\n\t\t\t\t\t\t\t\t\t\t\t\t\t\t\t<span class=\"elementor-toggle-icon-closed\"><i class=\"fas fa-caret-right\"><\/i><\/span>\n\t\t\t\t\t\t\t\t<span class=\"elementor-toggle-icon-opened\"><i class=\"elementor-toggle-icon-opened fas fa-caret-up\"><\/i><\/span>\n\t\t\t\t\t\t\t\t\t\t\t\t\t<\/span>\n\t\t\t\t\t\t\t\t\t\t\t\t<a class=\"elementor-toggle-title\" tabindex=\"0\">\u00c7al\u0131\u015fma Esaslar\u0131<\/a>\n\t\t\t\t\t<\/div>\n\n\t\t\t\t\t<div id=\"elementor-tab-content-4132\" class=\"elementor-tab-content elementor-clearfix\" data-tab=\"2\" role=\"region\" aria-labelledby=\"elementor-tab-title-4132\"><p>\u00c7al\u0131\u015fma Esaslar\u0131 \u0130\u00e7in <a href=\"https:\/\/birimler.atauni.edu.tr\/hemsirelik-fakultesi\/wp-content\/uploads\/sites\/481\/2025\/05\/STRATEJI-KOMISYONU-CALISMA-ESASLARI.pdf\">t\u0131klay\u0131n\u0131z.<\/a><\/p><\/div>\n\t\t\t\t<\/div>\n\t\t\t\t\t\t\t\t<\/div>\n\t\t\t\t\t\t<\/div>\n\t\t\t\t<\/div>\n\t\t\t\t\t<\/div>\n\t\t<\/div>\n\t\t\t\t\t<\/div>\n\t\t<\/section>\n\t\t\t\t<\/div>\n\t\t","protected":false},"excerpt":{"rendered":"<p>Komisyon \u00dcyeleri \u00a0Do\u00e7. Dr. Hasret YAL\u00c7IN\u00d6Z BAYSAL (Ba\u015fkan, Dekan Yrd.) \u00a0Prof. Dr. Nuray B\u0130NG\u00d6L Prof. Dr. Afife YURTTA\u015e\u00a0 Do\u00e7. Dr. Sonay B\u0130LG\u0130N Do\u00e7. Dr. Ay\u015feg\u00fcl YAYLA Do\u00e7. Dr. T\u00fcrkan KAD\u0130RO\u011eLU Dr. \u00d6\u011fr. \u00dcyesi Dilek G\u00dcR\u00c7AYIR Dr. \u00d6\u011fr. \u00dcyesi Nihan T\u00dcRKO\u011eLU Dr. \u00d6\u011fr. \u00dcyesi T\u00fclay KILIN\u00c7 Dr. \u00d6\u011fr. \u00dcyesi S\u00fcheyla YARALI Dr. \u00d6\u011fr. \u00dcyesi Meltem \u015e\u0130R\u0130N [&hellip;]<\/p>\n","protected":false},"author":426,"featured_media":0,"parent":0,"menu_order":0,"comment_status":"closed","ping_status":"closed","template":"","meta":{"footnotes":""},"class_list":["post-10769","page","type-page","status-publish","hentry"],"_links":{"self":[{"href":"https:\/\/atauni.edu.tr\/hemsirelik-fakultesi\/wp-json\/wp\/v2\/pages\/10769","targetHints":{"allow":["GET"]}}],"collection":[{"href":"https:\/\/atauni.edu.tr\/hemsirelik-fakultesi\/wp-json\/wp\/v2\/pages"}],"about":[{"href":"https:\/\/atauni.edu.tr\/hemsirelik-fakultesi\/wp-json\/wp\/v2\/types\/page"}],"author":[{"embeddable":true,"href":"https:\/\/atauni.edu.tr\/hemsirelik-fakultesi\/wp-json\/wp\/v2\/users\/426"}],"replies":[{"embeddable":true,"href":"https:\/\/atauni.edu.tr\/hemsirelik-fakultesi\/wp-json\/wp\/v2\/comments?post=10769"}],"version-history":[{"count":23,"href":"https:\/\/atauni.edu.tr\/hemsirelik-fakultesi\/wp-json\/wp\/v2\/pages\/10769\/revisions"}],"predecessor-version":[{"id":16698,"href":"https:\/\/atauni.edu.tr\/hemsirelik-fakultesi\/wp-json\/wp\/v2\/pages\/10769\/revisions\/16698"}],"wp:attachment":[{"href":"https:\/\/atauni.edu.tr\/hemsirelik-fakultesi\/wp-json\/wp\/v2\/media?parent=10769"}],"curies":[{"name":"wp","href":"https:\/\/api.w.org\/{rel}","templated":true}]}}