{"id":10806,"date":"2025-01-14T14:08:32","date_gmt":"2025-01-14T11:08:32","guid":{"rendered":"https:\/\/birimler.atauni.edu.tr\/hemsirelik-fakultesi\/?page_id=10806"},"modified":"2026-03-30T16:36:08","modified_gmt":"2026-03-30T13:36:08","slug":"program-amaclari","status":"publish","type":"page","link":"https:\/\/atauni.edu.tr\/hemsirelik-fakultesi\/program-amaclari\/","title":{"rendered":"Program Ama\u00e7lar\u0131"},"content":{"rendered":"\t\t<div data-elementor-type=\"wp-page\" data-elementor-id=\"10806\" class=\"elementor elementor-10806\" data-elementor-post-type=\"page\">\n\t\t\t\t\t\t<section class=\"elementor-section elementor-top-section elementor-element elementor-element-cecdb99 elementor-section-boxed elementor-section-height-default elementor-section-height-default\" data-id=\"cecdb99\" data-element_type=\"section\">\n\t\t\t\t\t\t<div class=\"elementor-container elementor-column-gap-default\">\n\t\t\t\t\t<div class=\"elementor-column elementor-col-100 elementor-top-column elementor-element elementor-element-06f52be\" data-id=\"06f52be\" data-element_type=\"column\">\n\t\t\t<div class=\"elementor-widget-wrap elementor-element-populated\">\n\t\t\t\t\t\t<div class=\"elementor-element elementor-element-ad48d7e elementor-widget elementor-widget-toggle\" data-id=\"ad48d7e\" data-element_type=\"widget\" data-widget_type=\"toggle.default\">\n\t\t\t\t<div class=\"elementor-widget-container\">\n\t\t\t\t\t\t\t<div class=\"elementor-toggle\">\n\t\t\t\t\t\t\t<div class=\"elementor-toggle-item\">\n\t\t\t\t\t<div id=\"elementor-tab-title-1811\" class=\"elementor-tab-title\" data-tab=\"1\" role=\"button\" aria-controls=\"elementor-tab-content-1811\" aria-expanded=\"false\">\n\t\t\t\t\t\t\t\t\t\t\t\t<span class=\"elementor-toggle-icon elementor-toggle-icon-left\" aria-hidden=\"true\">\n\t\t\t\t\t\t\t\t\t\t\t\t\t\t\t<span class=\"elementor-toggle-icon-closed\"><i class=\"fas fa-caret-right\"><\/i><\/span>\n\t\t\t\t\t\t\t\t<span class=\"elementor-toggle-icon-opened\"><i class=\"elementor-toggle-icon-opened fas fa-caret-up\"><\/i><\/span>\n\t\t\t\t\t\t\t\t\t\t\t\t\t<\/span>\n\t\t\t\t\t\t\t\t\t\t\t\t<a class=\"elementor-toggle-title\" tabindex=\"0\">\u00dcyeler <\/a>\n\t\t\t\t\t<\/div>\n\n\t\t\t\t\t<div id=\"elementor-tab-content-1811\" class=\"elementor-tab-content elementor-clearfix\" data-tab=\"1\" role=\"region\" aria-labelledby=\"elementor-tab-title-1811\"><p><strong>Prof. Dr. \u00d6zlem \u015eAH\u0130N ALTUN (Koordinat\u00f6r)<\/strong><\/p><p><strong>Dr. \u00d6\u011fr. \u00dcyesi Seda BA\u015eAK (Koordinat\u00f6r)<\/strong><\/p><p><strong>Dr. O\u0308g\u0306r. U\u0308yesi Meltem \u015e\u0130R\u0130N G\u00d6K (Ba\u015fkan)<\/strong><\/p><p>Prof. Dr. Nadiye \u00d6ZER<\/p><p>Prof. Dr. G\u00fclay \u0130PEK \u00c7OBAN<\/p><p>Do\u00e7. Dr. Sonay B\u0130LG\u0130N<\/p><p>Dr. \u00d6\u011fr. \u00dcyesi S\u00fcheyla YARALI<\/p><p>Dr. \u00d6\u011fr. \u00dcyesi Asena KO\u0308SE<\/p><p>Ar\u015f. G\u00f6r. Yaprak BAGA<\/p><\/div>\n\t\t\t\t<\/div>\n\t\t\t\t\t\t\t<div class=\"elementor-toggle-item\">\n\t\t\t\t\t<div id=\"elementor-tab-title-1812\" class=\"elementor-tab-title\" data-tab=\"2\" role=\"button\" aria-controls=\"elementor-tab-content-1812\" aria-expanded=\"false\">\n\t\t\t\t\t\t\t\t\t\t\t\t<span class=\"elementor-toggle-icon elementor-toggle-icon-left\" aria-hidden=\"true\">\n\t\t\t\t\t\t\t\t\t\t\t\t\t\t\t<span class=\"elementor-toggle-icon-closed\"><i class=\"fas fa-caret-right\"><\/i><\/span>\n\t\t\t\t\t\t\t\t<span class=\"elementor-toggle-icon-opened\"><i class=\"elementor-toggle-icon-opened fas fa-caret-up\"><\/i><\/span>\n\t\t\t\t\t\t\t\t\t\t\t\t\t<\/span>\n\t\t\t\t\t\t\t\t\t\t\t\t<a class=\"elementor-toggle-title\" tabindex=\"0\">\u0130\u015f Ak\u0131\u015f \u00c7izelgesi<\/a>\n\t\t\t\t\t<\/div>\n\n\t\t\t\t\t<div id=\"elementor-tab-content-1812\" class=\"elementor-tab-content elementor-clearfix\" data-tab=\"2\" role=\"region\" aria-labelledby=\"elementor-tab-title-1812\"><p>\u0130\u015f Ak\u0131\u015f \u00c7izelgesi i\u00e7in <a href=\"https:\/\/birimler.atauni.edu.tr\/hemsirelik-fakultesi\/wp-content\/uploads\/sites\/481\/2025\/05\/ATATURK-UNIVERSITESI-HEMSIRELIK-FAKULTESI-AKREDITASYON-VE-KALITE-KOMISYONU-IS-AKIS-CIZELGESI-23.12.-1.pdf\">t\u0131klay\u0131n\u0131z.<\/a><\/p><\/div>\n\t\t\t\t<\/div>\n\t\t\t\t\t\t\t<div class=\"elementor-toggle-item\">\n\t\t\t\t\t<div id=\"elementor-tab-title-1813\" class=\"elementor-tab-title\" data-tab=\"3\" role=\"button\" aria-controls=\"elementor-tab-content-1813\" aria-expanded=\"false\">\n\t\t\t\t\t\t\t\t\t\t\t\t<span class=\"elementor-toggle-icon elementor-toggle-icon-left\" aria-hidden=\"true\">\n\t\t\t\t\t\t\t\t\t\t\t\t\t\t\t<span class=\"elementor-toggle-icon-closed\"><i class=\"fas fa-caret-right\"><\/i><\/span>\n\t\t\t\t\t\t\t\t<span class=\"elementor-toggle-icon-opened\"><i class=\"elementor-toggle-icon-opened fas fa-caret-up\"><\/i><\/span>\n\t\t\t\t\t\t\t\t\t\t\t\t\t<\/span>\n\t\t\t\t\t\t\t\t\t\t\t\t<a class=\"elementor-toggle-title\" tabindex=\"0\">Faaliyet Raporlar\u0131<\/a>\n\t\t\t\t\t<\/div>\n\n\t\t\t\t\t<div id=\"elementor-tab-content-1813\" class=\"elementor-tab-content elementor-clearfix\" data-tab=\"3\" role=\"region\" aria-labelledby=\"elementor-tab-title-1813\"><\/div>\n\t\t\t\t<\/div>\n\t\t\t\t\t\t\t<div class=\"elementor-toggle-item\">\n\t\t\t\t\t<div id=\"elementor-tab-title-1814\" class=\"elementor-tab-title\" data-tab=\"4\" role=\"button\" aria-controls=\"elementor-tab-content-1814\" aria-expanded=\"false\">\n\t\t\t\t\t\t\t\t\t\t\t\t<span class=\"elementor-toggle-icon elementor-toggle-icon-left\" aria-hidden=\"true\">\n\t\t\t\t\t\t\t\t\t\t\t\t\t\t\t<span class=\"elementor-toggle-icon-closed\"><i class=\"fas fa-caret-right\"><\/i><\/span>\n\t\t\t\t\t\t\t\t<span class=\"elementor-toggle-icon-opened\"><i class=\"elementor-toggle-icon-opened fas fa-caret-up\"><\/i><\/span>\n\t\t\t\t\t\t\t\t\t\t\t\t\t<\/span>\n\t\t\t\t\t\t\t\t\t\t\t\t<a class=\"elementor-toggle-title\" tabindex=\"0\">Program Ama\u00e7lar\u0131 ve Ba\u015far\u0131m G\u00f6stergeleri Prosed\u00fcr\u00fc<\/a>\n\t\t\t\t\t<\/div>\n\n\t\t\t\t\t<div id=\"elementor-tab-content-1814\" class=\"elementor-tab-content elementor-clearfix\" data-tab=\"4\" role=\"region\" aria-labelledby=\"elementor-tab-title-1814\"><p>Program Ama\u00e7lar\u0131 ve Ba\u015far\u0131m G\u00f6stergeleri Prosed\u00fcr\u00fc i\u00e7in <a href=\"https:\/\/birimler.atauni.edu.tr\/hemsirelik-fakultesi\/wp-content\/uploads\/sites\/481\/2025\/05\/Program-Amaclari-ve-Basarim-Gostergeleri-Proseduru-1.pdf\">t\u0131klay\u0131n\u0131z<\/a><\/p><p>Program Ama\u00e7lar\u0131 Ba\u015far\u0131m G\u00f6stergeleri \u00d6l\u00e7me De\u011ferlendirme Formu i\u00e7in <a href=\"https:\/\/birimler.atauni.edu.tr\/hemsirelik-fakultesi\/wp-content\/uploads\/sites\/481\/2025\/06\/Program_Amaclari_Basarim_Gostergeleri_Olcme_Degerlendirme_Formu1son.pdf\">t\u0131klay\u0131n\u0131z<\/a><\/p><\/div>\n\t\t\t\t<\/div>\n\t\t\t\t\t\t\t<div class=\"elementor-toggle-item\">\n\t\t\t\t\t<div id=\"elementor-tab-title-1815\" class=\"elementor-tab-title\" data-tab=\"5\" role=\"button\" aria-controls=\"elementor-tab-content-1815\" aria-expanded=\"false\">\n\t\t\t\t\t\t\t\t\t\t\t\t<span class=\"elementor-toggle-icon elementor-toggle-icon-left\" aria-hidden=\"true\">\n\t\t\t\t\t\t\t\t\t\t\t\t\t\t\t<span class=\"elementor-toggle-icon-closed\"><i class=\"fas fa-caret-right\"><\/i><\/span>\n\t\t\t\t\t\t\t\t<span class=\"elementor-toggle-icon-opened\"><i class=\"elementor-toggle-icon-opened fas fa-caret-up\"><\/i><\/span>\n\t\t\t\t\t\t\t\t\t\t\t\t\t<\/span>\n\t\t\t\t\t\t\t\t\t\t\t\t<a class=\"elementor-toggle-title\" tabindex=\"0\">Program Ama\u00e7lar\u0131 ve Ba\u015far\u0131m G\u00f6stergeleri Ak\u0131\u015f \u015eemas\u0131<\/a>\n\t\t\t\t\t<\/div>\n\n\t\t\t\t\t<div id=\"elementor-tab-content-1815\" class=\"elementor-tab-content elementor-clearfix\" data-tab=\"5\" role=\"region\" aria-labelledby=\"elementor-tab-title-1815\"><p>Program Ama\u00e7lar\u0131 ve Ba\u015far\u0131m G\u00f6stergeleri Ak\u0131\u015f \u015eemas\u0131 i\u00e7in <a href=\"https:\/\/birimler.atauni.edu.tr\/hemsirelik-fakultesi\/wp-content\/uploads\/sites\/481\/2025\/05\/Program-Amaclari-ve-Basarim-Gostergeleri-Akis-Semasi.pdf\">t\u0131klay\u0131n\u0131z.<\/a><\/p><\/div>\n\t\t\t\t<\/div>\n\t\t\t\t\t\t\t<div class=\"elementor-toggle-item\">\n\t\t\t\t\t<div id=\"elementor-tab-title-1816\" class=\"elementor-tab-title\" data-tab=\"6\" role=\"button\" aria-controls=\"elementor-tab-content-1816\" aria-expanded=\"false\">\n\t\t\t\t\t\t\t\t\t\t\t\t<span class=\"elementor-toggle-icon elementor-toggle-icon-left\" aria-hidden=\"true\">\n\t\t\t\t\t\t\t\t\t\t\t\t\t\t\t<span class=\"elementor-toggle-icon-closed\"><i class=\"fas fa-caret-right\"><\/i><\/span>\n\t\t\t\t\t\t\t\t<span class=\"elementor-toggle-icon-opened\"><i class=\"elementor-toggle-icon-opened fas fa-caret-up\"><\/i><\/span>\n\t\t\t\t\t\t\t\t\t\t\t\t\t<\/span>\n\t\t\t\t\t\t\t\t\t\t\t\t<a class=\"elementor-toggle-title\" tabindex=\"0\">Program Ama\u00e7lar\u0131 ve Ba\u015far\u0131m G\u00f6stergeleri<\/a>\n\t\t\t\t\t<\/div>\n\n\t\t\t\t\t<div id=\"elementor-tab-content-1816\" class=\"elementor-tab-content elementor-clearfix\" data-tab=\"6\" role=\"region\" aria-labelledby=\"elementor-tab-title-1816\"><p>2025-2029 Y\u0131l\u0131 Hem\u015firelik Fak\u00fcltesi Program Ama\u00e7lar\u0131 ve Ba\u015far\u0131m G\u00f6stergeleri i\u00e7in <a href=\"https:\/\/birimler.atauni.edu.tr\/hemsirelik-fakultesi\/wp-content\/uploads\/sites\/481\/2025\/06\/Program-Amaclari-2025-2029.pdf\">t\u0131klay\u0131n\u0131z<\/a><\/p><p>2021-2024 Y\u0131l\u0131 Hem\u015firelik Fak\u00fcltesi Program Ama\u00e7lar\u0131 ve Ba\u015far\u0131m G\u00f6stergeleri i\u00e7in <a href=\"https:\/\/birimler.atauni.edu.tr\/hemsirelik-fakultesi\/wp-content\/uploads\/sites\/481\/2025\/06\/Program-Amaclari-2021-2024.pdf\">t\u0131klay\u0131n\u0131z<\/a><\/p><p>2011-2020 Y\u0131l\u0131 Hem\u015firelik Fak\u00fcltesi Program Ama\u00e7lar\u0131 ve Ba\u015far\u0131m G\u00f6stergeleri i\u00e7in <a href=\"https:\/\/birimler.atauni.edu.tr\/hemsirelik-fakultesi\/wp-content\/uploads\/sites\/481\/2025\/06\/Program-Amaclari-2011-2020.pdf\">t\u0131klay\u0131n\u0131z<\/a><\/p><\/div>\n\t\t\t\t<\/div>\n\t\t\t\t\t\t\t<div class=\"elementor-toggle-item\">\n\t\t\t\t\t<div id=\"elementor-tab-title-1817\" class=\"elementor-tab-title\" data-tab=\"7\" role=\"button\" aria-controls=\"elementor-tab-content-1817\" aria-expanded=\"false\">\n\t\t\t\t\t\t\t\t\t\t\t\t<span class=\"elementor-toggle-icon elementor-toggle-icon-left\" aria-hidden=\"true\">\n\t\t\t\t\t\t\t\t\t\t\t\t\t\t\t<span class=\"elementor-toggle-icon-closed\"><i class=\"fas fa-caret-right\"><\/i><\/span>\n\t\t\t\t\t\t\t\t<span class=\"elementor-toggle-icon-opened\"><i class=\"elementor-toggle-icon-opened fas fa-caret-up\"><\/i><\/span>\n\t\t\t\t\t\t\t\t\t\t\t\t\t<\/span>\n\t\t\t\t\t\t\t\t\t\t\t\t<a class=\"elementor-toggle-title\" tabindex=\"0\">Program Ama\u00e7lar\u0131na Ula\u015fma Durumu<\/a>\n\t\t\t\t\t<\/div>\n\n\t\t\t\t\t<div id=\"elementor-tab-content-1817\" class=\"elementor-tab-content elementor-clearfix\" data-tab=\"7\" role=\"region\" aria-labelledby=\"elementor-tab-title-1817\"><p>Y\u0131llara g\u00f6re Program Ama\u00e7lar\u0131na Ula\u015fma Durumu Raporu i\u00e7in <a href=\"https:\/\/birimler.atauni.edu.tr\/hemsirelik-fakultesi\/wp-content\/uploads\/sites\/481\/2025\/06\/Tablo_SI.1.1._Yillara_Gore_Program_Amaclarina_Ulasma_Durumu1son.pdf\">t\u0131klay\u0131n\u0131z<\/a><\/p><\/div>\n\t\t\t\t<\/div>\n\t\t\t\t\t\t\t\t<\/div>\n\t\t\t\t\t\t<\/div>\n\t\t\t\t<\/div>\n\t\t\t\t\t<\/div>\n\t\t<\/div>\n\t\t\t\t\t<\/div>\n\t\t<\/section>\n\t\t\t\t<\/div>\n\t\t","protected":false},"excerpt":{"rendered":"<p>\u00dcyeler Prof. Dr. \u00d6zlem \u015eAH\u0130N ALTUN (Koordinat\u00f6r) Dr. \u00d6\u011fr. \u00dcyesi Seda BA\u015eAK (Koordinat\u00f6r) Dr. O\u0308g\u0306r. U\u0308yesi Meltem \u015e\u0130R\u0130N G\u00d6K (Ba\u015fkan) Prof. Dr. Nadiye \u00d6ZER Prof. Dr. G\u00fclay \u0130PEK \u00c7OBAN Do\u00e7. Dr. Sonay B\u0130LG\u0130N Dr. \u00d6\u011fr. \u00dcyesi S\u00fcheyla YARALI Dr. \u00d6\u011fr. \u00dcyesi Asena KO\u0308SE Ar\u015f. G\u00f6r. Yaprak BAGA \u0130\u015f Ak\u0131\u015f \u00c7izelgesi \u0130\u015f Ak\u0131\u015f \u00c7izelgesi i\u00e7in t\u0131klay\u0131n\u0131z. [&hellip;]<\/p>\n","protected":false},"author":426,"featured_media":0,"parent":0,"menu_order":0,"comment_status":"closed","ping_status":"closed","template":"","meta":{"footnotes":""},"class_list":["post-10806","page","type-page","status-publish","hentry"],"_links":{"self":[{"href":"https:\/\/atauni.edu.tr\/hemsirelik-fakultesi\/wp-json\/wp\/v2\/pages\/10806","targetHints":{"allow":["GET"]}}],"collection":[{"href":"https:\/\/atauni.edu.tr\/hemsirelik-fakultesi\/wp-json\/wp\/v2\/pages"}],"about":[{"href":"https:\/\/atauni.edu.tr\/hemsirelik-fakultesi\/wp-json\/wp\/v2\/types\/page"}],"author":[{"embeddable":true,"href":"https:\/\/atauni.edu.tr\/hemsirelik-fakultesi\/wp-json\/wp\/v2\/users\/426"}],"replies":[{"embeddable":true,"href":"https:\/\/atauni.edu.tr\/hemsirelik-fakultesi\/wp-json\/wp\/v2\/comments?post=10806"}],"version-history":[{"count":64,"href":"https:\/\/atauni.edu.tr\/hemsirelik-fakultesi\/wp-json\/wp\/v2\/pages\/10806\/revisions"}],"predecessor-version":[{"id":16728,"href":"https:\/\/atauni.edu.tr\/hemsirelik-fakultesi\/wp-json\/wp\/v2\/pages\/10806\/revisions\/16728"}],"wp:attachment":[{"href":"https:\/\/atauni.edu.tr\/hemsirelik-fakultesi\/wp-json\/wp\/v2\/media?parent=10806"}],"curies":[{"name":"wp","href":"https:\/\/api.w.org\/{rel}","templated":true}]}}