{"id":10884,"date":"2025-01-21T17:38:38","date_gmt":"2025-01-21T14:38:38","guid":{"rendered":"https:\/\/birimler.atauni.edu.tr\/hemsirelik-fakultesi\/?page_id=10884"},"modified":"2026-03-30T16:33:32","modified_gmt":"2026-03-30T13:33:32","slug":"akreditasyon-ve-kalite-komisyonu","status":"publish","type":"page","link":"https:\/\/atauni.edu.tr\/hemsirelik-fakultesi\/akreditasyon-ve-kalite-komisyonu\/","title":{"rendered":"Birim Kalite Komisyonu"},"content":{"rendered":"\t\t<div data-elementor-type=\"wp-page\" data-elementor-id=\"10884\" class=\"elementor elementor-10884\" data-elementor-post-type=\"page\">\n\t\t\t\t\t\t<section class=\"elementor-section elementor-top-section elementor-element elementor-element-505ada3 elementor-section-boxed elementor-section-height-default elementor-section-height-default\" data-id=\"505ada3\" data-element_type=\"section\">\n\t\t\t\t\t\t<div class=\"elementor-container elementor-column-gap-default\">\n\t\t\t\t\t<div class=\"elementor-column elementor-col-100 elementor-top-column elementor-element elementor-element-75d7418\" data-id=\"75d7418\" data-element_type=\"column\">\n\t\t\t<div class=\"elementor-widget-wrap elementor-element-populated\">\n\t\t\t\t\t\t<div class=\"elementor-element elementor-element-31bd8b9 elementor-widget elementor-widget-toggle\" data-id=\"31bd8b9\" data-element_type=\"widget\" data-widget_type=\"toggle.default\">\n\t\t\t\t<div class=\"elementor-widget-container\">\n\t\t\t\t\t\t\t<div class=\"elementor-toggle\">\n\t\t\t\t\t\t\t<div class=\"elementor-toggle-item\">\n\t\t\t\t\t<div id=\"elementor-tab-title-5211\" class=\"elementor-tab-title\" data-tab=\"1\" role=\"button\" aria-controls=\"elementor-tab-content-5211\" aria-expanded=\"false\">\n\t\t\t\t\t\t\t\t\t\t\t\t<span class=\"elementor-toggle-icon elementor-toggle-icon-left\" aria-hidden=\"true\">\n\t\t\t\t\t\t\t\t\t\t\t\t\t\t\t<span class=\"elementor-toggle-icon-closed\"><i class=\"fas fa-caret-right\"><\/i><\/span>\n\t\t\t\t\t\t\t\t<span class=\"elementor-toggle-icon-opened\"><i class=\"elementor-toggle-icon-opened fas fa-caret-up\"><\/i><\/span>\n\t\t\t\t\t\t\t\t\t\t\t\t\t<\/span>\n\t\t\t\t\t\t\t\t\t\t\t\t<a class=\"elementor-toggle-title\" tabindex=\"0\">Komisyon \u00dcyeleri<\/a>\n\t\t\t\t\t<\/div>\n\n\t\t\t\t\t<div id=\"elementor-tab-content-5211\" class=\"elementor-tab-content elementor-clearfix\" data-tab=\"1\" role=\"region\" aria-labelledby=\"elementor-tab-title-5211\"><p>Prof. Dr. Zeynep KARAMAN \u00d6ZL\u00dc (Ba\u015fkan)<\/p><p>Prof. Dr. \u00d6zlem \u015eAH\u0130N ALTUN (Ba\u015fkan Yard\u0131mc\u0131s\u0131)<\/p><p>Prof. Dr. Nuray B\u0130NG\u00d6L<\/p><p>Prof. Dr. G\u00fcl\u00e7in AV\u015eAR<\/p><p>Prof. Dr. Afife YURTTA\u015e<\/p><p>Prof. Dr. Asl\u0131 S\u0130S \u00c7EL\u0130K<\/p><p>Do\u00e7. Dr. Hasret YAL\u00c7IN\u00d6Z BAYSAL<\/p><p>Dr. \u00d6\u011fr. \u00dcyesi Hatice POLAT<\/p><p>Dr. \u00d6\u011fr. \u00dcyesi Seda BA\u015eAK<\/p><p>Ar\u015f. G\u00f6r. Dr. \u0130dris YILDIZ<\/p><p>Ar\u015f. G\u00f6r. \u00dcmit AYAZ<\/p><p>Ar\u015f. G\u00f6r. Muhammet M\u00dcEZZ\u0130NO\u011eLU<\/p><p>Habip DUYMU\u015e (Fak\u00fclte\u00a0 Sekreteri)<\/p><p>H\u00fcsn\u00fc DEM\u0130RCAN (\u00d6\u011frenci)<\/p><\/div>\n\t\t\t\t<\/div>\n\t\t\t\t\t\t\t<div class=\"elementor-toggle-item\">\n\t\t\t\t\t<div id=\"elementor-tab-title-5212\" class=\"elementor-tab-title\" data-tab=\"2\" role=\"button\" aria-controls=\"elementor-tab-content-5212\" aria-expanded=\"false\">\n\t\t\t\t\t\t\t\t\t\t\t\t<span class=\"elementor-toggle-icon elementor-toggle-icon-left\" aria-hidden=\"true\">\n\t\t\t\t\t\t\t\t\t\t\t\t\t\t\t<span class=\"elementor-toggle-icon-closed\"><i class=\"fas fa-caret-right\"><\/i><\/span>\n\t\t\t\t\t\t\t\t<span class=\"elementor-toggle-icon-opened\"><i class=\"elementor-toggle-icon-opened fas fa-caret-up\"><\/i><\/span>\n\t\t\t\t\t\t\t\t\t\t\t\t\t<\/span>\n\t\t\t\t\t\t\t\t\t\t\t\t<a class=\"elementor-toggle-title\" tabindex=\"0\">\u0130\u015f Ak\u0131\u015f \u00c7izelgesi<\/a>\n\t\t\t\t\t<\/div>\n\n\t\t\t\t\t<div id=\"elementor-tab-content-5212\" class=\"elementor-tab-content elementor-clearfix\" data-tab=\"2\" role=\"region\" aria-labelledby=\"elementor-tab-title-5212\"><p>2024-2025 E\u011fitim Y\u0131l\u0131 Akreditasyon Ve Kalite Komisyonu G\u00fcz D\u00f6nemi \u0130\u015f Ak\u0131\u015f \u00c7izelgesi i\u00e7in <a href=\"https:\/\/birimler.atauni.edu.tr\/hemsirelik-fakultesi\/wp-content\/uploads\/sites\/481\/2020\/07\/ATATURK-UNIVERSITESI-HEMSIRELIK-FAKULTESI-AKREDITASYON-VE-KALITE-KOMISYONU-IS-AKIS-CIZELGESI-23.12.-1.pdf\">t\u0131klay\u0131n\u0131z<\/a>.<\/p><\/div>\n\t\t\t\t<\/div>\n\t\t\t\t\t\t\t<div class=\"elementor-toggle-item\">\n\t\t\t\t\t<div id=\"elementor-tab-title-5213\" class=\"elementor-tab-title\" data-tab=\"3\" role=\"button\" aria-controls=\"elementor-tab-content-5213\" aria-expanded=\"false\">\n\t\t\t\t\t\t\t\t\t\t\t\t<span class=\"elementor-toggle-icon elementor-toggle-icon-left\" aria-hidden=\"true\">\n\t\t\t\t\t\t\t\t\t\t\t\t\t\t\t<span class=\"elementor-toggle-icon-closed\"><i class=\"fas fa-caret-right\"><\/i><\/span>\n\t\t\t\t\t\t\t\t<span class=\"elementor-toggle-icon-opened\"><i class=\"elementor-toggle-icon-opened fas fa-caret-up\"><\/i><\/span>\n\t\t\t\t\t\t\t\t\t\t\t\t\t<\/span>\n\t\t\t\t\t\t\t\t\t\t\t\t<a class=\"elementor-toggle-title\" tabindex=\"0\">\u00c7al\u0131\u015fma Esaslar\u0131<\/a>\n\t\t\t\t\t<\/div>\n\n\t\t\t\t\t<div id=\"elementor-tab-content-5213\" class=\"elementor-tab-content elementor-clearfix\" data-tab=\"3\" role=\"region\" aria-labelledby=\"elementor-tab-title-5213\"><p>\u00c7al\u0131\u015fma Esaslar\u0131 i\u00e7in <a href=\"https:\/\/birimler.atauni.edu.tr\/hemsirelik-fakultesi\/wp-content\/uploads\/sites\/481\/2025\/05\/Ataturk-Universitesi-Hemsirelik-Fakultesi-Akrrreditasyon-Komisyonu-Calisma-Esaslari-02052025-1.pdf\">t\u0131klay\u0131n\u0131z.<\/a><\/p><\/div>\n\t\t\t\t<\/div>\n\t\t\t\t\t\t\t<div class=\"elementor-toggle-item\">\n\t\t\t\t\t<div id=\"elementor-tab-title-5214\" class=\"elementor-tab-title\" data-tab=\"4\" role=\"button\" aria-controls=\"elementor-tab-content-5214\" aria-expanded=\"false\">\n\t\t\t\t\t\t\t\t\t\t\t\t<span class=\"elementor-toggle-icon elementor-toggle-icon-left\" aria-hidden=\"true\">\n\t\t\t\t\t\t\t\t\t\t\t\t\t\t\t<span class=\"elementor-toggle-icon-closed\"><i class=\"fas fa-caret-right\"><\/i><\/span>\n\t\t\t\t\t\t\t\t<span class=\"elementor-toggle-icon-opened\"><i class=\"elementor-toggle-icon-opened fas fa-caret-up\"><\/i><\/span>\n\t\t\t\t\t\t\t\t\t\t\t\t\t<\/span>\n\t\t\t\t\t\t\t\t\t\t\t\t<a class=\"elementor-toggle-title\" tabindex=\"0\">\u0130\u00e7 Payda\u015f Raporlar\u0131<\/a>\n\t\t\t\t\t<\/div>\n\n\t\t\t\t\t<div id=\"elementor-tab-content-5214\" class=\"elementor-tab-content elementor-clearfix\" data-tab=\"4\" role=\"region\" aria-labelledby=\"elementor-tab-title-5214\"><p>2024-2025 E\u011fitim-\u00d6\u011fretim Y\u0131l\u0131 \u0130\u00e7 Payda\u015f Raporuna Ula\u015fmak \u00e7in <a href=\"https:\/\/birimler.atauni.edu.tr\/hemsirelik-fakultesi\/wp-content\/uploads\/sites\/481\/2025\/06\/ATATURK-UNIVERSITESI-HEMSIRELIK-FAKULTESI-2024-2025-EGITIM-YILI-IC-PAYDAS-CALISTAYI-11.05.2025-1.pdf\">t\u0131klay\u0131n\u0131z.<\/a><\/p><p>2023-2024 E\u011fitim-\u00d6\u011fretim Y\u0131l\u0131 \u0130\u00e7 Payda\u015f Raporuna Ula\u015fmak i\u00e7in <a href=\"https:\/\/birimler.atauni.edu.tr\/hemsirelik-fakultesi\/wp-content\/uploads\/sites\/481\/2025\/06\/2023-2024-Akademik-Birim-Kalite-Komisyonu-toplanti-tutanagi.pdf\">t\u0131klay\u0131n\u0131z.<\/a><\/p><p>2020-2021 E\u011fitim-\u00d6\u011fretim Y\u0131l\u0131 \u0130\u00e7 Payda\u015f Raporuna Ula\u015fmak i\u00e7in <a href=\"https:\/\/birimler.atauni.edu.tr\/hemsirelik-fakultesi\/wp-content\/uploads\/sites\/481\/2025\/06\/2021-I\u0307c\u0327-Paydas\u0327-Toplanti-Tutanag\u0306i.pdf\">t\u0131klay\u0131n\u0131z.<\/a><\/p><\/div>\n\t\t\t\t<\/div>\n\t\t\t\t\t\t\t<div class=\"elementor-toggle-item\">\n\t\t\t\t\t<div id=\"elementor-tab-title-5215\" class=\"elementor-tab-title\" data-tab=\"5\" role=\"button\" aria-controls=\"elementor-tab-content-5215\" aria-expanded=\"false\">\n\t\t\t\t\t\t\t\t\t\t\t\t<span class=\"elementor-toggle-icon elementor-toggle-icon-left\" aria-hidden=\"true\">\n\t\t\t\t\t\t\t\t\t\t\t\t\t\t\t<span class=\"elementor-toggle-icon-closed\"><i class=\"fas fa-caret-right\"><\/i><\/span>\n\t\t\t\t\t\t\t\t<span class=\"elementor-toggle-icon-opened\"><i class=\"elementor-toggle-icon-opened fas fa-caret-up\"><\/i><\/span>\n\t\t\t\t\t\t\t\t\t\t\t\t\t<\/span>\n\t\t\t\t\t\t\t\t\t\t\t\t<a class=\"elementor-toggle-title\" tabindex=\"0\">D\u0131\u015f Payda\u015f Raporlar\u0131<\/a>\n\t\t\t\t\t<\/div>\n\n\t\t\t\t\t<div id=\"elementor-tab-content-5215\" class=\"elementor-tab-content elementor-clearfix\" data-tab=\"5\" role=\"region\" aria-labelledby=\"elementor-tab-title-5215\"><p>2024-2025 E\u011fitim-\u00d6\u011fretim Y\u0131l\u0131 D\u0131\u015f Payda\u015f Raporuna Ula\u015fmak i\u00e7in<a href=\"https:\/\/birimler.atauni.edu.tr\/hemsirelik-fakultesi\/wp-content\/uploads\/sites\/481\/2025\/02\/Dis-paydas-toplanti-tutanagi-06.02.2025.pdf\"> t\u0131klay\u0131n\u0131z.<\/a><\/p><p>2023-2024 E\u011fitim-\u00d6\u011fretim Y\u0131l\u0131 D\u0131\u015f Payda\u015f Raporuna Ula\u015fmak i\u00e7in <a href=\"https:\/\/birimler.atauni.edu.tr\/hemsirelik-fakultesi\/wp-content\/uploads\/sites\/481\/2025\/05\/Toplanti-Tutatanagi-5-Ekim-Dis-Paydas-1.pdf\">t\u0131klay\u0131n\u0131z<\/a><\/p><p>2020-2021 E\u011fitim-\u00d6\u011fretim Y\u0131l\u0131 D\u0131\u015f Payda\u015f Raporuna Ula\u015fmak i\u00e7in <a href=\"https:\/\/birimler.atauni.edu.tr\/hemsirelik-fakultesi\/wp-content\/uploads\/sites\/481\/2025\/05\/2021-Dis\u0327-Paydas\u0327-Toplanti-Tutanag\u0306i.pdf\">t\u0131klay\u0131n\u0131z<\/a><\/p><\/div>\n\t\t\t\t<\/div>\n\t\t\t\t\t\t\t<div class=\"elementor-toggle-item\">\n\t\t\t\t\t<div id=\"elementor-tab-title-5216\" class=\"elementor-tab-title\" data-tab=\"6\" role=\"button\" aria-controls=\"elementor-tab-content-5216\" aria-expanded=\"false\">\n\t\t\t\t\t\t\t\t\t\t\t\t<span class=\"elementor-toggle-icon elementor-toggle-icon-left\" aria-hidden=\"true\">\n\t\t\t\t\t\t\t\t\t\t\t\t\t\t\t<span class=\"elementor-toggle-icon-closed\"><i class=\"fas fa-caret-right\"><\/i><\/span>\n\t\t\t\t\t\t\t\t<span class=\"elementor-toggle-icon-opened\"><i class=\"elementor-toggle-icon-opened fas fa-caret-up\"><\/i><\/span>\n\t\t\t\t\t\t\t\t\t\t\t\t\t<\/span>\n\t\t\t\t\t\t\t\t\t\t\t\t<a class=\"elementor-toggle-title\" tabindex=\"0\">Toplant\u0131 Tutanaklar\u0131<\/a>\n\t\t\t\t\t<\/div>\n\n\t\t\t\t\t<div id=\"elementor-tab-content-5216\" class=\"elementor-tab-content elementor-clearfix\" data-tab=\"6\" role=\"region\" aria-labelledby=\"elementor-tab-title-5216\"><p>Atat\u00fcrk \u00dcniversitesi Hem\u015firelik Fak\u00fcltesi 03.12.2024 tarihli Akreditasyon Standart<br \/>Ba\u015fkanlar\u0131, Kalite Komisyonu, Kalite Kurulu ve T\u00fcm Komisyon Ba\u015fkanlar\u0131 Toplant\u0131<br \/>Tutana\u011f\u0131 i\u00e7in <a href=\"https:\/\/birimler.atauni.edu.tr\/hemsirelik-fakultesi\/wp-content\/uploads\/sites\/481\/2025\/05\/Ataturk-Universitesi-Hemsirelik-Fakultesi-03.12.2024-tarihli-Akreditasyon-Standart-Baskanlari-Kalite-.pdf\">t\u0131klay\u0131n\u0131z<\/a><\/p><p>Akreditasyon ve kalite kurulu 7 Ekim 2024 tarihli toplant\u0131 tutana\u011f\u0131 i\u00e7in <a href=\"https:\/\/birimler.atauni.edu.tr\/hemsirelik-fakultesi\/wp-content\/uploads\/sites\/481\/2025\/02\/Akreditasyon-Akademik-Birim-Kalite-Komisyonu-Toplanti-Tutanagi.docx\">t\u0131klay\u0131n\u0131z<\/a><\/p><p>Program Ama\u00e7lar\u0131 ve Ba\u015far\u0131m G\u00f6stergeleri G\u00fcncelleme \u00c7al\u0131\u015fmalar\u0131 i\u00e7in Akreditasyon ve Birim Kalite Kurulu, Program Ama\u00e7lar\u0131 Komisyonu, E\u011fitim Komisyonu ve Mezun \u0130zlem Komisyonunun 15.11.2024 tarihli Toplant\u0131 Tutana\u011f\u0131 i\u00e7in <a href=\"https:\/\/birimler.atauni.edu.tr\/hemsirelik-fakultesi\/wp-content\/uploads\/sites\/481\/2025\/06\/Kalite_komisyonu_toplanti_15.11.2024.pdf\">t\u0131klay\u0131n\u0131z<\/a><\/p><\/div>\n\t\t\t\t<\/div>\n\t\t\t\t\t\t\t\t<\/div>\n\t\t\t\t\t\t<\/div>\n\t\t\t\t<\/div>\n\t\t\t\t\t<\/div>\n\t\t<\/div>\n\t\t\t\t\t<\/div>\n\t\t<\/section>\n\t\t\t\t<\/div>\n\t\t","protected":false},"excerpt":{"rendered":"<p>Komisyon \u00dcyeleri Prof. Dr. Zeynep KARAMAN \u00d6ZL\u00dc (Ba\u015fkan) Prof. Dr. \u00d6zlem \u015eAH\u0130N ALTUN (Ba\u015fkan Yard\u0131mc\u0131s\u0131) Prof. Dr. Nuray B\u0130NG\u00d6L Prof. Dr. G\u00fcl\u00e7in AV\u015eAR Prof. Dr. Afife YURTTA\u015e Prof. Dr. Asl\u0131 S\u0130S \u00c7EL\u0130K Do\u00e7. Dr. Hasret YAL\u00c7IN\u00d6Z BAYSAL Dr. \u00d6\u011fr. \u00dcyesi Hatice POLAT Dr. \u00d6\u011fr. \u00dcyesi Seda BA\u015eAK Ar\u015f. G\u00f6r. Dr. \u0130dris YILDIZ Ar\u015f. G\u00f6r. \u00dcmit [&hellip;]<\/p>\n","protected":false},"author":426,"featured_media":0,"parent":0,"menu_order":0,"comment_status":"closed","ping_status":"closed","template":"","meta":{"footnotes":""},"class_list":["post-10884","page","type-page","status-publish","hentry"],"_links":{"self":[{"href":"https:\/\/atauni.edu.tr\/hemsirelik-fakultesi\/wp-json\/wp\/v2\/pages\/10884","targetHints":{"allow":["GET"]}}],"collection":[{"href":"https:\/\/atauni.edu.tr\/hemsirelik-fakultesi\/wp-json\/wp\/v2\/pages"}],"about":[{"href":"https:\/\/atauni.edu.tr\/hemsirelik-fakultesi\/wp-json\/wp\/v2\/types\/page"}],"author":[{"embeddable":true,"href":"https:\/\/atauni.edu.tr\/hemsirelik-fakultesi\/wp-json\/wp\/v2\/users\/426"}],"replies":[{"embeddable":true,"href":"https:\/\/atauni.edu.tr\/hemsirelik-fakultesi\/wp-json\/wp\/v2\/comments?post=10884"}],"version-history":[{"count":92,"href":"https:\/\/atauni.edu.tr\/hemsirelik-fakultesi\/wp-json\/wp\/v2\/pages\/10884\/revisions"}],"predecessor-version":[{"id":16725,"href":"https:\/\/atauni.edu.tr\/hemsirelik-fakultesi\/wp-json\/wp\/v2\/pages\/10884\/revisions\/16725"}],"wp:attachment":[{"href":"https:\/\/atauni.edu.tr\/hemsirelik-fakultesi\/wp-json\/wp\/v2\/media?parent=10884"}],"curies":[{"name":"wp","href":"https:\/\/api.w.org\/{rel}","templated":true}]}}