{"id":10945,"date":"2025-02-03T10:35:55","date_gmt":"2025-02-03T07:35:55","guid":{"rendered":"https:\/\/birimler.atauni.edu.tr\/hemsirelik-fakultesi\/?page_id=10945"},"modified":"2026-01-23T12:09:26","modified_gmt":"2026-01-23T09:09:26","slug":"faaliyet-raporlari-2","status":"publish","type":"page","link":"https:\/\/atauni.edu.tr\/hemsirelik-fakultesi\/faaliyet-raporlari-2\/","title":{"rendered":"Faaliyet Raporlar\u0131"},"content":{"rendered":"\t\t<div data-elementor-type=\"wp-page\" data-elementor-id=\"10945\" class=\"elementor elementor-10945\" data-elementor-post-type=\"page\">\n\t\t\t\t\t\t<section class=\"elementor-section elementor-top-section elementor-element elementor-element-e0c03c9 elementor-section-boxed elementor-section-height-default elementor-section-height-default\" data-id=\"e0c03c9\" data-element_type=\"section\">\n\t\t\t\t\t\t<div class=\"elementor-container elementor-column-gap-default\">\n\t\t\t\t\t<div class=\"elementor-column elementor-col-100 elementor-top-column elementor-element elementor-element-c61a05b\" data-id=\"c61a05b\" data-element_type=\"column\">\n\t\t\t<div class=\"elementor-widget-wrap elementor-element-populated\">\n\t\t\t\t\t\t<div class=\"elementor-element elementor-element-7c70f91 elementor-widget elementor-widget-text-editor\" data-id=\"7c70f91\" data-element_type=\"widget\" data-widget_type=\"text-editor.default\">\n\t\t\t\t<div class=\"elementor-widget-container\">\n\t\t\t\t\t\t\t\t\t<p>Hem\u015firelik Fak\u00fcltesi 2025 Y\u0131l\u0131 Faaliyet Raporuna ula\u015fmak i\u00e7in <a href=\"https:\/\/birimler.atauni.edu.tr\/hemsirelik-fakultesi\/wp-content\/uploads\/sites\/481\/2026\/01\/2025-Faaliyet-Raporu-1.pdf\">t\u0131klay\u0131n\u0131z.<\/a><\/p><p>Hem\u015firelik Fak\u00fcltesi 2024 Y\u0131l\u0131 Faaliyet Raporuna ula\u015fmak i\u00e7in <a href=\"https:\/\/birimler.atauni.edu.tr\/hemsirelik-fakultesi\/wp-content\/uploads\/sites\/481\/2025\/02\/2024-Faaliyet-Raporu.pdf\">t\u0131klay\u0131n\u0131z.<\/a><\/p><p>Hem\u015firelik Fak\u00fcltesi 2021 Y\u0131l\u0131 Faaliyet Raporuna ula\u015fmak i\u00e7in<a href=\"https:\/\/birimler.atauni.edu.tr\/hemsirelik-fakultesi\/wp-content\/uploads\/sites\/481\/2025\/04\/2021-YILI-FAALIYET-RAPORU.doc\"> t\u0131klay\u0131n\u0131z.<\/a><\/p><p>Hem\u015firelik Fak\u00fcltesi 2020 Y\u0131l\u0131 Faaliyet Raporuna ula\u015fmak i\u00e7in <a href=\"https:\/\/birimler.atauni.edu.tr\/hemsirelik-fakultesi\/wp-content\/uploads\/sites\/481\/2025\/04\/2020-YILI-FAALIYET-RAPORU.doc\">t\u0131klay\u0131n\u0131z.<\/a><\/p>\t\t\t\t\t\t\t\t<\/div>\n\t\t\t\t<\/div>\n\t\t\t\t\t<\/div>\n\t\t<\/div>\n\t\t\t\t\t<\/div>\n\t\t<\/section>\n\t\t\t\t<\/div>\n\t\t","protected":false},"excerpt":{"rendered":"<p>Hem\u015firelik Fak\u00fcltesi 2025 Y\u0131l\u0131 Faaliyet Raporuna ula\u015fmak i\u00e7in t\u0131klay\u0131n\u0131z. Hem\u015firelik Fak\u00fcltesi 2024 Y\u0131l\u0131 Faaliyet Raporuna ula\u015fmak i\u00e7in t\u0131klay\u0131n\u0131z. Hem\u015firelik Fak\u00fcltesi 2021 Y\u0131l\u0131 Faaliyet Raporuna ula\u015fmak i\u00e7in t\u0131klay\u0131n\u0131z. Hem\u015firelik Fak\u00fcltesi 2020 Y\u0131l\u0131 Faaliyet Raporuna ula\u015fmak i\u00e7in t\u0131klay\u0131n\u0131z.<\/p>\n","protected":false},"author":426,"featured_media":0,"parent":0,"menu_order":0,"comment_status":"closed","ping_status":"closed","template":"","meta":{"footnotes":""},"class_list":["post-10945","page","type-page","status-publish","hentry"],"_links":{"self":[{"href":"https:\/\/atauni.edu.tr\/hemsirelik-fakultesi\/wp-json\/wp\/v2\/pages\/10945","targetHints":{"allow":["GET"]}}],"collection":[{"href":"https:\/\/atauni.edu.tr\/hemsirelik-fakultesi\/wp-json\/wp\/v2\/pages"}],"about":[{"href":"https:\/\/atauni.edu.tr\/hemsirelik-fakultesi\/wp-json\/wp\/v2\/types\/page"}],"author":[{"embeddable":true,"href":"https:\/\/atauni.edu.tr\/hemsirelik-fakultesi\/wp-json\/wp\/v2\/users\/426"}],"replies":[{"embeddable":true,"href":"https:\/\/atauni.edu.tr\/hemsirelik-fakultesi\/wp-json\/wp\/v2\/comments?post=10945"}],"version-history":[{"count":16,"href":"https:\/\/atauni.edu.tr\/hemsirelik-fakultesi\/wp-json\/wp\/v2\/pages\/10945\/revisions"}],"predecessor-version":[{"id":16369,"href":"https:\/\/atauni.edu.tr\/hemsirelik-fakultesi\/wp-json\/wp\/v2\/pages\/10945\/revisions\/16369"}],"wp:attachment":[{"href":"https:\/\/atauni.edu.tr\/hemsirelik-fakultesi\/wp-json\/wp\/v2\/media?parent=10945"}],"curies":[{"name":"wp","href":"https:\/\/api.w.org\/{rel}","templated":true}]}}