{"id":11089,"date":"2025-02-05T15:19:42","date_gmt":"2025-02-05T12:19:42","guid":{"rendered":"https:\/\/birimler.atauni.edu.tr\/hemsirelik-fakultesi\/?page_id=11089"},"modified":"2026-02-24T14:07:42","modified_gmt":"2026-02-24T11:07:42","slug":"bilimsel-arastirma-projeleri","status":"publish","type":"page","link":"https:\/\/atauni.edu.tr\/hemsirelik-fakultesi\/bilimsel-arastirma-projeleri\/","title":{"rendered":"TUB\u0130TAK Projeleri"},"content":{"rendered":"\t\t<div data-elementor-type=\"wp-page\" data-elementor-id=\"11089\" class=\"elementor elementor-11089\" data-elementor-post-type=\"page\">\n\t\t\t\t\t\t<section class=\"elementor-section elementor-top-section elementor-element elementor-element-953212c elementor-section-boxed elementor-section-height-default elementor-section-height-default\" data-id=\"953212c\" data-element_type=\"section\">\n\t\t\t\t\t\t<div class=\"elementor-container elementor-column-gap-default\">\n\t\t\t\t\t<div class=\"elementor-column elementor-col-100 elementor-top-column elementor-element elementor-element-20e932a\" data-id=\"20e932a\" data-element_type=\"column\">\n\t\t\t<div class=\"elementor-widget-wrap elementor-element-populated\">\n\t\t\t\t\t\t<div class=\"elementor-element elementor-element-b341fe3 elementor-widget elementor-widget-text-editor\" data-id=\"b341fe3\" data-element_type=\"widget\" data-widget_type=\"text-editor.default\">\n\t\t\t\t<div class=\"elementor-widget-container\">\n\t\t\t\t\t\t\t\t\t<p>2024 y\u0131l\u0131nda tamamlanm\u0131\u015f\/devam etmekte olan TUB\u0130TAK projelerimiz i\u00e7in <a href=\"https:\/\/birimler.atauni.edu.tr\/hemsirelik-fakultesi\/wp-content\/uploads\/sites\/481\/2025\/06\/TUBITAK-PROJELERI.pdf\">t\u0131klay\u0131n\u0131z.<\/a><\/p><p>2026 y\u0131l\u0131nda ba\u015fvuru s\u00fcrecinde olan projelerimiz i\u00e7in <a href=\"https:\/\/atauni.edu.tr\/hemsirelik-fakultesi\/wp-content\/uploads\/sites\/481\/2026\/02\/Tip-1-Diyabet-Farkindalik-Eg\u0306itimi.pdf\">t\u0131klay\u0131n\u0131z.<\/a><\/p><p>2026 y\u0131l\u0131nda ba\u015fvuru s\u00fcrecinde olan kongreler i\u00e7in <a href=\"https:\/\/atauni.edu.tr\/hemsirelik-fakultesi\/wp-content\/uploads\/sites\/481\/2026\/02\/Kongre.pdf\">t\u0131klay\u0131n\u0131z.<\/a><\/p>\t\t\t\t\t\t\t\t<\/div>\n\t\t\t\t<\/div>\n\t\t\t\t\t<\/div>\n\t\t<\/div>\n\t\t\t\t\t<\/div>\n\t\t<\/section>\n\t\t\t\t<\/div>\n\t\t","protected":false},"excerpt":{"rendered":"<p>2024 y\u0131l\u0131nda tamamlanm\u0131\u015f\/devam etmekte olan TUB\u0130TAK projelerimiz i\u00e7in t\u0131klay\u0131n\u0131z. 2026 y\u0131l\u0131nda ba\u015fvuru s\u00fcrecinde olan projelerimiz i\u00e7in t\u0131klay\u0131n\u0131z. 2026 y\u0131l\u0131nda ba\u015fvuru s\u00fcrecinde olan kongreler i\u00e7in t\u0131klay\u0131n\u0131z.<\/p>\n","protected":false},"author":426,"featured_media":0,"parent":0,"menu_order":0,"comment_status":"closed","ping_status":"closed","template":"","meta":{"footnotes":""},"class_list":["post-11089","page","type-page","status-publish","hentry"],"_links":{"self":[{"href":"https:\/\/atauni.edu.tr\/hemsirelik-fakultesi\/wp-json\/wp\/v2\/pages\/11089","targetHints":{"allow":["GET"]}}],"collection":[{"href":"https:\/\/atauni.edu.tr\/hemsirelik-fakultesi\/wp-json\/wp\/v2\/pages"}],"about":[{"href":"https:\/\/atauni.edu.tr\/hemsirelik-fakultesi\/wp-json\/wp\/v2\/types\/page"}],"author":[{"embeddable":true,"href":"https:\/\/atauni.edu.tr\/hemsirelik-fakultesi\/wp-json\/wp\/v2\/users\/426"}],"replies":[{"embeddable":true,"href":"https:\/\/atauni.edu.tr\/hemsirelik-fakultesi\/wp-json\/wp\/v2\/comments?post=11089"}],"version-history":[{"count":26,"href":"https:\/\/atauni.edu.tr\/hemsirelik-fakultesi\/wp-json\/wp\/v2\/pages\/11089\/revisions"}],"predecessor-version":[{"id":16506,"href":"https:\/\/atauni.edu.tr\/hemsirelik-fakultesi\/wp-json\/wp\/v2\/pages\/11089\/revisions\/16506"}],"wp:attachment":[{"href":"https:\/\/atauni.edu.tr\/hemsirelik-fakultesi\/wp-json\/wp\/v2\/media?parent=11089"}],"curies":[{"name":"wp","href":"https:\/\/api.w.org\/{rel}","templated":true}]}}