{"id":11741,"date":"2025-02-26T13:38:50","date_gmt":"2025-02-26T10:38:50","guid":{"rendered":"https:\/\/birimler.atauni.edu.tr\/hemsirelik-fakultesi\/?page_id=11741"},"modified":"2025-03-09T20:58:25","modified_gmt":"2025-03-09T17:58:25","slug":"ssci-sci-expanded-ahci","status":"publish","type":"page","link":"https:\/\/atauni.edu.tr\/hemsirelik-fakultesi\/ssci-sci-expanded-ahci\/","title":{"rendered":"SSCI, SCI-Expanded, AHCI"},"content":{"rendered":"\t\t<div data-elementor-type=\"wp-page\" data-elementor-id=\"11741\" class=\"elementor elementor-11741\" data-elementor-post-type=\"page\">\n\t\t\t\t\t\t<section class=\"elementor-section elementor-top-section elementor-element elementor-element-91331e6 elementor-section-boxed elementor-section-height-default elementor-section-height-default\" data-id=\"91331e6\" data-element_type=\"section\">\n\t\t\t\t\t\t<div class=\"elementor-container elementor-column-gap-default\">\n\t\t\t\t\t<div class=\"elementor-column elementor-col-100 elementor-top-column elementor-element elementor-element-a0c9e24\" data-id=\"a0c9e24\" data-element_type=\"column\">\n\t\t\t<div class=\"elementor-widget-wrap elementor-element-populated\">\n\t\t\t\t\t\t<div class=\"elementor-element elementor-element-622f8bf elementor-widget elementor-widget-text-editor\" data-id=\"622f8bf\" data-element_type=\"widget\" data-widget_type=\"text-editor.default\">\n\t\t\t\t<div class=\"elementor-widget-container\">\n\t\t\t\t\t\t\t\t\t<p>2024 Y\u0131l\u0131 SSCI, SCI-E ve AHCI Alan \u0130ndeksleri Kapsam\u0131ndaki Uluslar Aras\u0131 Makalelerimize ve Projelerimize Ula\u015fmak i\u00e7in<a href=\"https:\/\/birimler.atauni.edu.tr\/hemsirelik-fakultesi\/wp-content\/uploads\/sites\/481\/2025\/03\/Ek-3.Yillik-Hems\u0327irelik-Faku\u0308ltesi-Faaliyet-Formu-2024-09.03.25-kopyasi-1.docx\"> t\u0131klay\u0131n\u0131z.<\/a><\/p>\t\t\t\t\t\t\t\t<\/div>\n\t\t\t\t<\/div>\n\t\t\t\t\t<\/div>\n\t\t<\/div>\n\t\t\t\t\t<\/div>\n\t\t<\/section>\n\t\t\t\t<\/div>\n\t\t","protected":false},"excerpt":{"rendered":"<p>2024 Y\u0131l\u0131 SSCI, SCI-E ve AHCI Alan \u0130ndeksleri Kapsam\u0131ndaki Uluslar Aras\u0131 Makalelerimize ve Projelerimize Ula\u015fmak i\u00e7in t\u0131klay\u0131n\u0131z.<\/p>\n","protected":false},"author":426,"featured_media":0,"parent":0,"menu_order":0,"comment_status":"closed","ping_status":"closed","template":"","meta":{"footnotes":""},"class_list":["post-11741","page","type-page","status-publish","hentry"],"_links":{"self":[{"href":"https:\/\/atauni.edu.tr\/hemsirelik-fakultesi\/wp-json\/wp\/v2\/pages\/11741","targetHints":{"allow":["GET"]}}],"collection":[{"href":"https:\/\/atauni.edu.tr\/hemsirelik-fakultesi\/wp-json\/wp\/v2\/pages"}],"about":[{"href":"https:\/\/atauni.edu.tr\/hemsirelik-fakultesi\/wp-json\/wp\/v2\/types\/page"}],"author":[{"embeddable":true,"href":"https:\/\/atauni.edu.tr\/hemsirelik-fakultesi\/wp-json\/wp\/v2\/users\/426"}],"replies":[{"embeddable":true,"href":"https:\/\/atauni.edu.tr\/hemsirelik-fakultesi\/wp-json\/wp\/v2\/comments?post=11741"}],"version-history":[{"count":7,"href":"https:\/\/atauni.edu.tr\/hemsirelik-fakultesi\/wp-json\/wp\/v2\/pages\/11741\/revisions"}],"predecessor-version":[{"id":12012,"href":"https:\/\/atauni.edu.tr\/hemsirelik-fakultesi\/wp-json\/wp\/v2\/pages\/11741\/revisions\/12012"}],"wp:attachment":[{"href":"https:\/\/atauni.edu.tr\/hemsirelik-fakultesi\/wp-json\/wp\/v2\/media?parent=11741"}],"curies":[{"name":"wp","href":"https:\/\/api.w.org\/{rel}","templated":true}]}}