{"id":11927,"date":"2025-03-05T08:33:39","date_gmt":"2025-03-05T05:33:39","guid":{"rendered":"https:\/\/birimler.atauni.edu.tr\/hemsirelik-fakultesi\/?page_id=11927"},"modified":"2025-05-21T08:33:41","modified_gmt":"2025-05-21T05:33:41","slug":"program-yeterlilik-duzeyi","status":"publish","type":"page","link":"https:\/\/atauni.edu.tr\/hemsirelik-fakultesi\/program-yeterlilik-duzeyi\/","title":{"rendered":"Program Yeterlilik D\u00fczeyi"},"content":{"rendered":"\t\t<div data-elementor-type=\"wp-page\" data-elementor-id=\"11927\" class=\"elementor elementor-11927\" data-elementor-post-type=\"page\">\n\t\t\t\t\t\t<section class=\"elementor-section elementor-top-section elementor-element elementor-element-cfa2a79 elementor-section-boxed elementor-section-height-default elementor-section-height-default\" data-id=\"cfa2a79\" data-element_type=\"section\">\n\t\t\t\t\t\t<div class=\"elementor-container elementor-column-gap-default\">\n\t\t\t\t\t<div class=\"elementor-column elementor-col-100 elementor-top-column elementor-element elementor-element-35aa125\" data-id=\"35aa125\" data-element_type=\"column\">\n\t\t\t<div class=\"elementor-widget-wrap elementor-element-populated\">\n\t\t\t\t\t\t<div class=\"elementor-element elementor-element-aee47ad elementor-widget elementor-widget-text-editor\" data-id=\"aee47ad\" data-element_type=\"widget\" data-widget_type=\"text-editor.default\">\n\t\t\t\t<div class=\"elementor-widget-container\">\n\t\t\t\t\t\t\t\t\t<p>Hem\u015firelik Lisans Program\u0131; T\u00fcrkiye Y\u00fcksek\u00f6\u011fretim Yeterlilikler \u00c7er\u00e7evesi\u2019ne (TYY\u00c7) g\u00f6re Sa\u011fl\u0131k Temel Alan\u0131\u2019nda yer almakta olup \u00f6\u011frenim seviyesi Lisans d\u00fczeyindedir. Ayr\u0131ca, \u201cAvrupa Y\u00fcksek\u00f6\u011fretim Alan\u0131 Yeterlilikler \u00c7er\u00e7evesi\u2019ne g\u00f6re (QF-EHEA \/ Qualifications Framework for European Higher Education Area)<strong> 1. d\u00fczey<\/strong> ve \u2018Ya\u015fam Boyu \u00d6\u011frenim i\u00e7in Avrupa Yeterlikler \u00c7er\u00e7evesi\u2019ne (EQF-LLL \/ European Qualifications Framework for Lifelong Learning) g\u00f6re <strong>6. d\u00fczey<\/strong>dir.<\/p>\t\t\t\t\t\t\t\t<\/div>\n\t\t\t\t<\/div>\n\t\t\t\t\t<\/div>\n\t\t<\/div>\n\t\t\t\t\t<\/div>\n\t\t<\/section>\n\t\t\t\t<\/div>\n\t\t","protected":false},"excerpt":{"rendered":"<p>Hem\u015firelik Lisans Program\u0131; T\u00fcrkiye Y\u00fcksek\u00f6\u011fretim Yeterlilikler \u00c7er\u00e7evesi\u2019ne (TYY\u00c7) g\u00f6re Sa\u011fl\u0131k Temel Alan\u0131\u2019nda yer almakta olup \u00f6\u011frenim seviyesi Lisans d\u00fczeyindedir. Ayr\u0131ca, \u201cAvrupa Y\u00fcksek\u00f6\u011fretim Alan\u0131 Yeterlilikler \u00c7er\u00e7evesi\u2019ne g\u00f6re (QF-EHEA \/ Qualifications Framework for European Higher Education Area) 1. d\u00fczey ve \u2018Ya\u015fam Boyu \u00d6\u011frenim i\u00e7in Avrupa Yeterlikler \u00c7er\u00e7evesi\u2019ne (EQF-LLL \/ European Qualifications Framework for Lifelong Learning) g\u00f6re 6. [&hellip;]<\/p>\n","protected":false},"author":426,"featured_media":0,"parent":0,"menu_order":0,"comment_status":"closed","ping_status":"closed","template":"","meta":{"footnotes":""},"class_list":["post-11927","page","type-page","status-publish","hentry"],"_links":{"self":[{"href":"https:\/\/atauni.edu.tr\/hemsirelik-fakultesi\/wp-json\/wp\/v2\/pages\/11927","targetHints":{"allow":["GET"]}}],"collection":[{"href":"https:\/\/atauni.edu.tr\/hemsirelik-fakultesi\/wp-json\/wp\/v2\/pages"}],"about":[{"href":"https:\/\/atauni.edu.tr\/hemsirelik-fakultesi\/wp-json\/wp\/v2\/types\/page"}],"author":[{"embeddable":true,"href":"https:\/\/atauni.edu.tr\/hemsirelik-fakultesi\/wp-json\/wp\/v2\/users\/426"}],"replies":[{"embeddable":true,"href":"https:\/\/atauni.edu.tr\/hemsirelik-fakultesi\/wp-json\/wp\/v2\/comments?post=11927"}],"version-history":[{"count":13,"href":"https:\/\/atauni.edu.tr\/hemsirelik-fakultesi\/wp-json\/wp\/v2\/pages\/11927\/revisions"}],"predecessor-version":[{"id":14654,"href":"https:\/\/atauni.edu.tr\/hemsirelik-fakultesi\/wp-json\/wp\/v2\/pages\/11927\/revisions\/14654"}],"wp:attachment":[{"href":"https:\/\/atauni.edu.tr\/hemsirelik-fakultesi\/wp-json\/wp\/v2\/media?parent=11927"}],"curies":[{"name":"wp","href":"https:\/\/api.w.org\/{rel}","templated":true}]}}