{"id":11935,"date":"2025-03-05T08:34:15","date_gmt":"2025-03-05T05:34:15","guid":{"rendered":"https:\/\/birimler.atauni.edu.tr\/hemsirelik-fakultesi\/?page_id=11935"},"modified":"2025-03-25T13:32:18","modified_gmt":"2025-03-25T10:32:18","slug":"programin-amaci","status":"publish","type":"page","link":"https:\/\/atauni.edu.tr\/hemsirelik-fakultesi\/programin-amaci\/","title":{"rendered":"Program\u0131n Amac\u0131"},"content":{"rendered":"\t\t<div data-elementor-type=\"wp-page\" data-elementor-id=\"11935\" class=\"elementor elementor-11935\" data-elementor-post-type=\"page\">\n\t\t\t\t\t\t<section class=\"elementor-section elementor-top-section elementor-element elementor-element-6d2bb23 elementor-section-boxed elementor-section-height-default elementor-section-height-default\" data-id=\"6d2bb23\" data-element_type=\"section\">\n\t\t\t\t\t\t<div class=\"elementor-container elementor-column-gap-default\">\n\t\t\t\t\t<div class=\"elementor-column elementor-col-100 elementor-top-column elementor-element elementor-element-4305267\" data-id=\"4305267\" data-element_type=\"column\">\n\t\t\t<div class=\"elementor-widget-wrap elementor-element-populated\">\n\t\t\t\t\t\t<div class=\"elementor-element elementor-element-0816edb elementor-widget elementor-widget-text-editor\" data-id=\"0816edb\" data-element_type=\"widget\" data-widget_type=\"text-editor.default\">\n\t\t\t\t<div class=\"elementor-widget-container\">\n\t\t\t\t\t\t\t\t\t<p>Atat\u00fcrk\u00a0 \u00dcniversitesi Hem\u015firelik Fak\u00fcltesi lisans e\u011fitim program\u0131 mezunlar\u0131;<\/p><p><strong>PA.1<\/strong>. Birey, aile ve toplumun hem\u015firelik bak\u0131m gereksinimlerini kar\u015f\u0131layabilecek hem\u015fireler yeti\u015ftirir.\u00a0<\/p><p><strong>PA.2. <\/strong>Mezunlar mesleki bilgi ve becerileri do\u011frultusunda hem\u015firelik bilimine katk\u0131 sunar ve ya\u015fam boyu \u00f6\u011frenme sorumlulu\u011funu s\u00fcrd\u00fcr\u00fc<strong>r.<\/strong><\/p><p><strong>PA.3. <\/strong>Mezunlar toplumsal \u00e7al\u0131\u015fmalarda yer al\u0131r.<\/p>\t\t\t\t\t\t\t\t<\/div>\n\t\t\t\t<\/div>\n\t\t\t\t\t<\/div>\n\t\t<\/div>\n\t\t\t\t\t<\/div>\n\t\t<\/section>\n\t\t\t\t<\/div>\n\t\t","protected":false},"excerpt":{"rendered":"<p>Atat\u00fcrk\u00a0 \u00dcniversitesi Hem\u015firelik Fak\u00fcltesi lisans e\u011fitim program\u0131 mezunlar\u0131; PA.1. Birey, aile ve toplumun hem\u015firelik bak\u0131m gereksinimlerini kar\u015f\u0131layabilecek hem\u015fireler yeti\u015ftirir.\u00a0 PA.2. Mezunlar mesleki bilgi ve becerileri do\u011frultusunda hem\u015firelik bilimine katk\u0131 sunar ve ya\u015fam boyu \u00f6\u011frenme sorumlulu\u011funu s\u00fcrd\u00fcr\u00fcr. PA.3. Mezunlar toplumsal \u00e7al\u0131\u015fmalarda yer al\u0131r.<\/p>\n","protected":false},"author":426,"featured_media":0,"parent":0,"menu_order":0,"comment_status":"closed","ping_status":"closed","template":"","meta":{"footnotes":""},"class_list":["post-11935","page","type-page","status-publish","hentry"],"_links":{"self":[{"href":"https:\/\/atauni.edu.tr\/hemsirelik-fakultesi\/wp-json\/wp\/v2\/pages\/11935","targetHints":{"allow":["GET"]}}],"collection":[{"href":"https:\/\/atauni.edu.tr\/hemsirelik-fakultesi\/wp-json\/wp\/v2\/pages"}],"about":[{"href":"https:\/\/atauni.edu.tr\/hemsirelik-fakultesi\/wp-json\/wp\/v2\/types\/page"}],"author":[{"embeddable":true,"href":"https:\/\/atauni.edu.tr\/hemsirelik-fakultesi\/wp-json\/wp\/v2\/users\/426"}],"replies":[{"embeddable":true,"href":"https:\/\/atauni.edu.tr\/hemsirelik-fakultesi\/wp-json\/wp\/v2\/comments?post=11935"}],"version-history":[{"count":10,"href":"https:\/\/atauni.edu.tr\/hemsirelik-fakultesi\/wp-json\/wp\/v2\/pages\/11935\/revisions"}],"predecessor-version":[{"id":12775,"href":"https:\/\/atauni.edu.tr\/hemsirelik-fakultesi\/wp-json\/wp\/v2\/pages\/11935\/revisions\/12775"}],"wp:attachment":[{"href":"https:\/\/atauni.edu.tr\/hemsirelik-fakultesi\/wp-json\/wp\/v2\/media?parent=11935"}],"curies":[{"name":"wp","href":"https:\/\/api.w.org\/{rel}","templated":true}]}}