{"id":11954,"date":"2025-03-05T08:38:32","date_gmt":"2025-03-05T05:38:32","guid":{"rendered":"https:\/\/birimler.atauni.edu.tr\/hemsirelik-fakultesi\/?page_id=11954"},"modified":"2025-03-19T23:19:17","modified_gmt":"2025-03-19T20:19:17","slug":"basvuru-ve-ogrenci-kabulu","status":"publish","type":"page","link":"https:\/\/atauni.edu.tr\/hemsirelik-fakultesi\/basvuru-ve-ogrenci-kabulu\/","title":{"rendered":"Ba\u015fvuru ve \u00d6\u011frenci Kabul\u00fc"},"content":{"rendered":"\t\t<div data-elementor-type=\"wp-page\" data-elementor-id=\"11954\" class=\"elementor elementor-11954\" data-elementor-post-type=\"page\">\n\t\t\t\t\t\t<section class=\"elementor-section elementor-top-section elementor-element elementor-element-92e45ff elementor-section-boxed elementor-section-height-default elementor-section-height-default\" data-id=\"92e45ff\" data-element_type=\"section\">\n\t\t\t\t\t\t<div class=\"elementor-container elementor-column-gap-default\">\n\t\t\t\t\t<div class=\"elementor-column elementor-col-100 elementor-top-column elementor-element elementor-element-46da4fc\" data-id=\"46da4fc\" data-element_type=\"column\">\n\t\t\t<div class=\"elementor-widget-wrap elementor-element-populated\">\n\t\t\t\t\t\t<div class=\"elementor-element elementor-element-8b8fc12 elementor-widget elementor-widget-text-editor\" data-id=\"8b8fc12\" data-element_type=\"widget\" data-widget_type=\"text-editor.default\">\n\t\t\t\t<div class=\"elementor-widget-container\">\n\t\t\t\t\t\t\t\t\t<p>Bu konular ile ilgili g\u00fcncel bilgi i\u00e7in&#8221;<a href=\"https:\/\/birimler.atauni.edu.tr\/ogrenci-isleri-daire-baskanligi\/mevzuat\/\">https:\/\/birimler.atauni.edu.tr\/ogrenci-isleri-daire-baskanligi\/mevzuat<\/a>\/&#8221; linkine t\u0131klay\u0131n\u0131z.<\/p><h6>Mezunlar \u0130\u00e7in \u0130\u015f ve Akademik Kariyer \u0130mk\u00e2nlar\u0131<\/h6><p>Fak\u00fclte \u00f6\u011fretim program\u0131n\u0131 tamamlayan \u00f6\u011frenciler \u201cHem\u015fire\u201d unvan\u0131 al\u0131rlar ve birinci, ikinci, \u00fc\u00e7\u00fcnc\u00fc basamak sa\u011fl\u0131k hizmeti veren kamu ya da \u00f6zel sekt\u00f6re ait kurum ve kurulu\u015flarda klinik hem\u015firesi, y\u00f6netici hem\u015fire ve e\u011fitim hem\u015firesi olarak, ayr\u0131ca okul sa\u011fl\u0131\u011f\u0131 hem\u015firesi, i\u015f yeri hem\u015firesi, evde bak\u0131m hem\u015firesi olarak \u00e7al\u0131\u015fabilir. Lisans e\u011fitimini ba\u015far\u0131 ile tamamlayan hem\u015fireler, kendi alanlar\u0131 ile ilgili lisans\u00fcst\u00fc programlarda \u00f6\u011frenim g\u00f6rebilir. Tezli ve tezsiz y\u00fcksek lisans e\u011fitimini tamamlam\u0131\u015f hem\u015fireler alanda \u00e7al\u0131\u015fmak istediklerinde \u2018uzman hem\u015fire\u2019 stat\u00fcs\u00fcnde, hem\u015firelik e\u011fitimi ve ara\u015ft\u0131rma alan\u0131nda \u00e7al\u0131\u015fmak istediklerinde ise akademisyen olarak g\u00f6rev alabilir ve uzmanla\u015f\u0131p kariyer yapma imk\u00e2n\u0131 bulabilir.<\/p>\t\t\t\t\t\t\t\t<\/div>\n\t\t\t\t<\/div>\n\t\t\t\t\t<\/div>\n\t\t<\/div>\n\t\t\t\t\t<\/div>\n\t\t<\/section>\n\t\t\t\t<\/div>\n\t\t","protected":false},"excerpt":{"rendered":"<p>Bu konular ile ilgili g\u00fcncel bilgi i\u00e7in&#8221;https:\/\/birimler.atauni.edu.tr\/ogrenci-isleri-daire-baskanligi\/mevzuat\/&#8221; linkine t\u0131klay\u0131n\u0131z. Mezunlar \u0130\u00e7in \u0130\u015f ve Akademik Kariyer \u0130mk\u00e2nlar\u0131 Fak\u00fclte \u00f6\u011fretim program\u0131n\u0131 tamamlayan \u00f6\u011frenciler \u201cHem\u015fire\u201d unvan\u0131 al\u0131rlar ve birinci, ikinci, \u00fc\u00e7\u00fcnc\u00fc basamak sa\u011fl\u0131k hizmeti veren kamu ya da \u00f6zel sekt\u00f6re ait kurum ve kurulu\u015flarda klinik hem\u015firesi, y\u00f6netici hem\u015fire ve e\u011fitim hem\u015firesi olarak, ayr\u0131ca okul sa\u011fl\u0131\u011f\u0131 hem\u015firesi, i\u015f yeri [&hellip;]<\/p>\n","protected":false},"author":426,"featured_media":0,"parent":0,"menu_order":0,"comment_status":"closed","ping_status":"closed","template":"","meta":{"footnotes":""},"class_list":["post-11954","page","type-page","status-publish","hentry"],"_links":{"self":[{"href":"https:\/\/atauni.edu.tr\/hemsirelik-fakultesi\/wp-json\/wp\/v2\/pages\/11954","targetHints":{"allow":["GET"]}}],"collection":[{"href":"https:\/\/atauni.edu.tr\/hemsirelik-fakultesi\/wp-json\/wp\/v2\/pages"}],"about":[{"href":"https:\/\/atauni.edu.tr\/hemsirelik-fakultesi\/wp-json\/wp\/v2\/types\/page"}],"author":[{"embeddable":true,"href":"https:\/\/atauni.edu.tr\/hemsirelik-fakultesi\/wp-json\/wp\/v2\/users\/426"}],"replies":[{"embeddable":true,"href":"https:\/\/atauni.edu.tr\/hemsirelik-fakultesi\/wp-json\/wp\/v2\/comments?post=11954"}],"version-history":[{"count":10,"href":"https:\/\/atauni.edu.tr\/hemsirelik-fakultesi\/wp-json\/wp\/v2\/pages\/11954\/revisions"}],"predecessor-version":[{"id":12211,"href":"https:\/\/atauni.edu.tr\/hemsirelik-fakultesi\/wp-json\/wp\/v2\/pages\/11954\/revisions\/12211"}],"wp:attachment":[{"href":"https:\/\/atauni.edu.tr\/hemsirelik-fakultesi\/wp-json\/wp\/v2\/media?parent=11954"}],"curies":[{"name":"wp","href":"https:\/\/api.w.org\/{rel}","templated":true}]}}