{"id":12179,"date":"2025-03-19T13:35:35","date_gmt":"2025-03-19T10:35:35","guid":{"rendered":"https:\/\/birimler.atauni.edu.tr\/hemsirelik-fakultesi\/?page_id=12179"},"modified":"2025-11-12T10:45:58","modified_gmt":"2025-11-12T07:45:58","slug":"oryantasyon-programlari","status":"publish","type":"page","link":"https:\/\/atauni.edu.tr\/hemsirelik-fakultesi\/oryantasyon-programlari\/","title":{"rendered":"Oryantasyon Program\u0131"},"content":{"rendered":"\t\t<div data-elementor-type=\"wp-page\" data-elementor-id=\"12179\" class=\"elementor elementor-12179\" data-elementor-post-type=\"page\">\n\t\t\t\t\t\t<section class=\"elementor-section elementor-top-section elementor-element elementor-element-139d5df elementor-section-boxed elementor-section-height-default elementor-section-height-default\" data-id=\"139d5df\" data-element_type=\"section\">\n\t\t\t\t\t\t<div class=\"elementor-container elementor-column-gap-default\">\n\t\t\t\t\t<div class=\"elementor-column elementor-col-100 elementor-top-column elementor-element elementor-element-9ef43f1\" data-id=\"9ef43f1\" data-element_type=\"column\">\n\t\t\t<div class=\"elementor-widget-wrap elementor-element-populated\">\n\t\t\t\t\t\t<div class=\"elementor-element elementor-element-1a9336d elementor-widget elementor-widget-text-editor\" data-id=\"1a9336d\" data-element_type=\"widget\" data-widget_type=\"text-editor.default\">\n\t\t\t\t<div class=\"elementor-widget-container\">\n\t\t\t\t\t\t\t\t\t<p>2024-2025 E\u011fitim Y\u0131l\u0131 1. s\u0131n\u0131f Oryantasyon Program\u0131 Raporu&#8217;na ula\u015fmak i\u00e7in<a href=\"https:\/\/birimler.atauni.edu.tr\/hemsirelik-fakultesi\/wp-content\/uploads\/sites\/481\/2025\/03\/2024-2025-1.-sinif-oryantasyon-programi-raporu-son-hali.docx\"> t\u0131klay\u0131n\u0131z.<\/a><\/p><p>2025-2026 E\u011fitim Y\u0131l\u0131 1. S\u0131n\u0131f Oryantasyon Program\u0131 Raporu&#8217;na ula\u015fmak i\u00e7in <a href=\"https:\/\/birimler.atauni.edu.tr\/hemsirelik-fakultesi\/wp-content\/uploads\/sites\/481\/2025\/11\/2025-2026-Eg\u0306itim-O\u0308g\u0306retim-Yili-O\u0308g\u0306renci-Uyum-Programi.pdf\">t\u0131klay\u0131n\u0131z.<\/a><\/p>\t\t\t\t\t\t\t\t<\/div>\n\t\t\t\t<\/div>\n\t\t\t\t\t<\/div>\n\t\t<\/div>\n\t\t\t\t\t<\/div>\n\t\t<\/section>\n\t\t\t\t<\/div>\n\t\t","protected":false},"excerpt":{"rendered":"<p>2024-2025 E\u011fitim Y\u0131l\u0131 1. s\u0131n\u0131f Oryantasyon Program\u0131 Raporu&#8217;na ula\u015fmak i\u00e7in t\u0131klay\u0131n\u0131z. 2025-2026 E\u011fitim Y\u0131l\u0131 1. S\u0131n\u0131f Oryantasyon Program\u0131 Raporu&#8217;na ula\u015fmak i\u00e7in t\u0131klay\u0131n\u0131z.<\/p>\n","protected":false},"author":426,"featured_media":0,"parent":0,"menu_order":0,"comment_status":"closed","ping_status":"closed","template":"","meta":{"footnotes":""},"class_list":["post-12179","page","type-page","status-publish","hentry"],"_links":{"self":[{"href":"https:\/\/atauni.edu.tr\/hemsirelik-fakultesi\/wp-json\/wp\/v2\/pages\/12179","targetHints":{"allow":["GET"]}}],"collection":[{"href":"https:\/\/atauni.edu.tr\/hemsirelik-fakultesi\/wp-json\/wp\/v2\/pages"}],"about":[{"href":"https:\/\/atauni.edu.tr\/hemsirelik-fakultesi\/wp-json\/wp\/v2\/types\/page"}],"author":[{"embeddable":true,"href":"https:\/\/atauni.edu.tr\/hemsirelik-fakultesi\/wp-json\/wp\/v2\/users\/426"}],"replies":[{"embeddable":true,"href":"https:\/\/atauni.edu.tr\/hemsirelik-fakultesi\/wp-json\/wp\/v2\/comments?post=12179"}],"version-history":[{"count":9,"href":"https:\/\/atauni.edu.tr\/hemsirelik-fakultesi\/wp-json\/wp\/v2\/pages\/12179\/revisions"}],"predecessor-version":[{"id":15930,"href":"https:\/\/atauni.edu.tr\/hemsirelik-fakultesi\/wp-json\/wp\/v2\/pages\/12179\/revisions\/15930"}],"wp:attachment":[{"href":"https:\/\/atauni.edu.tr\/hemsirelik-fakultesi\/wp-json\/wp\/v2\/media?parent=12179"}],"curies":[{"name":"wp","href":"https:\/\/api.w.org\/{rel}","templated":true}]}}