{"id":12326,"date":"2025-03-20T16:19:08","date_gmt":"2025-03-20T13:19:08","guid":{"rendered":"https:\/\/birimler.atauni.edu.tr\/hemsirelik-fakultesi\/?page_id=12326"},"modified":"2025-05-23T10:08:00","modified_gmt":"2025-05-23T07:08:00","slug":"ders-katalogu-2","status":"publish","type":"page","link":"https:\/\/atauni.edu.tr\/hemsirelik-fakultesi\/ders-katalogu-2\/","title":{"rendered":"Ders Katalo\u011fu"},"content":{"rendered":"\t\t<div data-elementor-type=\"wp-page\" data-elementor-id=\"12326\" class=\"elementor elementor-12326\" data-elementor-post-type=\"page\">\n\t\t\t\t\t\t<section class=\"elementor-section elementor-top-section elementor-element elementor-element-1e3b4f8 elementor-section-boxed elementor-section-height-default elementor-section-height-default\" data-id=\"1e3b4f8\" data-element_type=\"section\">\n\t\t\t\t\t\t<div class=\"elementor-container elementor-column-gap-default\">\n\t\t\t\t\t<div class=\"elementor-column elementor-col-100 elementor-top-column elementor-element elementor-element-8c85af9\" data-id=\"8c85af9\" data-element_type=\"column\">\n\t\t\t<div class=\"elementor-widget-wrap elementor-element-populated\">\n\t\t\t\t\t\t<div class=\"elementor-element elementor-element-b134a15 elementor-widget elementor-widget-text-editor\" data-id=\"b134a15\" data-element_type=\"widget\" data-widget_type=\"text-editor.default\">\n\t\t\t\t<div class=\"elementor-widget-container\">\n\t\t\t\t\t\t\t\t\t<p>2020-2021 y\u0131l\u0131 ders katalo\u011fu i\u00e7in <a href=\"https:\/\/birimler.atauni.edu.tr\/hemsirelik-fakultesi\/wp-content\/uploads\/sites\/481\/2025\/03\/DERS-KATALOGU-hemsirelik-fakultesi-ESKI.pdf\">t\u0131klay\u0131n\u0131z.<\/a><\/p><p>2021-2022 y\u0131l\u0131 ders katalo\u011fu i\u00e7in <a href=\"https:\/\/obs.atauni.edu.tr\/moduller\/dbp\/eobs\/birimDetay\/3304\/Hem%C5%9Firelik%20Program%C4%B1%20(3304)?\">t\u0131klay\u0131n\u0131z.<\/a><\/p><p>2022-2023 y\u0131l\u0131 ders katalo\u011fu i\u00e7in <a href=\"https:\/\/obs.atauni.edu.tr\/moduller\/dbp\/eobs\/birimDetay\/3304\/Hem%C5%9Firelik%20Program%C4%B1%20(3304)?\">t\u0131klay\u0131n\u0131z.<\/a><\/p><p>2023-2024 y\u0131l\u0131 ders katalo\u011fu i\u00e7in <a href=\"https:\/\/obs.atauni.edu.tr\/moduller\/dbp\/eobs\/birimDetay\/3304\/Hem%C5%9Firelik%20Program%C4%B1%20(3304)?\">t\u0131klay\u0131n\u0131z.<\/a><\/p><p>2024-2025 y\u0131l\u0131 ders katalo\u011fu i\u00e7in <a href=\"https:\/\/birimler.atauni.edu.tr\/hemsirelik-fakultesi\/wp-content\/uploads\/sites\/481\/2025\/05\/Ataturk-Universitesi-Hemsirelik-Fakultesi-Ders-Katalogu-2024-2025.pdf\">t\u0131klay\u0131n\u0131z.<\/a><\/p>\t\t\t\t\t\t\t\t<\/div>\n\t\t\t\t<\/div>\n\t\t\t\t\t<\/div>\n\t\t<\/div>\n\t\t\t\t\t<\/div>\n\t\t<\/section>\n\t\t\t\t<\/div>\n\t\t","protected":false},"excerpt":{"rendered":"<p>2020-2021 y\u0131l\u0131 ders katalo\u011fu i\u00e7in t\u0131klay\u0131n\u0131z. 2021-2022 y\u0131l\u0131 ders katalo\u011fu i\u00e7in t\u0131klay\u0131n\u0131z. 2022-2023 y\u0131l\u0131 ders katalo\u011fu i\u00e7in t\u0131klay\u0131n\u0131z. 2023-2024 y\u0131l\u0131 ders katalo\u011fu i\u00e7in t\u0131klay\u0131n\u0131z. 2024-2025 y\u0131l\u0131 ders katalo\u011fu i\u00e7in t\u0131klay\u0131n\u0131z.<\/p>\n","protected":false},"author":426,"featured_media":0,"parent":0,"menu_order":0,"comment_status":"closed","ping_status":"closed","template":"","meta":{"footnotes":""},"class_list":["post-12326","page","type-page","status-publish","hentry"],"_links":{"self":[{"href":"https:\/\/atauni.edu.tr\/hemsirelik-fakultesi\/wp-json\/wp\/v2\/pages\/12326","targetHints":{"allow":["GET"]}}],"collection":[{"href":"https:\/\/atauni.edu.tr\/hemsirelik-fakultesi\/wp-json\/wp\/v2\/pages"}],"about":[{"href":"https:\/\/atauni.edu.tr\/hemsirelik-fakultesi\/wp-json\/wp\/v2\/types\/page"}],"author":[{"embeddable":true,"href":"https:\/\/atauni.edu.tr\/hemsirelik-fakultesi\/wp-json\/wp\/v2\/users\/426"}],"replies":[{"embeddable":true,"href":"https:\/\/atauni.edu.tr\/hemsirelik-fakultesi\/wp-json\/wp\/v2\/comments?post=12326"}],"version-history":[{"count":10,"href":"https:\/\/atauni.edu.tr\/hemsirelik-fakultesi\/wp-json\/wp\/v2\/pages\/12326\/revisions"}],"predecessor-version":[{"id":14825,"href":"https:\/\/atauni.edu.tr\/hemsirelik-fakultesi\/wp-json\/wp\/v2\/pages\/12326\/revisions\/14825"}],"wp:attachment":[{"href":"https:\/\/atauni.edu.tr\/hemsirelik-fakultesi\/wp-json\/wp\/v2\/media?parent=12326"}],"curies":[{"name":"wp","href":"https:\/\/api.w.org\/{rel}","templated":true}]}}