{"id":12343,"date":"2025-03-21T19:55:57","date_gmt":"2025-03-21T16:55:57","guid":{"rendered":"https:\/\/birimler.atauni.edu.tr\/hemsirelik-fakultesi\/?page_id=12343"},"modified":"2026-03-30T16:37:42","modified_gmt":"2026-03-30T13:37:42","slug":"program-ciktilari-3","status":"publish","type":"page","link":"https:\/\/atauni.edu.tr\/hemsirelik-fakultesi\/program-ciktilari-3\/","title":{"rendered":"Program \u00c7\u0131kt\u0131lar\u0131"},"content":{"rendered":"\t\t<div data-elementor-type=\"wp-page\" data-elementor-id=\"12343\" class=\"elementor elementor-12343\" data-elementor-post-type=\"page\">\n\t\t\t\t\t\t<section class=\"elementor-section elementor-top-section elementor-element elementor-element-ce39dc4 elementor-section-boxed elementor-section-height-default elementor-section-height-default\" data-id=\"ce39dc4\" data-element_type=\"section\">\n\t\t\t\t\t\t<div class=\"elementor-container elementor-column-gap-default\">\n\t\t\t\t\t<div class=\"elementor-column elementor-col-100 elementor-top-column elementor-element elementor-element-b86ead0\" data-id=\"b86ead0\" data-element_type=\"column\">\n\t\t\t<div class=\"elementor-widget-wrap elementor-element-populated\">\n\t\t\t\t\t\t<div class=\"elementor-element elementor-element-cb664f1 elementor-widget elementor-widget-toggle\" data-id=\"cb664f1\" data-element_type=\"widget\" data-widget_type=\"toggle.default\">\n\t\t\t\t<div class=\"elementor-widget-container\">\n\t\t\t\t\t\t\t<div class=\"elementor-toggle\">\n\t\t\t\t\t\t\t<div class=\"elementor-toggle-item\">\n\t\t\t\t\t<div id=\"elementor-tab-title-2131\" class=\"elementor-tab-title\" data-tab=\"1\" role=\"button\" aria-controls=\"elementor-tab-content-2131\" aria-expanded=\"false\">\n\t\t\t\t\t\t\t\t\t\t\t\t<span class=\"elementor-toggle-icon elementor-toggle-icon-left\" aria-hidden=\"true\">\n\t\t\t\t\t\t\t\t\t\t\t\t\t\t\t<span class=\"elementor-toggle-icon-closed\"><i class=\"fas fa-caret-right\"><\/i><\/span>\n\t\t\t\t\t\t\t\t<span class=\"elementor-toggle-icon-opened\"><i class=\"elementor-toggle-icon-opened fas fa-caret-up\"><\/i><\/span>\n\t\t\t\t\t\t\t\t\t\t\t\t\t<\/span>\n\t\t\t\t\t\t\t\t\t\t\t\t<a class=\"elementor-toggle-title\" tabindex=\"0\">\u00dcyeler<\/a>\n\t\t\t\t\t<\/div>\n\n\t\t\t\t\t<div id=\"elementor-tab-content-2131\" class=\"elementor-tab-content elementor-clearfix\" data-tab=\"1\" role=\"region\" aria-labelledby=\"elementor-tab-title-2131\"><p><strong>Dr. \u00d6\u011fr. \u00dcyesi Hatice POLAT (Koordinat\u00f6r)<\/strong><\/p><p><strong>Do\u00e7. Dr. Vesile ESK\u0130C\u0130 \u0130LG\u0130N (Ba\u015fkan)<\/strong><\/p><p>Prof. Dr. Reva BALCI AKPINAR<\/p><p>Dr. \u00d6\u011fr. \u00dcyesi Serpil \u00d6ZCAN<\/p><p>Ar\u015f. G\u00f6r. S\u00fcmeyye EK\u0130C\u0130<\/p><\/div>\n\t\t\t\t<\/div>\n\t\t\t\t\t\t\t<div class=\"elementor-toggle-item\">\n\t\t\t\t\t<div id=\"elementor-tab-title-2132\" class=\"elementor-tab-title\" data-tab=\"2\" role=\"button\" aria-controls=\"elementor-tab-content-2132\" aria-expanded=\"false\">\n\t\t\t\t\t\t\t\t\t\t\t\t<span class=\"elementor-toggle-icon elementor-toggle-icon-left\" aria-hidden=\"true\">\n\t\t\t\t\t\t\t\t\t\t\t\t\t\t\t<span class=\"elementor-toggle-icon-closed\"><i class=\"fas fa-caret-right\"><\/i><\/span>\n\t\t\t\t\t\t\t\t<span class=\"elementor-toggle-icon-opened\"><i class=\"elementor-toggle-icon-opened fas fa-caret-up\"><\/i><\/span>\n\t\t\t\t\t\t\t\t\t\t\t\t\t<\/span>\n\t\t\t\t\t\t\t\t\t\t\t\t<a class=\"elementor-toggle-title\" tabindex=\"0\">\u0130\u015f Ak\u0131\u015f \u00c7izelgesi<\/a>\n\t\t\t\t\t<\/div>\n\n\t\t\t\t\t<div id=\"elementor-tab-content-2132\" class=\"elementor-tab-content elementor-clearfix\" data-tab=\"2\" role=\"region\" aria-labelledby=\"elementor-tab-title-2132\"><p>\u0130\u015f Ak\u0131\u015f \u00c7izelgesi i\u00e7in <a href=\"https:\/\/birimler.atauni.edu.tr\/hemsirelik-fakultesi\/wp-content\/uploads\/sites\/481\/2025\/04\/GUNCEL-PROGRAM-C\u0327IKTILARI-I\u0307S\u0327-AKIS\u0327-C\u0327I\u0307ZELGESI\u0307.pdf\">t\u0131klay\u0131n\u0131z<\/a><\/p><\/div>\n\t\t\t\t<\/div>\n\t\t\t\t\t\t\t<div class=\"elementor-toggle-item\">\n\t\t\t\t\t<div id=\"elementor-tab-title-2133\" class=\"elementor-tab-title\" data-tab=\"3\" role=\"button\" aria-controls=\"elementor-tab-content-2133\" aria-expanded=\"false\">\n\t\t\t\t\t\t\t\t\t\t\t\t<span class=\"elementor-toggle-icon elementor-toggle-icon-left\" aria-hidden=\"true\">\n\t\t\t\t\t\t\t\t\t\t\t\t\t\t\t<span class=\"elementor-toggle-icon-closed\"><i class=\"fas fa-caret-right\"><\/i><\/span>\n\t\t\t\t\t\t\t\t<span class=\"elementor-toggle-icon-opened\"><i class=\"elementor-toggle-icon-opened fas fa-caret-up\"><\/i><\/span>\n\t\t\t\t\t\t\t\t\t\t\t\t\t<\/span>\n\t\t\t\t\t\t\t\t\t\t\t\t<a class=\"elementor-toggle-title\" tabindex=\"0\">Program \u00c7\u0131kt\u0131lar\u0131<\/a>\n\t\t\t\t\t<\/div>\n\n\t\t\t\t\t<div id=\"elementor-tab-content-2133\" class=\"elementor-tab-content elementor-clearfix\" data-tab=\"3\" role=\"region\" aria-labelledby=\"elementor-tab-title-2133\"><p>Hem\u015firelik Fak\u00fcltesi Program \u00c7\u0131kt\u0131lar\u0131 (2025-2028) i\u00e7in <a href=\"https:\/\/birimler.atauni.edu.tr\/hemsirelik-fakultesi\/wp-content\/uploads\/sites\/481\/2025\/06\/2025-2028-ANTETLI\u0307-PC\u0327.pdf\">t\u0131klay\u0131n\u0131z<\/a><\/p><p>Hem\u015firelik Fak\u00fcltesi Program \u00c7\u0131kt\u0131lar\u0131 (2021-2024) i\u00e7in <a href=\"https:\/\/birimler.atauni.edu.tr\/hemsirelik-fakultesi\/wp-content\/uploads\/sites\/481\/2025\/05\/2021-2024-ANTETLI\u0307-PC\u0327.pdf\">t\u0131klay\u0131n\u0131z<\/a><\/p><p>Hem\u015firelik Program\u0131 Program \u00c7\u0131kt\u0131lar\u0131 (2011-2020) i\u00e7in <a href=\"https:\/\/birimler.atauni.edu.tr\/hemsirelik-fakultesi\/wp-content\/uploads\/sites\/481\/2025\/05\/2011-2020-PROGRAM-CIKTILARI.pdf\">t\u0131klay\u0131n\u0131z<\/a><\/p><\/div>\n\t\t\t\t<\/div>\n\t\t\t\t\t\t\t<div class=\"elementor-toggle-item\">\n\t\t\t\t\t<div id=\"elementor-tab-title-2134\" class=\"elementor-tab-title\" data-tab=\"4\" role=\"button\" aria-controls=\"elementor-tab-content-2134\" aria-expanded=\"false\">\n\t\t\t\t\t\t\t\t\t\t\t\t<span class=\"elementor-toggle-icon elementor-toggle-icon-left\" aria-hidden=\"true\">\n\t\t\t\t\t\t\t\t\t\t\t\t\t\t\t<span class=\"elementor-toggle-icon-closed\"><i class=\"fas fa-caret-right\"><\/i><\/span>\n\t\t\t\t\t\t\t\t<span class=\"elementor-toggle-icon-opened\"><i class=\"elementor-toggle-icon-opened fas fa-caret-up\"><\/i><\/span>\n\t\t\t\t\t\t\t\t\t\t\t\t\t<\/span>\n\t\t\t\t\t\t\t\t\t\t\t\t<a class=\"elementor-toggle-title\" tabindex=\"0\">Uyum Matrisleri<\/a>\n\t\t\t\t\t<\/div>\n\n\t\t\t\t\t<div id=\"elementor-tab-content-2134\" class=\"elementor-tab-content elementor-clearfix\" data-tab=\"4\" role=\"region\" aria-labelledby=\"elementor-tab-title-2134\"><p>Hem\u015firelik Fak\u00fcltesi Program \u00c7\u0131kt\u0131lar\u0131 ve Programa Ama\u00e7lar\u0131 Uyum Matrisi i\u00e7in <a href=\"https:\/\/birimler.atauni.edu.tr\/hemsirelik-fakultesi\/wp-content\/uploads\/sites\/481\/2025\/05\/Hemsirelik-Fakultesi-Program-Ciktilari-ve-Programa-Amaclari-Matrisi-1.pdf\">t\u0131klay\u0131n\u0131z<\/a><\/p><p>Program \u00c7\u0131kt\u0131lar\u0131-HU\u00c7EP-HEPDAK ile \u0130li\u015fkilendirilmesi Tablosu i\u00e7in <a href=\"https:\/\/birimler.atauni.edu.tr\/hemsirelik-fakultesi\/wp-content\/uploads\/sites\/481\/2025\/05\/Ek-2.1.24-PC-HUCEP-HEPDAK-ESLESMESI.pdf\">t\u0131klay\u0131n\u0131z<\/a><\/p><p>TY\u00c7\u00c7 \u00c7\u0131kt\u0131lar\u0131n\u0131n Hem\u015firelik Fak\u00fcltesi Program \u00c7\u0131kt\u0131lar\u0131 ile \u0130li\u015fkilendirilmesi Matrisi i\u00e7in <a href=\"https:\/\/birimler.atauni.edu.tr\/hemsirelik-fakultesi\/wp-content\/uploads\/sites\/481\/2025\/05\/Ek-2.1.16-TYCC-Ciktilarinin-Hemsirelik-Fakultesi-Program-Ciktilari-ile-Iliskilendirilmesi-Ataturk-Universitesi-Hemsirelik-Fakultesi.pdf\">t\u0131klay\u0131n\u0131z<\/a><\/p><p>Hem\u015firelik Fak\u00fcltesi Program \u00c7\u0131kt\u0131lar\u0131 ile HU\u00c7EP \u00c7\u0131kt\u0131lar\u0131 Matrisi i\u00e7in <a href=\"https:\/\/birimler.atauni.edu.tr\/hemsirelik-fakultesi\/wp-content\/uploads\/sites\/481\/2025\/05\/Ek-2.1.18-Hemsirelik-Fakultesi-Program-Ciktilari-ile-HUCEP-Ciktilari-Matrisi.pdf\">t\u0131klay\u0131n\u0131z<\/a><\/p><p>Hem\u015firelik Fak\u00fcltesi Program \u00c7\u0131kt\u0131lar\u0131 ile HEPDAK \u00c7\u0131kt\u0131lar\u0131 Matrisi i\u00e7in <a href=\"https:\/\/birimler.atauni.edu.tr\/hemsirelik-fakultesi\/wp-content\/uploads\/sites\/481\/2025\/05\/Ek-2.1.17-Hemsirelik-Fakultesi-Program-Ciktilari-ile-HEPDAK-Ciktilari-Matrisi-2.pdf\">t\u0131klay\u0131n\u0131z<\/a><\/p><p>Hem\u015firelik Fak\u00fcltesi Program \u00c7\u0131kt\u0131lar\u0131 ile Kurumsal Yeterlilikler Matrisi i\u00e7in\u00a0<a href=\"https:\/\/birimler.atauni.edu.tr\/hemsirelik-fakultesi\/wp-content\/uploads\/sites\/481\/2025\/05\/Ek-2.1.19-Hemsirelik-Fakultesi-Program-Ciktilari-ile-Kurumsal-Yeterlilikler-Matrisi-2.pdf\">t\u0131klay\u0131n\u0131z<\/a><\/p><\/div>\n\t\t\t\t<\/div>\n\t\t\t\t\t\t\t<div class=\"elementor-toggle-item\">\n\t\t\t\t\t<div id=\"elementor-tab-title-2135\" class=\"elementor-tab-title\" data-tab=\"5\" role=\"button\" aria-controls=\"elementor-tab-content-2135\" aria-expanded=\"false\">\n\t\t\t\t\t\t\t\t\t\t\t\t<span class=\"elementor-toggle-icon elementor-toggle-icon-left\" aria-hidden=\"true\">\n\t\t\t\t\t\t\t\t\t\t\t\t\t\t\t<span class=\"elementor-toggle-icon-closed\"><i class=\"fas fa-caret-right\"><\/i><\/span>\n\t\t\t\t\t\t\t\t<span class=\"elementor-toggle-icon-opened\"><i class=\"elementor-toggle-icon-opened fas fa-caret-up\"><\/i><\/span>\n\t\t\t\t\t\t\t\t\t\t\t\t\t<\/span>\n\t\t\t\t\t\t\t\t\t\t\t\t<a class=\"elementor-toggle-title\" tabindex=\"0\">Program \u00c7\u0131kt\u0131lar\u0131 ve Ba\u015far\u0131m G\u00f6stergeleri Prosed\u00fcr\u00fc<\/a>\n\t\t\t\t\t<\/div>\n\n\t\t\t\t\t<div id=\"elementor-tab-content-2135\" class=\"elementor-tab-content elementor-clearfix\" data-tab=\"5\" role=\"region\" aria-labelledby=\"elementor-tab-title-2135\"><p>Program \u00c7\u0131kt\u0131lar\u0131 ve Ba\u015far\u0131m G\u00f6stergeleri Prosed\u00fcr\u00fc i\u00e7in <a href=\"https:\/\/birimler.atauni.edu.tr\/hemsirelik-fakultesi\/wp-content\/uploads\/sites\/481\/2025\/07\/PROGRAM-CIKTILARI-VE-BASARIM-GOSTERGELERI-PROSEDURU.pdf\">t\u0131klay\u0131n\u0131z<\/a><\/p><\/div>\n\t\t\t\t<\/div>\n\t\t\t\t\t\t\t<div class=\"elementor-toggle-item\">\n\t\t\t\t\t<div id=\"elementor-tab-title-2136\" class=\"elementor-tab-title\" data-tab=\"6\" role=\"button\" aria-controls=\"elementor-tab-content-2136\" aria-expanded=\"false\">\n\t\t\t\t\t\t\t\t\t\t\t\t<span class=\"elementor-toggle-icon elementor-toggle-icon-left\" aria-hidden=\"true\">\n\t\t\t\t\t\t\t\t\t\t\t\t\t\t\t<span class=\"elementor-toggle-icon-closed\"><i class=\"fas fa-caret-right\"><\/i><\/span>\n\t\t\t\t\t\t\t\t<span class=\"elementor-toggle-icon-opened\"><i class=\"elementor-toggle-icon-opened fas fa-caret-up\"><\/i><\/span>\n\t\t\t\t\t\t\t\t\t\t\t\t\t<\/span>\n\t\t\t\t\t\t\t\t\t\t\t\t<a class=\"elementor-toggle-title\" tabindex=\"0\">Program \u00c7\u0131kt\u0131lar\u0131 ve Ba\u015far\u0131m G\u00f6stergeleri Ak\u0131\u015f \u015eemas\u0131<\/a>\n\t\t\t\t\t<\/div>\n\n\t\t\t\t\t<div id=\"elementor-tab-content-2136\" class=\"elementor-tab-content elementor-clearfix\" data-tab=\"6\" role=\"region\" aria-labelledby=\"elementor-tab-title-2136\"><p>Program \u00c7\u0131kt\u0131lar\u0131 ve Ba\u015far\u0131m G\u00f6stergeleri Ak\u0131\u015f \u015eemas\u0131 i\u00e7in <a href=\"https:\/\/birimler.atauni.edu.tr\/hemsirelik-fakultesi\/wp-content\/uploads\/sites\/481\/2025\/07\/Program-ciktilari-is-akis-semasi.pdf\">t\u0131klay\u0131n\u0131z<\/a><\/p><\/div>\n\t\t\t\t<\/div>\n\t\t\t\t\t\t\t<div class=\"elementor-toggle-item\">\n\t\t\t\t\t<div id=\"elementor-tab-title-2137\" class=\"elementor-tab-title\" data-tab=\"7\" role=\"button\" aria-controls=\"elementor-tab-content-2137\" aria-expanded=\"false\">\n\t\t\t\t\t\t\t\t\t\t\t\t<span class=\"elementor-toggle-icon elementor-toggle-icon-left\" aria-hidden=\"true\">\n\t\t\t\t\t\t\t\t\t\t\t\t\t\t\t<span class=\"elementor-toggle-icon-closed\"><i class=\"fas fa-caret-right\"><\/i><\/span>\n\t\t\t\t\t\t\t\t<span class=\"elementor-toggle-icon-opened\"><i class=\"elementor-toggle-icon-opened fas fa-caret-up\"><\/i><\/span>\n\t\t\t\t\t\t\t\t\t\t\t\t\t<\/span>\n\t\t\t\t\t\t\t\t\t\t\t\t<a class=\"elementor-toggle-title\" tabindex=\"0\">Program \u00c7\u0131kt\u0131lar\u0131 De\u011ferlendirme Ak\u0131\u015f \u015eemas\u0131<\/a>\n\t\t\t\t\t<\/div>\n\n\t\t\t\t\t<div id=\"elementor-tab-content-2137\" class=\"elementor-tab-content elementor-clearfix\" data-tab=\"7\" role=\"region\" aria-labelledby=\"elementor-tab-title-2137\"><p>Program \u00c7\u0131kt\u0131lar\u0131 De\u011ferlendirme Ak\u0131\u015f \u015eemas\u0131 i\u00e7in <a href=\"https:\/\/birimler.atauni.edu.tr\/hemsirelik-fakultesi\/wp-content\/uploads\/sites\/481\/2025\/07\/PROGRAM-CIKTILARI-DEGERLENDIRME-AKIS-SEMASI.pdf\">t\u0131klay\u0131n\u0131z<\/a><\/p><\/div>\n\t\t\t\t<\/div>\n\t\t\t\t\t\t\t<div class=\"elementor-toggle-item\">\n\t\t\t\t\t<div id=\"elementor-tab-title-2138\" class=\"elementor-tab-title\" data-tab=\"8\" role=\"button\" aria-controls=\"elementor-tab-content-2138\" aria-expanded=\"false\">\n\t\t\t\t\t\t\t\t\t\t\t\t<span class=\"elementor-toggle-icon elementor-toggle-icon-left\" aria-hidden=\"true\">\n\t\t\t\t\t\t\t\t\t\t\t\t\t\t\t<span class=\"elementor-toggle-icon-closed\"><i class=\"fas fa-caret-right\"><\/i><\/span>\n\t\t\t\t\t\t\t\t<span class=\"elementor-toggle-icon-opened\"><i class=\"elementor-toggle-icon-opened fas fa-caret-up\"><\/i><\/span>\n\t\t\t\t\t\t\t\t\t\t\t\t\t<\/span>\n\t\t\t\t\t\t\t\t\t\t\t\t<a class=\"elementor-toggle-title\" tabindex=\"0\">Program \u00c7\u0131kt\u0131lar\u0131na Ula\u015fma Durumu<\/a>\n\t\t\t\t\t<\/div>\n\n\t\t\t\t\t<div id=\"elementor-tab-content-2138\" class=\"elementor-tab-content elementor-clearfix\" data-tab=\"8\" role=\"region\" aria-labelledby=\"elementor-tab-title-2138\"><p>2020-2021 E\u011fitim-\u00d6\u011fretim Y\u0131l\u0131 Lisans \u00d6\u011frencileri Fak\u00fclte Program \u00c7\u0131kt\u0131lar\u0131na Ula\u015fma D\u00fczeyine \u0130li\u015fkin \u00d6z-De\u011ferlendirme Raporu i\u00e7in <a href=\"https:\/\/birimler.atauni.edu.tr\/hemsirelik-fakultesi\/wp-content\/uploads\/sites\/481\/2025\/04\/EK-TS-2.3.8.-PROGRAM-C\u0327IKTILARINA-ULAS\u0327MA-DU\u0308ZEYLERI\u0307NE-I\u0307LI\u0307S\u0327KI\u0307N-O\u0308Z-DEG\u0306ERLENDI_RME-RAPORU2021-1.pdf\">t\u0131klay\u0131n\u0131z<\/a><\/p><p>2022-2023 E\u011fitim-\u00d6\u011fretim Y\u0131l\u0131 Lisans \u00d6\u011frencileri Fak\u00fclte Program \u00c7\u0131kt\u0131lar\u0131 De\u011ferlendirme Anketi Analiz Raporu i\u00e7in <a href=\"https:\/\/birimler.atauni.edu.tr\/hemsirelik-fakultesi\/wp-content\/uploads\/sites\/481\/2025\/04\/2022-2023-EGITIM-OGRETIM-DONEMI-HEMSIRELIK-OGRENCILERININ-PROGRAM-CIKTILARINA-ULASMA-DURUMU.pdf\">t\u0131klay\u0131n\u0131z<\/a><\/p><p>2024-2025 E\u011fitim-\u00d6\u011fretim Y\u0131l\u0131 Lisans \u00d6\u011frencileri Fak\u00fclte Program \u00c7\u0131kt\u0131lar\u0131 De\u011ferlendirme Anketi Analiz Raporu i\u00e7in <a href=\"https:\/\/birimler.atauni.edu.tr\/hemsirelik-fakultesi\/wp-content\/uploads\/sites\/481\/2025\/05\/EK-2.2.7.5-LISANS-OGRENCILERI-ICIN-FAKULTE-PROGRAM-CIKTILARI-DEGERLENDIRME-ANKETI-2.pdf\">t\u0131klay\u0131n\u0131z<\/a><\/p><p>2024-2025 E\u011fitim-\u00d6\u011fretim Y\u0131l\u0131 Lisans \u00d6\u011frencileri Fak\u00fclte Program \u00c7\u0131kt\u0131lar\u0131 De\u011ferlendirme Nitel Analiz Raporu i\u00e7in <a href=\"https:\/\/birimler.atauni.edu.tr\/hemsirelik-fakultesi\/wp-content\/uploads\/sites\/481\/2025\/05\/Ek-2.2.10-Hemsirelik-Ogrencilerinin-Program-Ciktilarina-Ulasma-Durumlarina-Dair-Gorusleri.pdf\">t\u0131klay\u0131n\u0131z<\/a><\/p><\/div>\n\t\t\t\t<\/div>\n\t\t\t\t\t\t\t\t<\/div>\n\t\t\t\t\t\t<\/div>\n\t\t\t\t<\/div>\n\t\t\t\t\t<\/div>\n\t\t<\/div>\n\t\t\t\t\t<\/div>\n\t\t<\/section>\n\t\t\t\t<\/div>\n\t\t","protected":false},"excerpt":{"rendered":"<p>\u00dcyeler Dr. \u00d6\u011fr. \u00dcyesi Hatice POLAT (Koordinat\u00f6r) Do\u00e7. Dr. Vesile ESK\u0130C\u0130 \u0130LG\u0130N (Ba\u015fkan) Prof. Dr. Reva BALCI AKPINAR Dr. \u00d6\u011fr. \u00dcyesi Serpil \u00d6ZCAN Ar\u015f. G\u00f6r. S\u00fcmeyye EK\u0130C\u0130 \u0130\u015f Ak\u0131\u015f \u00c7izelgesi \u0130\u015f Ak\u0131\u015f \u00c7izelgesi i\u00e7in t\u0131klay\u0131n\u0131z Program \u00c7\u0131kt\u0131lar\u0131 Hem\u015firelik Fak\u00fcltesi Program \u00c7\u0131kt\u0131lar\u0131 (2025-2028) i\u00e7in t\u0131klay\u0131n\u0131z Hem\u015firelik Fak\u00fcltesi Program \u00c7\u0131kt\u0131lar\u0131 (2021-2024) i\u00e7in t\u0131klay\u0131n\u0131z Hem\u015firelik Program\u0131 Program \u00c7\u0131kt\u0131lar\u0131 [&hellip;]<\/p>\n","protected":false},"author":426,"featured_media":0,"parent":0,"menu_order":0,"comment_status":"closed","ping_status":"closed","template":"","meta":{"footnotes":""},"class_list":["post-12343","page","type-page","status-publish","hentry"],"_links":{"self":[{"href":"https:\/\/atauni.edu.tr\/hemsirelik-fakultesi\/wp-json\/wp\/v2\/pages\/12343","targetHints":{"allow":["GET"]}}],"collection":[{"href":"https:\/\/atauni.edu.tr\/hemsirelik-fakultesi\/wp-json\/wp\/v2\/pages"}],"about":[{"href":"https:\/\/atauni.edu.tr\/hemsirelik-fakultesi\/wp-json\/wp\/v2\/types\/page"}],"author":[{"embeddable":true,"href":"https:\/\/atauni.edu.tr\/hemsirelik-fakultesi\/wp-json\/wp\/v2\/users\/426"}],"replies":[{"embeddable":true,"href":"https:\/\/atauni.edu.tr\/hemsirelik-fakultesi\/wp-json\/wp\/v2\/comments?post=12343"}],"version-history":[{"count":79,"href":"https:\/\/atauni.edu.tr\/hemsirelik-fakultesi\/wp-json\/wp\/v2\/pages\/12343\/revisions"}],"predecessor-version":[{"id":16731,"href":"https:\/\/atauni.edu.tr\/hemsirelik-fakultesi\/wp-json\/wp\/v2\/pages\/12343\/revisions\/16731"}],"wp:attachment":[{"href":"https:\/\/atauni.edu.tr\/hemsirelik-fakultesi\/wp-json\/wp\/v2\/media?parent=12343"}],"curies":[{"name":"wp","href":"https:\/\/api.w.org\/{rel}","templated":true}]}}