{"id":12353,"date":"2025-03-21T20:05:12","date_gmt":"2025-03-21T17:05:12","guid":{"rendered":"https:\/\/birimler.atauni.edu.tr\/hemsirelik-fakultesi\/?page_id=12353"},"modified":"2025-07-20T15:06:45","modified_gmt":"2025-07-20T12:06:45","slug":"akademik-personel-uyum-programi","status":"publish","type":"page","link":"https:\/\/atauni.edu.tr\/hemsirelik-fakultesi\/akademik-personel-uyum-programi\/","title":{"rendered":"Akademik Personel Uyum Program\u0131"},"content":{"rendered":"\t\t<div data-elementor-type=\"wp-page\" data-elementor-id=\"12353\" class=\"elementor elementor-12353\" data-elementor-post-type=\"page\">\n\t\t\t\t\t\t<section class=\"elementor-section elementor-top-section elementor-element elementor-element-64396b8 elementor-section-boxed elementor-section-height-default elementor-section-height-default\" data-id=\"64396b8\" data-element_type=\"section\">\n\t\t\t\t\t\t<div class=\"elementor-container elementor-column-gap-default\">\n\t\t\t\t\t<div class=\"elementor-column elementor-col-100 elementor-top-column elementor-element elementor-element-1b4951f\" data-id=\"1b4951f\" data-element_type=\"column\">\n\t\t\t<div class=\"elementor-widget-wrap elementor-element-populated\">\n\t\t\t\t\t\t<div class=\"elementor-element elementor-element-e5d60a8 elementor-widget elementor-widget-text-editor\" data-id=\"e5d60a8\" data-element_type=\"widget\" data-widget_type=\"text-editor.default\">\n\t\t\t\t<div class=\"elementor-widget-container\">\n\t\t\t\t\t\t\t\t\t<p>\u00d6\u011fretim Eleman\u0131 Uyum Program\u0131 \u00c7al\u0131\u015fma Esaslar\u0131 i\u00e7in <a href=\"https:\/\/birimler.atauni.edu.tr\/hemsirelik-fakultesi\/wp-content\/uploads\/sites\/481\/2025\/07\/OGRETIM-ELEMANI-UYUM-PROGRAMI-CALISMA-ESASLARI.pdf\">t\u0131klay\u0131n\u0131z.<\/a><\/p><p>G\u00f6reve Yeni Ba\u015flayan \u00d6\u011fretim Eleman\u0131 Uyum Program\u0131 i\u00e7in <a href=\"https:\/\/birimler.atauni.edu.tr\/hemsirelik-fakultesi\/wp-content\/uploads\/sites\/481\/2025\/05\/Goreve-Yeni-Baslayan-Ogretim-Elemani-Uyum-Programi.pdf\">t\u0131klay\u0131n\u0131z.<\/a><\/p><p>\u00d6\u011fretim Eleman\u0131 Uyum E\u011fitimi Kat\u0131l\u0131m Formu i\u00e7in <a href=\"https:\/\/birimler.atauni.edu.tr\/hemsirelik-fakultesi\/wp-content\/uploads\/sites\/481\/2025\/05\/Ogretim-Elemani-Uyum-Egitimi-Katilim-Formu.pdf\">t\u0131klay\u0131n\u0131z.<\/a><\/p><p>Birim \u0130\u00e7inde Yeni Doktor \u00d6\u011fretim \u00dcyesi Uyum E\u011fitimi i\u00e7in <a href=\"https:\/\/birimler.atauni.edu.tr\/hemsirelik-fakultesi\/wp-content\/uploads\/sites\/481\/2025\/05\/Birim-Icinde-Yeni-Doktor-Ogretim-Uyesi-Uyum-Egitimi.pdf\">t\u0131klay\u0131n\u0131z.<\/a><\/p><p>\u00d6\u011fretim Eleman\u0131 Uyum E\u011fitimi Kat\u0131l\u0131mc\u0131 Listesi i\u00e7in <a href=\"https:\/\/birimler.atauni.edu.tr\/hemsirelik-fakultesi\/wp-content\/uploads\/sites\/481\/2025\/05\/Ogretim-Elemani-Uyum-Egitimi-Katilimci-Listesi.pdf\">t\u0131klay\u0131n\u0131z.<\/a><\/p><p>Birim \u0130\u00e7inde Yeni Do\u00e7ent Uyum E\u011fitimi i\u00e7in <a href=\"https:\/\/birimler.atauni.edu.tr\/hemsirelik-fakultesi\/wp-content\/uploads\/sites\/481\/2025\/05\/Birim-Icinde-Yeni-Docent-Uyum-Egitimi-Formu.pdf\">t\u0131klay\u0131n\u0131z.<\/a><\/p><p>Birim \u0130\u00e7inde Yeni Profes\u00f6r Uyum E\u011fitimi i\u00e7in <a href=\"https:\/\/birimler.atauni.edu.tr\/hemsirelik-fakultesi\/wp-content\/uploads\/sites\/481\/2025\/05\/Birim-Icinde-Yeni-Profesor-Uyum-Egitimi.pdf\">t\u0131klay\u0131n\u0131z.<\/a><\/p><p>Dekan Yard\u0131mc\u0131s\u0131 Uyum E\u011fitimi Formu i\u00e7in <a href=\"https:\/\/birimler.atauni.edu.tr\/hemsirelik-fakultesi\/wp-content\/uploads\/sites\/481\/2025\/05\/Dekan-Yardimcisi-Uyum-Egitimi-Formu.pdf\">t\u0131lay\u0131n\u0131z.<\/a><\/p><p>Uyum E\u011fitimi De\u011ferlendirme Formu i\u00e7in <a href=\"https:\/\/birimler.atauni.edu.tr\/hemsirelik-fakultesi\/wp-content\/uploads\/sites\/481\/2025\/05\/Uyum-Egitimi-Degerlendirme-Formu.pdf\">t\u0131klay\u0131n\u0131z.<\/a><\/p><p>\u00d6\u011fretim Eleman\u0131 Uyum E\u011fitimi De\u011ferlendirme Formu i\u00e7in\u00a0 <a href=\"https:\/\/birimler.atauni.edu.tr\/hemsirelik-fakultesi\/wp-content\/uploads\/sites\/481\/2025\/05\/Ogretim-Elemani-Uyum-Egitimi-Degerlendirme-Formu.pdf\">t\u0131klay\u0131n\u0131z.<\/a><\/p>\t\t\t\t\t\t\t\t<\/div>\n\t\t\t\t<\/div>\n\t\t\t\t<div class=\"elementor-element elementor-element-27c109a elementor-widget elementor-widget-toggle\" data-id=\"27c109a\" data-element_type=\"widget\" data-widget_type=\"toggle.default\">\n\t\t\t\t<div class=\"elementor-widget-container\">\n\t\t\t\t\t\t\t<div class=\"elementor-toggle\">\n\t\t\t\t\t\t\t<div class=\"elementor-toggle-item\">\n\t\t\t\t\t<div id=\"elementor-tab-title-4161\" class=\"elementor-tab-title\" data-tab=\"1\" role=\"button\" aria-controls=\"elementor-tab-content-4161\" aria-expanded=\"false\">\n\t\t\t\t\t\t\t\t\t\t\t\t<span class=\"elementor-toggle-icon elementor-toggle-icon-left\" aria-hidden=\"true\">\n\t\t\t\t\t\t\t\t\t\t\t\t\t\t\t<span class=\"elementor-toggle-icon-closed\"><i class=\"fas fa-caret-right\"><\/i><\/span>\n\t\t\t\t\t\t\t\t<span class=\"elementor-toggle-icon-opened\"><i class=\"elementor-toggle-icon-opened fas fa-caret-up\"><\/i><\/span>\n\t\t\t\t\t\t\t\t\t\t\t\t\t<\/span>\n\t\t\t\t\t\t\t\t\t\t\t\t<a class=\"elementor-toggle-title\" tabindex=\"0\">\u00d6\u011fretim Eleman\u0131 Uyum Program\u0131 Y\u0131llara G\u00f6re\u00a0 \u0130\u015f Ak\u0131\u015f \u00c7izelgeleri<\/a>\n\t\t\t\t\t<\/div>\n\n\t\t\t\t\t<div id=\"elementor-tab-content-4161\" class=\"elementor-tab-content elementor-clearfix\" data-tab=\"1\" role=\"region\" aria-labelledby=\"elementor-tab-title-4161\"><p>2021-2022 Y\u0131l\u0131 \u00d6\u011fretim Eleman\u0131 Uyum Program\u0131 Ak\u0131\u015f \u015eemas\u0131 i\u00e7in <a href=\"https:\/\/birimler.atauni.edu.tr\/hemsirelik-fakultesi\/wp-content\/uploads\/sites\/481\/2025\/07\/2021-2022-YILI-IS-AKIS-CIZELGESI.pdf\">t\u0131klay\u0131n\u0131z<\/a><\/p><p>2022-2023 Y\u0131l\u0131 \u00d6\u011fretim Eleman\u0131 Uyum Program\u0131 Ak\u0131\u015f \u015eemas\u0131 i\u00e7in <a href=\"https:\/\/birimler.atauni.edu.tr\/hemsirelik-fakultesi\/wp-content\/uploads\/sites\/481\/2025\/07\/2022-2023-YILI-IS-AKIS-CIZELGESI.pdf\">t\u0131klay\u0131n\u0131z<\/a><\/p><p>2023-2024 Y\u0131l\u0131 \u00d6\u011fretim Eleman\u0131 Uyum Program\u0131 Ak\u0131\u015f \u015eemas\u0131 i\u00e7in <a href=\"https:\/\/birimler.atauni.edu.tr\/hemsirelik-fakultesi\/wp-content\/uploads\/sites\/481\/2025\/07\/2023-2024-YILI-IS-AKIS-CIZELGESI.pdf\">t\u0131klay\u0131n\u0131z<\/a><\/p><p>2024-2025 Y\u0131l\u0131 \u00d6\u011fretim Eleman\u0131 Uyum Program\u0131 Ak\u0131\u015f \u015eemas\u0131 i\u00e7in <a href=\"https:\/\/birimler.atauni.edu.tr\/hemsirelik-fakultesi\/wp-content\/uploads\/sites\/481\/2025\/07\/2024-2025-YILI-IS-AKIS-CIZELGESI.pdf\">t\u0131klay\u0131n\u0131z<\/a><\/p><\/div>\n\t\t\t\t<\/div>\n\t\t\t\t\t\t\t\t<\/div>\n\t\t\t\t\t\t<\/div>\n\t\t\t\t<\/div>\n\t\t\t\t\t<\/div>\n\t\t<\/div>\n\t\t\t\t\t<\/div>\n\t\t<\/section>\n\t\t\t\t<\/div>\n\t\t","protected":false},"excerpt":{"rendered":"<p>\u00d6\u011fretim Eleman\u0131 Uyum Program\u0131 \u00c7al\u0131\u015fma Esaslar\u0131 i\u00e7in t\u0131klay\u0131n\u0131z. G\u00f6reve Yeni Ba\u015flayan \u00d6\u011fretim Eleman\u0131 Uyum Program\u0131 i\u00e7in t\u0131klay\u0131n\u0131z. \u00d6\u011fretim Eleman\u0131 Uyum E\u011fitimi Kat\u0131l\u0131m Formu i\u00e7in t\u0131klay\u0131n\u0131z. Birim \u0130\u00e7inde Yeni Doktor \u00d6\u011fretim \u00dcyesi Uyum E\u011fitimi i\u00e7in t\u0131klay\u0131n\u0131z. \u00d6\u011fretim Eleman\u0131 Uyum E\u011fitimi Kat\u0131l\u0131mc\u0131 Listesi i\u00e7in t\u0131klay\u0131n\u0131z. Birim \u0130\u00e7inde Yeni Do\u00e7ent Uyum E\u011fitimi i\u00e7in t\u0131klay\u0131n\u0131z. Birim \u0130\u00e7inde Yeni Profes\u00f6r [&hellip;]<\/p>\n","protected":false},"author":426,"featured_media":0,"parent":0,"menu_order":0,"comment_status":"closed","ping_status":"closed","template":"","meta":{"footnotes":""},"class_list":["post-12353","page","type-page","status-publish","hentry"],"_links":{"self":[{"href":"https:\/\/atauni.edu.tr\/hemsirelik-fakultesi\/wp-json\/wp\/v2\/pages\/12353","targetHints":{"allow":["GET"]}}],"collection":[{"href":"https:\/\/atauni.edu.tr\/hemsirelik-fakultesi\/wp-json\/wp\/v2\/pages"}],"about":[{"href":"https:\/\/atauni.edu.tr\/hemsirelik-fakultesi\/wp-json\/wp\/v2\/types\/page"}],"author":[{"embeddable":true,"href":"https:\/\/atauni.edu.tr\/hemsirelik-fakultesi\/wp-json\/wp\/v2\/users\/426"}],"replies":[{"embeddable":true,"href":"https:\/\/atauni.edu.tr\/hemsirelik-fakultesi\/wp-json\/wp\/v2\/comments?post=12353"}],"version-history":[{"count":40,"href":"https:\/\/atauni.edu.tr\/hemsirelik-fakultesi\/wp-json\/wp\/v2\/pages\/12353\/revisions"}],"predecessor-version":[{"id":15320,"href":"https:\/\/atauni.edu.tr\/hemsirelik-fakultesi\/wp-json\/wp\/v2\/pages\/12353\/revisions\/15320"}],"wp:attachment":[{"href":"https:\/\/atauni.edu.tr\/hemsirelik-fakultesi\/wp-json\/wp\/v2\/media?parent=12353"}],"curies":[{"name":"wp","href":"https:\/\/api.w.org\/{rel}","templated":true}]}}