{"id":12379,"date":"2025-03-21T20:37:44","date_gmt":"2025-03-21T17:37:44","guid":{"rendered":"https:\/\/birimler.atauni.edu.tr\/hemsirelik-fakultesi\/?page_id=12379"},"modified":"2026-01-19T16:24:34","modified_gmt":"2026-01-19T13:24:34","slug":"sinif-sube-temsilcileri","status":"publish","type":"page","link":"https:\/\/atauni.edu.tr\/hemsirelik-fakultesi\/sinif-sube-temsilcileri\/","title":{"rendered":"\u00d6\u011frenci Dekanl\u0131\u011f\u0131"},"content":{"rendered":"\t\t<div data-elementor-type=\"wp-page\" data-elementor-id=\"12379\" class=\"elementor elementor-12379\" data-elementor-post-type=\"page\">\n\t\t\t\t\t\t<section class=\"elementor-section elementor-top-section elementor-element elementor-element-f305ac0 elementor-section-boxed elementor-section-height-default elementor-section-height-default\" data-id=\"f305ac0\" data-element_type=\"section\">\n\t\t\t\t\t\t<div class=\"elementor-container elementor-column-gap-default\">\n\t\t\t\t\t<div class=\"elementor-column elementor-col-100 elementor-top-column elementor-element elementor-element-1117c9d\" data-id=\"1117c9d\" data-element_type=\"column\">\n\t\t\t<div class=\"elementor-widget-wrap elementor-element-populated\">\n\t\t\t\t\t\t<div class=\"elementor-element elementor-element-593a606 elementor-widget elementor-widget-text-editor\" data-id=\"593a606\" data-element_type=\"widget\" data-widget_type=\"text-editor.default\">\n\t\t\t\t<div class=\"elementor-widget-container\">\n\t\t\t\t\t\t\t\t\t<p><strong>Fak\u00fclte Temsilcisi<\/strong><\/p><p>Ad\u0131 Soyad\u0131: H\u00fcsn\u00fc DEM\u0130RCAN<\/p><p>S\u0131n\u0131f\/\u015eube: 2\/C<\/p><p>E-posta adresi: <a href=\"husnu.demircan23@ogr.atauni.edu.tr\">husnu.demircan23@ogr.atauni.edu.tr\u00a0<\/a><\/p><p>\u00d6\u011frenci Dekanl\u0131\u011f\u0131\u2019n\u0131n faaliyet alanlar\u0131 i\u00e7in <a href=\"https:\/\/birimler.atauni.edu.tr\/hemsirelik-fakultesi\/wp-content\/uploads\/sites\/481\/2025\/05\/Ataturk-Universitesi-Ogrenci-Dekanliginin-faaliyet-alanlari.docx.pdf\">t\u0131klay\u0131n\u0131z.<\/a><\/p><p>Daha fazla bilgi i\u00e7in <a href=\"https:\/\/birimler.atauni.edu.tr\/ogrenci-dekanligi\/\">t\u0131klay\u0131n\u0131z.<\/a>\u00a0<\/p>\t\t\t\t\t\t\t\t<\/div>\n\t\t\t\t<\/div>\n\t\t\t\t\t<\/div>\n\t\t<\/div>\n\t\t\t\t\t<\/div>\n\t\t<\/section>\n\t\t\t\t<\/div>\n\t\t","protected":false},"excerpt":{"rendered":"<p>Fak\u00fclte Temsilcisi Ad\u0131 Soyad\u0131: H\u00fcsn\u00fc DEM\u0130RCAN S\u0131n\u0131f\/\u015eube: 2\/C E-posta adresi: husnu.demircan23@ogr.atauni.edu.tr\u00a0 \u00d6\u011frenci Dekanl\u0131\u011f\u0131\u2019n\u0131n faaliyet alanlar\u0131 i\u00e7in t\u0131klay\u0131n\u0131z. Daha fazla bilgi i\u00e7in t\u0131klay\u0131n\u0131z.\u00a0<\/p>\n","protected":false},"author":426,"featured_media":0,"parent":0,"menu_order":0,"comment_status":"closed","ping_status":"closed","template":"","meta":{"footnotes":""},"class_list":["post-12379","page","type-page","status-publish","hentry"],"_links":{"self":[{"href":"https:\/\/atauni.edu.tr\/hemsirelik-fakultesi\/wp-json\/wp\/v2\/pages\/12379","targetHints":{"allow":["GET"]}}],"collection":[{"href":"https:\/\/atauni.edu.tr\/hemsirelik-fakultesi\/wp-json\/wp\/v2\/pages"}],"about":[{"href":"https:\/\/atauni.edu.tr\/hemsirelik-fakultesi\/wp-json\/wp\/v2\/types\/page"}],"author":[{"embeddable":true,"href":"https:\/\/atauni.edu.tr\/hemsirelik-fakultesi\/wp-json\/wp\/v2\/users\/426"}],"replies":[{"embeddable":true,"href":"https:\/\/atauni.edu.tr\/hemsirelik-fakultesi\/wp-json\/wp\/v2\/comments?post=12379"}],"version-history":[{"count":20,"href":"https:\/\/atauni.edu.tr\/hemsirelik-fakultesi\/wp-json\/wp\/v2\/pages\/12379\/revisions"}],"predecessor-version":[{"id":16340,"href":"https:\/\/atauni.edu.tr\/hemsirelik-fakultesi\/wp-json\/wp\/v2\/pages\/12379\/revisions\/16340"}],"wp:attachment":[{"href":"https:\/\/atauni.edu.tr\/hemsirelik-fakultesi\/wp-json\/wp\/v2\/media?parent=12379"}],"curies":[{"name":"wp","href":"https:\/\/api.w.org\/{rel}","templated":true}]}}