{"id":12471,"date":"2025-03-21T22:40:34","date_gmt":"2025-03-21T19:40:34","guid":{"rendered":"https:\/\/birimler.atauni.edu.tr\/hemsirelik-fakultesi\/?page_id=12471"},"modified":"2026-01-23T15:52:28","modified_gmt":"2026-01-23T12:52:28","slug":"dergimiz","status":"publish","type":"page","link":"https:\/\/atauni.edu.tr\/hemsirelik-fakultesi\/dergimiz\/","title":{"rendered":"Mevzuat"},"content":{"rendered":"\t\t<div data-elementor-type=\"wp-page\" data-elementor-id=\"12471\" class=\"elementor elementor-12471\" data-elementor-post-type=\"page\">\n\t\t\t\t\t\t<section class=\"elementor-section elementor-top-section elementor-element elementor-element-b50f590 elementor-section-boxed elementor-section-height-default elementor-section-height-default\" data-id=\"b50f590\" data-element_type=\"section\">\n\t\t\t\t\t\t<div class=\"elementor-container elementor-column-gap-default\">\n\t\t\t\t\t<div class=\"elementor-column elementor-col-100 elementor-top-column elementor-element elementor-element-abf11e1\" data-id=\"abf11e1\" data-element_type=\"column\">\n\t\t\t<div class=\"elementor-widget-wrap elementor-element-populated\">\n\t\t\t\t\t\t<div class=\"elementor-element elementor-element-7c9d767 elementor-widget elementor-widget-toggle\" data-id=\"7c9d767\" data-element_type=\"widget\" data-widget_type=\"toggle.default\">\n\t\t\t\t<div class=\"elementor-widget-container\">\n\t\t\t\t\t\t\t<div class=\"elementor-toggle\">\n\t\t\t\t\t\t\t<div class=\"elementor-toggle-item\">\n\t\t\t\t\t<div id=\"elementor-tab-title-1301\" class=\"elementor-tab-title\" data-tab=\"1\" role=\"button\" aria-controls=\"elementor-tab-content-1301\" aria-expanded=\"false\">\n\t\t\t\t\t\t\t\t\t\t\t\t<span class=\"elementor-toggle-icon elementor-toggle-icon-left\" aria-hidden=\"true\">\n\t\t\t\t\t\t\t\t\t\t\t\t\t\t\t<span class=\"elementor-toggle-icon-closed\"><i class=\"fas fa-caret-right\"><\/i><\/span>\n\t\t\t\t\t\t\t\t<span class=\"elementor-toggle-icon-opened\"><i class=\"elementor-toggle-icon-opened fas fa-caret-up\"><\/i><\/span>\n\t\t\t\t\t\t\t\t\t\t\t\t\t<\/span>\n\t\t\t\t\t\t\t\t\t\t\t\t<a class=\"elementor-toggle-title\" tabindex=\"0\">Y\u00f6netmelikler<\/a>\n\t\t\t\t\t<\/div>\n\n\t\t\t\t\t<div id=\"elementor-tab-content-1301\" class=\"elementor-tab-content elementor-clearfix\" data-tab=\"1\" role=\"region\" aria-labelledby=\"elementor-tab-title-1301\"><p>Atat\u00fcrk \u00dcniversitesi \u00d6n Lisans ve Lisans S\u0131nav Y\u00f6netmeli\u011fi i\u00e7in <a href=\"https:\/\/birimler.atauni.edu.tr\/hemsirelik-fakultesi\/wp-content\/uploads\/sites\/481\/2026\/01\/O\u0308N-LI\u0307SANS-VE-LI\u0307SANS-Sinav-Yo\u0308netmelig\u0306i.pdf\">t\u0131klay\u0131n\u0131z.<\/a><\/p><\/div>\n\t\t\t\t<\/div>\n\t\t\t\t\t\t\t<div class=\"elementor-toggle-item\">\n\t\t\t\t\t<div id=\"elementor-tab-title-1302\" class=\"elementor-tab-title\" data-tab=\"2\" role=\"button\" aria-controls=\"elementor-tab-content-1302\" aria-expanded=\"false\">\n\t\t\t\t\t\t\t\t\t\t\t\t<span class=\"elementor-toggle-icon elementor-toggle-icon-left\" aria-hidden=\"true\">\n\t\t\t\t\t\t\t\t\t\t\t\t\t\t\t<span class=\"elementor-toggle-icon-closed\"><i class=\"fas fa-caret-right\"><\/i><\/span>\n\t\t\t\t\t\t\t\t<span class=\"elementor-toggle-icon-opened\"><i class=\"elementor-toggle-icon-opened fas fa-caret-up\"><\/i><\/span>\n\t\t\t\t\t\t\t\t\t\t\t\t\t<\/span>\n\t\t\t\t\t\t\t\t\t\t\t\t<a class=\"elementor-toggle-title\" tabindex=\"0\">Y\u00f6nergeler<\/a>\n\t\t\t\t\t<\/div>\n\n\t\t\t\t\t<div id=\"elementor-tab-content-1302\" class=\"elementor-tab-content elementor-clearfix\" data-tab=\"2\" role=\"region\" aria-labelledby=\"elementor-tab-title-1302\"><p>\u00d6\u011frenci Dekanl\u0131\u011f\u0131 \u00c7al\u0131\u015fma Y\u00f6nergesi i\u00e7in <a href=\"https:\/\/birimler.atauni.edu.tr\/hemsirelik-fakultesi\/wp-content\/uploads\/sites\/481\/2026\/01\/O\u0308G\u0306RENCI\u0307-DEKANLIG\u0306I-C\u0327ALIS\u0327MA-YO\u0308NERGESI\u0307.pdf\">t\u0131klay\u0131n\u0131z.<\/a><\/p><p>Te\u015fekk\u00fcr ve Kat\u0131l\u0131m Belgeleri Y\u00f6nergesi i\u00e7in <a href=\"https:\/\/birimler.atauni.edu.tr\/hemsirelik-fakultesi\/wp-content\/uploads\/sites\/481\/2026\/01\/Hems\u0327irelik-Faku\u0308ltesi-Tes\u0327ekku\u0308r-ve-Katilim-Belgesi-Yo\u0308nergesi.pdf\">\u00a0t\u0131klay\u0131n\u0131z.<\/a><\/p><\/div>\n\t\t\t\t<\/div>\n\t\t\t\t\t\t\t<div class=\"elementor-toggle-item\">\n\t\t\t\t\t<div id=\"elementor-tab-title-1303\" class=\"elementor-tab-title\" data-tab=\"3\" role=\"button\" aria-controls=\"elementor-tab-content-1303\" aria-expanded=\"false\">\n\t\t\t\t\t\t\t\t\t\t\t\t<span class=\"elementor-toggle-icon elementor-toggle-icon-left\" aria-hidden=\"true\">\n\t\t\t\t\t\t\t\t\t\t\t\t\t\t\t<span class=\"elementor-toggle-icon-closed\"><i class=\"fas fa-caret-right\"><\/i><\/span>\n\t\t\t\t\t\t\t\t<span class=\"elementor-toggle-icon-opened\"><i class=\"elementor-toggle-icon-opened fas fa-caret-up\"><\/i><\/span>\n\t\t\t\t\t\t\t\t\t\t\t\t\t<\/span>\n\t\t\t\t\t\t\t\t\t\t\t\t<a class=\"elementor-toggle-title\" tabindex=\"0\">Uygulama Esaslar\u0131<\/a>\n\t\t\t\t\t<\/div>\n\n\t\t\t\t\t<div id=\"elementor-tab-content-1303\" class=\"elementor-tab-content elementor-clearfix\" data-tab=\"3\" role=\"region\" aria-labelledby=\"elementor-tab-title-1303\"><p>Atat\u00fcrk \u00dcniversitesi Hem\u015firelik Fak\u00fcltesi\u00a0 S\u0131nav Uygulama Esaslar\u0131 i\u00e7in <a href=\"https:\/\/birimler.atauni.edu.tr\/hemsirelik-fakultesi\/wp-content\/uploads\/sites\/481\/2026\/01\/Sinav-Uygulama-Esaslari.pdf\">t\u0131klay\u0131n\u0131z.<\/a><\/p><p>Atat\u00fcrk \u00dcniversitesi Hem\u015firelik Fak\u00fcltesi Klinik ve Saha E\u011fitimine Y\u00f6nelik Uygulama Esaslar\u0131 i\u00e7in <a href=\"https:\/\/birimler.atauni.edu.tr\/hemsirelik-fakultesi\/wp-content\/uploads\/sites\/481\/2026\/01\/KLINIK-VE-SAHA-UYGULAMA-ESASLARI.pdf\">t\u0131klay\u0131n\u0131z.<\/a><\/p><p>\u00d6\u011fretim Eleman\u0131 ve \u00d6\u011frencilerin Laboratuvar ve Uygulama Alanlar\u0131nda Kar\u015f\u0131la\u015f\u0131labilecekleri Riskler ve Riskle Kar\u015f\u0131la\u015fma Durumunda Yap\u0131lacaklara Y\u00f6nelik Prosed\u00fcrler ve Talimatlar i\u00e7in\u00a0<a href=\"https:\/\/birimler.atauni.edu.tr\/hemsirelik-fakultesi\/wp-content\/uploads\/sites\/481\/2025\/05\/LABORATUAR-UYGULAMA-ALANLARINDA-KARSILASILABILECEK-RISKLER-VE-BU-RISKLERE-YONELIK-YAPILMASI-GEREKEN-PROSEDURLER-VE-TALIMATLAR.pdf\">t\u0131klay\u0131n\u0131z.<\/a><\/p><\/div>\n\t\t\t\t<\/div>\n\t\t\t\t\t\t\t<div class=\"elementor-toggle-item\">\n\t\t\t\t\t<div id=\"elementor-tab-title-1304\" class=\"elementor-tab-title\" data-tab=\"4\" role=\"button\" aria-controls=\"elementor-tab-content-1304\" aria-expanded=\"false\">\n\t\t\t\t\t\t\t\t\t\t\t\t<span class=\"elementor-toggle-icon elementor-toggle-icon-left\" aria-hidden=\"true\">\n\t\t\t\t\t\t\t\t\t\t\t\t\t\t\t<span class=\"elementor-toggle-icon-closed\"><i class=\"fas fa-caret-right\"><\/i><\/span>\n\t\t\t\t\t\t\t\t<span class=\"elementor-toggle-icon-opened\"><i class=\"elementor-toggle-icon-opened fas fa-caret-up\"><\/i><\/span>\n\t\t\t\t\t\t\t\t\t\t\t\t\t<\/span>\n\t\t\t\t\t\t\t\t\t\t\t\t<a class=\"elementor-toggle-title\" tabindex=\"0\">Protokoller<\/a>\n\t\t\t\t\t<\/div>\n\n\t\t\t\t\t<div id=\"elementor-tab-content-1304\" class=\"elementor-tab-content elementor-clearfix\" data-tab=\"4\" role=\"region\" aria-labelledby=\"elementor-tab-title-1304\"><p>2024-2025 y\u0131l\u0131 uygulama yap\u0131lacak kurumlarla resmi protokollere ula\u015fmak i\u00e7in\u00a0<a href=\"https:\/\/birimler.atauni.edu.tr\/hemsirelik-fakultesi\/wp-content\/uploads\/sites\/481\/2025\/03\/2024-2025-protokol.pdf\">t\u0131klay\u0131n\u0131z.<\/a><\/p><p>2023-2024 y\u0131l\u0131 uygulama yap\u0131lacak kurumlarla resmi protokollere ula\u015fmak i\u00e7in\u00a0<a href=\"https:\/\/birimler.atauni.edu.tr\/hemsirelik-fakultesi\/wp-content\/uploads\/sites\/481\/2025\/03\/2023-2024-protokol.pdf\">t\u0131klay\u0131n\u0131z.<\/a><\/p><p>2024-2025 E\u011fitim y\u0131l\u0131 g\u00fcz ve bahar d\u00f6nemlerine ait uygulama izinlerine ula\u015fmak i\u00e7in\u00a0<a href=\"https:\/\/birimler.atauni.edu.tr\/hemsirelik-fakultesi\/wp-content\/uploads\/sites\/481\/2025\/06\/Uygulama-Izinleri-2024-2025-Guz-ve-Bahar-Donemleri.pdf\">t\u0131klay\u0131n\u0131z.<\/a><\/p><p>2023-2024 E\u011fitim y\u0131l\u0131 g\u00fcz ve bahar d\u00f6nemlerine ait uygulama izinlerine ula\u015fmak i\u00e7in\u00a0<a href=\"https:\/\/birimler.atauni.edu.tr\/hemsirelik-fakultesi\/wp-content\/uploads\/sites\/481\/2025\/06\/Uygulama-Izinleri-2023-2024-Guz-ve-Bahar-Donemleri.pdf\">t\u0131klay\u0131n\u0131z.<\/a><\/p><p>2022-2023 E\u011fitim y\u0131l\u0131 g\u00fcz ve bahar d\u00f6nemlerine ait uygulama izinlerine ula\u015fmak i\u00e7in\u00a0<a href=\"https:\/\/birimler.atauni.edu.tr\/hemsirelik-fakultesi\/wp-content\/uploads\/sites\/481\/2025\/06\/Uygulama-Izinleri-2022-2023-Guz-ve-Bahar-Donemleri.pdf\">t\u0131klay\u0131n\u0131z.<\/a><\/p><p>Hem\u015firelik Fak\u00fcltesi Rehber Hem\u015fire Uygulamas\u0131na Y\u00f6nelik \u0130\u015fbirli\u011fi Protokol\u00fc i\u00e7in\u00a0<a href=\"https:\/\/birimler.atauni.edu.tr\/hemsirelik-fakultesi\/wp-content\/uploads\/sites\/481\/2025\/05\/Aras%CC%A7tirma-hastanesi-Rehber-hems%CC%A7ire-protokolu%CC%88.pdf\">t\u0131klay\u0131n\u0131z.<\/a><\/p><\/div>\n\t\t\t\t<\/div>\n\t\t\t\t\t\t\t\t<\/div>\n\t\t\t\t\t\t<\/div>\n\t\t\t\t<\/div>\n\t\t\t\t\t<\/div>\n\t\t<\/div>\n\t\t\t\t\t<\/div>\n\t\t<\/section>\n\t\t\t\t<\/div>\n\t\t","protected":false},"excerpt":{"rendered":"<p>Y\u00f6netmelikler Atat\u00fcrk \u00dcniversitesi \u00d6n Lisans ve Lisans S\u0131nav Y\u00f6netmeli\u011fi i\u00e7in t\u0131klay\u0131n\u0131z. Y\u00f6nergeler \u00d6\u011frenci Dekanl\u0131\u011f\u0131 \u00c7al\u0131\u015fma Y\u00f6nergesi i\u00e7in t\u0131klay\u0131n\u0131z. Te\u015fekk\u00fcr ve Kat\u0131l\u0131m Belgeleri Y\u00f6nergesi i\u00e7in \u00a0t\u0131klay\u0131n\u0131z. Uygulama Esaslar\u0131 Atat\u00fcrk \u00dcniversitesi Hem\u015firelik Fak\u00fcltesi\u00a0 S\u0131nav Uygulama Esaslar\u0131 i\u00e7in t\u0131klay\u0131n\u0131z. Atat\u00fcrk \u00dcniversitesi Hem\u015firelik Fak\u00fcltesi Klinik ve Saha E\u011fitimine Y\u00f6nelik Uygulama Esaslar\u0131 i\u00e7in t\u0131klay\u0131n\u0131z. \u00d6\u011fretim Eleman\u0131 ve \u00d6\u011frencilerin Laboratuvar ve [&hellip;]<\/p>\n","protected":false},"author":426,"featured_media":0,"parent":0,"menu_order":0,"comment_status":"closed","ping_status":"closed","template":"","meta":{"footnotes":""},"class_list":["post-12471","page","type-page","status-publish","hentry"],"_links":{"self":[{"href":"https:\/\/atauni.edu.tr\/hemsirelik-fakultesi\/wp-json\/wp\/v2\/pages\/12471","targetHints":{"allow":["GET"]}}],"collection":[{"href":"https:\/\/atauni.edu.tr\/hemsirelik-fakultesi\/wp-json\/wp\/v2\/pages"}],"about":[{"href":"https:\/\/atauni.edu.tr\/hemsirelik-fakultesi\/wp-json\/wp\/v2\/types\/page"}],"author":[{"embeddable":true,"href":"https:\/\/atauni.edu.tr\/hemsirelik-fakultesi\/wp-json\/wp\/v2\/users\/426"}],"replies":[{"embeddable":true,"href":"https:\/\/atauni.edu.tr\/hemsirelik-fakultesi\/wp-json\/wp\/v2\/comments?post=12471"}],"version-history":[{"count":35,"href":"https:\/\/atauni.edu.tr\/hemsirelik-fakultesi\/wp-json\/wp\/v2\/pages\/12471\/revisions"}],"predecessor-version":[{"id":16387,"href":"https:\/\/atauni.edu.tr\/hemsirelik-fakultesi\/wp-json\/wp\/v2\/pages\/12471\/revisions\/16387"}],"wp:attachment":[{"href":"https:\/\/atauni.edu.tr\/hemsirelik-fakultesi\/wp-json\/wp\/v2\/media?parent=12471"}],"curies":[{"name":"wp","href":"https:\/\/api.w.org\/{rel}","templated":true}]}}