{"id":12493,"date":"2025-03-21T23:05:23","date_gmt":"2025-03-21T20:05:23","guid":{"rendered":"https:\/\/birimler.atauni.edu.tr\/hemsirelik-fakultesi\/?page_id=12493"},"modified":"2025-04-14T08:23:48","modified_gmt":"2025-04-14T05:23:48","slug":"tarihce-3","status":"publish","type":"page","link":"https:\/\/atauni.edu.tr\/hemsirelik-fakultesi\/tarihce-3\/","title":{"rendered":"Akreditasyon Tarih\u00e7esi"},"content":{"rendered":"\t\t<div data-elementor-type=\"wp-page\" data-elementor-id=\"12493\" class=\"elementor elementor-12493\" data-elementor-post-type=\"page\">\n\t\t\t\t\t\t<section class=\"elementor-section elementor-top-section elementor-element elementor-element-2098f1e elementor-section-boxed elementor-section-height-default elementor-section-height-default\" data-id=\"2098f1e\" data-element_type=\"section\">\n\t\t\t\t\t\t<div class=\"elementor-container elementor-column-gap-default\">\n\t\t\t\t\t<div class=\"elementor-column elementor-col-100 elementor-top-column elementor-element elementor-element-6999415\" data-id=\"6999415\" data-element_type=\"column\">\n\t\t\t<div class=\"elementor-widget-wrap elementor-element-populated\">\n\t\t\t\t\t\t<div class=\"elementor-element elementor-element-0205616 elementor-widget elementor-widget-text-editor\" data-id=\"0205616\" data-element_type=\"widget\" data-widget_type=\"text-editor.default\">\n\t\t\t\t<div class=\"elementor-widget-container\">\n\t\t\t\t\t\t\t\t\t<p>Hem\u015firelik Fak\u00fcltesi, Sa\u011fl\u0131k Bilimleri Fak\u00fcltesi Hem\u015firelik B\u00f6l\u00fcm\u00fc iken 2015 y\u0131l\u0131nda T\u00fcrkiye\u2019de ilk akreditasyon \u00e7al\u0131\u015fmalar\u0131n\u0131 ba\u015flatan \u00fc\u00e7 hem\u015firelik program\u0131ndan biri olmu\u015f ve 2016-2018 tarihleri aras\u0131nda ge\u00e7erli olmak \u00fczere Hem\u015firelik E\u011fitim Programlar\u0131 De\u011ferlendirme ve Akreditasyon Derne\u011fi (HEPDAK) taraf\u0131ndan iki y\u0131ll\u0131\u011f\u0131na akredite edilmi\u015ftir.\u00a0 2019 y\u0131l\u0131nda akreditasyon devaml\u0131l\u0131\u011f\u0131n\u0131 sa\u011flamak amac\u0131yla tekrar ba\u015fvuru yap\u0131lmak istenmi\u015f ancak Pandemi nedeni ile HEPDAK taraf\u0131ndan belli bir say\u0131da de\u011ferlendirme karar\u0131 al\u0131nd\u0131\u011f\u0131 i\u00e7in ertelenmi\u015ftir. 2021 y\u0131l\u0131nda tekrar ba\u015fvuru yap\u0131larak fak\u00fcltemiz 2022-2024 y\u0131llar\u0131 aras\u0131nda yeniden akredite olmu\u015ftur.\u00a0<\/p><p>Akreditasyon s\u00fcrecinin devam\u0131 i\u00e7in \u00e7al\u0131\u015fmalar h\u0131zla devam etmekte ve fak\u00fcltemiz 2025 y\u0131l\u0131 ba\u015fvurusunu yapm\u0131\u015ft\u0131r, s\u00fcre\u00e7 devam etmektedir.<\/p><p>\u00a0<\/p><p>\u00a0<\/p><p>\u00a0<\/p>\t\t\t\t\t\t\t\t<\/div>\n\t\t\t\t<\/div>\n\t\t\t\t\t<\/div>\n\t\t<\/div>\n\t\t\t\t\t<\/div>\n\t\t<\/section>\n\t\t\t\t<\/div>\n\t\t","protected":false},"excerpt":{"rendered":"<p>Hem\u015firelik Fak\u00fcltesi, Sa\u011fl\u0131k Bilimleri Fak\u00fcltesi Hem\u015firelik B\u00f6l\u00fcm\u00fc iken 2015 y\u0131l\u0131nda T\u00fcrkiye\u2019de ilk akreditasyon \u00e7al\u0131\u015fmalar\u0131n\u0131 ba\u015flatan \u00fc\u00e7 hem\u015firelik program\u0131ndan biri olmu\u015f ve 2016-2018 tarihleri aras\u0131nda ge\u00e7erli olmak \u00fczere Hem\u015firelik E\u011fitim Programlar\u0131 De\u011ferlendirme ve Akreditasyon Derne\u011fi (HEPDAK) taraf\u0131ndan iki y\u0131ll\u0131\u011f\u0131na akredite edilmi\u015ftir.\u00a0 2019 y\u0131l\u0131nda akreditasyon devaml\u0131l\u0131\u011f\u0131n\u0131 sa\u011flamak amac\u0131yla tekrar ba\u015fvuru yap\u0131lmak istenmi\u015f ancak Pandemi nedeni ile HEPDAK [&hellip;]<\/p>\n","protected":false},"author":426,"featured_media":0,"parent":0,"menu_order":0,"comment_status":"closed","ping_status":"closed","template":"","meta":{"footnotes":""},"class_list":["post-12493","page","type-page","status-publish","hentry"],"_links":{"self":[{"href":"https:\/\/atauni.edu.tr\/hemsirelik-fakultesi\/wp-json\/wp\/v2\/pages\/12493","targetHints":{"allow":["GET"]}}],"collection":[{"href":"https:\/\/atauni.edu.tr\/hemsirelik-fakultesi\/wp-json\/wp\/v2\/pages"}],"about":[{"href":"https:\/\/atauni.edu.tr\/hemsirelik-fakultesi\/wp-json\/wp\/v2\/types\/page"}],"author":[{"embeddable":true,"href":"https:\/\/atauni.edu.tr\/hemsirelik-fakultesi\/wp-json\/wp\/v2\/users\/426"}],"replies":[{"embeddable":true,"href":"https:\/\/atauni.edu.tr\/hemsirelik-fakultesi\/wp-json\/wp\/v2\/comments?post=12493"}],"version-history":[{"count":17,"href":"https:\/\/atauni.edu.tr\/hemsirelik-fakultesi\/wp-json\/wp\/v2\/pages\/12493\/revisions"}],"predecessor-version":[{"id":13124,"href":"https:\/\/atauni.edu.tr\/hemsirelik-fakultesi\/wp-json\/wp\/v2\/pages\/12493\/revisions\/13124"}],"wp:attachment":[{"href":"https:\/\/atauni.edu.tr\/hemsirelik-fakultesi\/wp-json\/wp\/v2\/media?parent=12493"}],"curies":[{"name":"wp","href":"https:\/\/api.w.org\/{rel}","templated":true}]}}