{"id":12552,"date":"2025-03-21T23:56:48","date_gmt":"2025-03-21T20:56:48","guid":{"rendered":"https:\/\/birimler.atauni.edu.tr\/hemsirelik-fakultesi\/?page_id=12552"},"modified":"2025-04-16T08:39:03","modified_gmt":"2025-04-16T05:39:03","slug":"yatay-gecis-kesin-kayit-talep-dilekcesi-2","status":"publish","type":"page","link":"https:\/\/atauni.edu.tr\/hemsirelik-fakultesi\/yatay-gecis-kesin-kayit-talep-dilekcesi-2\/","title":{"rendered":"Yatay\/Dikey Ge\u00e7i\u015f Kesin Kay\u0131t Talep Dilek\u00e7esi"},"content":{"rendered":"\t\t<div data-elementor-type=\"wp-page\" data-elementor-id=\"12552\" class=\"elementor elementor-12552\" data-elementor-post-type=\"page\">\n\t\t\t\t\t\t<section class=\"elementor-section elementor-top-section elementor-element elementor-element-cccc19b elementor-section-boxed elementor-section-height-default elementor-section-height-default\" data-id=\"cccc19b\" data-element_type=\"section\">\n\t\t\t\t\t\t<div class=\"elementor-container elementor-column-gap-default\">\n\t\t\t\t\t<div class=\"elementor-column elementor-col-100 elementor-top-column elementor-element elementor-element-55676e8\" data-id=\"55676e8\" data-element_type=\"column\">\n\t\t\t<div class=\"elementor-widget-wrap elementor-element-populated\">\n\t\t\t\t\t\t<div class=\"elementor-element elementor-element-33e3d44 elementor-widget elementor-widget-text-editor\" data-id=\"33e3d44\" data-element_type=\"widget\" data-widget_type=\"text-editor.default\">\n\t\t\t\t<div class=\"elementor-widget-container\">\n\t\t\t\t\t\t\t\t\t<p>Yatay Ge\u00e7i\u015f Kesin Kay\u0131t Talep Dilek\u00e7esi i\u00e7in <a href=\"https:\/\/birimler.atauni.edu.tr\/hemsirelik-fakultesi\/wp-content\/uploads\/sites\/481\/2025\/03\/A.U-Yatay-Gecis-Kesin-Kayit-Talep-Dilekcesi-1.pdf\">t\u0131klay\u0131n\u0131z.<\/a><\/p><p>Hem\u015firelik Fak\u00fcltesi Yatay Ge\u00e7i\u015f Dilek\u00e7esi&#8217;ne ula\u015fmak i\u00e7in <a href=\"https:\/\/birimler.atauni.edu.tr\/hemsirelik-fakultesi\/wp-content\/uploads\/sites\/481\/2025\/04\/Hemsirelik-Fakultesi-Yatay-Gecis-Dilekce-2025.docx\">t\u0131klay\u0131n\u0131z.<\/a><\/p><p>Hem\u015firelik Fak\u00fcltesi Dikey Ge\u00e7i\u015f Dilek\u00e7esi&#8217;ne ula\u015fmak i\u00e7in <a href=\"https:\/\/birimler.atauni.edu.tr\/hemsirelik-fakultesi\/wp-content\/uploads\/sites\/481\/2025\/04\/Hemsirelik-Fakultesi-Dikey-Gecis-Dilekce-2025-1.docx\">t\u0131klay\u0131n\u0131z.<\/a><\/p>\t\t\t\t\t\t\t\t<\/div>\n\t\t\t\t<\/div>\n\t\t\t\t\t<\/div>\n\t\t<\/div>\n\t\t\t\t\t<\/div>\n\t\t<\/section>\n\t\t\t\t<\/div>\n\t\t","protected":false},"excerpt":{"rendered":"<p>Yatay Ge\u00e7i\u015f Kesin Kay\u0131t Talep Dilek\u00e7esi i\u00e7in t\u0131klay\u0131n\u0131z. Hem\u015firelik Fak\u00fcltesi Yatay Ge\u00e7i\u015f Dilek\u00e7esi&#8217;ne ula\u015fmak i\u00e7in t\u0131klay\u0131n\u0131z. Hem\u015firelik Fak\u00fcltesi Dikey Ge\u00e7i\u015f Dilek\u00e7esi&#8217;ne ula\u015fmak i\u00e7in t\u0131klay\u0131n\u0131z.<\/p>\n","protected":false},"author":426,"featured_media":0,"parent":0,"menu_order":0,"comment_status":"closed","ping_status":"closed","template":"","meta":{"footnotes":""},"class_list":["post-12552","page","type-page","status-publish","hentry"],"_links":{"self":[{"href":"https:\/\/atauni.edu.tr\/hemsirelik-fakultesi\/wp-json\/wp\/v2\/pages\/12552","targetHints":{"allow":["GET"]}}],"collection":[{"href":"https:\/\/atauni.edu.tr\/hemsirelik-fakultesi\/wp-json\/wp\/v2\/pages"}],"about":[{"href":"https:\/\/atauni.edu.tr\/hemsirelik-fakultesi\/wp-json\/wp\/v2\/types\/page"}],"author":[{"embeddable":true,"href":"https:\/\/atauni.edu.tr\/hemsirelik-fakultesi\/wp-json\/wp\/v2\/users\/426"}],"replies":[{"embeddable":true,"href":"https:\/\/atauni.edu.tr\/hemsirelik-fakultesi\/wp-json\/wp\/v2\/comments?post=12552"}],"version-history":[{"count":14,"href":"https:\/\/atauni.edu.tr\/hemsirelik-fakultesi\/wp-json\/wp\/v2\/pages\/12552\/revisions"}],"predecessor-version":[{"id":13247,"href":"https:\/\/atauni.edu.tr\/hemsirelik-fakultesi\/wp-json\/wp\/v2\/pages\/12552\/revisions\/13247"}],"wp:attachment":[{"href":"https:\/\/atauni.edu.tr\/hemsirelik-fakultesi\/wp-json\/wp\/v2\/media?parent=12552"}],"curies":[{"name":"wp","href":"https:\/\/api.w.org\/{rel}","templated":true}]}}